{"id":10270,"date":"2012-06-16T11:48:02","date_gmt":"2012-06-16T14:48:02","guid":{"rendered":"http:\/\/www.maroon5br.com\/?page_id=10270"},"modified":"2017-06-11T01:09:10","modified_gmt":"2017-06-11T04:09:10","slug":"1863-2","status":"publish","type":"page","link":"https:\/\/www.maroon5br.com\/site\/maroon5\/discografia\/projetos-paralelos\/1863-2\/","title":{"rendered":"1863"},"content":{"rendered":"<p><em><strong>&#8220;1863 \u00e9 o nome que eu uso quando lan\u00e7o coisas por conta pr\u00f3pria&#8230;&#8221;<\/strong><\/em>, explicou Jesse Carmichael ao apresentar seu projeto paralelo solo ao mundo, em Junho de 2011.<\/p>\n<p>\nEm seu perfil no Tumblr, Carmichael costuma sempre divulgar novas demos e inspira\u00e7\u00f5es do projeto, que em breve se tornar\u00e1 um \u00e1lbum.<\/p>\n<h3>Tracklist<\/h3>\n<ul class=\"album-tracklist\">\n<li>1. Help is Only a Heart Away<\/li>\n<li>2. I Hope it&#8217;s You<\/li>\n<li>3. I Can&#8217;t Promise I Can Change<\/li>\n<li>4. I&#8217;m A Lot Like You<\/li>\n<\/ul>\n<h3>Links<\/h3>\n<p><strong>Site Oficial:<\/strong> <a href=\"http:\/\/www.1863.com\/\">http:\/\/www.1863.com\/<\/a><br \/>\n<strong>Tumblr:\u00a0<\/strong><a href=\"http:\/\/1863music.tumblr.com\">http:\/\/1863music.tumblr.com<\/a><\/p>\n","protected":false},"excerpt":{"rendered":"<p>&#8220;1863 \u00e9 o nome que eu uso quando lan\u00e7o coisas por conta pr\u00f3pria&#8230;&#8221;, explicou Jesse Carmichael ao apresentar seu projeto paralelo solo ao mundo, em Junho de 2011. Em seu perfil no Tumblr, Carmichael costuma sempre divulgar novas demos e inspira\u00e7\u00f5es do projeto, que em breve se tornar\u00e1 um \u00e1lbum. Tracklist 1. Help is Only [&hellip;]<\/p>\n","protected":false},"author":1,"featured_media":16268,"parent":16690,"menu_order":0,"comment_status":"open","ping_status":"closed","template":"cds.php","meta":{"_themeisle_gutenberg_block_has_review":false,"footnotes":""},"class_list":["post-10270","page","type-page","status-publish","has-post-thumbnail","hentry"],"_links":{"self":[{"href":"https:\/\/www.maroon5br.com\/site\/wp-json\/wp\/v2\/pages\/10270","targetHints":{"allow":["GET"]}}],"collection":[{"href":"https:\/\/www.maroon5br.com\/site\/wp-json\/wp\/v2\/pages"}],"about":[{"href":"https:\/\/www.maroon5br.com\/site\/wp-json\/wp\/v2\/types\/page"}],"author":[{"embeddable":true,"href":"https:\/\/www.maroon5br.com\/site\/wp-json\/wp\/v2\/users\/1"}],"replies":[{"embeddable":true,"href":"https:\/\/www.maroon5br.com\/site\/wp-json\/wp\/v2\/comments?post=10270"}],"version-history":[{"count":8,"href":"https:\/\/www.maroon5br.com\/site\/wp-json\/wp\/v2\/pages\/10270\/revisions"}],"predecessor-version":[{"id":22361,"href":"https:\/\/www.maroon5br.com\/site\/wp-json\/wp\/v2\/pages\/10270\/revisions\/22361"}],"up":[{"embeddable":true,"href":"https:\/\/www.maroon5br.com\/site\/wp-json\/wp\/v2\/pages\/16690"}],"wp:featuredmedia":[{"embeddable":true,"href":"https:\/\/www.maroon5br.com\/site\/wp-json\/wp\/v2\/media\/16268"}],"wp:attachment":[{"href":"https:\/\/www.maroon5br.com\/site\/wp-json\/wp\/v2\/media?parent=10270"}],"curies":[{"name":"wp","href":"https:\/\/api.w.org\/{rel}","templated":true}]}}