{"id":10475,"date":"2012-06-28T23:47:32","date_gmt":"2012-06-29T02:47:32","guid":{"rendered":"http:\/\/www.maroon5br.com\/?page_id=10475"},"modified":"2017-12-21T12:16:06","modified_gmt":"2017-12-21T15:16:06","slug":"american-horror-story","status":"publish","type":"page","link":"https:\/\/www.maroon5br.com\/site\/maroon5\/cinemaetv\/televisao\/american-horror-story\/","title":{"rendered":"American Horror Story"},"content":{"rendered":"<p><img decoding=\"async\" class=\"aligncenter\" src=\"https:\/\/www.maroon5br.com\/site\/wp-content\/uploads\/2012\/06\/AHS-Asylum-Poster.jpg\" width=\"600\" \/><\/p>\n<p>No dia 20 de Mar\u00e7o de 2012, come\u00e7aram a surgir as primeiras not\u00edcias sobre negocia\u00e7\u00f5es para uma participa\u00e7\u00e3o de Adam Levine na segunda temporada da s\u00e9rie &#8220;American Horror Story&#8221;, criada por Ryan Murphy, que tamb\u00e9m \u00e9 respons\u00e1vel pelas s\u00e9ries Glee e Nip\/Tuck.<\/p>\n<p>Entitulada &#8220;Asylum&#8221;, a segunda temporada do seriado se passa entre as d\u00e9cadas de 1960 e os dias atuais, e \u00e9 ambientada em uma institui\u00e7\u00e3o mental chamada &#8220;Briarcliff&#8221;, na costa leste Americana. Briarcliff \u00e9 comandada pela freira s\u00e1dica &#8220;Jude&#8221;, interpretada por Jessica Lange.<\/p>\n<p>Na s\u00e9rie, Adam Levine contracena com Jenna Dewan-Tatum na pele do casal Leo e Teresa, rec\u00e9m-casados que curtem a lua-de-mel fazendo um passeio pelos 12 lugares mais assustadores dos Estados Unidos, com a \u00faltima parada na Briarcliff dos tempos atuais, em Ru\u00ednas.<\/p>\n<p>Zachary Quinto, Sarah Paulson, Lily Rabe, Joseph Fiennes, Chlo\u00eb Sevigny e James Cromwell completam o elenco da temporada.<\/p>\n<h3>Guia de Epis\u00f3dios<\/h3>\n<p>A listagem abaixo contempla apenas os epis\u00f3dios com a participa\u00e7\u00e3o de Adam Levine.<\/p>\n<blockquote><p><strong>Epis\u00f3dio:<\/strong> 2&#215;01: Welcome to Briarcliff<br \/>\n<strong>Data de exibi\u00e7\u00e3o:<\/strong>\u00a017\/10\/2012<br \/>\n<strong>Sinopse:<\/strong> No ano de 1964, Kit Walker \u00e9 internado em Briarcliff, acusado de ser o serial killer &#8220;Bloody Face&#8221;. Kit jura sua inoc\u00eancia e flashes de sua mem\u00f3ria sugerem que algo ainda mais sombrio seja respons\u00e1vel por sua interna\u00e7\u00e3o. Enquanto isso, uma jovem rep\u00f3rter, Lana Winters, invade Briarcliff, com a inten\u00e7\u00e3o de exp\u00f4r os p\u00e9ssimos tratamentos nos internos. Ela \u00e9 capturada pela Irm\u00e3 Jude e \u00e9 internada \u00e0 for\u00e7a. Uma rivalidade continua entre Irm\u00e3 Jude e Dr. Arthur Arden, que utiliza tortura e assassinato em sua busca para descobrir o segredo da loucura que ele acredita existir em todos os c\u00e9rebros humanos. O epis\u00f3dio \u00e9 intercalado com cenas dos dias atuais, onde um jovem casal rec\u00e9m-casado em uma &#8220;Lua-de-mel Assombrada&#8221;, explora a abandonada Briarcliff.<\/p><\/blockquote>\n<blockquote><p><strong>Epis\u00f3dio:<\/strong> 2&#215;02: Tricks and Treats<br \/>\n<strong>Data de exibi\u00e7\u00e3o:<\/strong>\u00a024\/10\/2012<br \/>\n<strong>Sinopse:<\/strong> Bloody Face mata pessoas nos dois per\u00edodos, 2012 e 1964. Um exorcista \u00e9 chamado em Briarcliff ap\u00f3s o comportamento de um adolescente n\u00e3o ser clinicamente trat\u00e1vel: ele est\u00e1 possu\u00eddo. O adolescente possu\u00eddo exp\u00f5e o segredo de Sister Jude. Ap\u00f3s uma sess\u00e3o de exorcismo, o garoto morre e o dem\u00f4nio sai de seu corpo e toma conta da Sister Mary Eunice.<\/p><\/blockquote>\n<blockquote><p><strong>Epis\u00f3dio:<\/strong> 2&#215;03: Nor&#8217;Easter<br \/>\n<strong>Data de exibi\u00e7\u00e3o:<\/strong>\u00a031\/10\/2012<br \/>\n<strong>Sinopse:<\/strong> Teresa e Leo s\u00e3o assassinados por homens usando m\u00e1scaras de Bloody Face. Sister Mary Eunice, possu\u00edda, come\u00e7a a corromper Briarcliff. Ela mata uma paciente que sente que ela est\u00e1 possu\u00edda, tenta seduzir Dr. Arden e leva Sister Jude \u00e0 loucura, dando ind\u00edcios de que sabe de seus erros passados. Grace, Kit e Lana tentam fugir de Briarcliff durante uma tempestade, mas desistem depois de cruzar com os Raspers. Shelley deseja escapar com eles, mas \u00e9 impedida por Dr. Arden, que a deixa desacordada e amputa suas duas pernas.<\/p><\/blockquote>\n<h3>Fotos Promocionais<\/h3>\n\n\t\t<style type=\"text\/css\">\n\t\t\t#gallery-1 {\n\t\t\t\tmargin: auto;\n\t\t\t}\n\t\t\t#gallery-1 .gallery-item {\n\t\t\t\tfloat: left;\n\t\t\t\tmargin-top: 10px;\n\t\t\t\ttext-align: center;\n\t\t\t\twidth: 33%;\n\t\t\t}\n\t\t\t#gallery-1 img {\n\t\t\t\tborder: 2px solid #cfcfcf;\n\t\t\t}\n\t\t\t#gallery-1 .gallery-caption {\n\t\t\t\tmargin-left: 0;\n\t\t\t}\n\t\t\t\/* see gallery_shortcode() in wp-includes\/media.php *\/\n\t\t<\/style>\n\t\t<div id='gallery-1' class='gallery galleryid-10475 gallery-columns-3 gallery-size-thumbnail'><dl class='gallery-item'>\n\t\t\t<dt class='gallery-icon portrait'>\n\t\t\t\t<a href='https:\/\/www.maroon5br.com\/site\/maroon5\/cinemaetv\/televisao\/american-horror-story\/ahs-asylum-levine\/'><img loading=\"lazy\" decoding=\"async\" width=\"113\" height=\"150\" src=\"https:\/\/www.maroon5br.com\/site\/wp-content\/uploads\/2012\/06\/AHS-Asylum-Levine-113x150.jpg\" class=\"attachment-thumbnail size-thumbnail\" alt=\"\" srcset=\"https:\/\/www.maroon5br.com\/site\/wp-content\/uploads\/2012\/06\/AHS-Asylum-Levine-113x150.jpg 113w, https:\/\/www.maroon5br.com\/site\/wp-content\/uploads\/2012\/06\/AHS-Asylum-Levine-226x300.jpg 226w, https:\/\/www.maroon5br.com\/site\/wp-content\/uploads\/2012\/06\/AHS-Asylum-Levine-768x1020.jpg 768w, https:\/\/www.maroon5br.com\/site\/wp-content\/uploads\/2012\/06\/AHS-Asylum-Levine-286x380.jpg 286w, https:\/\/www.maroon5br.com\/site\/wp-content\/uploads\/2012\/06\/AHS-Asylum-Levine.jpg 813w\" sizes=\"auto, (max-width: 113px) 100vw, 113px\" \/><\/a>\n\t\t\t<\/dt><\/dl><dl class='gallery-item'>\n\t\t\t<dt class='gallery-icon portrait'>\n\t\t\t\t<a href='https:\/\/www.maroon5br.com\/site\/maroon5\/cinemaetv\/televisao\/american-horror-story\/ahs-asylum-levine3\/'><img loading=\"lazy\" decoding=\"async\" width=\"107\" height=\"150\" src=\"https:\/\/www.maroon5br.com\/site\/wp-content\/uploads\/2012\/06\/AHS-Asylum-Levine3-107x150.jpg\" class=\"attachment-thumbnail size-thumbnail\" alt=\"\" srcset=\"https:\/\/www.maroon5br.com\/site\/wp-content\/uploads\/2012\/06\/AHS-Asylum-Levine3-107x150.jpg 107w, https:\/\/www.maroon5br.com\/site\/wp-content\/uploads\/2012\/06\/AHS-Asylum-Levine3-214x300.jpg 214w, https:\/\/www.maroon5br.com\/site\/wp-content\/uploads\/2012\/06\/AHS-Asylum-Levine3-271x380.jpg 271w, https:\/\/www.maroon5br.com\/site\/wp-content\/uploads\/2012\/06\/AHS-Asylum-Levine3.jpg 500w\" sizes=\"auto, (max-width: 107px) 100vw, 107px\" \/><\/a>\n\t\t\t<\/dt><\/dl><dl class='gallery-item'>\n\t\t\t<dt class='gallery-icon portrait'>\n\t\t\t\t<a href='https:\/\/www.maroon5br.com\/site\/maroon5\/cinemaetv\/televisao\/american-horror-story\/ahs-asylum-levine2\/'><img loading=\"lazy\" decoding=\"async\" width=\"113\" height=\"150\" src=\"https:\/\/www.maroon5br.com\/site\/wp-content\/uploads\/2012\/06\/AHS-Asylum-Levine2-113x150.jpg\" class=\"attachment-thumbnail size-thumbnail\" alt=\"\" srcset=\"https:\/\/www.maroon5br.com\/site\/wp-content\/uploads\/2012\/06\/AHS-Asylum-Levine2-113x150.jpg 113w, https:\/\/www.maroon5br.com\/site\/wp-content\/uploads\/2012\/06\/AHS-Asylum-Levine2-225x300.jpg 225w, https:\/\/www.maroon5br.com\/site\/wp-content\/uploads\/2012\/06\/AHS-Asylum-Levine2-768x1024.jpg 768w, https:\/\/www.maroon5br.com\/site\/wp-content\/uploads\/2012\/06\/AHS-Asylum-Levine2-285x380.jpg 285w, https:\/\/www.maroon5br.com\/site\/wp-content\/uploads\/2012\/06\/AHS-Asylum-Levine2.jpg 960w\" sizes=\"auto, (max-width: 113px) 100vw, 113px\" \/><\/a>\n\t\t\t<\/dt><\/dl><br style=\"clear: both\" \/><dl class='gallery-item'>\n\t\t\t<dt class='gallery-icon landscape'>\n\t\t\t\t<a href='https:\/\/www.maroon5br.com\/site\/maroon5\/cinemaetv\/televisao\/american-horror-story\/ahs-asylum-levine4\/'><img loading=\"lazy\" decoding=\"async\" width=\"200\" height=\"150\" src=\"https:\/\/www.maroon5br.com\/site\/wp-content\/uploads\/2012\/06\/AHS-Asylum-Levine4-200x150.jpg\" class=\"attachment-thumbnail size-thumbnail\" alt=\"\" srcset=\"https:\/\/www.maroon5br.com\/site\/wp-content\/uploads\/2012\/06\/AHS-Asylum-Levine4-200x150.jpg 200w, https:\/\/www.maroon5br.com\/site\/wp-content\/uploads\/2012\/06\/AHS-Asylum-Levine4-300x225.jpg 300w, https:\/\/www.maroon5br.com\/site\/wp-content\/uploads\/2012\/06\/AHS-Asylum-Levine4-768x577.jpg 768w, https:\/\/www.maroon5br.com\/site\/wp-content\/uploads\/2012\/06\/AHS-Asylum-Levine4-506x380.jpg 506w\" sizes=\"auto, (max-width: 200px) 100vw, 200px\" \/><\/a>\n\t\t\t<\/dt><\/dl>\n\t\t\t<br style='clear: both' \/>\n\t\t<\/div>\n\n<h3>V\u00eddeo Promocional<\/h3>\n<div class=\"fve-video-wrapper fve-image-embed fve-thumbnail-image youtube\" style=\"padding-bottom:75%;\">\n    <iframe loading=\"lazy\" src=\"\/\/www.youtube.com\/embed\/zAwFXPhSzNg?wmode=transparent&#038;modestbranding=1&#038;autohide=1&#038;showinfo=0&#038;rel=0\" width=\"100%\" height=\"100%\" frameborder=\"0\" webkitAllowFullScreen mozallowfullscreen allowFullScreen><\/iframe>    <\/div>\n<div class=\"fve-video-wrapper fve-image-embed fve-thumbnail-image youtube\" style=\"padding-bottom:75%;\">\n    <iframe loading=\"lazy\" src=\"\/\/www.youtube.com\/embed\/XHij9cxsSEc?wmode=transparent&#038;modestbranding=1&#038;autohide=1&#038;showinfo=0&#038;rel=0\" width=\"100%\" height=\"100%\" frameborder=\"0\" webkitAllowFullScreen mozallowfullscreen allowFullScreen><\/iframe>    <\/div>\n<div class=\"fve-video-wrapper fve-image-embed fve-thumbnail-image youtube\" style=\"padding-bottom:75%;\">\n    <iframe loading=\"lazy\" src=\"\/\/www.youtube.com\/embed\/syiJDMKu3wI?wmode=transparent&#038;modestbranding=1&#038;autohide=1&#038;showinfo=0&#038;rel=0\" width=\"100%\" height=\"100%\" frameborder=\"0\" webkitAllowFullScreen mozallowfullscreen allowFullScreen><\/iframe>    <\/div>\n","protected":false},"excerpt":{"rendered":"<p>No dia 20 de Mar\u00e7o de 2012, come\u00e7aram a surgir as primeiras not\u00edcias sobre negocia\u00e7\u00f5es para uma participa\u00e7\u00e3o de Adam Levine na segunda temporada da s\u00e9rie &#8220;American Horror Story&#8221;, criada por Ryan Murphy, que tamb\u00e9m \u00e9 respons\u00e1vel pelas s\u00e9ries Glee e Nip\/Tuck. Entitulada &#8220;Asylum&#8221;, a segunda temporada do seriado se passa entre as d\u00e9cadas de [&hellip;]<\/p>\n","protected":false},"author":1,"featured_media":22345,"parent":23803,"menu_order":3,"comment_status":"open","ping_status":"closed","template":"","meta":{"_themeisle_gutenberg_block_has_review":false,"footnotes":""},"class_list":["post-10475","page","type-page","status-publish","has-post-thumbnail","hentry"],"_links":{"self":[{"href":"https:\/\/www.maroon5br.com\/site\/wp-json\/wp\/v2\/pages\/10475","targetHints":{"allow":["GET"]}}],"collection":[{"href":"https:\/\/www.maroon5br.com\/site\/wp-json\/wp\/v2\/pages"}],"about":[{"href":"https:\/\/www.maroon5br.com\/site\/wp-json\/wp\/v2\/types\/page"}],"author":[{"embeddable":true,"href":"https:\/\/www.maroon5br.com\/site\/wp-json\/wp\/v2\/users\/1"}],"replies":[{"embeddable":true,"href":"https:\/\/www.maroon5br.com\/site\/wp-json\/wp\/v2\/comments?post=10475"}],"version-history":[{"count":19,"href":"https:\/\/www.maroon5br.com\/site\/wp-json\/wp\/v2\/pages\/10475\/revisions"}],"predecessor-version":[{"id":22352,"href":"https:\/\/www.maroon5br.com\/site\/wp-json\/wp\/v2\/pages\/10475\/revisions\/22352"}],"up":[{"embeddable":true,"href":"https:\/\/www.maroon5br.com\/site\/wp-json\/wp\/v2\/pages\/23803"}],"wp:featuredmedia":[{"embeddable":true,"href":"https:\/\/www.maroon5br.com\/site\/wp-json\/wp\/v2\/media\/22345"}],"wp:attachment":[{"href":"https:\/\/www.maroon5br.com\/site\/wp-json\/wp\/v2\/media?parent=10475"}],"curies":[{"name":"wp","href":"https:\/\/api.w.org\/{rel}","templated":true}]}}