{"id":10570,"date":"2012-07-05T23:21:24","date_gmt":"2012-07-06T02:21:24","guid":{"rendered":"http:\/\/www.maroon5br.com\/?page_id=10570"},"modified":"2017-12-21T12:11:31","modified_gmt":"2017-12-21T15:11:31","slug":"begin-again","status":"publish","type":"page","link":"https:\/\/www.maroon5br.com\/site\/maroon5\/cinemaetv\/cinema\/begin-again\/","title":{"rendered":"Begin Again"},"content":{"rendered":"<p style=\"text-align: center;\"><img decoding=\"async\" src=\"https:\/\/www.maroon5br.com\/site\/wp-content\/uploads\/2012\/07\/BeginAgain-Poster.jpg\" alt=\"\" width=\"550px\" \/><\/p>\n<p>Seduzida pelo sonho de fazer sucesso na cidade grande, Greta (Knightley) e seu namorado de longa data (Levine) se mudam para Nova York em nome de seu amor por m\u00fasica. Ela fica de cora\u00e7\u00e3o partido quando ele a abandona ao conseguir um grande contrato solo, deixando-a completamente sozinha. Dormindo no sof\u00e1 de uma amiga, Greta relutantemente aceita cantar em uma noite de microfone aberto uma noite antes de voltar para sua terra natal. Ent\u00e3o tudo muda quando o produtor fracassado Dan (Ruffalo), a v\u00ea cantando e \u00e9 imediatamente cativado por seu talento e autenticidade inspiradora &#8211; essas podem ser as chances de mudarem suas pr\u00f3prias vidas.<\/p>\n<p>Recrutando m\u00fasicos de rua, amadores e profissionais emprestados por Troublegum (Cee Lo Green), Dan se lan\u00e7a na id\u00e9ia de produzir Gretta. Animada pelo entusiasmo dele, Gretta come\u00e7a a ganhar mais confian\u00e7a como cantora e compositora. Dan espera que sua nova atitude o ajude a consertar seu casamento com Miriam (Keener) e recuperar o respeito de sua filha Violet (Seinfeld). Entre a amizade e seu amor por m\u00fasica, os dois estranhos atingem um acorde que captura as emo\u00e7\u00f5es de todos \u00e0 sua volta, provando que toda grande hist\u00f3ria tem sua pr\u00f3pria trilha sonora.<\/p>\n<h3>Ficha T\u00e9cnica<\/h3>\n<blockquote>\n<p style=\"text-align: center;\"><strong>T\u00edtulo no Brasil:<\/strong> Mesmo Se Nada Der Certo<\/p>\n<p style=\"text-align: center;\"><strong>Diretor:<\/strong> John Carney<br \/>\n<strong>Produtor:<\/strong> Judd Apatow<br \/>\n<strong>Estreia:<\/strong> 4 de Julho de 2014 (EUA) | 18 de Setembro (Brasil)<\/p>\n<p style=\"text-align: center;\"><strong>Elenco:<\/strong><br \/>\nKeira Knightley &#8230;&#8230;. Greta<br \/>\nMark Ruffalo &#8230;&#8230;. Dan<br \/>\nCatherine Keener&#8230;&#8230;. Miriam<br \/>\nHailee Steinfeld&#8230;&#8230;. Violet<br \/>\nAdam Levine &#8230;&#8230;. Dave Kohl<br \/>\nCee-Lo &#8230;&#8230;. Toublegum<br \/>\nAya Cash &#8230;&#8230;. Jenny<br \/>\nMaddie Corman &#8230;&#8230;. Phillis<br \/>\nPhilip Odango &#8230;&#8230;. Executivo da gravadora<\/p>\n<\/blockquote>\n<h3>Trailer<\/h3>\n<div class=\"fve-video-wrapper fve-image-embed fve-thumbnail-image youtube\" style=\"padding-bottom:75%;\">\n    <iframe loading=\"lazy\" src=\"\/\/www.youtube.com\/embed\/v1aQ1zGadb0?wmode=transparent&#038;modestbranding=1&#038;autohide=1&#038;showinfo=0&#038;rel=0\" width=\"100%\" height=\"100%\" frameborder=\"0\" webkitAllowFullScreen mozallowfullscreen allowFullScreen><\/iframe>    <\/div>\n<p>https:\/\/www.youtube.com\/watch?v=mKaIJTIXZVw<\/p>\n<h3>Trilha Sonora<\/h3>\n<p style=\"text-align: center;\"><img decoding=\"async\" src=\"https:\/\/www.maroon5br.com\/site\/wp-content\/uploads\/2012\/07\/BeginAgain-OST.jpg\" alt=\"\" width=\"550\" \/><\/p>\n<ul class=\"album-tracklist\">\n<li>1. &#8220;Lost Stars&#8221; &#8211; Adam Levine<\/li>\n<li>2. &#8220;Tell Me If You Wanna Go Home&#8221; &#8211; Keira Knightley<\/li>\n<li>3. &#8220;No One Else Like You&#8221; &#8211; Adam Levine<\/li>\n<li>4. &#8220;Horny&#8221; &#8211; CeeLo Green<\/li>\n<li>5. &#8220;Lost Stars&#8221; &#8211; Keira Knightley<\/li>\n<li>6. &#8220;A Higher Place&#8221; &#8211; Adam Levine<\/li>\n<li>7. &#8220;Like A Fool&#8221; &#8211; Keira Knightley<\/li>\n<li>8. &#8220;Did It Ever Cross Your Mind&#8221; (Demo Version) &#8211; Cessyl Orchestra<\/li>\n<li>9. &#8220;Women Of The World&#8221; (Go On Strike!) &#8211; CeeLo Green<\/li>\n<li>10. &#8220;Coming Up Roses&#8221; &#8211; Keira Knightley<\/li>\n<li>11. &#8220;Into The Trance&#8221; &#8211; Cessyl Orchestra<\/li>\n<li>12. &#8220;A Step You Can\u2019t Take Back&#8221; &#8211; Keira Knightley<\/li>\n<li>13. &#8220;Lost Stars&#8221; (Into The Night Mix) &#8211; Adam Levine (*Deluxe)<\/li>\n<li>14. &#8220;The Roof Is Broke&#8221; (Demo Mix) &#8211; Cessyl Orchestra (*Deluxe)<\/li>\n<li>15. &#8220;Tell Me If You Wanna Go Home&#8221; (Rooftop Mix) &#8211; Keira Knightley and Hailee Steinfeld (*Deluxe)<\/li>\n<li>16. &#8220;Intimidated By You&#8221; &#8211; Cessyl Orchestra (*Deluxe)<\/li>\n<\/ul>\n","protected":false},"excerpt":{"rendered":"<p>Seduzida pelo sonho de fazer sucesso na cidade grande, Greta (Knightley) e seu namorado de longa data (Levine) se mudam para Nova York em nome de seu amor por m\u00fasica. Ela fica de cora\u00e7\u00e3o partido quando ele a abandona ao conseguir um grande contrato solo, deixando-a completamente sozinha. Dormindo no sof\u00e1 de uma amiga, Greta [&hellip;]<\/p>\n","protected":false},"author":1,"featured_media":16024,"parent":23799,"menu_order":5,"comment_status":"open","ping_status":"closed","template":"","meta":{"_themeisle_gutenberg_block_has_review":false,"footnotes":""},"class_list":["post-10570","page","type-page","status-publish","has-post-thumbnail","hentry"],"_links":{"self":[{"href":"https:\/\/www.maroon5br.com\/site\/wp-json\/wp\/v2\/pages\/10570","targetHints":{"allow":["GET"]}}],"collection":[{"href":"https:\/\/www.maroon5br.com\/site\/wp-json\/wp\/v2\/pages"}],"about":[{"href":"https:\/\/www.maroon5br.com\/site\/wp-json\/wp\/v2\/types\/page"}],"author":[{"embeddable":true,"href":"https:\/\/www.maroon5br.com\/site\/wp-json\/wp\/v2\/users\/1"}],"replies":[{"embeddable":true,"href":"https:\/\/www.maroon5br.com\/site\/wp-json\/wp\/v2\/comments?post=10570"}],"version-history":[{"count":28,"href":"https:\/\/www.maroon5br.com\/site\/wp-json\/wp\/v2\/pages\/10570\/revisions"}],"predecessor-version":[{"id":22344,"href":"https:\/\/www.maroon5br.com\/site\/wp-json\/wp\/v2\/pages\/10570\/revisions\/22344"}],"up":[{"embeddable":true,"href":"https:\/\/www.maroon5br.com\/site\/wp-json\/wp\/v2\/pages\/23799"}],"wp:featuredmedia":[{"embeddable":true,"href":"https:\/\/www.maroon5br.com\/site\/wp-json\/wp\/v2\/media\/16024"}],"wp:attachment":[{"href":"https:\/\/www.maroon5br.com\/site\/wp-json\/wp\/v2\/media?parent=10570"}],"curies":[{"name":"wp","href":"https:\/\/api.w.org\/{rel}","templated":true}]}}