{"id":10824,"date":"2012-08-03T15:36:04","date_gmt":"2012-08-03T18:36:04","guid":{"rendered":"http:\/\/www.maroon5br.com\/?page_id=10824"},"modified":"2022-12-13T19:48:47","modified_gmt":"2022-12-13T22:48:47","slug":"maroon-5-no-brasil-2012","status":"publish","type":"page","link":"https:\/\/www.maroon5br.com\/site\/especiais\/hotsites\/maroon-5-no-brasil-2012\/","title":{"rendered":"Maroon 5 no Brasil 2012"},"content":{"rendered":"<p style=\"text-align: center;\"><img loading=\"lazy\" decoding=\"async\" class=\"aligncenter size-full wp-image-22775\" src=\"https:\/\/www.maroon5br.com\/site\/wp-content\/uploads\/2012\/08\/Maroon5noBrasil2012.png\" alt=\"\" width=\"600\" height=\"535\" data-id=\"22775\" srcset=\"https:\/\/www.maroon5br.com\/site\/wp-content\/uploads\/2012\/08\/Maroon5noBrasil2012.png 600w, https:\/\/www.maroon5br.com\/site\/wp-content\/uploads\/2012\/08\/Maroon5noBrasil2012-168x150.png 168w, https:\/\/www.maroon5br.com\/site\/wp-content\/uploads\/2012\/08\/Maroon5noBrasil2012-300x268.png 300w, https:\/\/www.maroon5br.com\/site\/wp-content\/uploads\/2012\/08\/Maroon5noBrasil2012-426x380.png 426w\" sizes=\"auto, (max-width: 600px) 100vw, 600px\" \/><\/p>\n<p>Ap\u00f3s a bem-sucedida passagem pelo Rock In Rio no ano anterior, o Maroon 5 voltou ao Brasil em Agosto de 2012 com a sua turn\u00ea mundial do \u00e1lbum Overexposed! Desta vez, a banda passou por tr\u00eas cidades: Curitiba, Rio de Janeiro e S\u00e3o Paulo. As apresenta\u00e7\u00f5es fizeram parte do projeto <strong>Live Music Rocks<\/strong>, produzido pela <strong>XYZ Live<\/strong>, e que tamb\u00e9m trar\u00e1 <strong>Javier Colon<\/strong>, vencedor da primeira temporada do The Voice, e a banda Inglesa <strong>Keane<\/strong> como convidados especiais.<\/p>\n<p>A turn\u00ea, por\u00e9m, teve um in\u00edcio complicado. O primeiro show, que aconteceu no Expotrade, em Curitiba, come\u00e7ou com cerca de tr\u00eas horas de atraso, por conta dos instrumentos da banda terem ficado parados pela alf\u00e2ndega, em S\u00e3o Paulo. Este atraso fez com que o cantor Javier Col\u00f3n n\u00e3o se apresentasse na noite, al\u00e9m de ter causado um mal-estar na banda, que prometeu voltar para a cidade no futuro. Apesar do atraso, o show aconteceu sem maiores problemas. Nos shows seguintes, que aconteceram no Rio de Janeiro e S\u00e3o Paulo, n\u00e3o houveram problemas e atrasos.<\/p>\n<h3>Datas<\/h3>\n<blockquote>\n<p style=\"text-align: center;\"><strong>24 de Agosto de 2012<\/strong><br \/>\n<strong>Curitiba<\/strong><br \/>\nExpotrade Center<\/p>\n<\/blockquote>\n<blockquote>\n<p style=\"text-align: center;\"><strong>25 de Agosto de 2012<\/strong><br \/>\n<strong>Rio de Janeiro<\/strong><br \/>\nHSBC Arena<\/p>\n<\/blockquote>\n<blockquote>\n<p style=\"text-align: center;\"><strong>26 de Agosto de 2012<\/strong><br \/>\n<strong>S\u00e3o Paulo<\/strong><br \/>\nArena Anhembi<\/p>\n<\/blockquote>\n<h3>Setlist<\/h3>\n<blockquote>\n<p style=\"text-align: center;\">1. Payphone<br \/>\n2. Lucky Strike<br \/>\n3. Sunday Morning<br \/>\n4. If I Never See Your Face Again<br \/>\n5. Makes Me Wonder (com trecho de &#8220;Don&#8217;t Stop Until You Get Enough&#8221;)<br \/>\n6. Wipe Your Eyes<br \/>\n7. Won&#8217;t Go Home Without You<br \/>\n8. Never Gonna Leave This Bed<br \/>\n9. Harder to Breathe<br \/>\n10. Wake Up Call<br \/>\n11. One More Night<br \/>\n12. Hands All Over<br \/>\n13. Misery<br \/>\n14. This Love<\/p>\n<p style=\"text-align: center;\">Encore:<br \/>\n15. She Will Be Loved<br \/>\n16. Stereo Hearts<br \/>\n17. Daylight<br \/>\n18. Don&#8217;t You Want Me (cover do Human League)<br \/>\n19. Moves Like Jagger (com trecho de Sexy Back)<\/p>\n<\/blockquote>\n<p>&nbsp;<\/p>\n<div class=\"fve-video-wrapper fve-image-embed fve-thumbnail-image youtube\" style=\"padding-bottom:75%;\">\n    <iframe loading=\"lazy\" src=\"\/\/www.youtube.com\/embed\/4pudhAc9ABc?wmode=transparent&#038;modestbranding=1&#038;autohide=1&#038;showinfo=0&#038;rel=0\" width=\"100%\" height=\"100%\" frameborder=\"0\" webkitAllowFullScreen mozallowfullscreen allowFullScreen><\/iframe>    <\/div>\n<div class=\"fve-video-wrapper fve-image-embed fve-thumbnail-image youtube\" style=\"padding-bottom:75%;\">\n    <iframe loading=\"lazy\" src=\"\/\/www.youtube.com\/embed\/QfL0_rOHwEE?wmode=transparent&#038;modestbranding=1&#038;autohide=1&#038;showinfo=0&#038;rel=0\" width=\"100%\" height=\"100%\" frameborder=\"0\" webkitAllowFullScreen mozallowfullscreen allowFullScreen><\/iframe>    <\/div>\n","protected":false},"excerpt":{"rendered":"<p>Ap\u00f3s a bem-sucedida passagem pelo Rock In Rio no ano anterior, o Maroon 5 voltou ao Brasil em Agosto de 2012 com a sua turn\u00ea mundial do \u00e1lbum Overexposed! Desta vez, a banda passou por tr\u00eas cidades: Curitiba, Rio de Janeiro e S\u00e3o Paulo. As apresenta\u00e7\u00f5es fizeram parte do projeto Live Music Rocks, produzido pela [&hellip;]<\/p>\n","protected":false},"author":1,"featured_media":16347,"parent":12506,"menu_order":3,"comment_status":"closed","ping_status":"closed","template":"","meta":{"_themeisle_gutenberg_block_has_review":false,"footnotes":""},"class_list":["post-10824","page","type-page","status-publish","has-post-thumbnail","hentry"],"_links":{"self":[{"href":"https:\/\/www.maroon5br.com\/site\/wp-json\/wp\/v2\/pages\/10824","targetHints":{"allow":["GET"]}}],"collection":[{"href":"https:\/\/www.maroon5br.com\/site\/wp-json\/wp\/v2\/pages"}],"about":[{"href":"https:\/\/www.maroon5br.com\/site\/wp-json\/wp\/v2\/types\/page"}],"author":[{"embeddable":true,"href":"https:\/\/www.maroon5br.com\/site\/wp-json\/wp\/v2\/users\/1"}],"replies":[{"embeddable":true,"href":"https:\/\/www.maroon5br.com\/site\/wp-json\/wp\/v2\/comments?post=10824"}],"version-history":[{"count":51,"href":"https:\/\/www.maroon5br.com\/site\/wp-json\/wp\/v2\/pages\/10824\/revisions"}],"predecessor-version":[{"id":22776,"href":"https:\/\/www.maroon5br.com\/site\/wp-json\/wp\/v2\/pages\/10824\/revisions\/22776"}],"up":[{"embeddable":true,"href":"https:\/\/www.maroon5br.com\/site\/wp-json\/wp\/v2\/pages\/12506"}],"wp:featuredmedia":[{"embeddable":true,"href":"https:\/\/www.maroon5br.com\/site\/wp-json\/wp\/v2\/media\/16347"}],"wp:attachment":[{"href":"https:\/\/www.maroon5br.com\/site\/wp-json\/wp\/v2\/media?parent=10824"}],"curies":[{"name":"wp","href":"https:\/\/api.w.org\/{rel}","templated":true}]}}