{"id":11334,"date":"2012-09-09T21:33:52","date_gmt":"2012-09-10T00:33:52","guid":{"rendered":"http:\/\/www.maroon5br.com\/?page_id=11334"},"modified":"2015-08-19T11:38:27","modified_gmt":"2015-08-19T14:38:27","slug":"the-voice-3a-temporada","status":"publish","type":"page","link":"https:\/\/www.maroon5br.com\/site\/maroon5\/cinemaetv\/the-voice\/the-voice-3a-temporada\/","title":{"rendered":"The Voice &#8211; 3\u00aa Temporada"},"content":{"rendered":"<h3><strong>O Programa<\/strong><\/h3>\n<p>Agora em dois ciclos por ano, a 3\u00aa temporada do The Voice est\u00e1 ainda maior. Exibida no segundo semestre de 2012, poucos meses ap\u00f3s a 2\u00aa temporada, o programa ganhou algumas novidades.<\/p>\n<p>A primeira delas, e talvez a mais importante, \u00e9 a inclus\u00e3o de um round de &#8220;knock-out&#8221; ap\u00f3s os rounds de batalha, onde os participantes brigam entre si para uma vaga nos live shows. Al\u00e9m disso, os mentores podem roubar participantes de outros times durante os rounds de batalha, constituindo os &#8220;Steals&#8221;. Outra novidade \u00e9 que os times tamb\u00e9m cresceram, contando agora com 16 participantes, o dobro de concorrentes da primeira temporada.<\/p>\n<h3><strong>Times<\/strong><\/h3>\n<blockquote><p><img decoding=\"async\" class=\"alignleft\" title=\"Adam Levine\" src=\"https:\/\/www.maroon5br.com\/site\/wp-content\/uploads\/2012\/02\/TeamAdam2.jpg\" alt=\"Adam Levine\" width=\"100px\" \/><img decoding=\"async\" src=\"https:\/\/www.maroon5br.com\/site\/wp-content\/uploads\/thevoice\/S03\/teamadam-amandabrown.JPG\" \/><img decoding=\"async\" src=\"https:\/\/www.maroon5br.com\/site\/wp-content\/uploads\/thevoice\/S03\/teamadam-melaniemartinez.JPG\" \/><img decoding=\"async\" src=\"https:\/\/www.maroon5br.com\/site\/wp-content\/uploads\/thevoice\/S03\/teamadam-bryankeith.JPG\" \/><img decoding=\"async\" src=\"https:\/\/www.maroon5br.com\/site\/wp-content\/uploads\/thevoice\/S03\/teamadam-joselynrivera.JPG\" \/><img decoding=\"async\" src=\"https:\/\/www.maroon5br.com\/site\/wp-content\/uploads\/thevoice\/S03\/teamadam-lorenallred.JPG\" \/><img decoding=\"async\" src=\"https:\/\/www.maroon5br.com\/site\/wp-content\/uploads\/thevoice\/S03\/teamadam-joekirkland.JPG\" \/><img decoding=\"async\" src=\"https:\/\/www.maroon5br.com\/site\/wp-content\/uploads\/thevoice\/S03\/teamadam-kaylanevarez.JPG\" \/><img decoding=\"async\" src=\"https:\/\/www.maroon5br.com\/site\/wp-content\/uploads\/thevoice\/S03\/teamadam-michellebrooksthompson.JPG\" \/><br \/>\n<img decoding=\"async\" src=\"https:\/\/www.maroon5br.com\/site\/wp-content\/uploads\/thevoice\/S03\/teamadam-nicolenelson.JPG\" \/><img decoding=\"async\" src=\"https:\/\/www.maroon5br.com\/site\/wp-content\/uploads\/thevoice\/S03\/teamadam-samjames.JPG\" \/><img decoding=\"async\" src=\"https:\/\/www.maroon5br.com\/site\/wp-content\/uploads\/thevoice\/S03\/teamadam-adannaduru.JPG\" \/><img decoding=\"async\" src=\"https:\/\/www.maroon5br.com\/site\/wp-content\/uploads\/thevoice\/S03\/teamadam-benji.JPG\" \/><img decoding=\"async\" src=\"https:\/\/www.maroon5br.com\/site\/wp-content\/uploads\/thevoice\/S03\/teamadam-brandonmahone.JPG\" \/><img decoding=\"async\" src=\"https:\/\/www.maroon5br.com\/site\/wp-content\/uploads\/thevoice\/S03\/teamadam-brianscartocci.JPG\" \/><img decoding=\"async\" src=\"https:\/\/www.maroon5br.com\/site\/wp-content\/uploads\/thevoice\/S03\/teamadam-samuelmouton.JPG\" \/><\/p>\n<div style=\"clear:both;\"><\/div>\n<\/blockquote>\n<blockquote><p><img decoding=\"async\" class=\"alignleft\" title=\"Blake Shelton\" src=\"https:\/\/www.maroon5br.com\/site\/wp-content\/uploads\/2012\/02\/TeamBlake2.jpg\" alt=\"Blake Shelton\" width=\"100px\" \/><img decoding=\"async\" src=\"https:\/\/www.maroon5br.com\/site\/wp-content\/uploads\/thevoice\/S03\/teamblake-cassadeepope.JPG\" \/><img decoding=\"async\" src=\"https:\/\/www.maroon5br.com\/site\/wp-content\/uploads\/thevoice\/S03\/teamblake-terrymcdermott.JPG\" \/><img decoding=\"async\" src=\"https:\/\/www.maroon5br.com\/site\/wp-content\/uploads\/thevoice\/S03\/teamblake-michaelapaige.JPG\" \/><img decoding=\"async\" src=\"https:\/\/www.maroon5br.com\/site\/wp-content\/uploads\/thevoice\/S03\/teamblake-juliocesarcastillo.JPG\" \/><img decoding=\"async\" src=\"https:\/\/www.maroon5br.com\/site\/wp-content\/uploads\/thevoice\/S03\/teamblake-lizdavis.JPG\" \/><img decoding=\"async\" src=\"https:\/\/www.maroon5br.com\/site\/wp-content\/uploads\/thevoice\/S03\/teamblake-collinmcloughlin.JPG\" \/><img decoding=\"async\" src=\"https:\/\/www.maroon5br.com\/site\/wp-content\/uploads\/thevoice\/S03\/teamblake-graciaharrison.JPG\" \/><img decoding=\"async\" src=\"https:\/\/www.maroon5br.com\/site\/wp-content\/uploads\/thevoice\/S03\/teamblake-marissaann.JPG\" \/><br \/>\n<img decoding=\"async\" src=\"https:\/\/www.maroon5br.com\/site\/wp-content\/uploads\/thevoice\/S03\/teamblake-rudyparris.JPG\" \/><img decoding=\"async\" src=\"https:\/\/www.maroon5br.com\/site\/wp-content\/uploads\/thevoice\/S03\/teamblake-suzannachoffel.JPG\" \/><img decoding=\"async\" src=\"https:\/\/www.maroon5br.com\/site\/wp-content\/uploads\/thevoice\/S03\/teamblake-2steelgirls.JPG\" \/><img decoding=\"async\" src=\"https:\/\/www.maroon5br.com\/site\/wp-content\/uploads\/thevoice\/S03\/teamblake-caseymuessigmann.JPG\" \/><img decoding=\"async\" src=\"https:\/\/www.maroon5br.com\/site\/wp-content\/uploads\/thevoice\/S03\/teamblake-charlierey.JPG\" \/><img decoding=\"async\" src=\"https:\/\/www.maroon5br.com\/site\/wp-content\/uploads\/thevoice\/S03\/teamblake-kellycrapa.JPG\" \/><img decoding=\"async\" src=\"https:\/\/www.maroon5br.com\/site\/wp-content\/uploads\/thevoice\/S03\/teamblake-leliabroussard.JPG\" \/><img decoding=\"async\" src=\"https:\/\/www.maroon5br.com\/site\/wp-content\/uploads\/thevoice\/S03\/teamblake-nicolejohnson.JPG\" \/><img decoding=\"async\" src=\"https:\/\/www.maroon5br.com\/site\/wp-content\/uploads\/thevoice\/S03\/teamblake-ryanjirovec.JPG\" \/><\/p>\n<div style=\"clear: both; display: block;\"><\/div>\n<\/blockquote>\n<blockquote><p><img decoding=\"async\" class=\"alignleft\" title=\"Cee Lo Green\" src=\"https:\/\/www.maroon5br.com\/site\/wp-content\/uploads\/2012\/02\/TeamCeelo2.jpg\" alt=\"Cee Lo Green\" width=\"100px\" \/><img decoding=\"async\" src=\"https:\/\/www.maroon5br.com\/site\/wp-content\/uploads\/thevoice\/S03\/teamceelo-nicholasdavid.JPG\" \/><img decoding=\"async\" src=\"https:\/\/www.maroon5br.com\/site\/wp-content\/uploads\/thevoice\/S03\/teamceelo-trevinhunte.JPG\" \/><img decoding=\"async\" src=\"https:\/\/www.maroon5br.com\/site\/wp-content\/uploads\/thevoice\/S03\/teamceelo-codybelew.JPG\" \/><img decoding=\"async\" src=\"https:\/\/www.maroon5br.com\/site\/wp-content\/uploads\/thevoice\/S03\/teamceelo-diegoval.JPG\" \/><img decoding=\"async\" src=\"https:\/\/www.maroon5br.com\/site\/wp-content\/uploads\/thevoice\/S03\/teamceelo-mackenziebourg.JPG\" \/><img decoding=\"async\" src=\"https:\/\/www.maroon5br.com\/site\/wp-content\/uploads\/thevoice\/S03\/teamceelo-averywilson.JPG\" \/><img decoding=\"async\" src=\"https:\/\/www.maroon5br.com\/site\/wp-content\/uploads\/thevoice\/S03\/teamceelo-caitlinmichele.JPG\" \/><img decoding=\"async\" src=\"https:\/\/www.maroon5br.com\/site\/wp-content\/uploads\/thevoice\/S03\/teamceelo-danielrosa.JPG\" \/><br \/>\n<img decoding=\"async\" src=\"https:\/\/www.maroon5br.com\/site\/wp-content\/uploads\/thevoice\/S03\/teamceelo-myclewastman.JPG\" \/><img decoding=\"async\" src=\"https:\/\/www.maroon5br.com\/site\/wp-content\/uploads\/thevoice\/S03\/teamceelo-terisagriffin.JPG\" \/><img decoding=\"async\" src=\"https:\/\/www.maroon5br.com\/site\/wp-content\/uploads\/thevoice\/S03\/teamceelo-alexismarceaux.JPG\" \/><img decoding=\"async\" src=\"https:\/\/www.maroon5br.com\/site\/wp-content\/uploads\/thevoice\/S03\/teamceelo-bentaub.JPG\" \/><img decoding=\"async\" src=\"https:\/\/www.maroon5br.com\/site\/wp-content\/uploads\/thevoice\/S03\/teamceelo-domo.JPG\" \/><img decoding=\"async\" src=\"https:\/\/www.maroon5br.com\/site\/wp-content\/uploads\/thevoice\/S03\/teamceelo-emilyearle.JPG\" \/><img decoding=\"async\" src=\"https:\/\/www.maroon5br.com\/site\/wp-content\/uploads\/thevoice\/S03\/teamceelo-jraquino.JPG\" \/><img decoding=\"async\" src=\"https:\/\/www.maroon5br.com\/site\/wp-content\/uploads\/thevoice\/S03\/teamceelo-toddkessler.JPG\" \/><\/p>\n<div style=\"clear: both; display: block;\"><\/div>\n<\/blockquote>\n<blockquote><p><img decoding=\"async\" class=\"alignleft\" title=\"Christina Aguilera\" src=\"https:\/\/www.maroon5br.com\/site\/wp-content\/uploads\/2012\/02\/TeamXtina2.jpg\" alt=\"Christina Aguilera\" width=\"100px\" \/><img decoding=\"async\" src=\"https:\/\/www.maroon5br.com\/site\/wp-content\/uploads\/thevoice\/S03\/teamxtina-dezduron.JPG\" \/><img decoding=\"async\" src=\"https:\/\/www.maroon5br.com\/site\/wp-content\/uploads\/thevoice\/S03\/teamxtina-sylviayacoub.JPG\" \/><img decoding=\"async\" src=\"https:\/\/www.maroon5br.com\/site\/wp-content\/uploads\/thevoice\/S03\/teamxtina-adrianalouise.JPG\" \/><img decoding=\"async\" src=\"https:\/\/www.maroon5br.com\/site\/wp-content\/uploads\/thevoice\/S03\/teamxtina-deborah.JPG\" \/><img decoding=\"async\" src=\"https:\/\/www.maroon5br.com\/site\/wp-content\/uploads\/thevoice\/S03\/teamxtina-devyndeloera.JPG\" \/><img decoding=\"async\" src=\"https:\/\/www.maroon5br.com\/site\/wp-content\/uploads\/thevoice\/S03\/teamxtina-alessandraguercio.JPG\" \/><img decoding=\"async\" src=\"https:\/\/www.maroon5br.com\/site\/wp-content\/uploads\/thevoice\/S03\/teamxtina-aquile.JPG\" \/><img decoding=\"async\" src=\"https:\/\/www.maroon5br.com\/site\/wp-content\/uploads\/thevoice\/S03\/teamxtina-celicawestbrook.JPG\" \/><br \/>\n<img decoding=\"async\" src=\"https:\/\/www.maroon5br.com\/site\/wp-content\/uploads\/thevoice\/S03\/teamxtina-chevonne.JPG\" \/><img decoding=\"async\" src=\"https:\/\/www.maroon5br.com\/site\/wp-content\/uploads\/thevoice\/S03\/teamxtina-lauravivas.JPG\" \/><img decoding=\"async\" src=\"https:\/\/www.maroon5br.com\/site\/wp-content\/uploads\/thevoice\/S03\/teamxtina-beatfrequency.JPG\" \/><img decoding=\"async\" src=\"https:\/\/www.maroon5br.com\/site\/wp-content\/uploads\/thevoice\/S03\/teamxtina-jordanpruitt.JPG\" \/><img decoding=\"async\" src=\"https:\/\/www.maroon5br.com\/site\/wp-content\/uploads\/thevoice\/S03\/teamxtina-lisascinta.JPG\" \/><img decoding=\"async\" src=\"https:\/\/www.maroon5br.com\/site\/wp-content\/uploads\/thevoice\/S03\/teamxtina-nathaliehernandez.JPG\" \/><img decoding=\"async\" src=\"https:\/\/www.maroon5br.com\/site\/wp-content\/uploads\/thevoice\/S03\/teamxtina-nellysecho.JPG\" \/><img decoding=\"async\" src=\"https:\/\/www.maroon5br.com\/site\/wp-content\/uploads\/thevoice\/S03\/teamxtina-paulina.JPG\" \/><\/p>\n<div style=\"clear: both; display: block;\"><\/div>\n<\/blockquote>\n<h3><strong>Imagens promocionais<\/strong><\/h3>\n<blockquote>\n<p style=\"text-align: center;\">[cpg_albumrand:660,10]<\/p>\n<\/blockquote>\n<h3><strong>V\u00eddeo<\/strong><\/h3>\n<p>httpv:\/\/www.youtube.com\/watch?v=OpX7XUofCJ8<\/p>\n<h3>Vencedor<\/h3>\n<blockquote style=\"text-align: center;\">\n<h2>Cassadee Pope<\/h2>\n<p><em>Team Blake<\/em>\n<\/p><\/blockquote>\n","protected":false},"excerpt":{"rendered":"<p>O Programa Agora em dois ciclos por ano, a 3\u00aa temporada do The Voice est\u00e1 ainda maior. Exibida no segundo semestre de 2012, poucos meses ap\u00f3s a 2\u00aa temporada, o programa ganhou algumas novidades. A primeira delas, e talvez a mais importante, \u00e9 a inclus\u00e3o de um round de &#8220;knock-out&#8221; ap\u00f3s os rounds de batalha, [&hellip;]<\/p>\n","protected":false},"author":1,"featured_media":16384,"parent":16738,"menu_order":3,"comment_status":"open","ping_status":"closed","template":"","meta":{"_themeisle_gutenberg_block_has_review":false,"footnotes":""},"class_list":["post-11334","page","type-page","status-publish","has-post-thumbnail","hentry"],"_links":{"self":[{"href":"https:\/\/www.maroon5br.com\/site\/wp-json\/wp\/v2\/pages\/11334","targetHints":{"allow":["GET"]}}],"collection":[{"href":"https:\/\/www.maroon5br.com\/site\/wp-json\/wp\/v2\/pages"}],"about":[{"href":"https:\/\/www.maroon5br.com\/site\/wp-json\/wp\/v2\/types\/page"}],"author":[{"embeddable":true,"href":"https:\/\/www.maroon5br.com\/site\/wp-json\/wp\/v2\/users\/1"}],"replies":[{"embeddable":true,"href":"https:\/\/www.maroon5br.com\/site\/wp-json\/wp\/v2\/comments?post=11334"}],"version-history":[{"count":47,"href":"https:\/\/www.maroon5br.com\/site\/wp-json\/wp\/v2\/pages\/11334\/revisions"}],"predecessor-version":[{"id":19467,"href":"https:\/\/www.maroon5br.com\/site\/wp-json\/wp\/v2\/pages\/11334\/revisions\/19467"}],"up":[{"embeddable":true,"href":"https:\/\/www.maroon5br.com\/site\/wp-json\/wp\/v2\/pages\/16738"}],"wp:featuredmedia":[{"embeddable":true,"href":"https:\/\/www.maroon5br.com\/site\/wp-json\/wp\/v2\/media\/16384"}],"wp:attachment":[{"href":"https:\/\/www.maroon5br.com\/site\/wp-json\/wp\/v2\/media?parent=11334"}],"curies":[{"name":"wp","href":"https:\/\/api.w.org\/{rel}","templated":true}]}}