{"id":13063,"date":"2013-02-13T18:22:23","date_gmt":"2013-02-13T21:22:23","guid":{"rendered":"http:\/\/www.maroon5br.com\/?page_id=13063"},"modified":"2020-07-01T01:51:53","modified_gmt":"2020-07-01T04:51:53","slug":"perfume-adam-levine-2013","status":"publish","type":"page","link":"https:\/\/www.maroon5br.com\/site\/maroon5\/projetos\/perfume-adam-levine-2013\/","title":{"rendered":"Perfume Adam Levine"},"content":{"rendered":"<p>Ap\u00f3s criticar veementemente o mercado de fragr\u00e2ncias de celebridade no Twitter, Adam Levine resolveu experimentar com o mercado e lan\u00e7ou, em Janeiro de 2013, o seu pr\u00f3prio perfume, desenvolvido em parceria com a ID Perfumes e vendido na rede de lojas Macy&#8217;s.<\/p>\n<p>Com vers\u00f5es masculinas e femininas, o produto foi disponibilizado em tr\u00eas tamanhos diferentes: 30ml, 50ml e 100 ml, al\u00e9m de kits promocionais especiais. \u201cAdam \u00e9 um performer com um carisma enorme \u2013 tanto no palco como na TV. Tentar capturar isso em uma garrafa tem sido muito excitante e n\u00f3s estamos certos de que o produto final ser\u00e1 ainda mais,\u201d revelou a diretora e CEO da ID Perfumes, Ilia Lekach.<\/p>\n<p>As duas vers\u00f5es do perfume ganharam com aromas distintos. A vers\u00e3o feminina da fragr\u00e2ncia foi composta por um aroma amadeirado floral, uma overdose de especiarias misturadas com p\u00e9talas de jasmim, p\u00e9talas de rosa, entre outros componentes, al\u00e9m de uma base persistente de baunilha cremosa. J\u00e1 a vers\u00e3o masculina trouxe notas de Tangerina, Toranja, Citronela ou lemongrass, S\u00e1lvia, Folha de violeta, Maracuj\u00e1, Goiaba, Gengibre e \u00c2mbar, entre outros componentes.<\/p>\n<h3>Frascos<\/h3>\n<p><img decoding=\"async\" class=\"aligncenter size-full wp-image-22452\" src=\"https:\/\/www.maroon5br.com\/site\/wp-content\/uploads\/2013\/02\/AdamLevine-Fragrance.jpg\" alt=\"\" width=\"500\" data-id=\"22452\" srcset=\"https:\/\/www.maroon5br.com\/site\/wp-content\/uploads\/2013\/02\/AdamLevine-Fragrance.jpg 500w, https:\/\/www.maroon5br.com\/site\/wp-content\/uploads\/2013\/02\/AdamLevine-Fragrance-192x150.jpg 192w, https:\/\/www.maroon5br.com\/site\/wp-content\/uploads\/2013\/02\/AdamLevine-Fragrance-300x234.jpg 300w, https:\/\/www.maroon5br.com\/site\/wp-content\/uploads\/2013\/02\/AdamLevine-Fragrance-487x380.jpg 487w\" sizes=\"(max-width: 500px) 100vw, 500px\" \/><\/p>\n<h3>V\u00eddeo promocional<\/h3>\n<p><iframe loading=\"lazy\" src=\"https:\/\/content.jwplatform.com\/players\/26xLqhie-avTupidD.html\" width=\"900\" height=\"506\" frameborder=\"0\" scrolling=\"auto\"><\/iframe><\/p>\n<h3>P\u00f4ster promocional<\/h3>\n<p><img decoding=\"async\" class=\"aligncenter size-full wp-image-22450\" src=\"https:\/\/www.maroon5br.com\/site\/wp-content\/uploads\/2013\/02\/LevineFragranceHQ.jpg\" alt=\"\" width=\"100%\" data-id=\"22450\" srcset=\"https:\/\/www.maroon5br.com\/site\/wp-content\/uploads\/2013\/02\/LevineFragranceHQ.jpg 1427w, https:\/\/www.maroon5br.com\/site\/wp-content\/uploads\/2013\/02\/LevineFragranceHQ-105x150.jpg 105w, https:\/\/www.maroon5br.com\/site\/wp-content\/uploads\/2013\/02\/LevineFragranceHQ-209x300.jpg 209w, https:\/\/www.maroon5br.com\/site\/wp-content\/uploads\/2013\/02\/LevineFragranceHQ-768x1102.jpg 768w, https:\/\/www.maroon5br.com\/site\/wp-content\/uploads\/2013\/02\/LevineFragranceHQ-265x380.jpg 265w\" sizes=\"(max-width: 1427px) 100vw, 1427px\" \/><\/p>\n","protected":false},"excerpt":{"rendered":"<p>Ap\u00f3s criticar veementemente o mercado de fragr\u00e2ncias de celebridade no Twitter, Adam Levine resolveu experimentar com o mercado e lan\u00e7ou, em Janeiro de 2013, o seu pr\u00f3prio perfume, desenvolvido em parceria com a ID Perfumes e vendido na rede de lojas Macy&#8217;s. Com vers\u00f5es masculinas e femininas, o produto foi disponibilizado em tr\u00eas tamanhos diferentes: [&hellip;]<\/p>\n","protected":false},"author":1,"featured_media":15396,"parent":22826,"menu_order":4,"comment_status":"open","ping_status":"closed","template":"","meta":{"_themeisle_gutenberg_block_has_review":false,"footnotes":""},"class_list":["post-13063","page","type-page","status-publish","has-post-thumbnail","hentry"],"_links":{"self":[{"href":"https:\/\/www.maroon5br.com\/site\/wp-json\/wp\/v2\/pages\/13063","targetHints":{"allow":["GET"]}}],"collection":[{"href":"https:\/\/www.maroon5br.com\/site\/wp-json\/wp\/v2\/pages"}],"about":[{"href":"https:\/\/www.maroon5br.com\/site\/wp-json\/wp\/v2\/types\/page"}],"author":[{"embeddable":true,"href":"https:\/\/www.maroon5br.com\/site\/wp-json\/wp\/v2\/users\/1"}],"replies":[{"embeddable":true,"href":"https:\/\/www.maroon5br.com\/site\/wp-json\/wp\/v2\/comments?post=13063"}],"version-history":[{"count":19,"href":"https:\/\/www.maroon5br.com\/site\/wp-json\/wp\/v2\/pages\/13063\/revisions"}],"predecessor-version":[{"id":26471,"href":"https:\/\/www.maroon5br.com\/site\/wp-json\/wp\/v2\/pages\/13063\/revisions\/26471"}],"up":[{"embeddable":true,"href":"https:\/\/www.maroon5br.com\/site\/wp-json\/wp\/v2\/pages\/22826"}],"wp:featuredmedia":[{"embeddable":true,"href":"https:\/\/www.maroon5br.com\/site\/wp-json\/wp\/v2\/media\/15396"}],"wp:attachment":[{"href":"https:\/\/www.maroon5br.com\/site\/wp-json\/wp\/v2\/media?parent=13063"}],"curies":[{"name":"wp","href":"https:\/\/api.w.org\/{rel}","templated":true}]}}