{"id":13659,"date":"2013-03-28T22:52:55","date_gmt":"2013-03-29T01:52:55","guid":{"rendered":"http:\/\/www.maroon5br.com\/?page_id=13659"},"modified":"2015-08-19T11:52:56","modified_gmt":"2015-08-19T14:52:56","slug":"the-voice-4a-temporada","status":"publish","type":"page","link":"https:\/\/www.maroon5br.com\/site\/maroon5\/cinemaetv\/the-voice\/the-voice-4a-temporada\/","title":{"rendered":"The Voice &#8211; 4\u00aa Temporada"},"content":{"rendered":"<p>A grande novidade na quarta temporada do The Voice, que come\u00e7ou no dia 25 de Mar\u00e7o de 2013, foi a entrada de Shakira e Usher no painel de jurados, substituindo temporariamente os lugares de Christina Aguilera e Cee Lo Green, que decidiram dedicar um tempo \u00e0s suas carreiras musicais. Os times tamb\u00e9m foram reduzidos em rela\u00e7\u00e3o \u00e0 temporada anterior, voltando a apresentar apenas 12 vagas para cada time.<\/p>\n<h3><strong>Times<\/strong><\/h3>\n<blockquote><p><img decoding=\"async\" class=\"alignleft\" title=\"Adam Levine\" alt=\"Adam Levine\" src=\"https:\/\/www.maroon5br.com\/site\/wp-content\/uploads\/thevoice\/S04\/TeamAdam.jpg\" width=\"100px\" \/><\/p>\n<div style=\"clear: both;\"><\/div>\n<\/blockquote>\n<blockquote><p><img decoding=\"async\" class=\"alignleft\" title=\"Blake Shelton\" alt=\"Blake Shelton\" src=\"https:\/\/www.maroon5br.com\/site\/wp-content\/uploads\/thevoice\/S04\/TeamBlake.jpg\" width=\"100px\" \/><\/p>\n<div style=\"clear: both; display: block;\"><\/div>\n<\/blockquote>\n<blockquote><p><img decoding=\"async\" class=\"alignleft\" title=\"Usher\" alt=\"Usher\" src=\"https:\/\/www.maroon5br.com\/site\/wp-content\/uploads\/thevoice\/S04\/TeamUsher.jpg\" width=\"100px\" \/><\/p>\n<div style=\"clear: both; display: block;\"><\/div>\n<\/blockquote>\n<blockquote><p><img decoding=\"async\" class=\"alignleft\" title=\"Shakira\" alt=\"Shakira\" src=\"https:\/\/www.maroon5br.com\/site\/wp-content\/uploads\/thevoice\/S04\/TeamShakira.jpg\" width=\"100px\" \/><\/p>\n<div style=\"clear: both; display: block;\"><\/div>\n<\/blockquote>\n<h3><strong>Imagens promocionais<\/strong><\/h3>\n<blockquote>\n<p style=\"text-align: center;\">[cpg_albumrand:846,10]<\/p>\n<\/blockquote>\n<h3><strong>V\u00eddeo<\/strong><\/h3>\n<p>httpv:\/\/www.youtube.com\/watch?v=8wQc7G9ri9o<\/p>\n<h3>Vencedor<\/h3>\n<blockquote style=\"text-align: center;\">\n<h2>Danielle Bradbery<\/h2>\n<p><em>Team Blake<\/em>\n<\/p><\/blockquote>\n","protected":false},"excerpt":{"rendered":"<p>A grande novidade na quarta temporada do The Voice, que come\u00e7ou no dia 25 de Mar\u00e7o de 2013, foi a entrada de Shakira e Usher no painel de jurados, substituindo temporariamente os lugares de Christina Aguilera e Cee Lo Green, que decidiram dedicar um tempo \u00e0s suas carreiras musicais. Os times tamb\u00e9m foram reduzidos em [&hellip;]<\/p>\n","protected":false},"author":1,"featured_media":15397,"parent":16738,"menu_order":4,"comment_status":"open","ping_status":"closed","template":"","meta":{"_themeisle_gutenberg_block_has_review":false,"footnotes":""},"class_list":["post-13659","page","type-page","status-publish","has-post-thumbnail","hentry"],"_links":{"self":[{"href":"https:\/\/www.maroon5br.com\/site\/wp-json\/wp\/v2\/pages\/13659","targetHints":{"allow":["GET"]}}],"collection":[{"href":"https:\/\/www.maroon5br.com\/site\/wp-json\/wp\/v2\/pages"}],"about":[{"href":"https:\/\/www.maroon5br.com\/site\/wp-json\/wp\/v2\/types\/page"}],"author":[{"embeddable":true,"href":"https:\/\/www.maroon5br.com\/site\/wp-json\/wp\/v2\/users\/1"}],"replies":[{"embeddable":true,"href":"https:\/\/www.maroon5br.com\/site\/wp-json\/wp\/v2\/comments?post=13659"}],"version-history":[{"count":14,"href":"https:\/\/www.maroon5br.com\/site\/wp-json\/wp\/v2\/pages\/13659\/revisions"}],"predecessor-version":[{"id":19470,"href":"https:\/\/www.maroon5br.com\/site\/wp-json\/wp\/v2\/pages\/13659\/revisions\/19470"}],"up":[{"embeddable":true,"href":"https:\/\/www.maroon5br.com\/site\/wp-json\/wp\/v2\/pages\/16738"}],"wp:featuredmedia":[{"embeddable":true,"href":"https:\/\/www.maroon5br.com\/site\/wp-json\/wp\/v2\/media\/15397"}],"wp:attachment":[{"href":"https:\/\/www.maroon5br.com\/site\/wp-json\/wp\/v2\/media?parent=13659"}],"curies":[{"name":"wp","href":"https:\/\/api.w.org\/{rel}","templated":true}]}}