{"id":15068,"date":"2013-11-10T01:24:50","date_gmt":"2013-11-10T04:24:50","guid":{"rendered":"http:\/\/www.maroon5br.com\/?page_id=15068"},"modified":"2017-10-01T20:43:34","modified_gmt":"2017-10-01T23:43:34","slug":"the-voice-5a-temporada","status":"publish","type":"page","link":"https:\/\/www.maroon5br.com\/site\/maroon5\/cinemaetv\/the-voice\/the-voice-5a-temporada\/","title":{"rendered":"The Voice &#8211; 5\u00aa Temporada"},"content":{"rendered":"<p><strong>Christina Aguilera<\/strong> e <strong>CeeLo Green<\/strong> retornam \u00e0s cadeiras girat\u00f3rias com <strong>Adam Levine<\/strong> e <strong>Blake Shelton<\/strong> para o segundo ciclo do <strong>The Voice<\/strong> em 2013. Reunidos e renovados, os mentores continuam buscando a pr\u00f3xima grande voz da m\u00fasica, em 4 times formados por 12 candidatos cada.<\/p>\n<h3>Poster<\/h3>\n<p><img decoding=\"async\" data-id=\"23224\"  src=\"https:\/\/www.maroon5br.com\/site\/wp-content\/uploads\/2013\/11\/TheVoiceS5-poster.jpg\" alt=\"\" width=\"100%\" \/><\/p>\n<h3>V\u00eddeo<\/h3>\n<p>https:\/\/www.youtube.com\/watch?v=H692WJq9vlc<\/p>\n<h3>Times<\/h3>\n<blockquote>\n<h2>Team Adam<\/h2>\n<p><img decoding=\"async\" src=\"https:\/\/www.maroon5br.com\/site\/galeria\/albums\/userpics\/10001\/TeamAdamSeason5.png\" width=\"100%\" alt=\"\" \/><\/p>\n<p><strong>Conselheiro:<\/strong> Ryan Tedder<\/p>\n<p><strong>Participantes:<\/strong> Tessanne Chin, Will Champlin, James Wolpert, Preston Pohl, Grey Juhi, Lina Gaudenzi, James Irwin, Ashley DuBose, Barry Black, Matt Cermanski, Justin Blake, Donna Allen\n<\/p><\/blockquote>\n<blockquote>\n<h2>Team Blake<\/h2>\n<p><img decoding=\"async\" src=\"https:\/\/www.maroon5br.com\/site\/galeria\/albums\/userpics\/10001\/TeamBlakeSeason5.png\" width=\"100%\" alt=\"\" \/><\/p>\n<p><strong>Conselheiro:<\/strong> Cher<\/p>\n<p><strong>Participantes:<\/strong> Cole Vosbury, Ray Boudreaux, Austin Jenckes, Nic Hawk, Shelbie Z, Brandon Chase, E.G. Daily, Briana Cuoco, Holly Henry, Emily Randolph, Cilla Chan, Brian Pounds, Sam Cerniglia, Justin Chain\n<\/p><\/blockquote>\n<blockquote>\n<h2>Team Christina<\/h2>\n<p><img decoding=\"async\" src=\"https:\/\/www.maroon5br.com\/site\/galeria\/albums\/userpics\/10001\/TeamXtinaSeason5.png\" width=\"100%\" alt=\"\" \/><\/p>\n<p><strong>Conselheiro:<\/strong> Ed Sheeran<\/p>\n<p><strong>Participantes:<\/strong> Jacquie Lee, Matthew Schuler, Josh Logan, Olivia Henken, Stephanie Anne Johnson, Anthony Paul, Destinee Quinn, Michael Lynch, Jacob Poole, Timyra-Joi\n<\/p><\/blockquote>\n<blockquote>\n<h2>Team CeeLo<\/h2>\n<p><img decoding=\"async\" src=\"https:\/\/www.maroon5br.com\/site\/galeria\/albums\/userpics\/10001\/TeamCeeloSeason5.png\" width=\"100%\" alt=\"\" \/><\/p>\n<p><strong>Conselheiro:<\/strong> Miguel<\/p>\n<p><strong>Participantes:<\/strong> Caroline Pennell, Kat Robichaud, Jonny Gray, Amber Nicole, Tamara Chauniece, George Horga Jr., Monika Leigh, Juhi, Anthony Paul, Keaira LaShae, Shawn Smith, Lupe Carroll, R. Anthony\n<\/p><\/blockquote>\n<h3>Vencedor<\/h3>\n<blockquote style=\"text-align: center;\">\n<h2>Tessanne Chin<\/h2>\n<p><em>Team Adam<\/em>\n<\/p><\/blockquote>\n<h3>Fotos<\/h3>\n\n\t\t<style type=\"text\/css\">\n\t\t\t#gallery-1 {\n\t\t\t\tmargin: auto;\n\t\t\t}\n\t\t\t#gallery-1 .gallery-item {\n\t\t\t\tfloat: left;\n\t\t\t\tmargin-top: 10px;\n\t\t\t\ttext-align: center;\n\t\t\t\twidth: 33%;\n\t\t\t}\n\t\t\t#gallery-1 img {\n\t\t\t\tborder: 2px solid #cfcfcf;\n\t\t\t}\n\t\t\t#gallery-1 .gallery-caption {\n\t\t\t\tmargin-left: 0;\n\t\t\t}\n\t\t\t\/* see gallery_shortcode() in wp-includes\/media.php *\/\n\t\t<\/style>\n\t\t<div id='gallery-1' class='gallery galleryid-15068 gallery-columns-3 gallery-size-thumbnail'><dl class='gallery-item'>\n\t\t\t<dt class='gallery-icon portrait'>\n\t\t\t\t<a href='https:\/\/www.maroon5br.com\/site\/maroon5\/cinemaetv\/the-voice\/the-voice-5a-temporada\/thevoices5-adamlevine-ryantedder\/'><img loading=\"lazy\" decoding=\"async\" width=\"124\" height=\"150\" src=\"https:\/\/www.maroon5br.com\/site\/wp-content\/uploads\/2013\/11\/TheVoiceS5-AdamLevine-RyanTedder-124x150.jpg\" class=\"attachment-thumbnail size-thumbnail\" alt=\"\" srcset=\"https:\/\/www.maroon5br.com\/site\/wp-content\/uploads\/2013\/11\/TheVoiceS5-AdamLevine-RyanTedder-124x150.jpg 124w, https:\/\/www.maroon5br.com\/site\/wp-content\/uploads\/2013\/11\/TheVoiceS5-AdamLevine-RyanTedder-247x300.jpg 247w, https:\/\/www.maroon5br.com\/site\/wp-content\/uploads\/2013\/11\/TheVoiceS5-AdamLevine-RyanTedder-313x380.jpg 313w, https:\/\/www.maroon5br.com\/site\/wp-content\/uploads\/2013\/11\/TheVoiceS5-AdamLevine-RyanTedder.jpg 520w\" sizes=\"auto, (max-width: 124px) 100vw, 124px\" \/><\/a>\n\t\t\t<\/dt><\/dl><dl class='gallery-item'>\n\t\t\t<dt class='gallery-icon portrait'>\n\t\t\t\t<a href='https:\/\/www.maroon5br.com\/site\/maroon5\/cinemaetv\/the-voice\/the-voice-5a-temporada\/thevoices5-adamlevine\/'><img loading=\"lazy\" decoding=\"async\" width=\"100\" height=\"150\" src=\"https:\/\/www.maroon5br.com\/site\/wp-content\/uploads\/2013\/11\/TheVoiceS5-AdamLevine-100x150.jpg\" class=\"attachment-thumbnail size-thumbnail\" alt=\"\" srcset=\"https:\/\/www.maroon5br.com\/site\/wp-content\/uploads\/2013\/11\/TheVoiceS5-AdamLevine-100x150.jpg 100w, https:\/\/www.maroon5br.com\/site\/wp-content\/uploads\/2013\/11\/TheVoiceS5-AdamLevine-200x300.jpg 200w, https:\/\/www.maroon5br.com\/site\/wp-content\/uploads\/2013\/11\/TheVoiceS5-AdamLevine-253x380.jpg 253w, https:\/\/www.maroon5br.com\/site\/wp-content\/uploads\/2013\/11\/TheVoiceS5-AdamLevine.jpg 720w\" sizes=\"auto, (max-width: 100px) 100vw, 100px\" \/><\/a>\n\t\t\t<\/dt><\/dl><dl class='gallery-item'>\n\t\t\t<dt class='gallery-icon landscape'>\n\t\t\t\t<a href='https:\/\/www.maroon5br.com\/site\/maroon5\/cinemaetv\/the-voice\/the-voice-5a-temporada\/thevoice-s5-promo\/'><img loading=\"lazy\" decoding=\"async\" width=\"250\" height=\"141\" src=\"https:\/\/www.maroon5br.com\/site\/wp-content\/uploads\/2013\/11\/TheVoice-S5-promo-250x141.jpg\" class=\"attachment-thumbnail size-thumbnail\" alt=\"\" srcset=\"https:\/\/www.maroon5br.com\/site\/wp-content\/uploads\/2013\/11\/TheVoice-S5-promo-250x141.jpg 250w, https:\/\/www.maroon5br.com\/site\/wp-content\/uploads\/2013\/11\/TheVoice-S5-promo-300x169.jpg 300w, https:\/\/www.maroon5br.com\/site\/wp-content\/uploads\/2013\/11\/TheVoice-S5-promo-768x432.jpg 768w, https:\/\/www.maroon5br.com\/site\/wp-content\/uploads\/2013\/11\/TheVoice-S5-promo-676x380.jpg 676w, https:\/\/www.maroon5br.com\/site\/wp-content\/uploads\/2013\/11\/TheVoice-S5-promo.jpg 1920w\" sizes=\"auto, (max-width: 250px) 100vw, 250px\" \/><\/a>\n\t\t\t<\/dt><\/dl><br style=\"clear: both\" \/><dl class='gallery-item'>\n\t\t\t<dt class='gallery-icon portrait'>\n\t\t\t\t<a href='https:\/\/www.maroon5br.com\/site\/maroon5\/cinemaetv\/the-voice\/the-voice-5a-temporada\/thevoices5-poster\/'><img loading=\"lazy\" decoding=\"async\" width=\"112\" height=\"150\" src=\"https:\/\/www.maroon5br.com\/site\/wp-content\/uploads\/2013\/11\/TheVoiceS5-poster-112x150.jpg\" class=\"attachment-thumbnail size-thumbnail\" alt=\"\" srcset=\"https:\/\/www.maroon5br.com\/site\/wp-content\/uploads\/2013\/11\/TheVoiceS5-poster-112x150.jpg 112w, https:\/\/www.maroon5br.com\/site\/wp-content\/uploads\/2013\/11\/TheVoiceS5-poster-224x300.jpg 224w, https:\/\/www.maroon5br.com\/site\/wp-content\/uploads\/2013\/11\/TheVoiceS5-poster-283x380.jpg 283w, https:\/\/www.maroon5br.com\/site\/wp-content\/uploads\/2013\/11\/TheVoiceS5-poster.jpg 450w\" sizes=\"auto, (max-width: 112px) 100vw, 112px\" \/><\/a>\n\t\t\t<\/dt><\/dl><dl class='gallery-item'>\n\t\t\t<dt class='gallery-icon landscape'>\n\t\t\t\t<a href='https:\/\/www.maroon5br.com\/site\/2013\/09\/19\/the-voice-nova-foto-promocional-da-5a-temporada\/thevoiceseason5\/'><img loading=\"lazy\" decoding=\"async\" width=\"250\" height=\"105\" src=\"https:\/\/www.maroon5br.com\/site\/wp-content\/uploads\/2013\/09\/TheVoiceSeason5-250x105.jpg\" class=\"attachment-thumbnail size-thumbnail\" alt=\"\" srcset=\"https:\/\/www.maroon5br.com\/site\/wp-content\/uploads\/2013\/09\/TheVoiceSeason5-250x105.jpg 250w, https:\/\/www.maroon5br.com\/site\/wp-content\/uploads\/2013\/09\/TheVoiceSeason5-300x126.jpg 300w, https:\/\/www.maroon5br.com\/site\/wp-content\/uploads\/2013\/09\/TheVoiceSeason5-768x321.jpg 768w, https:\/\/www.maroon5br.com\/site\/wp-content\/uploads\/2013\/09\/TheVoiceSeason5-900x377.jpg 900w, https:\/\/www.maroon5br.com\/site\/wp-content\/uploads\/2013\/09\/TheVoiceSeason5.jpg 1200w\" sizes=\"auto, (max-width: 250px) 100vw, 250px\" \/><\/a>\n\t\t\t<\/dt><\/dl><dl class='gallery-item'>\n\t\t\t<dt class='gallery-icon landscape'>\n\t\t\t\t<a href='https:\/\/www.maroon5br.com\/site\/2013\/10\/15\/video-christina-aguilera-imita-mentores-do-the-voice\/voicecoachesseason05\/'><img loading=\"lazy\" decoding=\"async\" width=\"250\" height=\"105\" src=\"https:\/\/www.maroon5br.com\/site\/wp-content\/uploads\/2013\/10\/VoiceCoachesSeason05-250x105.jpg\" class=\"attachment-thumbnail size-thumbnail\" alt=\"\" srcset=\"https:\/\/www.maroon5br.com\/site\/wp-content\/uploads\/2013\/10\/VoiceCoachesSeason05-250x105.jpg 250w, https:\/\/www.maroon5br.com\/site\/wp-content\/uploads\/2013\/10\/VoiceCoachesSeason05-300x126.jpg 300w, https:\/\/www.maroon5br.com\/site\/wp-content\/uploads\/2013\/10\/VoiceCoachesSeason05-768x321.jpg 768w, https:\/\/www.maroon5br.com\/site\/wp-content\/uploads\/2013\/10\/VoiceCoachesSeason05-900x377.jpg 900w, https:\/\/www.maroon5br.com\/site\/wp-content\/uploads\/2013\/10\/VoiceCoachesSeason05.jpg 1023w\" sizes=\"auto, (max-width: 250px) 100vw, 250px\" \/><\/a>\n\t\t\t<\/dt><\/dl><br style=\"clear: both\" \/>\n\t\t<\/div>\n\n","protected":false},"excerpt":{"rendered":"<p>Christina Aguilera e CeeLo Green retornam \u00e0s cadeiras girat\u00f3rias com Adam Levine e Blake Shelton para o segundo ciclo do The Voice em 2013. Reunidos e renovados, os mentores continuam buscando a pr\u00f3xima grande voz da m\u00fasica, em 4 times formados por 12 candidatos cada. Poster V\u00eddeo https:\/\/www.youtube.com\/watch?v=H692WJq9vlc Times Team Adam Conselheiro: Ryan Tedder Participantes: [&hellip;]<\/p>\n","protected":false},"author":1,"featured_media":15402,"parent":16738,"menu_order":5,"comment_status":"open","ping_status":"closed","template":"","meta":{"_themeisle_gutenberg_block_has_review":false,"footnotes":""},"class_list":["post-15068","page","type-page","status-publish","has-post-thumbnail","hentry"],"_links":{"self":[{"href":"https:\/\/www.maroon5br.com\/site\/wp-json\/wp\/v2\/pages\/15068","targetHints":{"allow":["GET"]}}],"collection":[{"href":"https:\/\/www.maroon5br.com\/site\/wp-json\/wp\/v2\/pages"}],"about":[{"href":"https:\/\/www.maroon5br.com\/site\/wp-json\/wp\/v2\/types\/page"}],"author":[{"embeddable":true,"href":"https:\/\/www.maroon5br.com\/site\/wp-json\/wp\/v2\/users\/1"}],"replies":[{"embeddable":true,"href":"https:\/\/www.maroon5br.com\/site\/wp-json\/wp\/v2\/comments?post=15068"}],"version-history":[{"count":12,"href":"https:\/\/www.maroon5br.com\/site\/wp-json\/wp\/v2\/pages\/15068\/revisions"}],"predecessor-version":[{"id":23228,"href":"https:\/\/www.maroon5br.com\/site\/wp-json\/wp\/v2\/pages\/15068\/revisions\/23228"}],"up":[{"embeddable":true,"href":"https:\/\/www.maroon5br.com\/site\/wp-json\/wp\/v2\/pages\/16738"}],"wp:featuredmedia":[{"embeddable":true,"href":"https:\/\/www.maroon5br.com\/site\/wp-json\/wp\/v2\/media\/15402"}],"wp:attachment":[{"href":"https:\/\/www.maroon5br.com\/site\/wp-json\/wp\/v2\/media?parent=15068"}],"curies":[{"name":"wp","href":"https:\/\/api.w.org\/{rel}","templated":true}]}}