{"id":15740,"date":"2014-04-09T13:35:37","date_gmt":"2014-04-09T16:35:37","guid":{"rendered":"http:\/\/www.maroon5br.com\/?page_id=15740"},"modified":"2014-07-16T16:32:43","modified_gmt":"2014-07-16T19:32:43","slug":"entrevista-travis-schneider","status":"publish","type":"page","link":"https:\/\/www.maroon5br.com\/site\/especiais\/entrevistas\/entrevista-travis-schneider\/","title":{"rendered":"Entrevista: Travis Schneider"},"content":{"rendered":"<p align=\"center\"><img decoding=\"async\" alt=\"\" src=\"https:\/\/www.maroon5br.com\/site\/images\/travisschneider\/travisschneider.png\" \/><\/p>\n<p align=\"center\"><a href=\"https:\/\/www.maroon5br.com\/site\/especiais\/entrevista-travis-schneider-english\/\"><strong>Click HERE to read this interview in English<\/strong><\/a><\/p>\n<p>O fot\u00f3grafo oficial do Maroon 5, <strong>Travis Schneider<\/strong>, concedeu uma entrevista exclusiva ao <strong>Maroon 5 Brasil<\/strong>. Na conversa, Travis contou um pouco sobre sua carreira, sobre a banda e a experi\u00eancia de fotografar no Brasil, entre outras curiosidades.<\/p>\n<p>\u00c9 uma honra para o Maroon 5 Brasil obter essa entrevista. Obrigada Travis pela disponibilidade!<\/p>\n<blockquote><p><strong>1. O que te inspirou a se tornar fot\u00f3grafo?<\/strong><br \/>\n&#8211; Meu irm\u00e3o mais velho, Chapman Baehler, \u00e9 fot\u00f3grafo, e come\u00e7ou fotografando surfistas no Hava\u00ed, e depois mudou-se para Los Angeles, onde come\u00e7ou a fotografar bandas. Crescer vendo as fotos dele foi determinante na escolha da minha profiss\u00e3o.Na verdade, eu comecei a fotografar pra conseguir entrar nos shows e poder ficar nos melhores lugares da casa.<\/p><\/blockquote>\n<blockquote><p><strong>2. Como voc\u00ea come\u00e7ou a trabalhar com o Maroon 5?<\/strong><br \/>\n&#8211; Eu estava trabalhando com o Phantom Planet durante a grava\u00e7\u00e3o do \u00e1lbum &#8216;Raise The Dead&#8217;, onde todo o processo de grava\u00e7\u00e3o durou 4 anos. Eu sempre via os caras do Maroon 5 durante esse tempo todo, ent\u00e3o nos tornamos conhecidos uns dos outros. Felizmente, quando a grava\u00e7\u00e3o acabou, o Phantom Planet e o Maroon 5 tinham o mesmo empres\u00e1rio, e quando o Phantom acabou, o empres\u00e1rio deles come\u00e7ou a me direcionar para trabalhar com o Maroon 5.<\/p><\/blockquote>\n<blockquote><p><strong>3. Como a banda se comporta numa sess\u00e3o de fotos?<\/strong><br \/>\n&#8211; Eles se comportam de maneira muito profissional numa sess\u00e3o de fotos, mas isso n\u00e3o significa que n\u00e3o aconte\u00e7am brincadeirinhas e ataques de riso. Mas eles j\u00e1 t\u00eam experi\u00eancia neste processo, ent\u00e3o sabem como isso funciona, tornando tudo mais r\u00e1pido e indolor. Eu sempre fico muito ansioso para fotograf\u00e1-los.<\/p><\/blockquote>\n<p align=\"center\"><img decoding=\"async\" alt=\"\" src=\"https:\/\/www.maroon5br.com\/site\/images\/travisschneider\/travisschneider-1.jpg\" width=\"550\" \/><\/p>\n<blockquote><p><strong>4. Voc\u00ea tem uma foto favorita? Se sim, qual e por que?<\/strong><br \/>\n&#8211; Qualquer foto que tenha meu pai e minha m\u00e3e juntos \u00e9 a minha favorita. Sou pateticamente sentimental e adoro qualquer tipo de coisa que tenha a ver com meus pais.<\/p><\/blockquote>\n<blockquote><p><strong>5. Voc\u00eas t\u00eam alguma piada interna ou apelidos que s\u00f3 voc\u00eas sabem?<\/strong><br \/>\n&#8211; Meu apelido desde o colegial \u00e9 &#8216;Boots Wallace&#8217;, e o porque disso \u00e9 uma longa hist\u00f3ria. Um dos meus melhores amigos come\u00e7ou a me chamar de &#8216;Tex&#8217; h\u00e1 muito tempo atr\u00e1s, e me chama assim at\u00e9 hoje. \u00c9 o \u00fanico que me chama assim.<\/p><\/blockquote>\n<blockquote><p><strong>6. Qual \u00e9 o tipo espec\u00edfico de c\u00e2mera que voc\u00ea prefere usar?<\/strong><br \/>\n&#8211; Meu pai me deu uma Minolta 35mm muito antiga, que era dele quando ele tinha minha idade, e foi exatamente por isso que comecei a fotografar. Sempre que tenho a oportunidade de utilizar rolos de filme, eu uso. N\u00e3o sei se isso tem a ver com raz\u00f5es sentimentais, mas eu sinto que as fotos que resultam do rolo fotogr\u00e1fico t\u00eam algum tipo de m\u00e1gica, que eu nunca poderia captar com qualquer outra c\u00e2mera.<\/p><\/blockquote>\n<p>httpv:\/\/www.youtube.com\/watch?v=umtlAZQ4mmk<\/p>\n<blockquote><p><strong>7. Al\u00e9m de fotografar, voc\u00ea tamb\u00e9m dirigiu o clipe de &#8216;Out of Goodbyes&#8217;, em 2010. Como foi essa experi\u00eancia?<\/strong><br \/>\n&#8211; Dirigir o clipe de &#8216;Out of Goodbyes&#8217; foi uma experi\u00eancia surreal. Eu estava ali para fotografar os bastidores do clipe que eu mesmo ia dirigir, ent\u00e3o provavelmente eu estava um pouco em choque durante toda a sess\u00e3o. Ficamos um bom tempo planejando como tudo isso seria, acho que um m\u00eas ou mais, ent\u00e3o nunca me deixei animar com isso. Quando chegou o dia e eu entrei no set de grava\u00e7\u00e3o, estava tudo exatamente do jeito que eu tinha imaginado. Al\u00e9m disso, trabalhar com Dwight Yoakam foi muito divertido. Ele tem muito conhecimento sobre filmes de faroeste e clipes desse tipo. Durante todo o processo de pr\u00e9-produ\u00e7\u00e3o, Dwight poderia ligar tarde da noite e dizer &#8216;V\u00e1 pegar &#8216;McCabe &amp; Mrs. Miller&#8221;, com Warren Beatty e Julie Christie e deixe-me saber o que voc\u00ea pensa desse personagem.&#8217; N\u00e3o tinha fim, a anima\u00e7\u00e3o dele sobre tudo ajudou a termos um processo de produ\u00e7\u00e3o incr\u00edvel. Tivemos reuni\u00f5es muito divertidas que duraram muito mais tempo do que o que era pra durar de fato. Ele \u00e9 um cara super legal, e foi o m\u00e1ximo ouvir a voz dele cantando a m\u00fasica no set de grava\u00e7\u00e3o. Tamb\u00e9m foi incr\u00edvel trabalhar com Diora Baird, a mocinha do v\u00eddeo. Muito profissional e criativa. Ela tamb\u00e9m tem um \u00f3timo senso de humor, o que \u00e9 sempre bem vindo em um set.<\/p><\/blockquote>\n<p>httpv:\/\/www.youtube.com\/watch?v=BGPKngU3OsY<\/p>\n<blockquote><p><strong>8. Voc\u00ea veio para o Brasil com a banda durante a Overexposed Tour e para o show do Rock in Rio. Quais foram suas impress\u00f5es sobre nosso pa\u00eds e os f\u00e3s?<\/strong><br \/>\n&#8211; O tempo que estive no Brasil quando fomos para o Rock in Rio foi incr\u00edvel. O pa\u00eds \u00e9 lindo e cheio de vida e cultura. Toda a experi\u00eancia parecia um sonho. Eu poderia ficar para sempre na janela vendo a linha do horizonte, e de todos os f\u00e3s que a banda tem, os f\u00e3s brasileiros s\u00e3o so mais entusiasmados. Foi o p\u00fablico mais barulhento que eu j\u00e1 vi, no sentido positivo. Cantam junto cada palavra, cada m\u00fasica. A banda se sentiu incrivelmente amada e acolhida, mal posso esperar para voltar.<\/p><\/blockquote>\n<blockquote><p><strong>9. Na sua opini\u00e3o, quais s\u00e3o os pr\u00f3s e contras de ser um fot\u00f3grafo de banda?<\/strong><br \/>\n&#8211; Assistir a banda tocar de qualquer lugar que voc\u00ea queira \u00e9 um ponto positivo. Voc\u00ea aprende muito sobre o processo de escrever, gravar e performar a m\u00fasica, vai muito al\u00e9m do que qualquer escola poderia ensinar. O \u00fanico contra que eu posso pensar \u00e9 quando tenho o desejo de tocar a guitarra que est\u00e1 no palco, mas tenho que continuar segurando a c\u00e2mera e fotografar.<\/p><\/blockquote>\n<blockquote><p><strong>10. Qual foi o melhor momento que voc\u00ea teve como fot\u00f3grafo at\u00e9 hoje?<\/strong><br \/>\n&#8211; As fotos que fiz com o Maroon 5 no Lago Geneva, enquanto gravavam o &#8216;Hands All Over&#8217;. Sinto que essa sess\u00e3o foi a primeira vez que eu tive uma &#8216;sess\u00e3o de fotos adequada&#8217; com a banda, e eles foram extremamente legais. O cen\u00e1rio era impressionante e o melhor de tudo \u00e9 que eu tinha que tirar fotos daquilo tudo. \u00c9 uma linda mem\u00f3ria.<\/p><\/blockquote>\n<blockquote><p><strong>11. Voc\u00ea tamb\u00e9m canta e toca guitarra na banda &#8216;The Damn Sons&#8217;. Como isso come\u00e7ou? Voc\u00ea tem planos de lan\u00e7ar um cd?<\/strong><br \/>\n&#8211; &#8216;The Damn Sons&#8217; come\u00e7ou quando o baterista que tocava com a gente quando \u00e9ramos crian\u00e7a, terminou a faculdade em Boston e se mudou para Los Angeles, ent\u00e3o pudemos tocar de novo. Jogamos fora todas as nossas m\u00fasicas antigas e come\u00e7amos a escrever novas letras. Tivemos a ajuda de alguns baixistas por um tempo, que contribu\u00edram com coisas de valor inestim\u00e1vel para a banda, e assim continuamos a fazer. At\u00e9 agora n\u00e3o temos planos concretos de lan\u00e7ar um \u00e1lbum, mas com certeza \u00e9 algo que faremos. O pr\u00f3ximo passo no momento \u00e9 gravar duas m\u00fasicas e um EP de tr\u00eas m\u00fasicas.<\/p><\/blockquote>\n","protected":false},"excerpt":{"rendered":"<p>Click HERE to read this interview in English O fot\u00f3grafo oficial do Maroon 5, Travis Schneider, concedeu uma entrevista exclusiva ao Maroon 5 Brasil. Na conversa, Travis contou um pouco sobre sua carreira, sobre a banda e a experi\u00eancia de fotografar no Brasil, entre outras curiosidades. \u00c9 uma honra para o Maroon 5 Brasil obter [&hellip;]<\/p>\n","protected":false},"author":15,"featured_media":15880,"parent":12493,"menu_order":0,"comment_status":"open","ping_status":"open","template":"","meta":{"_themeisle_gutenberg_block_has_review":false,"footnotes":""},"class_list":["post-15740","page","type-page","status-publish","has-post-thumbnail","hentry"],"_links":{"self":[{"href":"https:\/\/www.maroon5br.com\/site\/wp-json\/wp\/v2\/pages\/15740","targetHints":{"allow":["GET"]}}],"collection":[{"href":"https:\/\/www.maroon5br.com\/site\/wp-json\/wp\/v2\/pages"}],"about":[{"href":"https:\/\/www.maroon5br.com\/site\/wp-json\/wp\/v2\/types\/page"}],"author":[{"embeddable":true,"href":"https:\/\/www.maroon5br.com\/site\/wp-json\/wp\/v2\/users\/15"}],"replies":[{"embeddable":true,"href":"https:\/\/www.maroon5br.com\/site\/wp-json\/wp\/v2\/comments?post=15740"}],"version-history":[{"count":4,"href":"https:\/\/www.maroon5br.com\/site\/wp-json\/wp\/v2\/pages\/15740\/revisions"}],"predecessor-version":[{"id":15866,"href":"https:\/\/www.maroon5br.com\/site\/wp-json\/wp\/v2\/pages\/15740\/revisions\/15866"}],"up":[{"embeddable":true,"href":"https:\/\/www.maroon5br.com\/site\/wp-json\/wp\/v2\/pages\/12493"}],"wp:featuredmedia":[{"embeddable":true,"href":"https:\/\/www.maroon5br.com\/site\/wp-json\/wp\/v2\/media\/15880"}],"wp:attachment":[{"href":"https:\/\/www.maroon5br.com\/site\/wp-json\/wp\/v2\/media?parent=15740"}],"curies":[{"name":"wp","href":"https:\/\/api.w.org\/{rel}","templated":true}]}}