{"id":17349,"date":"2014-09-13T23:10:11","date_gmt":"2014-09-14T02:10:11","guid":{"rendered":"http:\/\/www.maroon5br.com\/?page_id=17349"},"modified":"2017-06-15T19:57:21","modified_gmt":"2017-06-15T22:57:21","slug":"v-world-tour-2015","status":"publish","type":"page","link":"https:\/\/www.maroon5br.com\/site\/maroon5\/turnes\/v-world-tour-2015\/","title":{"rendered":"V World Tour 2015\/2016"},"content":{"rendered":"<p>A V World Tour foi anunciada em Maio de 2014 como forma de divulgar o quinto \u00e1lbum da banda, V, que foi lan\u00e7ado em Setembro do mesmo ano e logo se tornou a maior turn\u00ea da banda at\u00e9 o momento. Come\u00e7ando pelo continente americano, a turn\u00ea foi composta por uma sequ\u00eancia de 106 shows que se dividiram entre os 5 continentes, se tornando a maior turn\u00ea do Maroon 5 at\u00e9 o momento.<\/p>\n<p>Em Agosto de 2015 o Maroon 5 anunciou um novo retorno ao Brasil, depois do imenso sucesso da passagem da banda pelo pa\u00eds durante a Overexposed Tour. Desta vez, a banda passou 7 cidades brasileiras: Porto Alegre, Belo Horizonte, Salvador, Fortaleza, Rio de Janeiro e dois shows em S\u00e3o Paulo.<\/p>\n<h3>N\u00fameros de Abertura<\/h3>\n<p>V\u00e1rios artistas de peso foram escalados para abrir os shows da banda durante a extensa temporada de shows. Na primeira parte americana a cantora Rozzi Crane, contratada da gravadora 222 de Adam Levine, abriu os shows da banda para divulgar o seu ep Once e era convidada ao palco durante &#8220;Moves Like Jagger&#8221;, para cobrir os vocais de Christina Aguilera. Al\u00e9m disso, a banda Magic! tamb\u00e9m abriu os shows.<\/p>\n<p>Na Europa, a banda recrutou o cantor Nick Gardner para abrir alguns shows, enquanto a banda sueca Dirty Loops abria os shows na \u00c1sia e na Oceania. Para os shows no Brasil, o Maroon 5 convocou a banda Dashboard Confessional.<\/p>\n<h3>Setlist<\/h3>\n<blockquote>\n<p style=\"text-align: center;\"> <strong>Primeira Etapa<\/strong><br \/>\n1. Animals<br \/>\n2. One More Night<br \/>\n3. Stereo Hearts<br \/>\n4. Harder to Breathe<br \/>\n5. Lucky Strike<br \/>\n6. Wake Up Call<br \/>\n7. Love Somebody<br \/>\n8. Maps<br \/>\n9. Misery<br \/>\n10. Sunday Morning<br \/>\n11. Makes Me Wonder<br \/>\n12. Payphone (Acapella)<br \/>\n13. Daylight<br \/>\n14. Lost Stars<br \/>\n15. My Heart is Open<br \/>\n16. She Will Be Loved<br \/>\n17. This Love<br \/>\n18. Moves Like Jagger<br \/>\n19. Sugar<\/p>\n<\/blockquote>\n<h3>Poster<\/h3>\n<p style=\"text-align: center;\"><img loading=\"lazy\" decoding=\"async\" class=\"alignnone size-full wp-image-17350\" src=\"https:\/\/www.maroon5br.com\/site\/wp-content\/uploads\/2014\/09\/vtour-poster.png\" alt=\"vtour-poster\" width=\"450\" height=\"598\" data-id=\"17350\" srcset=\"https:\/\/www.maroon5br.com\/site\/wp-content\/uploads\/2014\/09\/vtour-poster.png 450w, https:\/\/www.maroon5br.com\/site\/wp-content\/uploads\/2014\/09\/vtour-poster-113x150.png 113w, https:\/\/www.maroon5br.com\/site\/wp-content\/uploads\/2014\/09\/vtour-poster-226x300.png 226w, https:\/\/www.maroon5br.com\/site\/wp-content\/uploads\/2014\/09\/vtour-poster-286x380.png 286w\" sizes=\"auto, (max-width: 450px) 100vw, 450px\" \/><\/p>\n<h3>Video promocional<\/h3>\n<p>httpv:\/\/www.youtube.com\/watch?v=uyD3eNnGgNo<\/p>\n<h3>Datas<\/h3>\n<table width=\"650\">\n<tbody>\n<tr>\n<th rowspan=\"1\">Data<\/th>\n<th rowspan=\"1\">Cidade<\/th>\n<th rowspan=\"1\">Local<\/th>\n<\/tr>\n<tr>\n<th colspan=\"3\">Estados Unidos<\/th>\n<\/tr>\n<tr>\n<td align=\"center\">16 de Fevereiro de 2015<\/td>\n<td align=\"center\">Dallas, TX<\/td>\n<td align=\"center\">American Airlines Center<\/td>\n<\/tr>\n<tr>\n<td align=\"center\">17 de Fevereiro de 2015<\/td>\n<td align=\"center\">Houston, TX<\/td>\n<td align=\"center\">Toyota Center<\/td>\n<\/tr>\n<tr>\n<td align=\"center\">19 de Fevereiro de 2015<\/td>\n<td align=\"center\">Atlanta, GA<\/td>\n<td align=\"center\">Philips Arena<\/td>\n<\/tr>\n<tr>\n<td align=\"center\">24 de Fevereiro de 2015<\/td>\n<td align=\"center\">Sunrise, FL<\/td>\n<td align=\"center\">BB&amp;T Center<\/td>\n<\/tr>\n<tr>\n<td align=\"center\">25 de Fevereiro de 2015<\/td>\n<td align=\"center\">Tampa, FL<\/td>\n<td align=\"center\">Tampa Bay Times Forum<\/td>\n<\/tr>\n<tr>\n<td align=\"center\">27 de Fevereiro de 2015<\/td>\n<td align=\"center\">Nashville, TN<\/td>\n<td align=\"center\">Bridgestone Arena<\/td>\n<\/tr>\n<tr>\n<td align=\"center\">28 de Fevereiro de 2015<\/td>\n<td align=\"center\">Indianapolis, IN<\/td>\n<td align=\"center\">Bankers Life Fieldhouse<\/td>\n<\/tr>\n<tr>\n<td align=\"center\">2 de Mar\u00e7o de 2015<\/td>\n<td align=\"center\">Washington DC<\/td>\n<td align=\"center\">Verizon Center<\/td>\n<\/tr>\n<tr>\n<td align=\"center\">3 de Mar\u00e7o de 2015<\/td>\n<td align=\"center\">Boston, MA<\/td>\n<td align=\"center\">TD Garden<\/td>\n<\/tr>\n<tr>\n<td align=\"center\">5 de Mar\u00e7o de 2015<\/td>\n<td align=\"center\">New York, NY<\/td>\n<td align=\"center\">Madison Square Garden<\/td>\n<\/tr>\n<tr>\n<td align=\"center\">8 de Mar\u00e7o de 2015<\/td>\n<td align=\"center\">East Rutherford, NJ<\/td>\n<td align=\"center\">IZOD Center<\/td>\n<\/tr>\n<tr>\n<td align=\"center\">9 de Mar\u00e7o de 2015<\/td>\n<td align=\"center\">Philadelphia, PA<\/td>\n<td align=\"center\">Wells Fargo Center<\/td>\n<\/tr>\n<tr>\n<td align=\"center\">11 de Mar\u00e7o de 2015<\/td>\n<td align=\"center\">Columbus, OH<\/td>\n<td align=\"center\">Nationwide Arena<\/td>\n<\/tr>\n<tr>\n<td align=\"center\">13 de Mar\u00e7o de 2015<\/td>\n<td align=\"center\">Pittsburgh, PA<\/td>\n<td align=\"center\">CONSOL Energy Center<\/td>\n<\/tr>\n<tr>\n<td align=\"center\">14 de Mar\u00e7o de 2015<\/td>\n<td align=\"center\">Louisville, KY<\/td>\n<td align=\"center\">KFC Yum! Center<\/td>\n<\/tr>\n<tr>\n<td align=\"center\">16 de Mar\u00e7o de 2015<\/td>\n<td align=\"center\">Toronto, ON<\/td>\n<td align=\"center\">Air Canada Centre<\/td>\n<\/tr>\n<tr>\n<td align=\"center\">18 de Mar\u00e7o de 2015<\/td>\n<td align=\"center\">Auburn Hills, MI<\/td>\n<td align=\"center\">The Palace of Auburn Hills<\/td>\n<\/tr>\n<tr>\n<td align=\"center\">19 de Mar\u00e7o de 2015<\/td>\n<td align=\"center\">Chicago, IL<\/td>\n<td align=\"center\">United Center<\/td>\n<\/tr>\n<tr>\n<td align=\"center\">21 de Mar\u00e7o de 2015<\/td>\n<td align=\"center\">Kansas City, MO<\/td>\n<td align=\"center\">Sprint Center<\/td>\n<\/tr>\n<tr>\n<td align=\"center\">23 de Mar\u00e7o de 2015<\/td>\n<td align=\"center\">St. Paul, MN<\/td>\n<td align=\"center\">Xcel Energy Center<\/td>\n<\/tr>\n<tr>\n<td align=\"center\">25 de Mar\u00e7o de 2015<\/td>\n<td align=\"center\">Saskatoon, SK<\/td>\n<td align=\"center\">Credit Union Centre<\/td>\n<\/tr>\n<tr>\n<td align=\"center\">26 de Mar\u00e7o de 2015<\/td>\n<td align=\"center\">Edmonton, AB<\/td>\n<td align=\"center\">Rexall Place<\/td>\n<\/tr>\n<tr>\n<td align=\"center\">28 de Mar\u00e7o de 2015<\/td>\n<td align=\"center\">Tacoma, WA<\/td>\n<td align=\"center\">Tacoma Dome<\/td>\n<\/tr>\n<tr>\n<td align=\"center\">29 de Mar\u00e7o de 2015<\/td>\n<td align=\"center\">Vancouver, BC<\/td>\n<td align=\"center\">Rogers Arena<\/td>\n<\/tr>\n<tr>\n<td align=\"center\">31 de Mar\u00e7o de 2015<\/td>\n<td align=\"center\">San Jose, CA<\/td>\n<td align=\"center\">SAP Center<\/td>\n<\/tr>\n<tr>\n<td align=\"center\">1\u00ba de Abril de 2015<\/td>\n<td align=\"center\">San Diego, CA<\/td>\n<td align=\"center\">Viejas Arena<\/td>\n<\/tr>\n<tr>\n<td align=\"center\">3 de Abril de 2015<\/td>\n<td align=\"center\">Inglewood, CA<\/td>\n<td align=\"center\">The Forum<\/td>\n<\/tr>\n<tr>\n<td align=\"center\">6 de Abril de 2015<\/td>\n<td align=\"center\">Anaheim, CA<\/td>\n<td align=\"center\">Honda Center<\/td>\n<\/tr>\n<tr>\n<th colspan=\"3\">Europa<\/th>\n<\/tr>\n<tr>\n<td align=\"center\">26 de Maio de 2015<\/td>\n<td align=\"center\">London, UK<\/td>\n<td align=\"center\">Wembley Arena<\/td>\n<\/tr>\n<tr>\n<td align=\"center\">28 de Maio de 2015<\/td>\n<td align=\"center\">London, UK<\/td>\n<td align=\"center\">Wembley Arena<\/td>\n<\/tr>\n<tr>\n<td align=\"center\">31 de Maio de 2015<\/td>\n<td align=\"center\">Birmingham, UK<\/td>\n<td align=\"center\">LG Arena<\/td>\n<\/tr>\n<tr>\n<td align=\"center\">1\u00ba de Junho de 2015<\/td>\n<td align=\"center\">Manchester, UK<\/td>\n<td align=\"center\">Manchester Arena<\/td>\n<\/tr>\n<tr>\n<td align=\"center\">3 de Junho de 2015<\/td>\n<td align=\"center\">Amsterdam, NTH<\/td>\n<td align=\"center\">Ziggo Dome<\/td>\n<\/tr>\n<tr>\n<td align=\"center\">6 de Junho de 2015<\/td>\n<td align=\"center\">Rabat, Marrocos<\/td>\n<td align=\"center\">Mawazine Festival<\/td>\n<\/tr>\n<tr>\n<td align=\"center\">9 de Junho de 2015<\/td>\n<td align=\"center\">Oberhausen, GR<\/td>\n<td align=\"center\">Koenig-Pilsener Arena<\/td>\n<\/tr>\n<tr>\n<td align=\"center\">10 de Junho de 2015<\/td>\n<td align=\"center\">Munich, GR<\/td>\n<td align=\"center\">Olympiahalle<\/td>\n<\/tr>\n<tr>\n<td align=\"center\">12 de Junho de 2015<\/td>\n<td align=\"center\">Milan, Italy<\/td>\n<td align=\"center\">Mediolanum Forum<\/td>\n<\/tr>\n<tr>\n<td align=\"center\">14 de Junho de 2015<\/td>\n<td align=\"center\">Barcelona, Spain<\/td>\n<td align=\"center\">Palau Sant Jordi<\/td>\n<\/tr>\n<tr>\n<td align=\"center\">15 de Junho de 2015<\/td>\n<td align=\"center\">Madrid, Spain<\/td>\n<td align=\"center\">Palacio Deportes<\/td>\n<\/tr>\n<tr>\n<td align=\"center\">17 de Junho de 2015<\/td>\n<td align=\"center\">Lisbon, Portugal<\/td>\n<td align=\"center\">Meo Arena<\/td>\n<\/tr>\n<tr>\n<th colspan=\"3\">Estados Unidos<\/th>\n<\/tr>\n<tr>\n<td align=\"center\">15 de Agosto de 2015<\/td>\n<td align=\"center\">Hershey<\/td>\n<td align=\"center\">Hersheypark Stadium<\/td>\n<\/tr>\n<tr>\n<td align=\"center\">16 de Agosto de 2015<\/td>\n<td align=\"center\">Atlantic City<\/td>\n<td align=\"center\">Atlantic City Beach<\/td>\n<\/tr>\n<tr>\n<th colspan=\"3\">\u00c1sia<\/th>\n<\/tr>\n<tr>\n<td>2 de Setembro 2015<\/td>\n<td>Tokyo, Jap\u00e3o<\/td>\n<td>Yokohama Arena<\/td>\n<\/tr>\n<tr>\n<td>4 de Setembro 2015<\/td>\n<td>Hong Kong, Hong Kong<\/td>\n<td>AsiaWorld Arena<\/td>\n<\/tr>\n<tr>\n<td>7 de Setembro de 2015<\/td>\n<td>Seoul, Cor\u00e9ia do Sul<\/td>\n<td>Olympic Gymnastics Arena<\/td>\n<\/tr>\n<tr>\n<td>9 de Setembro de 2015<\/td>\n<td>Seoul, Cor\u00e9ia do Sul<\/td>\n<td>Olympic Gymnastics Arena<\/td>\n<\/tr>\n<tr>\n<td>10 de Setembro de 2015<\/td>\n<td>Daegu, Cor\u00e9ia do Sul<\/td>\n<td>Daegu Baseball Stadium<\/td>\n<\/tr>\n<tr>\n<td>14 de Setembro de 2015<\/td>\n<td>Taipei, Taiwan<\/td>\n<td>Nangang Exhibition Hall<\/td>\n<\/tr>\n<tr>\n<td>15 de Setembro 2015<\/td>\n<td>Taipei, Taiwan<\/td>\n<td>Nangang Exhibition Hall<\/td>\n<\/tr>\n<tr>\n<td>17 de Setembro de 2015<\/td>\n<td>Manila, Filipinas<\/td>\n<td>Mall of Asia Arena<\/td>\n<\/tr>\n<tr>\n<td>19 de Setembro de 2015<\/td>\n<td>Singapore, Cingapura<\/td>\n<td>Marina Bay Street Circuit<\/td>\n<\/tr>\n<tr>\n<td>21 de Setembro 2015<\/td>\n<td>Bangkok, Tail\u00e2ndia<\/td>\n<td>Impact Arena<\/td>\n<\/tr>\n<tr>\n<td>22 de Setembro de 2015<\/td>\n<td>Bangkok, Tail\u00e2ndia<\/td>\n<td>Impact Arena<\/td>\n<\/tr>\n<tr>\n<th colspan=\"3\">Oceania<\/th>\n<\/tr>\n<tr>\n<td>26 de Setembro de 2015<\/td>\n<td>Melbourne, Austr\u00e1lia<\/td>\n<td>Rod Laver Arena<\/td>\n<\/tr>\n<tr>\n<td>28 de Setembro de 2015<\/td>\n<td>Brisbane, Austr\u00e1lia<\/td>\n<td>Brisbane Entertainment Centre<\/td>\n<\/tr>\n<tr>\n<td>29 de Setembro de 2015<\/td>\n<td>Sydney, Austr\u00e1lia<\/td>\n<td>Allphones Arena<\/td>\n<\/tr>\n<tr>\n<td>2 de Outubro de 2015<\/td>\n<td>Christchurch, Nova Zel\u00e2ndia<\/td>\n<td>Horncastle Arena<\/td>\n<\/tr>\n<tr>\n<td>3 de Outubro de 2015<\/td>\n<td>Auckland, Nova Zel\u00e2ndia<\/td>\n<td>Vector Arena<\/td>\n<\/tr>\n<tr>\n<td>4 de Outubro de 2015<\/td>\n<td>Auckland, Nova Zel\u00e2ndia<\/td>\n<td>Vector Arena<\/td>\n<\/tr>\n<tr>\n<th colspan=\"3\">Am\u00e9rica do Norte<\/th>\n<\/tr>\n<tr>\n<td>24 de Outubro de 2015<\/td>\n<td rowspan=\"1\">Los Angeles, Estados Unidos<\/td>\n<td rowspan=\"1\">Hollywood Bowl<\/td>\n<\/tr>\n<tr>\n<td>30 de Dezembro de 2015<\/td>\n<td>Las Vegas, Estados Unidos<\/td>\n<td>Mandalay Bay Events Center<\/td>\n<\/tr>\n<tr>\n<td>31 de Dezembro de 2015<\/td>\n<td>Las Vegas, Estados Unidos<\/td>\n<td>Mandalay Bay Events Center<\/td>\n<\/tr>\n<tr>\n<th colspan=\"3\">Am\u00e9rica Central<\/th>\n<\/tr>\n<tr>\n<td>26 de Fevereiro de 2016<\/td>\n<td>Monterrey, M\u00e9xico<\/td>\n<td>Auditorio Banamex<\/td>\n<\/tr>\n<tr>\n<td>28 de Fevereiro de 2016<\/td>\n<td>Guadalajara, M\u00e9xico<\/td>\n<td>Arena VFG<\/td>\n<\/tr>\n<tr>\n<td>1\u00ba de Mar\u00e7o de 2016<\/td>\n<td>Mexico City, M\u00e9xico<\/td>\n<td>Foro Sol<\/td>\n<\/tr>\n<tr>\n<th colspan=\"3\">Am\u00e9rica do Sul<\/th>\n<\/tr>\n<tr>\n<td>3 de Mar\u00e7o de 2016<\/td>\n<td>Bogot\u00e1, Col\u00f4mbia<\/td>\n<td>Parque Salitre Magico<\/td>\n<\/tr>\n<tr>\n<td>5 de Mar\u00e7o de 2016<\/td>\n<td>Buenos Aires, Argentina<\/td>\n<td>Hipodromo de Palermo<\/td>\n<\/tr>\n<tr>\n<td>7 de Mar\u00e7o de 2016<\/td>\n<td>Santiago, Chile<\/td>\n<td>Movistar Arena<\/td>\n<\/tr>\n<tr>\n<td>9 de Mar\u00e7o de 2016<\/td>\n<td>Porto Alegre, Brasil<\/td>\n<td>Estacionamento da FIERGS<\/td>\n<\/tr>\n<tr>\n<td>11 de Mar\u00e7o de 2016<\/td>\n<td>Belo Horizonte, Brasil<\/td>\n<td>Esplanada do Mineir\u00e3o<\/td>\n<\/tr>\n<tr>\n<td>13 de Mar\u00e7o de 2016<\/td>\n<td>Salvador, Brasil<\/td>\n<td>Parque de Exposi\u00e7\u00f5es<\/td>\n<\/tr>\n<tr>\n<td>15 de Mar\u00e7o de 2016<\/td>\n<td>Fortaleza, Brasil<\/td>\n<td>Marina Parque<\/td>\n<\/tr>\n<tr>\n<td>17 de Mar\u00e7o de 2016<\/td>\n<td>S\u00e3o Paulo, Brasil<\/td>\n<td>Allianz Parque<\/td>\n<\/tr>\n<tr>\n<td>March 19, 2016<\/td>\n<td>S\u00e3o Paulo, Brasil<\/td>\n<td>Allianz Parque<\/td>\n<\/tr>\n<tr>\n<td>20 de Mar\u00e7o de 2016<\/td>\n<td>Rio de Janeiro, Brasil<\/td>\n<td>Apoteose Arena<\/td>\n<\/tr>\n<tr>\n<\/tbody>\n<\/table>\n","protected":false},"excerpt":{"rendered":"<p>A V World Tour foi anunciada em Maio de 2014 como forma de divulgar o quinto \u00e1lbum da banda, V, que foi lan\u00e7ado em Setembro do mesmo ano e logo se tornou a maior turn\u00ea da banda at\u00e9 o momento. Come\u00e7ando pelo continente americano, a turn\u00ea foi composta por uma sequ\u00eancia de 106 shows que [&hellip;]<\/p>\n","protected":false},"author":1,"featured_media":17357,"parent":9750,"menu_order":11,"comment_status":"open","ping_status":"open","template":"","meta":{"_themeisle_gutenberg_block_has_review":false,"footnotes":""},"class_list":["post-17349","page","type-page","status-publish","has-post-thumbnail","hentry"],"_links":{"self":[{"href":"https:\/\/www.maroon5br.com\/site\/wp-json\/wp\/v2\/pages\/17349","targetHints":{"allow":["GET"]}}],"collection":[{"href":"https:\/\/www.maroon5br.com\/site\/wp-json\/wp\/v2\/pages"}],"about":[{"href":"https:\/\/www.maroon5br.com\/site\/wp-json\/wp\/v2\/types\/page"}],"author":[{"embeddable":true,"href":"https:\/\/www.maroon5br.com\/site\/wp-json\/wp\/v2\/users\/1"}],"replies":[{"embeddable":true,"href":"https:\/\/www.maroon5br.com\/site\/wp-json\/wp\/v2\/comments?post=17349"}],"version-history":[{"count":17,"href":"https:\/\/www.maroon5br.com\/site\/wp-json\/wp\/v2\/pages\/17349\/revisions"}],"predecessor-version":[{"id":22439,"href":"https:\/\/www.maroon5br.com\/site\/wp-json\/wp\/v2\/pages\/17349\/revisions\/22439"}],"up":[{"embeddable":true,"href":"https:\/\/www.maroon5br.com\/site\/wp-json\/wp\/v2\/pages\/9750"}],"wp:featuredmedia":[{"embeddable":true,"href":"https:\/\/www.maroon5br.com\/site\/wp-json\/wp\/v2\/media\/17357"}],"wp:attachment":[{"href":"https:\/\/www.maroon5br.com\/site\/wp-json\/wp\/v2\/media?parent=17349"}],"curies":[{"name":"wp","href":"https:\/\/api.w.org\/{rel}","templated":true}]}}