{"id":19538,"date":"2015-08-23T15:20:36","date_gmt":"2015-08-23T18:20:36","guid":{"rendered":"http:\/\/www.maroon5br.com\/?page_id=19538"},"modified":"2022-12-13T19:48:59","modified_gmt":"2022-12-13T22:48:59","slug":"maroon-5-no-brasil-2016","status":"publish","type":"page","link":"https:\/\/www.maroon5br.com\/site\/especiais\/hotsites\/maroon-5-no-brasil-2016\/","title":{"rendered":"Maroon 5 no Brasil 2016"},"content":{"rendered":"<p>Em mar\u00e7o de 2016, quase 4 anos ap\u00f3s a \u00faltima passagem da banda pelo Brasil, o Maroon 5 retornou ao pa\u00eds com a turn\u00ea do seu 5\u00ba \u00e1lbum de est\u00fadio, V, lan\u00e7ado em Setembro de 2014 e fez uma passagem longa pelo Brasil. Atendendo aos pedidos dos f\u00e3s, a banda fez 7 shows em 6 cidades, que foram recorde de p\u00fablico. Devido \u00e0 grande demanda, a cidade de S\u00e3o Paulo recebeu um show extra do Maroon 5.<\/p>\n<p>Porto Alegre, Belo Horizonte, Salvador, Fortaleza, S\u00e3o Paulo e Rio de Janeiro foram as cidades que receberam a V Tour, que tamb\u00e9m contou com a banda Dashboard Confessional como n\u00famero de abertura. Al\u00e9m disso, o show em S\u00e3o Paulo tiveram um motivo ainda mais especial: Durante a estadia da banda na capital Paulista, Adam Levine comemorou seu 37\u00ba anivers\u00e1rio e recebeu uma homenagem especial dos f\u00e3s durante o show que aconteceu no Allianz Parque. Saiba mais detalhes:<\/p>\n<h3>Setlist<\/h3>\n<blockquote><p>1. Animals<br \/>\n2. One More Night (com trechos de &#8220;Monster&#8221; do Kanye West)<br \/>\n3. Stereo Hearts (Gym Class Heroes cover)<br \/>\n4. Harder to Breathe<br \/>\n5. Lucky Strike<br \/>\n6. Wake Up Call<br \/>\n7. Love Somebody<br \/>\n8. Maps<br \/>\n9. This Love<br \/>\n10. Sunday Morning<br \/>\n11. Payphone<br \/>\n12. Daylight<\/p>\n<p>Bis:<br \/>\n13. Garota de Ipanema (apenas no Rio de Janeiro)<br \/>\n13. She Will Be Loved<br \/>\n14. Moves Like Jagger<br \/>\n15. Sugar<\/p><\/blockquote>\n<p>Durante o show no Rio de Janeiro, que encerrou a turn\u00ea, o Maroon 5 fez uma surpresa especial para os f\u00e3s, como forma de agradecer ao carinho do p\u00fablico brasileiro, e fez uma vers\u00e3o ac\u00fastica de Garota de Ipanema, com direito a Adam arriscando um portugu\u00eas!<\/p>\n<h3 id=\"homenagens\">Homenagens<\/h3>\n<div class=\"fve-video-wrapper fve-image-embed fve-thumbnail-image youtube\" style=\"padding-bottom:75%;\">\n    <iframe loading=\"lazy\" src=\"\/\/www.youtube.com\/embed\/CAFuLzUbbXQ?wmode=transparent&#038;modestbranding=1&#038;autohide=1&#038;showinfo=0&#038;rel=0\" width=\"100%\" height=\"100%\" frameborder=\"0\" webkitAllowFullScreen mozallowfullscreen allowFullScreen><\/iframe>    <\/div>\n<p>Para celebrar o anivers\u00e1rio de 37 anos do vocalista Adam Levine, o Maroon 5 Brasil fez uma parceria com a cervejaria Heineken para fazer uma surpresa inesquec\u00edvel para o cantor com o apoio dos f\u00e3s: Foram criadas bexigas especiais com os dizeres &#8220;Happy Birthday Adam&#8221;, que foram levantadas durante a performance de &#8220;Payphone&#8221; e &#8220;She Will Be Loved&#8221;, al\u00e9m de um grande coro de &#8220;Parab\u00e9ns&#8221; para o m\u00fasico.<\/p>\n<p>Al\u00e9m disso, plaquinhas especiais com os dizeres &#8220;Yes, Please!&#8221; foram erguidas durante a performance de Sugar em todos os shows, fazendo com o que o momento ficasse registrado na mem\u00f3ria e no cora\u00e7\u00e3o dos integrantes da banda.<\/p>\n<h3 id=\"homenagens\">Webisode<\/h3>\n<p>Assim como no Rock In Rio 2011, a passagem da banda pelo Brasil rendeu um mini-document\u00e1rio dirigido pelo fot\u00f3grafo Travis Schneider. Al\u00e9m de mostrar cenas dos bastidores dos shows, o fot\u00f3grafo tamb\u00e9m registrou cenas da banda turistando pelo Brasil e tamb\u00e9m participando de aulas de grafite e arte urbana. Tudo isso embalado ao som de uma vers\u00e3o de&#8221;Brazil&#8221;, de Ary Barroso, remixada por Jesse Carmichael.<\/p>\n<div class=\"fve-video-wrapper fve-image-embed fve-thumbnail-image youtube\" style=\"padding-bottom:75%;\">\n    <iframe loading=\"lazy\" src=\"\/\/www.youtube.com\/embed\/HqrKHqBt8p0?wmode=transparent&#038;modestbranding=1&#038;autohide=1&#038;showinfo=0&#038;rel=0\" width=\"100%\" height=\"100%\" frameborder=\"0\" webkitAllowFullScreen mozallowfullscreen allowFullScreen><\/iframe>    <\/div>\n","protected":false},"excerpt":{"rendered":"<p>Em mar\u00e7o de 2016, quase 4 anos ap\u00f3s a \u00faltima passagem da banda pelo Brasil, o Maroon 5 retornou ao pa\u00eds com a turn\u00ea do seu 5\u00ba \u00e1lbum de est\u00fadio, V, lan\u00e7ado em Setembro de 2014 e fez uma passagem longa pelo Brasil. Atendendo aos pedidos dos f\u00e3s, a banda fez 7 shows em 6 [&hellip;]<\/p>\n","protected":false},"author":1,"featured_media":19547,"parent":12506,"menu_order":4,"comment_status":"closed","ping_status":"closed","template":"","meta":{"_themeisle_gutenberg_block_has_review":false,"footnotes":""},"class_list":["post-19538","page","type-page","status-publish","has-post-thumbnail","hentry"],"_links":{"self":[{"href":"https:\/\/www.maroon5br.com\/site\/wp-json\/wp\/v2\/pages\/19538","targetHints":{"allow":["GET"]}}],"collection":[{"href":"https:\/\/www.maroon5br.com\/site\/wp-json\/wp\/v2\/pages"}],"about":[{"href":"https:\/\/www.maroon5br.com\/site\/wp-json\/wp\/v2\/types\/page"}],"author":[{"embeddable":true,"href":"https:\/\/www.maroon5br.com\/site\/wp-json\/wp\/v2\/users\/1"}],"replies":[{"embeddable":true,"href":"https:\/\/www.maroon5br.com\/site\/wp-json\/wp\/v2\/comments?post=19538"}],"version-history":[{"count":41,"href":"https:\/\/www.maroon5br.com\/site\/wp-json\/wp\/v2\/pages\/19538\/revisions"}],"predecessor-version":[{"id":24797,"href":"https:\/\/www.maroon5br.com\/site\/wp-json\/wp\/v2\/pages\/19538\/revisions\/24797"}],"up":[{"embeddable":true,"href":"https:\/\/www.maroon5br.com\/site\/wp-json\/wp\/v2\/pages\/12506"}],"wp:featuredmedia":[{"embeddable":true,"href":"https:\/\/www.maroon5br.com\/site\/wp-json\/wp\/v2\/media\/19547"}],"wp:attachment":[{"href":"https:\/\/www.maroon5br.com\/site\/wp-json\/wp\/v2\/media?parent=19538"}],"curies":[{"name":"wp","href":"https:\/\/api.w.org\/{rel}","templated":true}]}}