{"id":19617,"date":"2015-09-02T10:55:56","date_gmt":"2015-09-02T13:55:56","guid":{"rendered":"http:\/\/www.maroon5br.com\/?page_id=19617"},"modified":"2017-06-10T23:11:59","modified_gmt":"2017-06-11T02:11:59","slug":"singles","status":"publish","type":"page","link":"https:\/\/www.maroon5br.com\/site\/maroon5\/discografia\/coletaneas\/singles\/","title":{"rendered":"Singles"},"content":{"rendered":"<p>Depois de 5 \u00e1lbuns de est\u00fadio repleto de m\u00fasicas de sucesso, o Maroon 5 decidiu reunir 12 dos maiores hits da banda na colet\u00e2nea <strong>&#8220;Singles&#8221;<\/strong>, que chega \u00e0s lojas no dia <strong>16 de Outubro<\/strong> pela <strong>Interscope Records<\/strong>.<\/p>\n<p>Com foto de capa clicada pelo amigo Travis Schneider, o material inclui hits que v\u00e3o desde &#8220;This Love&#8221; e &#8220;Misery&#8221; at\u00e9 &#8220;Sugar&#8221;, single do \u00e1lbum &#8220;V&#8221;, mas deixa de fora m\u00fasicas como &#8220;Harder To Breathe&#8221;, &#8220;Sunday Morning&#8221; e &#8220;If I Never See Your Face Again&#8221;.<\/p>\n<h3>Tracklist<\/h3>\n<ul class=\"album-tracklist\">\n<li>1. This Love<\/li>\n<li>2. Payphone<\/li>\n<li>3. She Will Be Loved<\/li>\n<li>4. One More Night<\/li>\n<li>5. Moves Like Jagger<\/li>\n<li>6. Wake Up Call<\/li>\n<li>7. Misery<\/li>\n<li>8. Maps<\/li>\n<li>9. Makes Me Wonder<\/li>\n<li>10. Animals<\/li>\n<li>11. Daylight<\/li>\n<li>12. Sugar<\/li>\n<\/ul>\n","protected":false},"excerpt":{"rendered":"<p>Depois de 5 \u00e1lbuns de est\u00fadio repleto de m\u00fasicas de sucesso, o Maroon 5 decidiu reunir 12 dos maiores hits da banda na colet\u00e2nea &#8220;Singles&#8221;, que chega \u00e0s lojas no dia 16 de Outubro pela Interscope Records. Com foto de capa clicada pelo amigo Travis Schneider, o material inclui hits que v\u00e3o desde &#8220;This Love&#8221; [&hellip;]<\/p>\n","protected":false},"author":1,"featured_media":22319,"parent":16687,"menu_order":0,"comment_status":"closed","ping_status":"closed","template":"cds.php","meta":{"_themeisle_gutenberg_block_has_review":false,"footnotes":""},"class_list":["post-19617","page","type-page","status-publish","has-post-thumbnail","hentry"],"_links":{"self":[{"href":"https:\/\/www.maroon5br.com\/site\/wp-json\/wp\/v2\/pages\/19617","targetHints":{"allow":["GET"]}}],"collection":[{"href":"https:\/\/www.maroon5br.com\/site\/wp-json\/wp\/v2\/pages"}],"about":[{"href":"https:\/\/www.maroon5br.com\/site\/wp-json\/wp\/v2\/types\/page"}],"author":[{"embeddable":true,"href":"https:\/\/www.maroon5br.com\/site\/wp-json\/wp\/v2\/users\/1"}],"replies":[{"embeddable":true,"href":"https:\/\/www.maroon5br.com\/site\/wp-json\/wp\/v2\/comments?post=19617"}],"version-history":[{"count":5,"href":"https:\/\/www.maroon5br.com\/site\/wp-json\/wp\/v2\/pages\/19617\/revisions"}],"predecessor-version":[{"id":19855,"href":"https:\/\/www.maroon5br.com\/site\/wp-json\/wp\/v2\/pages\/19617\/revisions\/19855"}],"up":[{"embeddable":true,"href":"https:\/\/www.maroon5br.com\/site\/wp-json\/wp\/v2\/pages\/16687"}],"wp:featuredmedia":[{"embeddable":true,"href":"https:\/\/www.maroon5br.com\/site\/wp-json\/wp\/v2\/media\/22319"}],"wp:attachment":[{"href":"https:\/\/www.maroon5br.com\/site\/wp-json\/wp\/v2\/media?parent=19617"}],"curies":[{"name":"wp","href":"https:\/\/api.w.org\/{rel}","templated":true}]}}