{"id":20220,"date":"2016-01-25T18:42:10","date_gmt":"2016-01-25T21:42:10","guid":{"rendered":"http:\/\/www.maroon5br.com\/?page_id=20220"},"modified":"2017-06-11T00:49:34","modified_gmt":"2017-06-11T03:49:34","slug":"we-like-digging","status":"publish","type":"page","link":"https:\/\/www.maroon5br.com\/site\/maroon5\/discografia\/karas-flowers\/we-like-digging\/","title":{"rendered":"&#8230;We Like Digging?"},"content":{"rendered":"<p>Antes do lan\u00e7amento do &#8220;The Fourth World&#8221;, o Kara&#8217;s Flowers j\u00e1 havia lan\u00e7ado um \u00e1lbum independente batizado &#8220;&#8230;We Like Digging?&#8221;, que teve apenas 500 c\u00f3pias produzidas e foi vendido nos arredores do Brentwood School e dos clubes onde a banda se apresentou.<\/p>\n<p>Gravado entre Julho e Agosto de 1994, o disco traz 11 faixas com letras confusas e melodias fortemente influenciadas pelo grunge. Este foi o primeiro registro oficial da banda, e que n\u00e3o \u00e9 divulgado sequer pelos integrantes. Jesse Carmichael, por\u00e9m, comentou que \u00e9 uma boa maneira dos f\u00e3s conhecerem o estranho passado musical do Kara&#8217;s Flowers.<\/p>\n<h3>Tracklist<\/h3>\n<ul class=\"album-tracklist\">\n<li>1. Peeler<\/li>\n<li>2. Give Me Love<\/li>\n<li>3. Mental Mind Fuck<\/li>\n<li>4. Stable<\/li>\n<li>5. Ray Pim<\/li>\n<li>6. Leave A Message<\/li>\n<li>7. Miner<\/li>\n<li>8. Dame Cabeza<\/li>\n<li>9. Clomb<\/li>\n<li>10. Genius<\/li>\n<li>11. Untitled<\/li>\n<\/ul>\n<h3>Curiosidades<\/h3>\n<ul class=\"album-conteudo\">\n<li>O \u00e1lbum foi gravado na &#8220;Room #222&#8221;, raz\u00e3o pela qual o n\u00famero acabou se tornando &#8220;n\u00famero da sorte&#8221; da banda.<\/li>\n<li>Ap\u00f3s o lan\u00e7amento do material, a banda voltou ao est\u00fadio &#8220;Room #222&#8221; para gravar mais 4 can\u00e7\u00f5es demo: On My Show, Angela, Dreammaker #222 e Need Some Fun<\/li>\n<\/ul>\n","protected":false},"excerpt":{"rendered":"<p>Antes do lan\u00e7amento do &#8220;The Fourth World&#8221;, o Kara&#8217;s Flowers j\u00e1 havia lan\u00e7ado um \u00e1lbum independente batizado &#8220;&#8230;We Like Digging?&#8221;, que teve apenas 500 c\u00f3pias produzidas e foi vendido nos arredores do Brentwood School e dos clubes onde a banda se apresentou. Gravado entre Julho e Agosto de 1994, o disco traz 11 faixas com [&hellip;]<\/p>\n","protected":false},"author":1,"featured_media":20221,"parent":20234,"menu_order":0,"comment_status":"closed","ping_status":"closed","template":"cds.php","meta":{"_themeisle_gutenberg_block_has_review":false,"footnotes":""},"class_list":["post-20220","page","type-page","status-publish","has-post-thumbnail","hentry"],"_links":{"self":[{"href":"https:\/\/www.maroon5br.com\/site\/wp-json\/wp\/v2\/pages\/20220","targetHints":{"allow":["GET"]}}],"collection":[{"href":"https:\/\/www.maroon5br.com\/site\/wp-json\/wp\/v2\/pages"}],"about":[{"href":"https:\/\/www.maroon5br.com\/site\/wp-json\/wp\/v2\/types\/page"}],"author":[{"embeddable":true,"href":"https:\/\/www.maroon5br.com\/site\/wp-json\/wp\/v2\/users\/1"}],"replies":[{"embeddable":true,"href":"https:\/\/www.maroon5br.com\/site\/wp-json\/wp\/v2\/comments?post=20220"}],"version-history":[{"count":4,"href":"https:\/\/www.maroon5br.com\/site\/wp-json\/wp\/v2\/pages\/20220\/revisions"}],"predecessor-version":[{"id":20226,"href":"https:\/\/www.maroon5br.com\/site\/wp-json\/wp\/v2\/pages\/20220\/revisions\/20226"}],"up":[{"embeddable":true,"href":"https:\/\/www.maroon5br.com\/site\/wp-json\/wp\/v2\/pages\/20234"}],"wp:featuredmedia":[{"embeddable":true,"href":"https:\/\/www.maroon5br.com\/site\/wp-json\/wp\/v2\/media\/20221"}],"wp:attachment":[{"href":"https:\/\/www.maroon5br.com\/site\/wp-json\/wp\/v2\/media?parent=20220"}],"curies":[{"name":"wp","href":"https:\/\/api.w.org\/{rel}","templated":true}]}}