{"id":20230,"date":"2016-01-25T19:38:37","date_gmt":"2016-01-25T22:38:37","guid":{"rendered":"http:\/\/www.maroon5br.com\/?page_id=20230"},"modified":"2016-01-26T13:29:53","modified_gmt":"2016-01-26T16:29:53","slug":"stagg-street-recordings","status":"publish","type":"page","link":"https:\/\/www.maroon5br.com\/site\/maroon5\/discografia\/karas-flowers\/stagg-street-recordings\/","title":{"rendered":"Stagg Street Recordings"},"content":{"rendered":"<p>Lan\u00e7ado em 1999, o disco &#8220;Stagg Street Recordings&#8221; foi o segundo \u00e1lbum independente lan\u00e7ado pelo Kara&#8217;s Flowers, e o primeiro ap\u00f3s o fim do contrato com a Reprise Records. O \u00e1lbum foi gravado no est\u00fadio Stagg Street, em Los Angeles.<\/p>\n<h3>Tracklist<\/h3>\n<ul class=\"album-tracklist\">\n<li>1. If You Only Knew<\/li>\n<li>2. The Fog<\/li>\n<li>3. Simple Kind of Lovely<\/li>\n<li>4. The Great Getaway<\/li>\n<li>5. Good At Being Gone<\/li>\n<li>6. Not Falling Apart<\/li>\n<li>7. The Kid With Velvet Eyes<\/li>\n<li>8. As Things Collide<\/li>\n<li>9. Everyday Goodbyes<\/li>\n<li>10. A Day In The Life (Outtake)<\/li>\n<\/ul>\n","protected":false},"excerpt":{"rendered":"<p>Lan\u00e7ado em 1999, o disco &#8220;Stagg Street Recordings&#8221; foi o segundo \u00e1lbum independente lan\u00e7ado pelo Kara&#8217;s Flowers, e o primeiro ap\u00f3s o fim do contrato com a Reprise Records. O \u00e1lbum foi gravado no est\u00fadio Stagg Street, em Los Angeles. Tracklist 1. If You Only Knew 2. The Fog 3. Simple Kind of Lovely 4. [&hellip;]<\/p>\n","protected":false},"author":1,"featured_media":20231,"parent":20234,"menu_order":4,"comment_status":"closed","ping_status":"closed","template":"cds.php","meta":{"_themeisle_gutenberg_block_has_review":false,"footnotes":""},"class_list":["post-20230","page","type-page","status-publish","has-post-thumbnail","hentry"],"_links":{"self":[{"href":"https:\/\/www.maroon5br.com\/site\/wp-json\/wp\/v2\/pages\/20230","targetHints":{"allow":["GET"]}}],"collection":[{"href":"https:\/\/www.maroon5br.com\/site\/wp-json\/wp\/v2\/pages"}],"about":[{"href":"https:\/\/www.maroon5br.com\/site\/wp-json\/wp\/v2\/types\/page"}],"author":[{"embeddable":true,"href":"https:\/\/www.maroon5br.com\/site\/wp-json\/wp\/v2\/users\/1"}],"replies":[{"embeddable":true,"href":"https:\/\/www.maroon5br.com\/site\/wp-json\/wp\/v2\/comments?post=20230"}],"version-history":[{"count":3,"href":"https:\/\/www.maroon5br.com\/site\/wp-json\/wp\/v2\/pages\/20230\/revisions"}],"predecessor-version":[{"id":20998,"href":"https:\/\/www.maroon5br.com\/site\/wp-json\/wp\/v2\/pages\/20230\/revisions\/20998"}],"up":[{"embeddable":true,"href":"https:\/\/www.maroon5br.com\/site\/wp-json\/wp\/v2\/pages\/20234"}],"wp:featuredmedia":[{"embeddable":true,"href":"https:\/\/www.maroon5br.com\/site\/wp-json\/wp\/v2\/media\/20231"}],"wp:attachment":[{"href":"https:\/\/www.maroon5br.com\/site\/wp-json\/wp\/v2\/media?parent=20230"}],"curies":[{"name":"wp","href":"https:\/\/api.w.org\/{rel}","templated":true}]}}