{"id":21105,"date":"2016-08-08T17:54:06","date_gmt":"2016-08-08T20:54:06","guid":{"rendered":"http:\/\/www.maroon5br.com\/?page_id=21105"},"modified":"2017-09-26T10:56:18","modified_gmt":"2017-09-26T13:56:18","slug":"the-voice-10a-temporada","status":"publish","type":"page","link":"https:\/\/www.maroon5br.com\/site\/maroon5\/cinemaetv\/the-voice\/the-voice-10a-temporada\/","title":{"rendered":"The Voice &#8211; 10\u00aa Temporada"},"content":{"rendered":"<p>A 10\u00aa temporada do The Voice estreou no dia 29 de Fevereiro de 2016, na NBC, e contou com o retorno da cantora Christina Aguilera ao painel de mentores, ao lado de Adam Levine, Blake Shelton e Pharrell Williams.<\/p>\n<p>Como de praxe, o programa tamb\u00e9m trouxe um time de peso para ajudar os participantes durante as rodadas de batalha. A cantora Tori Kelly foi escalada para o #TeamAdam, enquanto Sean Combs aconselhou o time de Pharrell Williams. Patti LaBelle ajudou o time de Christina Aguilera e Blake Shelton, por sua vez, chamou a ex-mentora e sua namorada Gwen Stefani para ajudar seus participantes.<\/p>\n<p>A temporada chegou ao fim no dia 24 de Maio e coroou a cantora Alisan Porter, do time de Christina. A vit\u00f3ria marcou a primeira vez em que uma mentora mulher foi campe\u00e3. O segundo lugar ficou com Adam Wakefield, do Team Blake. Hannah Hudson, do time de Pharrell ficou em terceiro lugar e, por fim, Laith Al-Saadi, do time de Adam.<\/p>\n<h3>P\u00f4ster<\/h3>\n<p><img decoding=\"async\" src=\"https:\/\/www.maroon5br.com\/site\/wp-content\/uploads\/2016\/08\/TheVoice-S10-poster.jpg\" alt=\"\" width=\"100%\" \/><\/p>\n<h3><strong>V\u00eddeo<\/strong><\/h3>\n<div class=\"fve-video-wrapper fve-image-embed fve-thumbnail-image youtube\" style=\"padding-bottom:75%;\">\n    <iframe loading=\"lazy\" src=\"\/\/www.youtube.com\/embed\/s9wdsKzhVXI?wmode=transparent&#038;modestbranding=1&#038;autohide=1&#038;showinfo=0&#038;rel=0\" width=\"100%\" height=\"100%\" frameborder=\"0\" webkitAllowFullScreen mozallowfullscreen allowFullScreen><\/iframe>    <\/div>\n<h3><strong>Times<\/strong><\/h3>\n<blockquote>\n<h2>Team Adam<\/h2>\n<p><img decoding=\"async\" src=\"https:\/\/www.maroon5br.com\/site\/wp-content\/uploads\/2016\/08\/TeamAdam10.jpg\" alt=\"Team Adam\" width=\"100%\" \/><\/p>\n<p><strong>Conselheiro:<\/strong> Tori Kelly (Battle Rounds)<\/p>\n<p><strong>Participantes<\/strong>: Mike Schiavo, Ryan Quinn, Nate Butler, Katie Basden, Owen Danoff, Adam Levine, Natalie Yacovazzi, Laith Al-Saadi, Caroline Burns, Lily Green, Katherine Ho, John Gilman, Matt Tedder<\/p><\/blockquote>\n<blockquote>\n<h2>Team Blake<\/h2>\n<p><img decoding=\"async\" src=\"https:\/\/www.maroon5br.com\/site\/wp-content\/uploads\/2016\/08\/TeamBlake10.jpg\" alt=\"Team Blake\" width=\"100%\" \/><\/p>\n<p><strong>Conselheiro:<\/strong> Gwen Stefani (Battle Rounds)<\/p>\n<p><strong>Participantes:<\/strong> Brittany Kennell, Peyton Parker, Justin Whisnant, Mary Sarah, Adam Wakefield, Brittney Lawrence, Teresa Guidry, Blake Shelton, Paxton Ingram, Gina Castanzo, Jared Harder, Trey ODell, Angie Keilhauer<\/p><\/blockquote>\n<blockquote>\n<h2>Team Christina<\/h2>\n<p><img decoding=\"async\" src=\"https:\/\/www.maroon5br.com\/site\/wp-content\/uploads\/2016\/08\/TeamChristina10.jpg\" alt=\"Team Christina\" width=\"100%\" \/><\/p>\n<p><strong>Conselheiro:<\/strong> Patti LaBelle (Battle Rounds)<\/p>\n<p><strong>Participantes:<\/strong> Shalyah Fearing, Joe Maye, Tamar Davis, Alisan Porter, Daniel Passino, Lacy Mandigo, Christina Aguilera, Ayanna Jahnee, Kristen Marie, Chelsea Gann, Mailk Heard, Bryan Bautista, Kata Hay<\/p><\/blockquote>\n<blockquote>\n<h2>Team Pharrell<\/h2>\n<p><img decoding=\"async\" src=\"https:\/\/www.maroon5br.com\/site\/wp-content\/uploads\/2016\/08\/TeamPharrell10.jpg\" alt=\"Team Pharrell\" width=\"100%\" \/><\/p>\n<p><strong>Conselheiro:<\/strong> Sean Combs (Battle Rounds)<\/p>\n<p><strong>Participantes:<\/strong> Emily Keener, Joe Vivona, Nick Hagelin, Caity Peters, Brian Nhira, Hannah Houston, Moushumi Chitre, Jonathan Bach, Jessica Crosbie, Maya Smith, Pharrell Williams, Jonathan Hutcherson, Abby Celso<\/p><\/blockquote>\n<h3>Vencedor<\/h3>\n<blockquote style=\"text-align: center;\">\n<h2>Alisan Porter<\/h2>\n<p><em>Team Christina<\/em><\/p><\/blockquote>\n<h3>Fotos<\/h3>\n<p>O material promocional de divulga\u00e7\u00e3o da temporada ficou por conta do fot\u00f3grafo David LaChapelle.<\/p>\n\n\t\t<style type=\"text\/css\">\n\t\t\t#gallery-1 {\n\t\t\t\tmargin: auto;\n\t\t\t}\n\t\t\t#gallery-1 .gallery-item {\n\t\t\t\tfloat: left;\n\t\t\t\tmargin-top: 10px;\n\t\t\t\ttext-align: center;\n\t\t\t\twidth: 33%;\n\t\t\t}\n\t\t\t#gallery-1 img {\n\t\t\t\tborder: 2px solid #cfcfcf;\n\t\t\t}\n\t\t\t#gallery-1 .gallery-caption {\n\t\t\t\tmargin-left: 0;\n\t\t\t}\n\t\t\t\/* see gallery_shortcode() in wp-includes\/media.php *\/\n\t\t<\/style>\n\t\t<div id='gallery-1' class='gallery galleryid-21105 gallery-columns-3 gallery-size-thumbnail'><dl class='gallery-item'>\n\t\t\t<dt class='gallery-icon landscape'>\n\t\t\t\t<a href='https:\/\/www.maroon5br.com\/site\/maroon5\/cinemaetv\/the-voice\/the-voice-10a-temporada\/adamlevine-voice10-02\/'><img loading=\"lazy\" decoding=\"async\" width=\"216\" height=\"150\" src=\"https:\/\/www.maroon5br.com\/site\/wp-content\/uploads\/2016\/08\/AdamLevine-Voice10-02-216x150.jpg\" class=\"attachment-thumbnail size-thumbnail\" alt=\"\" srcset=\"https:\/\/www.maroon5br.com\/site\/wp-content\/uploads\/2016\/08\/AdamLevine-Voice10-02-216x150.jpg 216w, https:\/\/www.maroon5br.com\/site\/wp-content\/uploads\/2016\/08\/AdamLevine-Voice10-02-300x208.jpg 300w, https:\/\/www.maroon5br.com\/site\/wp-content\/uploads\/2016\/08\/AdamLevine-Voice10-02.jpg 480w\" sizes=\"auto, (max-width: 216px) 100vw, 216px\" \/><\/a>\n\t\t\t<\/dt><\/dl><dl class='gallery-item'>\n\t\t\t<dt class='gallery-icon landscape'>\n\t\t\t\t<a href='https:\/\/www.maroon5br.com\/site\/maroon5\/cinemaetv\/the-voice\/the-voice-10a-temporada\/adamlevine-voice10-01\/'><img loading=\"lazy\" decoding=\"async\" width=\"150\" height=\"150\" src=\"https:\/\/www.maroon5br.com\/site\/wp-content\/uploads\/2016\/08\/AdamLevine-Voice10-01-150x150.jpg\" class=\"attachment-thumbnail size-thumbnail\" alt=\"\" srcset=\"https:\/\/www.maroon5br.com\/site\/wp-content\/uploads\/2016\/08\/AdamLevine-Voice10-01-150x150.jpg 150w, https:\/\/www.maroon5br.com\/site\/wp-content\/uploads\/2016\/08\/AdamLevine-Voice10-01-300x300.jpg 300w, https:\/\/www.maroon5br.com\/site\/wp-content\/uploads\/2016\/08\/AdamLevine-Voice10-01-768x768.jpg 768w, https:\/\/www.maroon5br.com\/site\/wp-content\/uploads\/2016\/08\/AdamLevine-Voice10-01-380x380.jpg 380w, https:\/\/www.maroon5br.com\/site\/wp-content\/uploads\/2016\/08\/AdamLevine-Voice10-01-224x224.jpg 224w, https:\/\/www.maroon5br.com\/site\/wp-content\/uploads\/2016\/08\/AdamLevine-Voice10-01.jpg 800w\" sizes=\"auto, (max-width: 150px) 100vw, 150px\" \/><\/a>\n\t\t\t<\/dt><\/dl><dl class='gallery-item'>\n\t\t\t<dt class='gallery-icon landscape'>\n\t\t\t\t<a href='https:\/\/www.maroon5br.com\/site\/2016\/02\/03\/david-lachapelle-assina-promo-do-the-voice\/voice10\/'><img loading=\"lazy\" decoding=\"async\" width=\"250\" height=\"100\" src=\"https:\/\/www.maroon5br.com\/site\/wp-content\/uploads\/2016\/02\/Voice10-250x100.png\" class=\"attachment-thumbnail size-thumbnail\" alt=\"\" srcset=\"https:\/\/www.maroon5br.com\/site\/wp-content\/uploads\/2016\/02\/Voice10-250x100.png 250w, https:\/\/www.maroon5br.com\/site\/wp-content\/uploads\/2016\/02\/Voice10-300x120.png 300w, https:\/\/www.maroon5br.com\/site\/wp-content\/uploads\/2016\/02\/Voice10-768x307.png 768w, https:\/\/www.maroon5br.com\/site\/wp-content\/uploads\/2016\/02\/Voice10-900x360.png 900w, https:\/\/www.maroon5br.com\/site\/wp-content\/uploads\/2016\/02\/Voice10.png 1500w\" sizes=\"auto, (max-width: 250px) 100vw, 250px\" \/><\/a>\n\t\t\t<\/dt><\/dl><br style=\"clear: both\" \/><dl class='gallery-item'>\n\t\t\t<dt class='gallery-icon landscape'>\n\t\t\t\t<a href='https:\/\/www.maroon5br.com\/site\/maroon5\/cinemaetv\/the-voice\/the-voice-10a-temporada\/the-voice-season-10-35\/'><img loading=\"lazy\" decoding=\"async\" width=\"200\" height=\"150\" src=\"https:\/\/www.maroon5br.com\/site\/wp-content\/uploads\/2016\/08\/AdamLevine-Voice10-03-200x150.jpg\" class=\"attachment-thumbnail size-thumbnail\" alt=\"\" aria-describedby=\"gallery-1-23152\" srcset=\"https:\/\/www.maroon5br.com\/site\/wp-content\/uploads\/2016\/08\/AdamLevine-Voice10-03-200x150.jpg 200w, https:\/\/www.maroon5br.com\/site\/wp-content\/uploads\/2016\/08\/AdamLevine-Voice10-03-300x225.jpg 300w, https:\/\/www.maroon5br.com\/site\/wp-content\/uploads\/2016\/08\/AdamLevine-Voice10-03-768x577.jpg 768w, https:\/\/www.maroon5br.com\/site\/wp-content\/uploads\/2016\/08\/AdamLevine-Voice10-03-506x380.jpg 506w\" sizes=\"auto, (max-width: 200px) 100vw, 200px\" \/><\/a>\n\t\t\t<\/dt>\n\t\t\t\t<dd class='wp-caption-text gallery-caption' id='gallery-1-23152'>\n\t\t\t\tTHE VOICE &#8212; Season: 10 &#8212;  Pictured: Adam Levine &#8212; (Photo by: David LaChapelle\/NBC)\n\t\t\t\t<\/dd><\/dl><dl class='gallery-item'>\n\t\t\t<dt class='gallery-icon landscape'>\n\t\t\t\t<a href='https:\/\/www.maroon5br.com\/site\/maroon5\/cinemaetv\/the-voice\/the-voice-10a-temporada\/adamlevine-voice10-2\/'><img loading=\"lazy\" decoding=\"async\" width=\"250\" height=\"141\" src=\"https:\/\/www.maroon5br.com\/site\/wp-content\/uploads\/2016\/08\/AdamLevine-Voice10-2-250x141.jpg\" class=\"attachment-thumbnail size-thumbnail\" alt=\"\" srcset=\"https:\/\/www.maroon5br.com\/site\/wp-content\/uploads\/2016\/08\/AdamLevine-Voice10-2-250x141.jpg 250w, https:\/\/www.maroon5br.com\/site\/wp-content\/uploads\/2016\/08\/AdamLevine-Voice10-2-300x169.jpg 300w, https:\/\/www.maroon5br.com\/site\/wp-content\/uploads\/2016\/08\/AdamLevine-Voice10-2-768x433.jpg 768w, https:\/\/www.maroon5br.com\/site\/wp-content\/uploads\/2016\/08\/AdamLevine-Voice10-2-675x380.jpg 675w, https:\/\/www.maroon5br.com\/site\/wp-content\/uploads\/2016\/08\/AdamLevine-Voice10-2.jpg 1296w\" sizes=\"auto, (max-width: 250px) 100vw, 250px\" \/><\/a>\n\t\t\t<\/dt><\/dl>\n\t\t\t<br style='clear: both' \/>\n\t\t<\/div>\n\n","protected":false},"excerpt":{"rendered":"<p>A 10\u00aa temporada do The Voice estreou no dia 29 de Fevereiro de 2016, na NBC, e contou com o retorno da cantora Christina Aguilera ao painel de mentores, ao lado de Adam Levine, Blake Shelton e Pharrell Williams. Como de praxe, o programa tamb\u00e9m trouxe um time de peso para ajudar os participantes durante [&hellip;]<\/p>\n","protected":false},"author":1,"featured_media":20260,"parent":16738,"menu_order":10,"comment_status":"closed","ping_status":"closed","template":"","meta":{"_themeisle_gutenberg_block_has_review":false,"footnotes":""},"class_list":["post-21105","page","type-page","status-publish","has-post-thumbnail","hentry"],"_links":{"self":[{"href":"https:\/\/www.maroon5br.com\/site\/wp-json\/wp\/v2\/pages\/21105","targetHints":{"allow":["GET"]}}],"collection":[{"href":"https:\/\/www.maroon5br.com\/site\/wp-json\/wp\/v2\/pages"}],"about":[{"href":"https:\/\/www.maroon5br.com\/site\/wp-json\/wp\/v2\/types\/page"}],"author":[{"embeddable":true,"href":"https:\/\/www.maroon5br.com\/site\/wp-json\/wp\/v2\/users\/1"}],"replies":[{"embeddable":true,"href":"https:\/\/www.maroon5br.com\/site\/wp-json\/wp\/v2\/comments?post=21105"}],"version-history":[{"count":4,"href":"https:\/\/www.maroon5br.com\/site\/wp-json\/wp\/v2\/pages\/21105\/revisions"}],"predecessor-version":[{"id":23156,"href":"https:\/\/www.maroon5br.com\/site\/wp-json\/wp\/v2\/pages\/21105\/revisions\/23156"}],"up":[{"embeddable":true,"href":"https:\/\/www.maroon5br.com\/site\/wp-json\/wp\/v2\/pages\/16738"}],"wp:featuredmedia":[{"embeddable":true,"href":"https:\/\/www.maroon5br.com\/site\/wp-json\/wp\/v2\/media\/20260"}],"wp:attachment":[{"href":"https:\/\/www.maroon5br.com\/site\/wp-json\/wp\/v2\/media?parent=21105"}],"curies":[{"name":"wp","href":"https:\/\/api.w.org\/{rel}","templated":true}]}}