{"id":21112,"date":"2016-10-13T21:26:24","date_gmt":"2016-10-14T00:26:24","guid":{"rendered":"http:\/\/www.maroon5br.com\/?page_id=21112"},"modified":"2017-09-26T10:42:48","modified_gmt":"2017-09-26T13:42:48","slug":"the-voice-11a-temporada","status":"publish","type":"page","link":"https:\/\/www.maroon5br.com\/site\/maroon5\/cinemaetv\/the-voice\/the-voice-11a-temporada\/","title":{"rendered":"The Voice &#8211; 11\u00aa Temporada"},"content":{"rendered":"<p>No dia 19 de Setembro de 2016 foi ao ar o primeiro epis\u00f3dio da 11\u00aa Temporada do The Voice, que trouxe uma grande renova\u00e7\u00e3o no painel de mentores ao convidar as cantoras Alicia Keys e Miley Cyrus, consagrando-se tamb\u00e9m como a primeira temporada a ter duas mentoras mulheres.<\/p>\n<p>Apesar de ser a primeira vez em que as duas cantoras integram o painel de jurados, nenhuma delas \u00e9 nova para o programa: Alicia Keys j\u00e1 participou como conselheira de Pharrell na 7\u00aa Temporada, e Miley Cyrus fez uma brilhante participa\u00e7\u00e3o como conselheira de todos os times na temporada anterior.<\/p>\n<p>Nesta temporada, Joan Jett, Bette Middler, Charlie Puth e Sammy Hagar foram os nomes convidados pelos mentores para serem seus conselheiros. Sammy Hagar, ex-vocalista do Van Halen, ir\u00e1 ajudar Adam Levine, enquanto Joan Jett dar\u00e1 uma for\u00e7a para o time de Miley. Bette Middler, por sua vez, ser\u00e1 a conselheira de Blake Shelton e Charlie Puth ir\u00e1 ajudar Alicia Keys.<\/p>\n<p>A temporada chegou ao fim no dia 13 de Dezembro de 2016, com a consagra\u00e7\u00e3o de Sundance Head como vencedor. Ele derrotou Billy Gilman (Team Adam), Josh Gallagher (Team Adam) e W\u00e9 McDonald (Team Alicia). Esta foi a 5\u00aa vez em que um participante do time de Blake levou o pr\u00eamio final.<\/p>\n<h3>P\u00f4ster<\/h3>\n<p><img decoding=\"async\" data-id=\"21113\"  src=\"https:\/\/www.maroon5br.com\/site\/wp-content\/uploads\/2016\/08\/TheVoice11.jpg\" alt=\"\" width=\"100%\" \/><\/p>\n<h3>V\u00eddeo<\/h3>\n<div class=\"fve-video-wrapper fve-image-embed fve-thumbnail-image youtube\" style=\"padding-bottom:75%;\">\n    <iframe loading=\"lazy\" src=\"\/\/www.youtube.com\/embed\/DDN4B1Ej_fA?wmode=transparent&#038;modestbranding=1&#038;autohide=1&#038;showinfo=0&#038;rel=0\" width=\"100%\" height=\"100%\" frameborder=\"0\" webkitAllowFullScreen mozallowfullscreen allowFullScreen><\/iframe>    <\/div>\n<h3><strong>Times<\/strong><\/h3>\n<blockquote>\n<h2>Team Adam<\/h2>\n<p><img decoding=\"async\" src=\"https:\/\/www.maroon5br.com\/site\/wp-content\/uploads\/2016\/08\/TeamAdam11.jpg\" alt=\"Team Adam\" width=\"100%\" \/><\/p>\n<p><strong>Conselheiro:<\/strong> Sammy Halgar (Battle Rounds)<\/p>\n<p><strong>Participantes<\/strong>: Natasha Bure, Ponciano Seoane, JSoul, Brendan Fletcher, Billy Gilman, Simone Gundy, Elia Esparza, Nolan Neal, Adam Levine, Riley Elmore, Bindi Liebowitz, Andrew Demuro, Johnny Rez<\/p><\/blockquote>\n<blockquote>\n<h2>Team Alicia<\/h2>\n<p><img decoding=\"async\" src=\"https:\/\/www.maroon5br.com\/site\/wp-content\/uploads\/2016\/08\/TeamAlicia11.jpg\" alt=\"Team Alicia\" width=\"100%\" \/><\/p>\n<p><strong>Conselheiro:<\/strong> Charlie Puth (Battle Rounds)<\/p>\n<p><strong>Participantes:<\/strong> Christian Cuevas, Whitney, Josh Halverson, Shannon, Lauren Diaz, Dave Moisan, Gabriel Violett, Michael Sanchez, Jason Warrior, We\u2019 McDonald, Belle Jewel, Kylie Rothfield, Halle Tomlinson<\/p><\/blockquote>\n<blockquote>\n<h2>Team Blake<\/h2>\n<p><img decoding=\"async\" src=\"https:\/\/www.maroon5br.com\/site\/wp-content\/uploads\/2016\/08\/TeamBlake11.jpg\" alt=\"Team Blake\" width=\"100%\" \/><\/p>\n<p><strong>Conselheiro:<\/strong> Bette Middler (Battle Rounds)<\/p>\n<p><strong>Participantes:<\/strong> Dan Shaffer, Josh Gallagher, Tarra Layne, Gabe Broussard, Courtney Harrell, Blaine Long, Sundance Head, Austin Allsup, Ethan Tucker, Dana Harper, Preston James, Christian Fermin<\/p><\/blockquote>\n<blockquote>\n<h2>Team Miley<\/h2>\n<p><img decoding=\"async\" src=\"https:\/\/www.maroon5br.com\/site\/wp-content\/uploads\/2016\/08\/TeamMiley11.jpg\" alt=\"Team Miley\" width=\"100%\" \/><\/p>\n<p><strong>Conselheiro:<\/strong> Joan Jett (Battle Rounds)<\/p>\n<p><strong>Participantes:<\/strong> Lauren Diaz, Sophia Urista, Lane Mack, Aaron Gibson, Darby Walker, Khaliya Kimberlie, Belle Jewel, Maye Thomas, Charity Bowden, Josette Diaz, Ali Caldwell<\/p><\/blockquote>\n<h3>Vencedor<\/h3>\n<blockquote style=\"text-align: center;\">\n<h2>Sundance Head<\/h2>\n<p><em>Team Blake<\/em><\/p><\/blockquote>\n<h3>Fotos<\/h3>\n\n\t\t<style type=\"text\/css\">\n\t\t\t#gallery-1 {\n\t\t\t\tmargin: auto;\n\t\t\t}\n\t\t\t#gallery-1 .gallery-item {\n\t\t\t\tfloat: left;\n\t\t\t\tmargin-top: 10px;\n\t\t\t\ttext-align: center;\n\t\t\t\twidth: 33%;\n\t\t\t}\n\t\t\t#gallery-1 img {\n\t\t\t\tborder: 2px solid #cfcfcf;\n\t\t\t}\n\t\t\t#gallery-1 .gallery-caption {\n\t\t\t\tmargin-left: 0;\n\t\t\t}\n\t\t\t\/* see gallery_shortcode() in wp-includes\/media.php *\/\n\t\t<\/style>\n\t\t<div id='gallery-1' class='gallery galleryid-21112 gallery-columns-3 gallery-size-thumbnail'><dl class='gallery-item'>\n\t\t\t<dt class='gallery-icon landscape'>\n\t\t\t\t<a href='https:\/\/www.maroon5br.com\/site\/maroon5\/cinemaetv\/the-voice\/the-voice-11a-temporada\/adamlevine-voice11-03\/'><img loading=\"lazy\" decoding=\"async\" width=\"196\" height=\"150\" src=\"https:\/\/www.maroon5br.com\/site\/wp-content\/uploads\/2016\/10\/AdamLevine-Voice11-03-196x150.jpg\" class=\"attachment-thumbnail size-thumbnail\" alt=\"\" srcset=\"https:\/\/www.maroon5br.com\/site\/wp-content\/uploads\/2016\/10\/AdamLevine-Voice11-03-196x150.jpg 196w, https:\/\/www.maroon5br.com\/site\/wp-content\/uploads\/2016\/10\/AdamLevine-Voice11-03-300x230.jpg 300w, https:\/\/www.maroon5br.com\/site\/wp-content\/uploads\/2016\/10\/AdamLevine-Voice11-03-768x588.jpg 768w, https:\/\/www.maroon5br.com\/site\/wp-content\/uploads\/2016\/10\/AdamLevine-Voice11-03-497x380.jpg 497w\" sizes=\"auto, (max-width: 196px) 100vw, 196px\" \/><\/a>\n\t\t\t<\/dt><\/dl><dl class='gallery-item'>\n\t\t\t<dt class='gallery-icon landscape'>\n\t\t\t\t<a href='https:\/\/www.maroon5br.com\/site\/maroon5\/cinemaetv\/the-voice\/the-voice-11a-temporada\/the-voice-season-11-12\/'><img loading=\"lazy\" decoding=\"async\" width=\"200\" height=\"150\" src=\"https:\/\/www.maroon5br.com\/site\/wp-content\/uploads\/2016\/10\/AdamLevine-Voice11-01-200x150.jpg\" class=\"attachment-thumbnail size-thumbnail\" alt=\"\" aria-describedby=\"gallery-1-23143\" srcset=\"https:\/\/www.maroon5br.com\/site\/wp-content\/uploads\/2016\/10\/AdamLevine-Voice11-01-200x150.jpg 200w, https:\/\/www.maroon5br.com\/site\/wp-content\/uploads\/2016\/10\/AdamLevine-Voice11-01-300x225.jpg 300w, https:\/\/www.maroon5br.com\/site\/wp-content\/uploads\/2016\/10\/AdamLevine-Voice11-01-768x577.jpg 768w, https:\/\/www.maroon5br.com\/site\/wp-content\/uploads\/2016\/10\/AdamLevine-Voice11-01-506x380.jpg 506w, https:\/\/www.maroon5br.com\/site\/wp-content\/uploads\/2016\/10\/AdamLevine-Voice11-01.jpg 1000w\" sizes=\"auto, (max-width: 200px) 100vw, 200px\" \/><\/a>\n\t\t\t<\/dt>\n\t\t\t\t<dd class='wp-caption-text gallery-caption' id='gallery-1-23143'>\n\t\t\t\tTHE VOICE &#8212; Season: 11 &#8212;  Pictured: Adam Levine  &#8212; (Photo by: Michael Muller\/NBC)\n\t\t\t\t<\/dd><\/dl><dl class='gallery-item'>\n\t\t\t<dt class='gallery-icon portrait'>\n\t\t\t\t<a href='https:\/\/www.maroon5br.com\/site\/maroon5\/cinemaetv\/the-voice\/the-voice-11a-temporada\/adamlevine-voice11-02\/'><img loading=\"lazy\" decoding=\"async\" width=\"100\" height=\"150\" src=\"https:\/\/www.maroon5br.com\/site\/wp-content\/uploads\/2016\/10\/AdamLevine-Voice11-02-100x150.jpeg\" class=\"attachment-thumbnail size-thumbnail\" alt=\"\" srcset=\"https:\/\/www.maroon5br.com\/site\/wp-content\/uploads\/2016\/10\/AdamLevine-Voice11-02-100x150.jpeg 100w, https:\/\/www.maroon5br.com\/site\/wp-content\/uploads\/2016\/10\/AdamLevine-Voice11-02-200x300.jpeg 200w, https:\/\/www.maroon5br.com\/site\/wp-content\/uploads\/2016\/10\/AdamLevine-Voice11-02-254x380.jpeg 254w, https:\/\/www.maroon5br.com\/site\/wp-content\/uploads\/2016\/10\/AdamLevine-Voice11-02.jpeg 640w\" sizes=\"auto, (max-width: 100px) 100vw, 100px\" \/><\/a>\n\t\t\t<\/dt><\/dl><br style=\"clear: both\" \/><dl class='gallery-item'>\n\t\t\t<dt class='gallery-icon landscape'>\n\t\t\t\t<a href='https:\/\/www.maroon5br.com\/site\/2016\/10\/13\/the-voice-the-battle-rounds-parte-2\/the-voice-season-11-8\/'><img loading=\"lazy\" decoding=\"async\" width=\"150\" height=\"150\" src=\"https:\/\/www.maroon5br.com\/site\/wp-content\/uploads\/2016\/10\/NUP_175109_0994-150x150.jpg\" class=\"attachment-thumbnail size-thumbnail\" alt=\"\" aria-describedby=\"gallery-1-21482\" srcset=\"https:\/\/www.maroon5br.com\/site\/wp-content\/uploads\/2016\/10\/NUP_175109_0994-150x150.jpg 150w, https:\/\/www.maroon5br.com\/site\/wp-content\/uploads\/2016\/10\/NUP_175109_0994-300x300.jpg 300w, https:\/\/www.maroon5br.com\/site\/wp-content\/uploads\/2016\/10\/NUP_175109_0994-380x380.jpg 380w, https:\/\/www.maroon5br.com\/site\/wp-content\/uploads\/2016\/10\/NUP_175109_0994-224x224.jpg 224w, https:\/\/www.maroon5br.com\/site\/wp-content\/uploads\/2016\/10\/NUP_175109_0994.jpg 750w\" sizes=\"auto, (max-width: 150px) 100vw, 150px\" \/><\/a>\n\t\t\t<\/dt>\n\t\t\t\t<dd class='wp-caption-text gallery-caption' id='gallery-1-21482'>\n\t\t\t\tTHE VOICE &#8212; &#8220;Battle Rounds&#8221; &#8212; Pictured: (l-r) Blake Shelton, Miley Cyrus, Alicia Keys, Adam Levine &#8212; (Photo by: Trae Patton\/NBC)\n\t\t\t\t<\/dd><\/dl><dl class='gallery-item'>\n\t\t\t<dt class='gallery-icon landscape'>\n\t\t\t\t<a href='https:\/\/www.maroon5br.com\/site\/2016\/10\/06\/the-voice-chegam-ao-fim-as-blind-auditions\/the-voice-season-11-5\/'><img loading=\"lazy\" decoding=\"async\" width=\"225\" height=\"150\" src=\"https:\/\/www.maroon5br.com\/site\/wp-content\/uploads\/2016\/10\/VoiceS11E05-2-225x150.jpg\" class=\"attachment-thumbnail size-thumbnail\" alt=\"\" aria-describedby=\"gallery-1-21391\" srcset=\"https:\/\/www.maroon5br.com\/site\/wp-content\/uploads\/2016\/10\/VoiceS11E05-2-225x150.jpg 225w, https:\/\/www.maroon5br.com\/site\/wp-content\/uploads\/2016\/10\/VoiceS11E05-2-300x200.jpg 300w, https:\/\/www.maroon5br.com\/site\/wp-content\/uploads\/2016\/10\/VoiceS11E05-2-768x512.jpg 768w, https:\/\/www.maroon5br.com\/site\/wp-content\/uploads\/2016\/10\/VoiceS11E05-2-570x380.jpg 570w, https:\/\/www.maroon5br.com\/site\/wp-content\/uploads\/2016\/10\/VoiceS11E05-2-290x193.jpg 290w, https:\/\/www.maroon5br.com\/site\/wp-content\/uploads\/2016\/10\/VoiceS11E05-2-450x300.jpg 450w, https:\/\/www.maroon5br.com\/site\/wp-content\/uploads\/2016\/10\/VoiceS11E05-2-600x400.jpg 600w, https:\/\/www.maroon5br.com\/site\/wp-content\/uploads\/2016\/10\/VoiceS11E05-2.jpg 1080w\" sizes=\"auto, (max-width: 225px) 100vw, 225px\" \/><\/a>\n\t\t\t<\/dt>\n\t\t\t\t<dd class='wp-caption-text gallery-caption' id='gallery-1-21391'>\n\t\t\t\tTHE VOICE &#8212; &#8220;Blind Auditions&#8221; &#8212; Pictured: (l-r) Adam Levine, Miley Cyrus, Alicia Keys, Blake Shelton &#8212; (Photo by: Trae Patton\/NBC)\n\t\t\t\t<\/dd><\/dl><dl class='gallery-item'>\n\t\t\t<dt class='gallery-icon landscape'>\n\t\t\t\t<a href='https:\/\/www.maroon5br.com\/site\/2016\/08\/22\/the-voice-episodio-especial-com-performance-de-dream-on\/the-voice-season-11\/'><img loading=\"lazy\" decoding=\"async\" width=\"225\" height=\"150\" src=\"https:\/\/www.maroon5br.com\/site\/wp-content\/uploads\/2016\/08\/NUP_174240_11195-225x150.jpg\" class=\"attachment-thumbnail size-thumbnail\" alt=\"\" aria-describedby=\"gallery-1-21144\" srcset=\"https:\/\/www.maroon5br.com\/site\/wp-content\/uploads\/2016\/08\/NUP_174240_11195-225x150.jpg 225w, https:\/\/www.maroon5br.com\/site\/wp-content\/uploads\/2016\/08\/NUP_174240_11195-300x200.jpg 300w, https:\/\/www.maroon5br.com\/site\/wp-content\/uploads\/2016\/08\/NUP_174240_11195-768x512.jpg 768w, https:\/\/www.maroon5br.com\/site\/wp-content\/uploads\/2016\/08\/NUP_174240_11195-570x380.jpg 570w, https:\/\/www.maroon5br.com\/site\/wp-content\/uploads\/2016\/08\/NUP_174240_11195-290x193.jpg 290w, https:\/\/www.maroon5br.com\/site\/wp-content\/uploads\/2016\/08\/NUP_174240_11195-450x300.jpg 450w, https:\/\/www.maroon5br.com\/site\/wp-content\/uploads\/2016\/08\/NUP_174240_11195-600x400.jpg 600w, https:\/\/www.maroon5br.com\/site\/wp-content\/uploads\/2016\/08\/NUP_174240_11195.jpg 1080w\" sizes=\"auto, (max-width: 225px) 100vw, 225px\" \/><\/a>\n\t\t\t<\/dt>\n\t\t\t\t<dd class='wp-caption-text gallery-caption' id='gallery-1-21144'>\n\t\t\t\tTHE VOICE &#8212; &#8220;Blind Auditions&#8221; &#8212; Pictured: (l-r) Adam Levine, Alicia Keys, Miley Cyrus, Blake Shelton &#8212; (Photo by: Tyler Golden\/NBC)\n\t\t\t\t<\/dd><\/dl><br style=\"clear: both\" \/><dl class='gallery-item'>\n\t\t\t<dt class='gallery-icon landscape'>\n\t\t\t\t<a href='https:\/\/www.maroon5br.com\/site\/2016\/07\/23\/video-promocional-da-nova-temporada-do-the-voice-e-liberado\/thevoice11\/'><img loading=\"lazy\" decoding=\"async\" width=\"250\" height=\"140\" src=\"https:\/\/www.maroon5br.com\/site\/wp-content\/uploads\/2016\/07\/TheVoice11-250x140.jpg\" class=\"attachment-thumbnail size-thumbnail\" alt=\"\" srcset=\"https:\/\/www.maroon5br.com\/site\/wp-content\/uploads\/2016\/07\/TheVoice11-250x140.jpg 250w, https:\/\/www.maroon5br.com\/site\/wp-content\/uploads\/2016\/07\/TheVoice11-300x168.jpg 300w, https:\/\/www.maroon5br.com\/site\/wp-content\/uploads\/2016\/07\/TheVoice11-768x430.jpg 768w, https:\/\/www.maroon5br.com\/site\/wp-content\/uploads\/2016\/07\/TheVoice11-679x380.jpg 679w, https:\/\/www.maroon5br.com\/site\/wp-content\/uploads\/2016\/07\/TheVoice11.jpg 1280w\" sizes=\"auto, (max-width: 250px) 100vw, 250px\" \/><\/a>\n\t\t\t<\/dt><\/dl>\n\t\t\t<br style='clear: both' \/>\n\t\t<\/div>\n\n","protected":false},"excerpt":{"rendered":"<p>No dia 19 de Setembro de 2016 foi ao ar o primeiro epis\u00f3dio da 11\u00aa Temporada do The Voice, que trouxe uma grande renova\u00e7\u00e3o no painel de mentores ao convidar as cantoras Alicia Keys e Miley Cyrus, consagrando-se tamb\u00e9m como a primeira temporada a ter duas mentoras mulheres. Apesar de ser a primeira vez em [&hellip;]<\/p>\n","protected":false},"author":1,"featured_media":21113,"parent":16738,"menu_order":11,"comment_status":"closed","ping_status":"closed","template":"","meta":{"_themeisle_gutenberg_block_has_review":false,"footnotes":""},"class_list":["post-21112","page","type-page","status-publish","has-post-thumbnail","hentry"],"_links":{"self":[{"href":"https:\/\/www.maroon5br.com\/site\/wp-json\/wp\/v2\/pages\/21112","targetHints":{"allow":["GET"]}}],"collection":[{"href":"https:\/\/www.maroon5br.com\/site\/wp-json\/wp\/v2\/pages"}],"about":[{"href":"https:\/\/www.maroon5br.com\/site\/wp-json\/wp\/v2\/types\/page"}],"author":[{"embeddable":true,"href":"https:\/\/www.maroon5br.com\/site\/wp-json\/wp\/v2\/users\/1"}],"replies":[{"embeddable":true,"href":"https:\/\/www.maroon5br.com\/site\/wp-json\/wp\/v2\/comments?post=21112"}],"version-history":[{"count":8,"href":"https:\/\/www.maroon5br.com\/site\/wp-json\/wp\/v2\/pages\/21112\/revisions"}],"predecessor-version":[{"id":23148,"href":"https:\/\/www.maroon5br.com\/site\/wp-json\/wp\/v2\/pages\/21112\/revisions\/23148"}],"up":[{"embeddable":true,"href":"https:\/\/www.maroon5br.com\/site\/wp-json\/wp\/v2\/pages\/16738"}],"wp:featuredmedia":[{"embeddable":true,"href":"https:\/\/www.maroon5br.com\/site\/wp-json\/wp\/v2\/media\/21113"}],"wp:attachment":[{"href":"https:\/\/www.maroon5br.com\/site\/wp-json\/wp\/v2\/media?parent=21112"}],"curies":[{"name":"wp","href":"https:\/\/api.w.org\/{rel}","templated":true}]}}