{"id":21172,"date":"2016-08-28T20:09:59","date_gmt":"2016-08-28T23:09:59","guid":{"rendered":"http:\/\/www.maroon5br.com\/?page_id=21172"},"modified":"2023-01-16T19:31:22","modified_gmt":"2023-01-16T22:31:22","slug":"maroon-5-no-rock-in-rio-2017","status":"publish","type":"page","link":"https:\/\/www.maroon5br.com\/site\/especiais\/hotsites\/maroon-5-no-rock-in-rio-2017\/","title":{"rendered":"Maroon 5 no Rock in Rio 2017"},"content":{"rendered":"<h3>O Show<\/h3>\n<p>6 Meses ap\u00f3s a bem-sucedida passagem da V Tour por 6 cidades Brasileiras em Mar\u00e7o de 2016, o Maroon 5 anunciou que voltar\u00e1 ao Brasil mais uma vez: A banda foi a primeira atra\u00e7\u00e3o confirmada da pr\u00f3xima edi\u00e7\u00e3o do festival Rock In Rio, que acontece no Rio de Janeiro em <strong>16 de Setembro de 2017<\/strong>. Essa vai ser a segunda-vez que a banda participa do festival na cidade carioca. Em 2011, a banda foi escalada \u00e0s pressas para substituir a apresenta\u00e7\u00e3o do rapper Jay-Z.<\/p>\n<p>Reunimos, nessa p\u00e1gina especial, todas as informa\u00e7\u00f5es necess\u00e1rias para os Marooners se prepararem para matar as saudades da banda. Vem gente! &lt;3<\/p>\n<h3>Ingressos<\/h3>\n<p style=\"padding-left: 30px;\">Os ingressos est\u00e3o dispon\u00edveis atrav\u00e9s do site oficial do festival. <a href=\"http:\/\/www2.rockinrio.com\/rio\/vendas\/\">ACESSE AQUI<\/a>.<br \/>\n[Atualiza\u00e7\u00e3o: Os ingressos est\u00e3o oficialmente ESGOTADOS]<\/p>\n<h3>Programa\u00e7\u00e3o<\/h3>\n<p>19h00: Skank<br \/>\n21h00: Shawn Mendes<br \/>\n22h30: Fergie<br \/>\n<strong>00h15: Maroon 5<\/strong><\/p>\n<h3>Importante<\/h3>\n<blockquote><p><strong>Posso usar a minha pulseira antes do festival?<\/strong><br \/>\nN\u00e3o. Voc\u00ea deve usar a sua pulseira somente no dia do festival. A pulseira cont\u00e9m um fecho inviol\u00e1vel, uma vez colocada no pulso, n\u00e3o \u00e9 poss\u00edvel remov\u00ea-la sem danificar sua pulseira.<\/p><\/blockquote>\n<h3>Hospedagem<\/h3>\n<p>Para os que v\u00e3o ao Rio de Janeiro conferir o Rock in Rio de perto, mais uma vez fizemos uma parceria oferecendo a hospedagem com desconto!<\/p>\n<p><strong><span class=\"highlightNode\">ARENA<\/span> MARACAN\u00c3 HOSTEL<\/strong><br \/>\n<span class=\"_5mfr _47e3\"><img loading=\"lazy\" decoding=\"async\" class=\"img\" src=\"https:\/\/www.facebook.com\/images\/emoji.php\/v8\/fc0\/1\/16\/1f4e9.png\" alt=\"\" width=\"16\" height=\"16\"><\/span>&nbsp;EMAIL: reservas@arenamaracanahostel.com.br<br \/>\nN\u00e3o esque\u00e7am de mencionar data de checkin e checkout. Ex: de 15\/09 at\u00e9 17\/09.<span class=\"text_exposed_show\"><br \/>\n<span class=\"_5mfr _47e3\"><img loading=\"lazy\" decoding=\"async\" class=\"img\" src=\"https:\/\/www.facebook.com\/images\/emoji.php\/v8\/fdf\/1\/16\/1f4b5.png\" alt=\"\" width=\"16\" height=\"16\"><\/span>&nbsp;PAGAMENTO: 50% no ato da reserva e 50% no check-in.<br \/>\n<span class=\"_5mfr _47e3\"><img loading=\"lazy\" decoding=\"async\" class=\"img\" src=\"https:\/\/www.facebook.com\/images\/emoji.php\/v8\/f2d\/1\/16\/1f4cd.png\" alt=\"\" width=\"16\" height=\"16\"><\/span>&nbsp;IMPORTANTE: mencionem no email que foram indicados pelo Maroon 5 Brasil.<\/span><\/p>\n<p><strong> Transfer<\/strong><br \/>\n<span class=\"_5mfr _47e3\"><img loading=\"lazy\" decoding=\"async\" class=\"img\" src=\"https:\/\/www.facebook.com\/images\/emoji.php\/v8\/f79\/1\/16\/1f68c.png\" alt=\"\" width=\"16\" height=\"16\"><\/span>&nbsp;Haver\u00e1 um transfer que levar\u00e1 o pessoal hospedado no hostel para o Rock in Rio. Valor: R$70\/pessoa. Favor mencionar o interesse do mesmo no momento da reserva.<\/p>\n<p>Cancelamento do Transfer: At\u00e9 30 dias antes da partida ter\u00e1 multa de 10%, de 29 a 21 dias antes multa de 20%, at\u00e9 15 dias multa de 50%. Ocorrendo nos \u00faltimos 7 dias antes do embarque ter\u00e1 multa de 100%. Este servi\u00e7o est\u00e1 sendo oferecido em parceira com a Thuane Fontes Turismo, ag\u00eancia de turismo registrada no Minist\u00e9rio de Turismo sob n\u00famero: 19.071416.10.0001-5.<\/p>\n<p><strong>Valores<\/strong><\/p>\n<p>Os pre\u00e7os a seguir est\u00e3o sem desconto. O desconto ser\u00e1 dado no momento da reserva.<\/p>\n<div class=\"text_exposed_show\">\n<p>\u2022 COLETIVO &#8211; R$80,00 POR PESSOA<br \/>\nOs quartos coletivos s\u00e3o divididos entre feminino e masculino, e possuem disponibilidade de 8 a 14 pessoas.<br \/>\n\u2022 SU\u00cdTE DUPLA &#8211; R$ 200<br \/>\n\u2022 SU\u00cdTE TRIPLA &#8211; R$ 270<br \/>\n\u2022 SU\u00cdTE QU\u00c1DRUPLA &#8211; R$ 360<\/p>\n<p>O <span class=\"highlightNode\">Arena<\/span> Maracan\u00e3 Hostel oferece: caf\u00e9 da manh\u00e3, roupa de cama e banho, sala de TV, Wi-fi gr\u00e1tis, computadores para uso dos h\u00f3spedes, piscina, churrasqueira, cozinha liberada para guardar alimentos e preparo de refei\u00e7\u00f5es, quartos coletivos com ar condicionado, e lockers (\u00e9 necess\u00e1rio que traga seu cadeado) e su\u00edtes com ar condicionado, TV e banheiro interno privativo.<br \/>\nCheck-in: a partir 14:00<br \/>\nCheck-out: at\u00e9 12:00<br \/>\nPara reserva \u00e9 necess\u00e1rio pagamento de 50% do valor total e preenchimento do formul\u00e1rio de reserva. Os outros 50% ser\u00e3o acertados obrigatoriamente no check-in.<br \/>\nAceitamos cart\u00f5es de cr\u00e9dito, d\u00e9bito e dinheiro.<br \/>\nCaso tenha interesse na reserva nos avise para que possamos enviar os dados banc\u00e1rios e o formul\u00e1rio.<\/p>\n<p>Obs:<br \/>\nA reserva s\u00f3 \u00e9 confirmada ap\u00f3s o envio do comprovante de pagamento.<br \/>\nAp\u00f3s o envio dos dados banc\u00e1rios, o prazo para pagamento de 50% do valor total \u00e9 de 48 horas.<br \/>\nAp\u00f3s o n\u00e3o cumprimento do prazo de 48 horas sua reserva \u00e9 cancelada automaticamente.<br \/>\nN\u00e3o devolvemos o valor depositado em caso de desist\u00eancia. N\u00c3O fazemos reembolso.<\/p>\n<p>Caso queiram saber como s\u00e3o os quartos: <a href=\"https:\/\/l.facebook.com\/l.php?u=http%3A%2F%2Fwww.arenamaracanahostel.com.br%2F&amp;h=ATOR6V5L7vDc27v9Zr5_aFIBXGPeFXPlh1WCqs9xcM2EoK7_TRvsFG435UA5Br9b2lAAoyHj3KfwMIXkxvzQ0UhHpL8u5fO1JsUtezO1ixxH8SI248zsuYRTDlIWagGHozTPk_uFhWvWWDhFEe35JrVh8IDKcwnPhPPiynHEm6nzuJCXDqkyBLF7gu4CBiBcASufEMy4C9PwkYBJhHwPySvTcMPrnPJkymL30ggGCKCcoGnuDigjBAB0u2Q3rNQzIu7CJik98vh9xNGFU2gX16PdtSzVNLYy-Wo\" target=\"_blank\" rel=\"noopener noreferrer\" data-lynx-async-dest=\"http:\/\/www.arenamaracanahostel.com.br\/\">www.arenamaracanahostel.com.br<\/a><\/p>\n<\/div>\n<h3>Setlist<\/h3>\n<p><em>A setlist pode sofrer altera\u00e7\u00f5es no dia do show.<\/em><\/p>\n<p>1. Moves Like Jagger<br \/>\n2. This Love<br \/>\n3. Harder to Breathe<br \/>\n4. One More Night (with &#8216;Locked Away&#8217; snippet)<br \/>\n5. Misery<br \/>\n6. Love Somebody<br \/>\n7. Animals<br \/>\n8. Maps<br \/>\n9. Lucky Strike<br \/>\n10. Cold<br \/>\n11. Sunday Morning<br \/>\n12. Let&#8217;s Dance (David Bowie cover)<br \/>\n13. Makes Me Wonder<br \/>\n14. Payphone<br \/>\n15. Daylight<\/p>\n<p>Encore:<br \/>\n16. She Will Be Loved<br \/>\n17. Don&#8217;t Wanna Know<br \/>\n18. Sugar<br \/>\n19. Let&#8217;s Go Crazy (Prince cover)<\/p>\n<h3 id=\"faq\">D\u00favidas Frequentes<\/h3>\n<blockquote><p><strong>Qual \u00e9 a classifica\u00e7\u00e3o et\u00e1ria?<\/strong><\/p>\n<p>A classifica\u00e7\u00e3o et\u00e1ria \u00e9 16 anos.<\/p>\n<p>A entrada de menores de 16 anos s\u00f3 ser\u00e1 permitida se comprovadamente acompanhados dos pais ou respons\u00e1veis legais (ascendentes ou colaterais at\u00e9 o 4\u00ba grau), portando o termo de responsabilidade do acompanhante dispon\u00edvel no link &#8220;Informa\u00e7\u00f5es sobre menores&#8221; que estar\u00e1 dispon\u00edvel no site de compras do Rock in Rio 2017, sendo que os respons\u00e1veis dever\u00e3o permanecer no local do Rock in Rio 2017 enquanto o menor estiver presente. Esta determina\u00e7\u00e3o, assim como a classifica\u00e7\u00e3o et\u00e1ria poder\u00e1 a qualquer momento ser alterada pelo Juiz de Direito da Vara da Inf\u00e2ncia, da Juventude e do Idoso.<\/p>\n<p>Por orienta\u00e7\u00e3o do Minist\u00e9rio P\u00fablico, informamos aos pais e respons\u00e1veis que n\u00e3o \u00e9 recomend\u00e1vel a perman\u00eancia no evento ap\u00f3s \u00e0s 22h de crian\u00e7as menores de CINCO anos, mesmo acompanhadas, ficando o descumprimento sujeito \u00e0 fiscaliza\u00e7\u00e3o pelas autoridades competentes.<\/p>\n<p><strong>Crian\u00e7as de qualquer idade pagam ingresso?<\/strong><\/p>\n<p>Sim. Crian\u00e7as de qualquer idade pagam ingresso.<\/p>\n<p><strong>Onde posso consultar o regulamento do Rock in Rio?<\/strong><\/p>\n<p>O consumidor pode e deve consultar os Termos e Condi\u00e7\u00f5es, a qualquer momento, dispon\u00edvel no site www.rockinrio.com.br, n\u00e3o sendo cab\u00edvel alega\u00e7\u00e3o de desconhecimento de quaisquer altera\u00e7\u00f5es que possam ser efetuadas pelos organizadores.<\/p>\n<p><strong>Quais s\u00e3o os setores dispon\u00edveis?<\/strong><\/p>\n<p>O gramado \u00e9 o \u00fanico setor dispon\u00edvel para a venda. \u00c9 um setor de livre circula\u00e7\u00e3o e acesso a todos os shows e atra\u00e7\u00f5es.<\/p>\n<p><strong>Tem Meet and Greet? Como faz?<\/strong><br \/>\nInfelizmente, o Maroon 5 n\u00e3o vende pacotes de Meet and Greet.<\/p><\/blockquote>\n<blockquote><p><strong>Posso parcelar a minha compra?<\/strong><\/p>\n<p>Sim. O pagamento poder\u00e1 ser feito com cart\u00f5es de cr\u00e9dito Ita\u00fa e Itaucard, e parcelado em at\u00e9 8 (oito) vezes sem juros.<\/p>\n<p>Com os demais cart\u00f5es aceitos \u00e9 poss\u00edvel parcelar a compra em at\u00e9 6 (seis) vezes sem juros.<\/p>\n<p><strong>\u00c9 poss\u00edvel alterar o n\u00famero de parcelas ap\u00f3s a conclus\u00e3o da compra?<\/strong><\/p>\n<p>N\u00e3o. Ao concluir a sua compra, a transa\u00e7\u00e3o de cr\u00e9dito j\u00e1 foi realizada, n\u00e3o podendo ser realizada nenhum tipo de altera\u00e7\u00e3o.<\/p>\n<p><strong>Quais s\u00e3o as Formas de Entrega?<\/strong><\/p>\n<p>Durante a compra, voc\u00ea poder\u00e1 escolher entre Entrega ou Retirada em ponto f\u00edsico.<\/p>\n<p>Para quem optar por receber pela op\u00e7\u00e3o de Entrega no endere\u00e7o indicado, o valor da entrega ir\u00e1 variar conforme o valor de seu pedido e sua regi\u00e3o. Para cada regi\u00e3o, ser\u00e1 cobrado um % sobre o valor total de sua compra, por\u00e9m sempre considerando o valor m\u00ednimo da entrega.<\/p>\n<p>A entrega das pulseiras ser\u00e1 realizada exclusivamente pela DHL em uma embalagem especial. Todos os Rock in Rio Cards (pulseiras) de seu pedido ser\u00e3o entregues em uma \u00fanica embalagem. As entregas ser\u00e3o realizadas a partir de mar\u00e7o\/2017. Tire aqui todas as d\u00favidas sobre a Entrega.<\/p>\n<p>J\u00e1 quem optar por retirar as pulseiras em ponto f\u00edsico n\u00e3o pagar\u00e1 nenhum valor adicional. A retirada dever\u00e1 ser feita a partir de 15\/07\/2017, em local na cidade do Rio de Janeiro, a ser informado posteriormente. Leia aqui mais informa\u00e7\u00f5es sobre a retirada.<\/p>\n<p>Tanto a entrega quanto a retirada das pulseiras s\u00f3 estar\u00e3o liberadas ap\u00f3s a escolha do dia de todos os Rock in Rio Cards do pedido.<\/p>\n<p><strong>Ser\u00e3o aceitos cart\u00f5es emitidos fora do Brasil?<\/strong><\/p>\n<p>Durante a venda do Rock in Rio Card, somente cart\u00f5es emitidos no Brasil ser\u00e3o aceitos, al\u00e9m de ser obrigat\u00f3rio possuir um CPF v\u00e1lido.<\/p>\n<p><strong>Posso pagar com mais de um cart\u00e3o de cr\u00e9dito o mesmo pedido?<\/strong><\/p>\n<p>N\u00e3o. Cada pedido deve ser pago integralmente com o mesmo cart\u00e3o de cr\u00e9dito.<\/p>\n<p><strong>Para quantos dias de festival meu Rock in Rio Card pode ser utilizado?<\/strong><\/p>\n<p>Cada Rock in Rio Card \u00e9 individual e \u00e9 v\u00e1lido para acesso ao gramado, em um \u00fanico dia do festival, a ser escolhido posteriormente.<\/p>\n<p>A venda do Rock in Rio Card \u00e9 limitada a 04 (quatro) ingressos por CPF, sendo no m\u00e1ximo com direito a 1(uma) meia-entrada.<\/p>\n<p>Para comprar mais ingressos, aguarde a venda de ingressos ao p\u00fablico em geral em 2017, quando os clientes poder\u00e3o adquirir ingressos para todos os dias, mediante disponibilidade.<\/p>\n<p><strong>Onde posso consultar meu pedido? <\/strong><\/p>\n<p>Todas as informa\u00e7\u00f5es sobre o seu pedido est\u00e3o dispon\u00edveis no Hist\u00f3rico de Compras no site da Ingresso.com<\/p>\n<p><strong>Eu irei receber o Rock in Rio Card agora? Ser\u00e1 necess\u00e1rio trocar pela pulseira?<\/strong><\/p>\n<p>N\u00e3o, ap\u00f3s a compra ser\u00e1 enviado somente o e-mail de confirma\u00e7\u00e3o com o n\u00famero do seu pedido.<\/p>\n<p>Visando melhorar a experi\u00eancia dos nossos f\u00e3s, o Rock in Rio Card este ano j\u00e1 ser\u00e1 a sua pulseira v\u00e1lida para o dia escolhido. Ou seja, voc\u00ea garante seu lugar no Rock in Rio 2017 durante a pr\u00e9-venda, depois escolhe o dia que deseja ir ao festival (dentro do prazo estipulado), e, na entrega ou na retirada, a sua pulseira j\u00e1 vir\u00e1 com o dia escolhido.<\/p>\n<p>Como n\u00e3o existe pulseira sem data, \u00e9 muito importante que voc\u00ea escolha o dia para todos os Rock in Rio Cards do seu pedido.<\/p>\n<p>\u00c9 obrigat\u00f3rio o uso da sua pulseira no acesso ao evento.<\/p>\n<p><strong>Como funciona a pulseira?<\/strong><\/p>\n<p>A pulseira \u00e9 v\u00e1lida para somente um dia funcionar\u00e1 da mesma maneira que o antigo ingresso, por\u00e9m de forma mais moderna e segura. As pulseiras s\u00e3o diferentes conforme os dias do festival e possuem tecnologia especial para valida\u00e7\u00e3o eletr\u00f4nica no controle de acesso. Tamb\u00e9m permitem participar de diversas a\u00e7\u00f5es e, talvez, compra de produtos na Cidade do Rock. \u00c9 mais r\u00e1pido, pr\u00e1tico e seguro, e ap\u00f3s a seu registro, se torna pessoal e intransfer\u00edvel. Em breve divulgaremos mais novidades sobre a pulseira.<\/p>\n<p>A pulseira deve ser colocada somente no dia do festival pois o fecho \u00e9 inviol\u00e1vel, uma vez colocada no pulso, n\u00e3o \u00e9 poss\u00edvel remov\u00ea-la sem danificar a sua pulseira.<\/p><\/blockquote>\n<blockquote><p><strong>Escolha do Dia do Rock in Rio Card<\/strong><\/p>\n<p><strong>Quando poder\u00e1 ser feita a escolha do dia do meu Rock in Rio Card?<\/strong><\/p>\n<p>A escolha do dia ser\u00e1 feita somente online atrav\u00e9s do site www.rockinrio.com.br, entre os dias 06 de fevereiro e 04 de abril de 2017 (sujeito \u00e0 altera\u00e7\u00e3o).<\/p>\n<p>Durante esse per\u00edodo, o comprador do Rock in Rio Card poder\u00e1? escolher entre qualquer um dos dias do festival. Ap\u00f3s esse prazo, o direito a? escolha ficara? condicionado a? disponibilidade de lugares no local do festival!<\/p>\n<p><strong>Quem pode fazer a escolha do dia do meu Rock in Rio Card?<\/strong><\/p>\n<p>Somente o comprador, nesse caso o titular da conta da Ingresso.com, poder\u00e1 fazer a escolha do dia do Rock in Rio Card.<\/p>\n<p>O processo de escolha dever\u00e1 ser feito na Ingresso.com, atrav\u00e9s do mesmo cadastro usado na venda do Rock in Rio Card.<\/p>\n<p><strong>Como \u00e9 o processo de escolha do dia do meu Rock in Rio Card?<\/strong><\/p>\n<p>A escolha do dia para seu Rock in Rio Card ser\u00e1 feita somente na internet, atrav\u00e9s do site www.ingresso.com, atrav\u00e9s do mesmo cadastro usado na venda do Rock in Rio Card.<\/p>\n<p>Em breve estar\u00e1 dispon\u00edvel, em nosso site e na Ingresso.com, o passo a passo para a escolha do dia.<\/p>\n<p><strong>Eu n\u00e3o recebi o Rock in Rio Card. O que eu preciso para a escolher o dia?<\/strong><\/p>\n<p>Visando melhorar a experi\u00eancia dos nossos f\u00e3s, agora voc\u00ea receber\u00e1 a pulseira j\u00e1 do dia escolhido. Ou seja, ap\u00f3s a compra ser\u00e1 enviado somente o e-mail de confirma\u00e7\u00e3o com o n\u00famero do seu pedido.<\/p>\n<p>Para realizar a escolha do dia, basta acessar sua conta na Ingresso.com no per\u00edodo da escolha. Claro, tem que ser a mesma conta utilizada para a compra do Rock in Rio Card. Atrav\u00e9s do Hist\u00f3rico de Compras voc\u00ea ter\u00e1 acesso a todas as informa\u00e7\u00f5es do seu pedido.<\/p>\n<p><strong>O meu pedido tem mais de um Rock in Rio Card. Preciso escolher todas as datas de uma \u00fanica vez?<\/strong><\/p>\n<p>N\u00e3o, voc\u00ea pode ir escolhendo os dias conforme as atra\u00e7\u00f5es sejam anunciadas. Ap\u00f3s a escolha, n\u00e3o \u00e9 poss\u00edvel alterar e a informa\u00e7\u00e3o ficar\u00e1 dispon\u00edvel no seu Hist\u00f3rico de Compras.<\/p>\n<p>Aten\u00e7\u00e3o: o seu pedido s\u00f3 estar\u00e1 dispon\u00edvel para a entrega ou retirada das pulseiras quando voc\u00ea terminar de escolher o dia de todos os seus Rock in Rio Card.<\/p>\n<p><strong>Posso alterar a data ap\u00f3s a escolha?<\/strong><\/p>\n<p>Ap\u00f3s a escolha da data no site, n\u00e3o \u00e9 poss\u00edvel em hip\u00f3tese alguma a altera\u00e7\u00e3o do dia escolhido. Por isso em caso de d\u00favidas, consulte o dia correto das atra\u00e7\u00f5es antes de confirmar a associa\u00e7\u00e3o.<\/p>\n<p>A pulseira ser\u00e1 entregue j\u00e1 com o dia escolhido e n\u00e3o ser\u00e1 v\u00e1lida para nenhum outro dia.<\/p>\n<p><strong>O Rock in Rio Card \u00e9 nominal e intransfer\u00edvel?<\/strong><\/p>\n<p>N\u00e3o. Qualquer pessoa poder\u00e1 usar a pulseira para ir ao evento, basta registrar quem ir\u00e1 utilizar a pulseira no evento.<\/p>\n<p>No caso da meia-entrada, caso o usu\u00e1rio da pulseira n\u00e3o seja o mesmo indicado no momento da compra, o mesmo deve obrigatoriamente informar o documento v\u00e1lido ao registrar a pulseira e comprovar sua condi\u00e7\u00e3o no acesso ao evento.<\/p>\n<p>Pr\u00f3ximo a venda de ingressos em 2017 informaremos todos os procedimentos de como registrar sua pulseira.<\/p><\/blockquote>\n<p>&nbsp;<\/p>\n<p>Para mais informa\u00e7\u00f5es, acesse:&nbsp;http:\/\/rockinrio.com\/rio\/ingressos\/ingressos-rock-in-rio-brasil\/faq-ingressos\/<\/p>\n","protected":false},"excerpt":{"rendered":"<p>O Show 6 Meses ap\u00f3s a bem-sucedida passagem da V Tour por 6 cidades Brasileiras em Mar\u00e7o de 2016, o Maroon 5 anunciou que voltar\u00e1 ao Brasil mais uma vez: A banda foi a primeira atra\u00e7\u00e3o confirmada da pr\u00f3xima edi\u00e7\u00e3o do festival Rock In Rio, que acontece no Rio de Janeiro em 16 de Setembro [&hellip;]<\/p>\n","protected":false},"author":15,"featured_media":21175,"parent":12506,"menu_order":5,"comment_status":"closed","ping_status":"closed","template":"","meta":{"_themeisle_gutenberg_block_has_review":false,"footnotes":""},"class_list":["post-21172","page","type-page","status-publish","has-post-thumbnail","hentry"],"_links":{"self":[{"href":"https:\/\/www.maroon5br.com\/site\/wp-json\/wp\/v2\/pages\/21172","targetHints":{"allow":["GET"]}}],"collection":[{"href":"https:\/\/www.maroon5br.com\/site\/wp-json\/wp\/v2\/pages"}],"about":[{"href":"https:\/\/www.maroon5br.com\/site\/wp-json\/wp\/v2\/types\/page"}],"author":[{"embeddable":true,"href":"https:\/\/www.maroon5br.com\/site\/wp-json\/wp\/v2\/users\/15"}],"replies":[{"embeddable":true,"href":"https:\/\/www.maroon5br.com\/site\/wp-json\/wp\/v2\/comments?post=21172"}],"version-history":[{"count":18,"href":"https:\/\/www.maroon5br.com\/site\/wp-json\/wp\/v2\/pages\/21172\/revisions"}],"predecessor-version":[{"id":28328,"href":"https:\/\/www.maroon5br.com\/site\/wp-json\/wp\/v2\/pages\/21172\/revisions\/28328"}],"up":[{"embeddable":true,"href":"https:\/\/www.maroon5br.com\/site\/wp-json\/wp\/v2\/pages\/12506"}],"wp:featuredmedia":[{"embeddable":true,"href":"https:\/\/www.maroon5br.com\/site\/wp-json\/wp\/v2\/media\/21175"}],"wp:attachment":[{"href":"https:\/\/www.maroon5br.com\/site\/wp-json\/wp\/v2\/media?parent=21172"}],"curies":[{"name":"wp","href":"https:\/\/api.w.org\/{rel}","templated":true}]}}