{"id":21276,"date":"2016-09-12T17:03:47","date_gmt":"2016-09-12T20:03:47","guid":{"rendered":"http:\/\/www.maroon5br.com\/?page_id=21276"},"modified":"2016-09-12T17:05:30","modified_gmt":"2016-09-12T20:05:30","slug":"circuit-jerks-ep1","status":"publish","type":"page","link":"https:\/\/www.maroon5br.com\/site\/maroon5\/discografia\/projetos-paralelos\/circuit-jerks-ep1\/","title":{"rendered":"Circuit Jerks &#8211; Ep1"},"content":{"rendered":"<p>&#8220;EP1&#8221;, \u00e9 o nome do primeiro EP do Circuit Jerks, projeto paralelo de Jesse Carmichael, que foi liberado no dia 9 de Setembro de 2016.<\/p>\n<p>Composto por 5 faixas, o material mostra um lado mais experimental do m\u00fasico, atrav\u00e9s de remixes das m\u00fasicas &#8220;This Summer&#8221; e &#8220;Maps&#8221; do Maroon 5, al\u00e9m de &#8220;Brasil&#8221;, de Ary Barroso, que acabou sendo trilha sonora de um pequeno web-document\u00e1rio dirigido por Travis Schneider sobre a passagem da V Tour pelo Brasil, em Mar\u00e7o de 2016.<\/p>\n<p>O disco tamb\u00e9m traz duas faixas experimentais in\u00e9ditas com mais de uma hora de dura\u00e7\u00e3o.<\/p>\n<h3>Tracklist<\/h3>\n<ul class=\"album-tracklist\">\n<li>1. This Summer (Circuit Jerks Remix)<\/li>\n<li>2. Maps (Circuit Jerks Remix)<\/li>\n<li>3. Brazil (Circuit Jerks Remix)<\/li>\n<li>4. Moodphyr 2<\/li>\n<li>5. Spring<\/li>\n<\/ul>\n","protected":false},"excerpt":{"rendered":"<p>&#8220;EP1&#8221;, \u00e9 o nome do primeiro EP do Circuit Jerks, projeto paralelo de Jesse Carmichael, que foi liberado no dia 9 de Setembro de 2016. Composto por 5 faixas, o material mostra um lado mais experimental do m\u00fasico, atrav\u00e9s de remixes das m\u00fasicas &#8220;This Summer&#8221; e &#8220;Maps&#8221; do Maroon 5, al\u00e9m de &#8220;Brasil&#8221;, de Ary [&hellip;]<\/p>\n","protected":false},"author":1,"featured_media":21240,"parent":16690,"menu_order":0,"comment_status":"closed","ping_status":"closed","template":"cds.php","meta":{"_themeisle_gutenberg_block_has_review":false,"footnotes":""},"class_list":["post-21276","page","type-page","status-publish","has-post-thumbnail","hentry"],"_links":{"self":[{"href":"https:\/\/www.maroon5br.com\/site\/wp-json\/wp\/v2\/pages\/21276","targetHints":{"allow":["GET"]}}],"collection":[{"href":"https:\/\/www.maroon5br.com\/site\/wp-json\/wp\/v2\/pages"}],"about":[{"href":"https:\/\/www.maroon5br.com\/site\/wp-json\/wp\/v2\/types\/page"}],"author":[{"embeddable":true,"href":"https:\/\/www.maroon5br.com\/site\/wp-json\/wp\/v2\/users\/1"}],"replies":[{"embeddable":true,"href":"https:\/\/www.maroon5br.com\/site\/wp-json\/wp\/v2\/comments?post=21276"}],"version-history":[{"count":3,"href":"https:\/\/www.maroon5br.com\/site\/wp-json\/wp\/v2\/pages\/21276\/revisions"}],"predecessor-version":[{"id":21279,"href":"https:\/\/www.maroon5br.com\/site\/wp-json\/wp\/v2\/pages\/21276\/revisions\/21279"}],"up":[{"embeddable":true,"href":"https:\/\/www.maroon5br.com\/site\/wp-json\/wp\/v2\/pages\/16690"}],"wp:featuredmedia":[{"embeddable":true,"href":"https:\/\/www.maroon5br.com\/site\/wp-json\/wp\/v2\/media\/21240"}],"wp:attachment":[{"href":"https:\/\/www.maroon5br.com\/site\/wp-json\/wp\/v2\/media?parent=21276"}],"curies":[{"name":"wp","href":"https:\/\/api.w.org\/{rel}","templated":true}]}}