{"id":22139,"date":"2017-04-28T11:58:27","date_gmt":"2017-04-28T14:58:27","guid":{"rendered":"http:\/\/www.maroon5br.com\/?page_id=22139"},"modified":"2022-12-13T19:49:34","modified_gmt":"2022-12-13T22:49:34","slug":"maroon-5-no-brasil-2017","status":"publish","type":"page","link":"https:\/\/www.maroon5br.com\/site\/especiais\/hotsites\/maroon-5-no-brasil-2017\/","title":{"rendered":"Maroon 5 no Brasil 2017"},"content":{"rendered":"<h3>O Show<\/h3>\n<p>Pouco mais de um ano ap\u00f3s a bem sucedida passagem da V Tour pelo Brasil, o Maroon 5 volta ao pa\u00eds para duas apresenta\u00e7\u00f5es especiais. A banda foi a primeira atra\u00e7\u00e3o confirmada da pr\u00f3xima edi\u00e7\u00e3o do festival Rock In Rio, que acontece no Rio de Janeiro em 16 de Setembro de 2017. Essa vai ser a segunda-vez que a banda participa do festival na cidade carioca.<\/p>\n<p>Antes do Rock In Rio, a banda ir\u00e1 se apresentar na cidade de Curitiba, no dia 14 de Setembro no Est\u00e1dio Major Ant\u00f4nio Couto Pereira. Esta ser\u00e1 a segunda vez que a banda se apresenta na cidade. Durante a passagem da Overexposed Tour pelo Brasil, em 2012, o Maroon 5 se apresentou com tr\u00eas horas de atraso, por conta de equipamentos que ficaram presos na Alf\u00e2ndega. Desde ent\u00e3o, a banda tem manifestado o interesse de se apresentar novamente na cidade como uma forma de se desculpar pelo incidente.<\/p>\n<blockquote>\n<p style=\"text-align: center;\"><a href=\"https:\/\/www.maroon5br.com\/site\/especiais\/hotsites\/maroon-5-no-rock-in-rio-2017\/\" target=\"_blank\" rel=\"noopener noreferrer\"><strong>Para saber sobre o Rock In Rio, CLIQUE AQUI<\/strong><\/a><\/p>\n<\/blockquote>\n<h3>Ingressos<\/h3>\n<blockquote>\n<p style=\"text-align: center;\"><strong><a href=\"https:\/\/www.ingressorapido.com.br\/maroon5-vendas-2017\/?id=57640#!\/tickets\" target=\"_blank\" rel=\"noopener noreferrer\">CLIQUE AQUI PARA ACESSAR O SITE DA INGRESSO R\u00c1PIDO<\/a><\/strong><\/p>\n<\/blockquote>\n<h3>Setlist<\/h3>\n<p style=\"text-align: center;\"><em>A setlist pode sofrer altera\u00e7\u00f5es no dia do show.<\/em><\/p>\n<p style=\"text-align: center;\">1. Moves Like Jagger<br \/>\n2. This Love<br \/>\n3. Harder to Breathe<br \/>\n4. One More Night (with &#8216;Locked Away&#8217; snippet)<br \/>\n5. Misery<br \/>\n6. Love Somebody<br \/>\n7. Animals<br \/>\n8. Maps<br \/>\n9. Lucky Strike<br \/>\n10. Cold<br \/>\n11. Sunday Morning<br \/>\n12. Let&#8217;s Dance (David Bowie cover)<br \/>\n13. Makes Me Wonder<br \/>\n14. Payphone<br \/>\n15. Daylight<\/p>\n<p style=\"text-align: center;\">Encore:<br \/>\n16. She Will Be Loved<br \/>\n17. Don&#8217;t Wanna Know<br \/>\n18. Sugar<br \/>\n19. Let&#8217;s Go Crazy (Prince cover)<\/p>\n<h3>Mapa de setores e valores<\/h3>\n<blockquote>\n<h4>Curitiba<\/h4>\n<p><img decoding=\"async\" src=\"https:\/\/www.maroon5br.com\/site\/wp-content\/uploads\/2017\/04\/M5-Curitiba2017-Mapa.jpg\" alt=\"\" width=\"100%\" \/><\/p>\n<p><strong>Data:<\/strong> 14 de setembro de 2017 (Quinta-Feira)<br \/>\n<strong>Local:<\/strong> Est\u00e1dio Couto Pereira (R: Ubaldino do Amaral,37)<br \/>\n<strong>Hor\u00e1rios<\/strong>: Abertura dos port\u00f5es:17h \/ In\u00edcio do show: 22h<\/p>\n<p>Camarotes &#8211; R$450,00 (meia-entrada) e R$900,00 (inteira);<br \/>\nPista Premium (1\u00ba lote) &#8211; R$420,00 (meia-entrada) e R$840,00 (inteira);<br \/>\nPista (1\u00ba lote) &#8211; R$270,00 (meia-entrada) e R$540,00 (inteira);<br \/>\nSocial Inferior (1\u00ba lote) &#8211; R$260,00 (meia-entrada) e R$520,00 (inteira);<br \/>\nSocial Inferior PNE &#8211; R$260,00;<br \/>\nSocial Superior (1\u00ba lote) &#8211; R$190,00 (meia-entrada) e R$380,00 (inteira);<br \/>\nPro Tork Inferior &#8211; R$360,00 (meia-entrada) e R$720,00 (inteira);<br \/>\nPro Tork Superior &#8211; R$290,00 (meia-entrada) e R$580,00 (inteira);<br \/>\nArquibancada Superior (1\u00ba lote) &#8211; R$160,00 (meia-entrada) e R$320,00 (inteira).<\/p>\n<p>A meia-entrada \u00e9 v\u00e1lida para estudantes, pessoas acima de 60 anos, professores, doadores de sangue e portadores de necessidades especiais (PNE).<br \/>\n** S\u00f3cio Torcedor Coritiba possuem 50% de desconto na compra de at\u00e9 dois ingressos.<br \/>\n***Associados AOB e associadas ao Clube da Alice possuem 40% de desconto na compra de at\u00e9 dois ingressos.<br \/>\n****Promo\u00e7\u00f5es n\u00e3o cumulativas com descontos previstos por Lei.<br \/>\n*****Ser\u00e1 acrescido valor referente \u00e0 taxa de administra\u00e7\u00e3o de venda no local.<\/p><\/blockquote>\n<h3>Classifica\u00e7\u00e3o<\/h3>\n<blockquote><p>0 A 11 ANOS \u2013 N\u00c3O ENTRA<br \/>\n12 A 15 ANOS \u2013 ENTRA ACOMPANHADO DOS PAIS OU RESPONS\u00c1VEL<br \/>\nA PARTIR DE 16 ANOS \u2013 ENTRA SOZINHO<\/p><\/blockquote>\n","protected":false},"excerpt":{"rendered":"<p>O Show Pouco mais de um ano ap\u00f3s a bem sucedida passagem da V Tour pelo Brasil, o Maroon 5 volta ao pa\u00eds para duas apresenta\u00e7\u00f5es especiais. A banda foi a primeira atra\u00e7\u00e3o confirmada da pr\u00f3xima edi\u00e7\u00e3o do festival Rock In Rio, que acontece no Rio de Janeiro em 16 de Setembro de 2017. Essa [&hellip;]<\/p>\n","protected":false},"author":1,"featured_media":22146,"parent":12506,"menu_order":6,"comment_status":"closed","ping_status":"closed","template":"","meta":{"_themeisle_gutenberg_block_has_review":false,"footnotes":""},"class_list":["post-22139","page","type-page","status-publish","has-post-thumbnail","hentry"],"_links":{"self":[{"href":"https:\/\/www.maroon5br.com\/site\/wp-json\/wp\/v2\/pages\/22139","targetHints":{"allow":["GET"]}}],"collection":[{"href":"https:\/\/www.maroon5br.com\/site\/wp-json\/wp\/v2\/pages"}],"about":[{"href":"https:\/\/www.maroon5br.com\/site\/wp-json\/wp\/v2\/types\/page"}],"author":[{"embeddable":true,"href":"https:\/\/www.maroon5br.com\/site\/wp-json\/wp\/v2\/users\/1"}],"replies":[{"embeddable":true,"href":"https:\/\/www.maroon5br.com\/site\/wp-json\/wp\/v2\/comments?post=22139"}],"version-history":[{"count":9,"href":"https:\/\/www.maroon5br.com\/site\/wp-json\/wp\/v2\/pages\/22139\/revisions"}],"predecessor-version":[{"id":22714,"href":"https:\/\/www.maroon5br.com\/site\/wp-json\/wp\/v2\/pages\/22139\/revisions\/22714"}],"up":[{"embeddable":true,"href":"https:\/\/www.maroon5br.com\/site\/wp-json\/wp\/v2\/pages\/12506"}],"wp:featuredmedia":[{"embeddable":true,"href":"https:\/\/www.maroon5br.com\/site\/wp-json\/wp\/v2\/media\/22146"}],"wp:attachment":[{"href":"https:\/\/www.maroon5br.com\/site\/wp-json\/wp\/v2\/media?parent=22139"}],"curies":[{"name":"wp","href":"https:\/\/api.w.org\/{rel}","templated":true}]}}