{"id":22436,"date":"2017-06-15T19:51:40","date_gmt":"2017-06-15T22:51:40","guid":{"rendered":"http:\/\/www.maroon5br.com\/?page_id=22436"},"modified":"2017-09-26T15:14:39","modified_gmt":"2017-09-26T18:14:39","slug":"m5ontheroad-tour-20162017","status":"publish","type":"page","link":"https:\/\/www.maroon5br.com\/site\/maroon5\/turnes\/m5ontheroad-tour-20162017\/","title":{"rendered":"#M5OnTheRoad Tour 2016\/2017"},"content":{"rendered":"<p>Em Novembro de 2015, o Maroon 5 anunciou que voltaria \u00e0 estrada durante o outono Americano para mais uma turn\u00ea em solo americano e europeu. Batizada como #M5OnTheRoad, a nova rodada de shows manteve a estrutura de palco da V Tour, mas contou com uma setlist diferente da anterior, que ganhou a inclus\u00e3o de alguns covers e tamb\u00e9m, para a surpresa dos f\u00e3s, duas m\u00fasicas in\u00e9ditas: &#8220;Don&#8217;t Wanna Know,&#8221; primeiro single avulso da banda, foi tocada pela primeira vez durante o show em San Antonio, no Texas. &#8220;Cold,&#8221; parceria do Maroon 5 com o rapper Future, foi adicionada \u00e0 setlist no show em Milwaukee.<\/p>\n<p>Em Setembro de 2016 o Maroon 5 anunciou que algumas datas da turn\u00ea seriam adiadas para 2017, devido ao nascimento da filha de Adam Levine e Behati Prinsloo, Dusty Rose Levine. Os shows foram retomados em Fevereiro de 2017, com abertura da cantora Tinashe e da dupla R.City.<\/p>\n<p>No dia 26 de Agosto de 2016 o Maroon 5 foi anunciado como a primeira atra\u00e7\u00e3o confirmada do festival Rock In Rio, que acontecer\u00e1 no Rio de Janeiro em 2017. A banda \u00e9 a atra\u00e7\u00e3o principal do Palco Mundo no dia 16 de Setembro. Fergie e Shawn Mendes tamb\u00e9m devem se apresentar no dia, antes do Maroon 5. Esta \u00e9 a segunda vez que a banda participa do festival.<\/p>\n<p>A cantora Tove Lo foi recrutada para abrir os shows, al\u00e9m da dupla R.City (com quem Adam Levine gravou a m\u00fasica Locked Away) e a banda californiana Phases, formada pelos membros do antigo projeto paralelo de James Valentine.<\/p>\n<p>O show do dia 12 de Setembro, em Punta Cana, precisou ser cancelado devido \u00e0 rota do fura\u00e7\u00e3o Irma. Em nota, a banda afirmou que a decis\u00e3o levava em conta a seguran\u00e7a dos f\u00e3s e tamb\u00e9m a estrutura do palco, que precisou ser desmontada \u00e0s pressas.<\/p>\n<p>No dia 15 de Setembro de 2016, devido ao cancelamento do show da cantora Lady Gaga no Rock In Rio, o Maroon 5 foi escalado para substitu\u00ed-la, fazendo assim dois shows no festival. Na apresenta\u00e7\u00e3o, Adam Levine e James Valentine fizeram uma vers\u00e3o ac\u00fastica de Garota de Ipanema, repetindo a apresenta\u00e7\u00e3o que fizeram na cidade em 2016. Para o show seguinte, no entanto, a banda foi al\u00e9m: Fez a primeira performance ao vivo do single &#8220;What Lovers Do&#8221;, al\u00e9m de uma performance especial de &#8220;Lost Stars,&#8221; atendendo a pedidos do p\u00fablico.<\/p>\n<h3>Setlist<\/h3>\n<blockquote>\n<p style=\"text-align: center;\">1. Moves Like Jagger<br \/>\n2. This Love<br \/>\n3. Harder To Breathe<br \/>\n4. Locked Away<br \/>\n5. One More Night<br \/>\n6. Misery<br \/>\n7. Love Somebody<br \/>\n8. Animals<br \/>\n9. Maps<br \/>\n10. Lucky Strike<br \/>\n11. Cold<br \/>\n12. Sunday Morning<br \/>\n13. Let&#8217;s Dance<br \/>\n14. Makes Me Wonder<br \/>\n15. Payphone<br \/>\n16. Daylight<\/p>\n<p style=\"text-align: center;\">Encore:<br \/>\n17. She Will Be Loved<br \/>\n18. Don&#8217;t Wanna Know<br \/>\n19. Sugar<br \/>\n20. Let&#8217;s Go Crazy<\/p>\n<\/blockquote>\n<blockquote><p>Rock In Rio (15\/09\/2017)<\/p>\n<p style=\"text-align: center;\">1. Moves Like Jagger<br \/>\n2. This Love<br \/>\n3. Harder To Breathe<br \/>\n4. Locked Away<br \/>\n5. One More Night<br \/>\n6. Misery<br \/>\n7. Love Somebody<br \/>\n8. Animals<br \/>\n9. Maps<br \/>\n10. Lucky Strike<br \/>\n11. Sunday Morning<br \/>\n12. Let&#8217;s Dance<br \/>\n13. Makes Me Wonder<br \/>\n14. Payphone<br \/>\n15. Daylight<\/p>\n<p style=\"text-align: center;\">Encore:<br \/>\n16. Garota de Ipanema<br \/>\n17. She Will Be Loved<br \/>\n18. Don&#8217;t Wanna Know<br \/>\n19. Sugar<\/p>\n<\/blockquote>\n<blockquote><p>Rock In Rio (16\/09\/2017)<\/p>\n<p style=\"text-align: center;\">1. Moves Like Jagger<br \/>\n2. This Love<br \/>\n3. Harder To Breathe<br \/>\n4. Locked Away<br \/>\n5. One More Night<br \/>\n6. Misery<br \/>\n7.What Lovers Do<br \/>\n8. Love Somebody<br \/>\n9. Animals<br \/>\n10. Maps<br \/>\n11. Lucky Strike<br \/>\n12. Sunday Morning<br \/>\n13. Let&#8217;s Dance<br \/>\n14. Makes Me Wonder<br \/>\n15. Payphone<br \/>\n16. Daylight<\/p>\n<p style=\"text-align: center;\">Encore:<br \/>\n17. Lost Stars<br \/>\n18. She Will Be Loved<br \/>\n19. Don&#8217;t Wanna Know<br \/>\n20. Sugar<\/p>\n<\/blockquote>\n<h3>Poster<\/h3>\n<p><img loading=\"lazy\" decoding=\"async\" class=\"aligncenter size-full wp-image-22437\" src=\"https:\/\/www.maroon5br.com\/site\/wp-content\/uploads\/2017\/06\/Maroon5-OnTheRoadTour.jpg\" alt=\"\" width=\"666\" height=\"449\" data-id=\"22437\" srcset=\"https:\/\/www.maroon5br.com\/site\/wp-content\/uploads\/2017\/06\/Maroon5-OnTheRoadTour.jpg 666w, https:\/\/www.maroon5br.com\/site\/wp-content\/uploads\/2017\/06\/Maroon5-OnTheRoadTour-222x150.jpg 222w, https:\/\/www.maroon5br.com\/site\/wp-content\/uploads\/2017\/06\/Maroon5-OnTheRoadTour-300x202.jpg 300w, https:\/\/www.maroon5br.com\/site\/wp-content\/uploads\/2017\/06\/Maroon5-OnTheRoadTour-564x380.jpg 564w\" sizes=\"auto, (max-width: 666px) 100vw, 666px\" \/><\/p>\n<div class=\"fve-video-wrapper fve-image-embed fve-thumbnail-image youtube\" style=\"padding-bottom:75%;\">\n    <iframe loading=\"lazy\" src=\"\/\/www.youtube.com\/embed\/_82OcfnoEUE?wmode=transparent&#038;modestbranding=1&#038;autohide=1&#038;showinfo=0&#038;rel=0\" width=\"100%\" height=\"100%\" frameborder=\"0\" webkitAllowFullScreen mozallowfullscreen allowFullScreen><\/iframe>    <\/div>\n<h3>Datas<\/h3>\n<table width=\"650\">\n<tbody>\n<tr>\n<th rowspan=\"1\">Data<\/th>\n<th rowspan=\"1\">Cidade<\/th>\n<th rowspan=\"1\">Local<\/th>\n<\/tr>\n<tr>\n<th colspan=\"3\">Estados Unidos<\/th>\n<\/tr>\n<tr>\n<td>3 de Setembro de 2016<\/td>\n<td>San Antonio, Estados Unidos<\/td>\n<td>AT&amp;T Center<\/td>\n<\/tr>\n<tr>\n<td>5 de Setembro de 2016<\/td>\n<td>New Orleans, Estados Unidos<\/td>\n<td>Smoothie King Center<\/td>\n<\/tr>\n<tr>\n<td>7 de Setembro de 2016<\/td>\n<td>Miami, Estados Unidos<\/td>\n<td>AmericanAirlines Arena<\/td>\n<\/tr>\n<tr>\n<td>9 de Setembro de 2016<\/td>\n<td>Orlando, Estados Unidos<\/td>\n<td>Amway Center<\/td>\n<\/tr>\n<tr>\n<td>11 de Setembro de 2016<\/td>\n<td>Charlotte, Estados Unidos<\/td>\n<td>Time Warner Cable Arena<\/td>\n<\/tr>\n<tr>\n<td>12 de Setembro de 2016<\/td>\n<td>Raleigh, Estados Unidos<\/td>\n<td>PNC Arena<\/td>\n<\/tr>\n<tr>\n<td>14 de Setembro de 2016<\/td>\n<td>Knoxville, Estados Unidos<\/td>\n<td>Thompson-Boling Arena<\/td>\n<\/tr>\n<tr>\n<td>16 de Setembro de 2016<\/td>\n<td>Baltimore, Estados Unidos<\/td>\n<td>Royal Farms Arena<\/td>\n<\/tr>\n<tr>\n<td>17 de Setembro de 2016<\/td>\n<td>Worcester, Estados Unidos<\/td>\n<td>DCU Center<\/td>\n<\/tr>\n<tr>\n<td>19 de Setembro de 2016<\/td>\n<td>Hartford, Estados Unidos<\/td>\n<td>XL Center<\/td>\n<\/tr>\n<tr>\n<td>3 de Outubro de 2016<\/td>\n<td>St. Louis, Estados Unidos<\/td>\n<td>Scottrade Center<\/td>\n<\/tr>\n<tr>\n<td>4 de Outubro de 2016<\/td>\n<td>Lincoln, Estados Unidos<\/td>\n<td>Pinnacle Bank Arena<\/td>\n<\/tr>\n<tr>\n<td>6 de Outubro de 2016<\/td>\n<td>Denver, Estados Unidos<\/td>\n<td>Pepsi Center<\/td>\n<\/tr>\n<tr>\n<td>8 de Outubro de 2016<\/td>\n<td>Salt Lake City, Estados Unidos<\/td>\n<td>Vivint Smart Home Arena<\/td>\n<\/tr>\n<tr>\n<td>9 de Outubro de 2016<\/td>\n<td>Boise, Estados Unidos<\/td>\n<td>Taco Bell Arena<\/td>\n<\/tr>\n<tr>\n<td>11 de Outubro de 2016<\/td>\n<td>Seattle, Estados Unidos<\/td>\n<td>KeyArena<\/td>\n<\/tr>\n<tr>\n<td>13 de Outubro de 2016<\/td>\n<td>Portland, Estados Unidos<\/td>\n<td>Moda Center<\/td>\n<\/tr>\n<tr>\n<td>15 de Outubro de 2016<\/td>\n<td>Sacramento, Estados Unidos<\/td>\n<td>Golden 1 Center<\/td>\n<\/tr>\n<tr>\n<td>16 de Outubro de 2016<\/td>\n<td>Oakland, Estados Unidos<\/td>\n<td>Oracle Arena<\/td>\n<\/tr>\n<tr>\n<td>20 de Fevereiro de 2017<\/td>\n<td>Milwaukee, Estados Unidos<\/td>\n<td>BMO Harris Bradley Center<\/td>\n<\/tr>\n<tr>\n<td>22 de Fevereiro de 2017<\/td>\n<td>Cleveland, Estados Unidos<\/td>\n<td>Quicken Loans Arena<\/td>\n<\/tr>\n<tr>\n<td>24 de Fevereiro de 2017<\/td>\n<td>Montreal, Canad\u00e1<\/td>\n<td>Bell Centre<\/td>\n<\/tr>\n<tr>\n<td>27 de Fevereiro de 2017<\/td>\n<td>Quebec City, Canad\u00e1<\/td>\n<td>Videotron Centre<\/td>\n<\/tr>\n<tr>\n<td>3 de Mar\u00e7o de 2017<\/td>\n<td>Cincinnati, Estados Unidos<\/td>\n<td>US Bank Arena<\/td>\n<\/tr>\n<tr>\n<td>7 de Mar\u00e7o de 2017<\/td>\n<td>Albany, Estados Unidos<\/td>\n<td>Times Union Center<\/td>\n<\/tr>\n<tr>\n<td>8 de Mar\u00e7o de 2017<\/td>\n<td>Buffalo, Estados Unidos<\/td>\n<td>First Niagara Center<\/td>\n<\/tr>\n<tr>\n<td>29 de Abril de 2017<\/td>\n<td>New Orleans, Estados Unidos<\/td>\n<td>New Orleans Jazz Fest<\/td>\n<\/tr>\n<tr>\n<td>26 de Maio de 2017<\/td>\n<td>Napa, Estados Unidos<\/td>\n<td>BottleRock Napa Valley<\/td>\n<\/tr>\n<tr>\n<td>15 de Julho de 2017<\/td>\n<td>Pendleton, Estados Unidos<\/td>\n<td>Pendleton Whisky Music Fest<\/td>\n<\/tr>\n<tr>\n<td>3 de Setembro de 2017<\/td>\n<td>Aspen, Estados Unidos<\/td>\n<td>Aspen Snowmass JAS Experience<\/td>\n<\/tr>\n<tr>\n<td>12 de Setembro de 2017<\/td>\n<td>Punta Cana, Rep\u00fablica Dominicana *<\/td>\n<td>Hard Rock Hotel &amp; Casino<\/td>\n<\/tr>\n<tr>\n<td>14 de Setembro de 2017<\/td>\n<td>Curitiba, Brasil<\/td>\n<td>Estadio Couto Pereira<\/td>\n<\/tr>\n<tr>\n<td>15 de Setembro de 2017<\/td>\n<td>Rio de Janeiro, Brasil<\/td>\n<td>Rock In Rio<\/td>\n<\/tr>\n<tr>\n<td>16 de Setembro de 2017<\/td>\n<td>Rio de Janeiro, Brasil<\/td>\n<td>Rock In Rio<\/td>\n<\/tr>\n<tr>\n<td>19 de Setembro de 2017<\/td>\n<td>Lima, Peru<\/td>\n<td>Estadio Nacional<\/td>\n<\/tr>\n<tr>\n<td>21 de Setembro de 2017<\/td>\n<td>Cidade da Guatemala, Guatemala *<\/td>\n<td>Explanada Cardales Cayala<\/td>\n<\/tr>\n<\/tbody>\n<\/table>\n<p>* Show cancelado\/adiado<\/p>\n","protected":false},"excerpt":{"rendered":"<p>Em Novembro de 2015, o Maroon 5 anunciou que voltaria \u00e0 estrada durante o outono Americano para mais uma turn\u00ea em solo americano e europeu. Batizada como #M5OnTheRoad, a nova rodada de shows manteve a estrutura de palco da V Tour, mas contou com uma setlist diferente da anterior, que ganhou a inclus\u00e3o de alguns [&hellip;]<\/p>\n","protected":false},"author":1,"featured_media":22443,"parent":9750,"menu_order":12,"comment_status":"closed","ping_status":"closed","template":"","meta":{"_themeisle_gutenberg_block_has_review":false,"footnotes":""},"class_list":["post-22436","page","type-page","status-publish","has-post-thumbnail","hentry"],"_links":{"self":[{"href":"https:\/\/www.maroon5br.com\/site\/wp-json\/wp\/v2\/pages\/22436","targetHints":{"allow":["GET"]}}],"collection":[{"href":"https:\/\/www.maroon5br.com\/site\/wp-json\/wp\/v2\/pages"}],"about":[{"href":"https:\/\/www.maroon5br.com\/site\/wp-json\/wp\/v2\/types\/page"}],"author":[{"embeddable":true,"href":"https:\/\/www.maroon5br.com\/site\/wp-json\/wp\/v2\/users\/1"}],"replies":[{"embeddable":true,"href":"https:\/\/www.maroon5br.com\/site\/wp-json\/wp\/v2\/comments?post=22436"}],"version-history":[{"count":10,"href":"https:\/\/www.maroon5br.com\/site\/wp-json\/wp\/v2\/pages\/22436\/revisions"}],"predecessor-version":[{"id":23189,"href":"https:\/\/www.maroon5br.com\/site\/wp-json\/wp\/v2\/pages\/22436\/revisions\/23189"}],"up":[{"embeddable":true,"href":"https:\/\/www.maroon5br.com\/site\/wp-json\/wp\/v2\/pages\/9750"}],"wp:featuredmedia":[{"embeddable":true,"href":"https:\/\/www.maroon5br.com\/site\/wp-json\/wp\/v2\/media\/22443"}],"wp:attachment":[{"href":"https:\/\/www.maroon5br.com\/site\/wp-json\/wp\/v2\/media?parent=22436"}],"curies":[{"name":"wp","href":"https:\/\/api.w.org\/{rel}","templated":true}]}}