{"id":22798,"date":"2017-09-21T17:59:44","date_gmt":"2017-09-21T20:59:44","guid":{"rendered":"http:\/\/www.maroon5br.com\/?page_id=22798"},"modified":"2022-12-15T19:23:49","modified_gmt":"2022-12-15T22:23:49","slug":"red-pill-blues","status":"publish","type":"page","link":"https:\/\/www.maroon5br.com\/site\/maroon5\/discografia\/albuns-de-estudio\/red-pill-blues\/","title":{"rendered":"Red Pill Blues"},"content":{"rendered":"\n<p><strong>&#8220;Red Pill Blues&#8221;<\/strong>, o sexto \u00e1lbum de est\u00fadio do Maroon 5, ser\u00e1 lan\u00e7ado no dia 3 de Novembro de 2017 pelas gravadoras <strong>222<\/strong> e <strong>Interscope<\/strong>. O \u00e1lbum, batizado em refer\u00eancia ao filme Matrix, \u00e9 o primeiro disco a trazer o m\u00fasico Sam Farrar como integrante oficial da banda.<\/p>\n\n\n\n<p>Gravado em Mar\u00e7o de 2017, o disco mant\u00e9m a sonoridade pop dos \u00faltimos lan\u00e7amentos e tamb\u00e9m explora com o hip-hop, como j\u00e1 haviam experimentado atrav\u00e9s os dois singles avulsos <strong>&#8220;Don&#8217;t Wanna Know&#8221;<\/strong> (parceria com <strong>Kendrick Lamar<\/strong>) e <strong>&#8220;Cold&#8221;<\/strong> (parceria com Future).<\/p>\n\n\n\n<p>O primeiro single, <strong>&#8220;What Lovers Do&#8221;<\/strong>, parceria da banda com a cantora <strong>SZA<\/strong>, foi lan\u00e7ado no final de Agosto e ganhou um video-clipe dirigido por Joseph Kahn, com quem a banda j\u00e1 havia trabalhado em <strong>&#8220;Misery&#8221;<\/strong>. <strong>Julia Michaels, LunchMoney Lewis<\/strong> e <strong>A$AP Rocky <\/strong>tamb\u00e9m fazem participa\u00e7\u00f5es no disco, que tem produ\u00e7\u00f5es de Diplo, Charlie Puth e o time de hitmakers com quem a banda j\u00e1 havia trabalhado no &#8220;Overexposed&#8221; e &#8220;V&#8221;.<\/p>\n\n\n\n<div class=\"wp-block-group\"><div class=\"wp-block-group__inner-container is-layout-constrained wp-block-group-is-layout-constrained\">\n<h3 class=\"wp-block-heading\">Tracklist<\/h3>\n\n\n\n<ul class=\"album-tracklist wp-block-list\">\n<li>1. Best 4 You<\/li>\n\n\n\n<li>2. What Lovers Do (feat. Sza)<\/li>\n\n\n\n<li>3. Wait<\/li>\n\n\n\n<li>4. Lips On You<\/li>\n\n\n\n<li>5. Bet My Heart<\/li>\n\n\n\n<li>6. Help Me Out (feat. Julia Michaels)<\/li>\n\n\n\n<li>7. Who I Am (feat. LunchMoney Lewis)<\/li>\n\n\n\n<li>8. Whiskey (feat. A$AP Rocky)<\/li>\n\n\n\n<li>9. Girls Like You<\/li>\n\n\n\n<li>10. Closure<\/li>\n\n\n\n<li>11. Denim Jacket (Deluxe Edition)<\/li>\n\n\n\n<li>12. Visions (Deluxe Edition)<\/li>\n\n\n\n<li>13. Plastic Rose (Deluxe Edition)<\/li>\n\n\n\n<li>14. Don`t Wanna Know (feat. Kendrick Lamar) (Deluxe Edition)<\/li>\n\n\n\n<li>15. Cold (feat. Future) (Deluxe Edition)<\/li>\n<\/ul>\n<\/div><\/div>\n\n\n\n<div class=\"wp-block-group\"><div class=\"wp-block-group__inner-container is-layout-constrained wp-block-group-is-layout-constrained\">\n<h3 class=\"wp-block-heading\">Singles<\/h3>\n\n\n\n<div class=\"wp-block-columns is-layout-flex wp-container-core-columns-is-layout-9d6595d7 wp-block-columns-is-layout-flex\">\n<div class=\"wp-block-column is-layout-flow wp-block-column-is-layout-flow\">\n<figure class=\"wp-block-image alignfull size-large\"><img loading=\"lazy\" decoding=\"async\" width=\"380\" height=\"380\" src=\"https:\/\/www.maroon5br.com\/site\/wp-content\/uploads\/2016\/10\/DontWannaKnow-380x380.jpg\" alt=\"\" class=\"wp-image-21450\" srcset=\"https:\/\/www.maroon5br.com\/site\/wp-content\/uploads\/2016\/10\/DontWannaKnow-380x380.jpg 380w, https:\/\/www.maroon5br.com\/site\/wp-content\/uploads\/2016\/10\/DontWannaKnow-150x150.jpg 150w, https:\/\/www.maroon5br.com\/site\/wp-content\/uploads\/2016\/10\/DontWannaKnow-300x300.jpg 300w, https:\/\/www.maroon5br.com\/site\/wp-content\/uploads\/2016\/10\/DontWannaKnow-768x768.jpg 768w, https:\/\/www.maroon5br.com\/site\/wp-content\/uploads\/2016\/10\/DontWannaKnow-224x224.jpg 224w, https:\/\/www.maroon5br.com\/site\/wp-content\/uploads\/2016\/10\/DontWannaKnow.jpg 1500w\" sizes=\"auto, (max-width: 380px) 100vw, 380px\" \/><\/figure>\n\n\n\n<p><strong>Don&#8217;t Wanna Know (feat. Kendrick Lamar)<\/strong><\/p>\n\n\n\n<p><strong>Lan\u00e7amento:<\/strong><br>12 de Outubro de 2016<\/p>\n<\/div>\n\n\n\n<div class=\"wp-block-column is-layout-flow wp-block-column-is-layout-flow\">\n<figure class=\"wp-block-image alignfull size-large\"><img loading=\"lazy\" decoding=\"async\" width=\"380\" height=\"380\" src=\"https:\/\/www.maroon5br.com\/site\/wp-content\/uploads\/2017\/02\/Maroon5-Cold-1-380x380.jpg\" alt=\"\" class=\"wp-image-21802\" srcset=\"https:\/\/www.maroon5br.com\/site\/wp-content\/uploads\/2017\/02\/Maroon5-Cold-1-380x380.jpg 380w, https:\/\/www.maroon5br.com\/site\/wp-content\/uploads\/2017\/02\/Maroon5-Cold-1-150x150.jpg 150w, https:\/\/www.maroon5br.com\/site\/wp-content\/uploads\/2017\/02\/Maroon5-Cold-1-300x300.jpg 300w, https:\/\/www.maroon5br.com\/site\/wp-content\/uploads\/2017\/02\/Maroon5-Cold-1-768x768.jpg 768w, https:\/\/www.maroon5br.com\/site\/wp-content\/uploads\/2017\/02\/Maroon5-Cold-1-224x224.jpg 224w, https:\/\/www.maroon5br.com\/site\/wp-content\/uploads\/2017\/02\/Maroon5-Cold-1.jpg 2023w\" sizes=\"auto, (max-width: 380px) 100vw, 380px\" \/><\/figure>\n\n\n\n<p><strong>Cold (feat. Future)<\/strong><\/p>\n\n\n\n<p><strong>Lan\u00e7amento:<\/strong><br>30 de Agosto de 2017<\/p>\n<\/div>\n\n\n\n<div class=\"wp-block-column is-layout-flow wp-block-column-is-layout-flow\">\n<figure class=\"wp-block-image alignfull size-large\"><img decoding=\"async\" src=\"https:\/\/www.maroon5br.com\/site\/wp-content\/uploads\/2017\/09\/M5-RedPillBlues-WhatLoversDo.jpg\" alt=\"\"\/><\/figure>\n\n\n\n<p><strong>What Lovers Do (feat. SZA)<\/strong><\/p>\n\n\n\n<p><strong>Lan\u00e7amento:<\/strong><br>30 de Agosto de 2017<\/p>\n<\/div>\n\n\n\n<div class=\"wp-block-column is-layout-flow wp-block-column-is-layout-flow\">\n<figure class=\"wp-block-image alignfull size-large\"><img decoding=\"async\" src=\"https:\/\/www.maroon5br.com\/site\/wp-content\/uploads\/2017\/10\/Maroon5-RedPillBlues.jpg\" alt=\"\"\/><\/figure>\n\n\n\n<p><strong>Help Me Out (feat. Julia Michaels)<\/strong><\/p>\n\n\n\n<p><strong>Lan\u00e7amento:<\/strong><br>5 de Outubro de 2017<\/p>\n<\/div>\n<\/div>\n\n\n\n<div class=\"wp-block-columns is-layout-flex wp-container-core-columns-is-layout-9d6595d7 wp-block-columns-is-layout-flex\">\n<div class=\"wp-block-column is-layout-flow wp-block-column-is-layout-flow\">\n<figure class=\"wp-block-image alignfull size-large\"><img decoding=\"async\" src=\"https:\/\/www.maroon5br.com\/site\/wp-content\/uploads\/2017\/10\/Maroon5_Whiskey.jpg\" alt=\"\"\/><\/figure>\n\n\n\n<p><strong>Whiskey (feat. A$AP Rocky)<\/strong><\/p>\n\n\n\n<p><strong>Lan\u00e7amento:<\/strong><br>18 de Outubro de 2017<\/p>\n<\/div>\n\n\n\n<div class=\"wp-block-column is-layout-flow wp-block-column-is-layout-flow\">\n<figure class=\"wp-block-image alignfull size-large\"><img decoding=\"async\" src=\"https:\/\/www.maroon5br.com\/site\/wp-content\/uploads\/2017\/10\/Maroon5-Wait.jpg\" alt=\"\"\/><\/figure>\n\n\n\n<p><strong>Wait<\/strong><\/p>\n\n\n\n<p><strong>Lan\u00e7amento:<\/strong><br>16 de Janeiro de 2018<\/p>\n<\/div>\n\n\n\n<div class=\"wp-block-column is-layout-flow wp-block-column-is-layout-flow\">\n<figure class=\"wp-block-image alignfull size-large\"><img decoding=\"async\" src=\"https:\/\/www.maroon5br.com\/site\/wp-content\/uploads\/2018\/05\/GirlsLikeYou.jpg\" alt=\"\"\/><\/figure>\n\n\n\n<p><strong>Girls Like You (feat. Cardi B)<\/strong><\/p>\n\n\n\n<p><strong>Lan\u00e7amento:<\/strong><br>31 de Maio de 2018<\/p>\n<\/div>\n<\/div>\n<\/div><\/div>\n\n\n\n<div class=\"wp-block-group\"><div class=\"wp-block-group__inner-container is-layout-constrained wp-block-group-is-layout-constrained\">\n<h3 class=\"wp-block-heading\">Edi\u00e7\u00e3o especial<\/h3>\n\n\n<div class=\"wp-block-image\">\n<figure class=\"aligncenter\"><img decoding=\"async\" src=\"https:\/\/www.maroon5br.com\/site\/wp-content\/uploads\/2017\/10\/RedPillBlues-BoxedSet.png\" alt=\"\"\/><\/figure>\n<\/div>\n\n\n<ul class=\"album-tracklist wp-block-list\">\n<li>\u00c1lbum digital<\/li>\n\n\n\n<li>Caixa especial<\/li>\n\n\n\n<li>\u00c1lbum em formato Vinil duplo<\/li>\n\n\n\n<li>Cards especiais com fotos de bastidores<\/li>\n\n\n\n<li>Acesso para a pr\u00e9-venda de ingressos da turn\u00ea<\/li>\n\n\n\n<li>Download instant\u00e2neo de &#8220;Help Me Out&#8221; feat. Julia Michaels<\/li>\n\n\n\n<li>Download instant\u00e2neo de &#8220;What Lovers Do&#8221; featuring SZA<\/li>\n\n\n\n<li>Download instant\u00e2neo de &#8220;Cold&#8221;<\/li>\n\n\n\n<li>Download instant\u00e2neo de &#8220;Don&#8217;t Wanna Know&#8221;<\/li>\n<\/ul>\n<\/div><\/div>\n\n\n\n<div class=\"wp-block-group\"><div class=\"wp-block-group__inner-container is-layout-constrained wp-block-group-is-layout-constrained\">\n<h3 class=\"wp-block-heading\">Curiosidades<\/h3>\n\n\n\n<ul class=\"wp-block-list\">\n<li>A primeira performance ao vivo de &#8220;What Lovers Do&#8221; aconteceu durante o show da banda no Palco Mundo do Rock In Rio 2017, no dia 16\/09.<\/li>\n\n\n\n<li>&#8220;What Lovers Do&#8221;, primeiro single do \u00e1lbum, cont\u00e9m um sample da m\u00fasica &#8220;Sexual&#8221;, de NEIKED e Dyo. A cantora \u00e9 creditada na can\u00e7\u00e3o.<\/li>\n<\/ul>\n<\/div><\/div>\n\n\n\n<div class=\"wp-block-group\"><div class=\"wp-block-group__inner-container is-layout-constrained wp-block-group-is-layout-constrained\">\n<h3 class=\"wp-block-heading\">Videoclipes<\/h3>\n\n\n\n<figure class=\"wp-block-embed is-type-video is-provider-youtube wp-block-embed-youtube wp-embed-aspect-16-9 wp-has-aspect-ratio\"><div class=\"wp-block-embed__wrapper\">\n\r\n<div class=\"fve-video-wrapper fve-image-embed fve-thumbnail-image youtube\" style=\"padding-bottom:75%;\">\r\n    <iframe loading=\"lazy\" src=\"\/\/www.youtube.com\/embed\/ANS9sSJA9Yc?wmode=transparent&#038;modestbranding=1&#038;autohide=1&#038;showinfo=0&#038;rel=0\" width=\"100%\" height=\"100%\" frameborder=\"0\" webkitAllowFullScreen mozallowfullscreen allowFullScreen><\/iframe>    <\/div>\r\n\r\n\n<\/div><\/figure>\n\n\n\n<figure class=\"wp-block-embed is-type-video is-provider-youtube wp-block-embed-youtube wp-embed-aspect-16-9 wp-has-aspect-ratio\"><div class=\"wp-block-embed__wrapper\">\n\r\n<div class=\"fve-video-wrapper fve-image-embed fve-thumbnail-image youtube\" style=\"padding-bottom:75%;\">\r\n    <iframe loading=\"lazy\" src=\"\/\/www.youtube.com\/embed\/XatXy6ZhKZw?wmode=transparent&#038;modestbranding=1&#038;autohide=1&#038;showinfo=0&#038;rel=0\" width=\"100%\" height=\"100%\" frameborder=\"0\" webkitAllowFullScreen mozallowfullscreen allowFullScreen><\/iframe>    <\/div>\r\n\r\n\n<\/div><\/figure>\n\n\n\n<figure class=\"wp-block-embed is-type-video is-provider-youtube wp-block-embed-youtube wp-embed-aspect-16-9 wp-has-aspect-ratio\"><div class=\"wp-block-embed__wrapper\">\n\r\n<div class=\"fve-video-wrapper fve-image-embed fve-thumbnail-image youtube\" style=\"padding-bottom:75%;\">\r\n    <iframe loading=\"lazy\" src=\"\/\/www.youtube.com\/embed\/5Wiio4KoGe8?wmode=transparent&#038;modestbranding=1&#038;autohide=1&#038;showinfo=0&#038;rel=0\" width=\"100%\" height=\"100%\" frameborder=\"0\" webkitAllowFullScreen mozallowfullscreen allowFullScreen><\/iframe>    <\/div>\r\n\r\n\n<\/div><\/figure>\n\n\n\n<figure class=\"wp-block-embed is-type-video is-provider-youtube wp-block-embed-youtube wp-embed-aspect-16-9 wp-has-aspect-ratio\"><div class=\"wp-block-embed__wrapper\">\n\r\n<div class=\"fve-video-wrapper fve-image-embed fve-thumbnail-image youtube\" style=\"padding-bottom:75%;\">\r\n    <iframe loading=\"lazy\" src=\"\/\/www.youtube.com\/embed\/4uTNVumfm84?wmode=transparent&#038;modestbranding=1&#038;autohide=1&#038;showinfo=0&#038;rel=0\" width=\"100%\" height=\"100%\" frameborder=\"0\" webkitAllowFullScreen mozallowfullscreen allowFullScreen><\/iframe>    <\/div>\r\n\r\n\n<\/div><\/figure>\n\n\n\n<figure class=\"wp-block-embed is-type-video is-provider-youtube wp-block-embed-youtube wp-embed-aspect-16-9 wp-has-aspect-ratio\"><div class=\"wp-block-embed__wrapper\">\n\r\n<div class=\"fve-video-wrapper fve-image-embed fve-thumbnail-image youtube\" style=\"padding-bottom:75%;\">\r\n    <iframe loading=\"lazy\" src=\"\/\/www.youtube.com\/embed\/aJOTlE1K90k?wmode=transparent&#038;modestbranding=1&#038;autohide=1&#038;showinfo=0&#038;rel=0\" width=\"100%\" height=\"100%\" frameborder=\"0\" webkitAllowFullScreen mozallowfullscreen allowFullScreen><\/iframe>    <\/div>\r\n\r\n\n<\/div><\/figure>\n<\/div><\/div>\n","protected":false},"excerpt":{"rendered":"<p>&#8220;Red Pill Blues&#8221;, o sexto \u00e1lbum de est\u00fadio do Maroon 5, ser\u00e1 lan\u00e7ado no dia 3 de Novembro de 2017 pelas gravadoras 222 e Interscope. O \u00e1lbum, batizado em refer\u00eancia ao filme Matrix, \u00e9 o primeiro disco a trazer o m\u00fasico Sam Farrar como integrante oficial da banda. Gravado em Mar\u00e7o de 2017, o disco [&hellip;]<\/p>\n","protected":false},"author":1,"featured_media":23313,"parent":16682,"menu_order":6,"comment_status":"closed","ping_status":"closed","template":"cds.php","meta":{"_themeisle_gutenberg_block_has_review":false,"footnotes":""},"class_list":["post-22798","page","type-page","status-publish","has-post-thumbnail","hentry"],"_links":{"self":[{"href":"https:\/\/www.maroon5br.com\/site\/wp-json\/wp\/v2\/pages\/22798","targetHints":{"allow":["GET"]}}],"collection":[{"href":"https:\/\/www.maroon5br.com\/site\/wp-json\/wp\/v2\/pages"}],"about":[{"href":"https:\/\/www.maroon5br.com\/site\/wp-json\/wp\/v2\/types\/page"}],"author":[{"embeddable":true,"href":"https:\/\/www.maroon5br.com\/site\/wp-json\/wp\/v2\/users\/1"}],"replies":[{"embeddable":true,"href":"https:\/\/www.maroon5br.com\/site\/wp-json\/wp\/v2\/comments?post=22798"}],"version-history":[{"count":19,"href":"https:\/\/www.maroon5br.com\/site\/wp-json\/wp\/v2\/pages\/22798\/revisions"}],"predecessor-version":[{"id":28249,"href":"https:\/\/www.maroon5br.com\/site\/wp-json\/wp\/v2\/pages\/22798\/revisions\/28249"}],"up":[{"embeddable":true,"href":"https:\/\/www.maroon5br.com\/site\/wp-json\/wp\/v2\/pages\/16682"}],"wp:featuredmedia":[{"embeddable":true,"href":"https:\/\/www.maroon5br.com\/site\/wp-json\/wp\/v2\/media\/23313"}],"wp:attachment":[{"href":"https:\/\/www.maroon5br.com\/site\/wp-json\/wp\/v2\/media?parent=22798"}],"curies":[{"name":"wp","href":"https:\/\/api.w.org\/{rel}","templated":true}]}}