{"id":22820,"date":"2017-09-02T19:32:28","date_gmt":"2017-09-02T22:32:28","guid":{"rendered":"http:\/\/www.maroon5br.com\/?page_id=22820"},"modified":"2017-09-02T19:34:17","modified_gmt":"2017-09-02T22:34:17","slug":"santo-mezquila","status":"publish","type":"page","link":"https:\/\/www.maroon5br.com\/site\/maroon5\/projetos\/santo-mezquila\/","title":{"rendered":"Santo Mezquila"},"content":{"rendered":"<p><strong><em>&#8220;De um mundo sem, n\u00f3s dissemos, fa\u00e7a-se a luz. Para o crentes verdadeiros, o sedentos, o n\u00e3o-conformistas, aqueles em busca de transcender a noite, um paladar os aguarda. Um que despertar\u00e1 os sentidos, e iluminar\u00e1 o esp\u00edrito. Desta uni\u00e3o sagrada, do mezcal e tequila, nasce uma verdadeira revela\u00e7\u00e3o. Aproveite o momento, beba da ta\u00e7a, e deixe seu esp\u00edrito voar.&#8221;<\/em><\/strong><\/p>\n<p><img decoding=\"async\" src=\"https:\/\/www.maroon5br.com\/site\/wp-content\/uploads\/2017\/09\/Adam-Sammy-SantoMezquila2.jpg\" alt=\"\" width=\"100%\" \/><\/p>\n<p>Com esses dizeres, \u00e9 apresentada a bebida Santo Mezquila, uma bebida que nasceu da parceria entre os m\u00fasicos Adam Levine e Sammy Hagar. A parceria nasceu enquanto Adam Levine estava em Cabo, acompanhado do amigo Sammy Hagar e, numa noite, a dupla resolveu combinar mezcal com tequila e descobriram um novo sabor que classificaram como &#8220;uma revela\u00e7\u00e3o.&#8221; Ent\u00e3o, os m\u00fasicos reuniram um time de experts para desenvolver a bebida, que foi batizada com o nome &#8220;Santo&#8221; e lan\u00e7ada no dia 9 de Fevereiro de 2017.<\/p>\n<h3>Garrafa<\/h3>\n<p align=\"center\"><img loading=\"lazy\" decoding=\"async\" data-id=\"22821\"  src=\"https:\/\/www.maroon5br.com\/site\/wp-content\/uploads\/2017\/09\/SantoMezquila.png\" alt=\"\" width=\"380\" height=\"800\" \/><\/p>\n<h3>V\u00eddeo<\/h3>\n<div class=\"fve-video-wrapper fve-image-embed fve-thumbnail-image youtube\" style=\"padding-bottom:75%;\">\n    <iframe loading=\"lazy\" src=\"\/\/www.youtube.com\/embed\/lliD_nj1tiM?wmode=transparent&#038;modestbranding=1&#038;autohide=1&#038;showinfo=0&#038;rel=0\" width=\"100%\" height=\"100%\" frameborder=\"0\" webkitAllowFullScreen mozallowfullscreen allowFullScreen><\/iframe>    <\/div>\n<div class=\"fve-video-wrapper fve-image-embed fve-thumbnail-image youtube\" style=\"padding-bottom:75%;\">\n    <iframe loading=\"lazy\" src=\"\/\/www.youtube.com\/embed\/-zqgvxLK5Pw?wmode=transparent&#038;modestbranding=1&#038;autohide=1&#038;showinfo=0&#038;rel=0\" width=\"100%\" height=\"100%\" frameborder=\"0\" webkitAllowFullScreen mozallowfullscreen allowFullScreen><\/iframe>    <\/div>\n<div class=\"fve-video-wrapper fve-image-embed fve-thumbnail-image youtube\" style=\"padding-bottom:75%;\">\n    <iframe loading=\"lazy\" src=\"\/\/www.youtube.com\/embed\/0ZhcnUG_Kic?wmode=transparent&#038;modestbranding=1&#038;autohide=1&#038;showinfo=0&#038;rel=0\" width=\"100%\" height=\"100%\" frameborder=\"0\" webkitAllowFullScreen mozallowfullscreen allowFullScreen><\/iframe>    <\/div>\n<div class=\"fve-video-wrapper fve-image-embed fve-thumbnail-image youtube\" style=\"padding-bottom:75%;\">\n    <iframe loading=\"lazy\" src=\"\/\/www.youtube.com\/embed\/xh56wGCWh4M?wmode=transparent&#038;modestbranding=1&#038;autohide=1&#038;showinfo=0&#038;rel=0\" width=\"100%\" height=\"100%\" frameborder=\"0\" webkitAllowFullScreen mozallowfullscreen allowFullScreen><\/iframe>    <\/div>\n","protected":false},"excerpt":{"rendered":"<p>&#8220;De um mundo sem, n\u00f3s dissemos, fa\u00e7a-se a luz. Para o crentes verdadeiros, o sedentos, o n\u00e3o-conformistas, aqueles em busca de transcender a noite, um paladar os aguarda. Um que despertar\u00e1 os sentidos, e iluminar\u00e1 o esp\u00edrito. Desta uni\u00e3o sagrada, do mezcal e tequila, nasce uma verdadeira revela\u00e7\u00e3o. Aproveite o momento, beba da ta\u00e7a, e [&hellip;]<\/p>\n","protected":false},"author":1,"featured_media":22822,"parent":22826,"menu_order":0,"comment_status":"closed","ping_status":"closed","template":"","meta":{"_themeisle_gutenberg_block_has_review":false,"footnotes":""},"class_list":["post-22820","page","type-page","status-publish","has-post-thumbnail","hentry"],"_links":{"self":[{"href":"https:\/\/www.maroon5br.com\/site\/wp-json\/wp\/v2\/pages\/22820","targetHints":{"allow":["GET"]}}],"collection":[{"href":"https:\/\/www.maroon5br.com\/site\/wp-json\/wp\/v2\/pages"}],"about":[{"href":"https:\/\/www.maroon5br.com\/site\/wp-json\/wp\/v2\/types\/page"}],"author":[{"embeddable":true,"href":"https:\/\/www.maroon5br.com\/site\/wp-json\/wp\/v2\/users\/1"}],"replies":[{"embeddable":true,"href":"https:\/\/www.maroon5br.com\/site\/wp-json\/wp\/v2\/comments?post=22820"}],"version-history":[{"count":2,"href":"https:\/\/www.maroon5br.com\/site\/wp-json\/wp\/v2\/pages\/22820\/revisions"}],"predecessor-version":[{"id":22825,"href":"https:\/\/www.maroon5br.com\/site\/wp-json\/wp\/v2\/pages\/22820\/revisions\/22825"}],"up":[{"embeddable":true,"href":"https:\/\/www.maroon5br.com\/site\/wp-json\/wp\/v2\/pages\/22826"}],"wp:featuredmedia":[{"embeddable":true,"href":"https:\/\/www.maroon5br.com\/site\/wp-json\/wp\/v2\/media\/22822"}],"wp:attachment":[{"href":"https:\/\/www.maroon5br.com\/site\/wp-json\/wp\/v2\/media?parent=22820"}],"curies":[{"name":"wp","href":"https:\/\/api.w.org\/{rel}","templated":true}]}}