{"id":22828,"date":"2017-09-02T19:38:05","date_gmt":"2017-09-02T22:38:05","guid":{"rendered":"http:\/\/www.maroon5br.com\/?page_id=22828"},"modified":"2017-09-02T23:04:52","modified_gmt":"2017-09-03T02:04:52","slug":"valentine","status":"publish","type":"page","link":"https:\/\/www.maroon5br.com\/site\/maroon5\/projetos\/valentine\/","title":{"rendered":"Valentine"},"content":{"rendered":"<p><img loading=\"lazy\" decoding=\"async\" class=\"aligncenter size-full wp-image-22832\" src=\"https:\/\/www.maroon5br.com\/site\/wp-content\/uploads\/2017\/09\/Valentine-Logo.png\" alt=\"\" width=\"379\" height=\"123\" data-id=\"22832\" srcset=\"https:\/\/www.maroon5br.com\/site\/wp-content\/uploads\/2017\/09\/Valentine-Logo.png 379w, https:\/\/www.maroon5br.com\/site\/wp-content\/uploads\/2017\/09\/Valentine-Logo-250x81.png 250w, https:\/\/www.maroon5br.com\/site\/wp-content\/uploads\/2017\/09\/Valentine-Logo-300x97.png 300w\" sizes=\"auto, (max-width: 379px) 100vw, 379px\" \/><\/p>\n<p>&nbsp;<\/p>\n<p>Lan\u00e7ada em 2016, a &#8220;Valentine&#8221; \u00e9 uma guitarra personalizada fruto de uma parceria do guitarrista James Valentine com a empresa de instrumentos musicais Ernie Ball. Composta por 4 cores e modelos diferentes, a guitarra re\u00fane os itens favoritos de James, al\u00e9m de algumas inova\u00e7\u00f5es. \u00a0Possui um corpo de madeira de fresno, dois captadores da Ernie Ball (1 humbucker e 1 single coil), poli\u00e9ster de alto brilho, esta guitarra parece t\u00e3o bom quanto parece. Caracterizando dois Ernie Ball Music Man concebidos captadores (1\/1-humbucker- single coil), com interruptor de alavanca com fio personalizado de 3 vias, toque de bobina e uma ponte moderna hardtail com selins de a\u00e7o vintage dobrado.<\/p>\n<p>Segundo Valentine, o conceito da guitarra foi de criar um instrumento que fosse vers\u00e1til o suficiente para um show do Maroon 5. Com o apoio da Ernie Ball, o m\u00fasico criou uma guitarra que reunia os melhores aspectos dos modelos 335 e Telecaster, suas guitarras favoritas.<\/p>\n<h3>Fotos<\/h3>\n\n\t\t<style type=\"text\/css\">\n\t\t\t#gallery-1 {\n\t\t\t\tmargin: auto;\n\t\t\t}\n\t\t\t#gallery-1 .gallery-item {\n\t\t\t\tfloat: left;\n\t\t\t\tmargin-top: 10px;\n\t\t\t\ttext-align: center;\n\t\t\t\twidth: 33%;\n\t\t\t}\n\t\t\t#gallery-1 img {\n\t\t\t\tborder: 2px solid #cfcfcf;\n\t\t\t}\n\t\t\t#gallery-1 .gallery-caption {\n\t\t\t\tmargin-left: 0;\n\t\t\t}\n\t\t\t\/* see gallery_shortcode() in wp-includes\/media.php *\/\n\t\t<\/style>\n\t\t<div id='gallery-1' class='gallery galleryid-22828 gallery-columns-3 gallery-size-thumbnail'><dl class='gallery-item'>\n\t\t\t<dt class='gallery-icon landscape'>\n\t\t\t\t<a href='https:\/\/www.maroon5br.com\/site\/maroon5\/projetos\/valentine\/valentine-4\/'><img loading=\"lazy\" decoding=\"async\" width=\"250\" height=\"103\" src=\"https:\/\/www.maroon5br.com\/site\/wp-content\/uploads\/2017\/09\/valentine-4-250x103.jpg\" class=\"attachment-thumbnail size-thumbnail\" alt=\"\" srcset=\"https:\/\/www.maroon5br.com\/site\/wp-content\/uploads\/2017\/09\/valentine-4-250x103.jpg 250w, https:\/\/www.maroon5br.com\/site\/wp-content\/uploads\/2017\/09\/valentine-4-300x124.jpg 300w, https:\/\/www.maroon5br.com\/site\/wp-content\/uploads\/2017\/09\/valentine-4-768x317.jpg 768w, https:\/\/www.maroon5br.com\/site\/wp-content\/uploads\/2017\/09\/valentine-4-900x372.jpg 900w, https:\/\/www.maroon5br.com\/site\/wp-content\/uploads\/2017\/09\/valentine-4-1200x500.jpg 1200w\" sizes=\"auto, (max-width: 250px) 100vw, 250px\" \/><\/a>\n\t\t\t<\/dt><\/dl><dl class='gallery-item'>\n\t\t\t<dt class='gallery-icon landscape'>\n\t\t\t\t<a href='https:\/\/www.maroon5br.com\/site\/maroon5\/projetos\/valentine\/valentine-2\/'><img loading=\"lazy\" decoding=\"async\" width=\"250\" height=\"103\" src=\"https:\/\/www.maroon5br.com\/site\/wp-content\/uploads\/2017\/09\/valentine-2-250x103.jpg\" class=\"attachment-thumbnail size-thumbnail\" alt=\"\" srcset=\"https:\/\/www.maroon5br.com\/site\/wp-content\/uploads\/2017\/09\/valentine-2-250x103.jpg 250w, https:\/\/www.maroon5br.com\/site\/wp-content\/uploads\/2017\/09\/valentine-2-300x124.jpg 300w, https:\/\/www.maroon5br.com\/site\/wp-content\/uploads\/2017\/09\/valentine-2-768x317.jpg 768w, https:\/\/www.maroon5br.com\/site\/wp-content\/uploads\/2017\/09\/valentine-2-900x372.jpg 900w, https:\/\/www.maroon5br.com\/site\/wp-content\/uploads\/2017\/09\/valentine-2-1200x500.jpg 1200w\" sizes=\"auto, (max-width: 250px) 100vw, 250px\" \/><\/a>\n\t\t\t<\/dt><\/dl><dl class='gallery-item'>\n\t\t\t<dt class='gallery-icon landscape'>\n\t\t\t\t<a href='https:\/\/www.maroon5br.com\/site\/maroon5\/projetos\/valentine\/valentine-1\/'><img loading=\"lazy\" decoding=\"async\" width=\"250\" height=\"103\" src=\"https:\/\/www.maroon5br.com\/site\/wp-content\/uploads\/2017\/09\/Valentine-1-250x103.jpg\" class=\"attachment-thumbnail size-thumbnail\" alt=\"\" srcset=\"https:\/\/www.maroon5br.com\/site\/wp-content\/uploads\/2017\/09\/Valentine-1-250x103.jpg 250w, https:\/\/www.maroon5br.com\/site\/wp-content\/uploads\/2017\/09\/Valentine-1-300x124.jpg 300w, https:\/\/www.maroon5br.com\/site\/wp-content\/uploads\/2017\/09\/Valentine-1-768x317.jpg 768w, https:\/\/www.maroon5br.com\/site\/wp-content\/uploads\/2017\/09\/Valentine-1-900x372.jpg 900w, https:\/\/www.maroon5br.com\/site\/wp-content\/uploads\/2017\/09\/Valentine-1-1200x500.jpg 1200w\" sizes=\"auto, (max-width: 250px) 100vw, 250px\" \/><\/a>\n\t\t\t<\/dt><\/dl><br style=\"clear: both\" \/><dl class='gallery-item'>\n\t\t\t<dt class='gallery-icon landscape'>\n\t\t\t\t<a href='https:\/\/www.maroon5br.com\/site\/maroon5\/projetos\/valentine\/valentine-3\/'><img loading=\"lazy\" decoding=\"async\" width=\"250\" height=\"150\" src=\"https:\/\/www.maroon5br.com\/site\/wp-content\/uploads\/2017\/09\/valentine-3-250x150.jpg\" class=\"attachment-thumbnail size-thumbnail\" alt=\"\" srcset=\"https:\/\/www.maroon5br.com\/site\/wp-content\/uploads\/2017\/09\/valentine-3-250x150.jpg 250w, https:\/\/www.maroon5br.com\/site\/wp-content\/uploads\/2017\/09\/valentine-3-300x179.jpg 300w, https:\/\/www.maroon5br.com\/site\/wp-content\/uploads\/2017\/09\/valentine-3-768x458.jpg 768w, https:\/\/www.maroon5br.com\/site\/wp-content\/uploads\/2017\/09\/valentine-3-638x380.jpg 638w, https:\/\/www.maroon5br.com\/site\/wp-content\/uploads\/2017\/09\/valentine-3.jpg 906w\" sizes=\"auto, (max-width: 250px) 100vw, 250px\" \/><\/a>\n\t\t\t<\/dt><\/dl>\n\t\t\t<br style='clear: both' \/>\n\t\t<\/div>\n\n<h3>V\u00eddeo<\/h3>\n<div class=\"fve-video-wrapper fve-image-embed fve-thumbnail-image youtube\" style=\"padding-bottom:75%;\">\n    <iframe loading=\"lazy\" src=\"\/\/www.youtube.com\/embed\/owAwFYio3O0?wmode=transparent&#038;modestbranding=1&#038;autohide=1&#038;showinfo=0&#038;rel=0\" width=\"100%\" height=\"100%\" frameborder=\"0\" webkitAllowFullScreen mozallowfullscreen allowFullScreen><\/iframe>    <\/div>\n<div class=\"fve-video-wrapper fve-image-embed fve-thumbnail-image youtube\" style=\"padding-bottom:75%;\">\n    <iframe loading=\"lazy\" src=\"\/\/www.youtube.com\/embed\/qPVyBsxD4Ho?wmode=transparent&#038;modestbranding=1&#038;autohide=1&#038;showinfo=0&#038;rel=0\" width=\"100%\" height=\"100%\" frameborder=\"0\" webkitAllowFullScreen mozallowfullscreen allowFullScreen><\/iframe>    <\/div>\n","protected":false},"excerpt":{"rendered":"<p>&nbsp; Lan\u00e7ada em 2016, a &#8220;Valentine&#8221; \u00e9 uma guitarra personalizada fruto de uma parceria do guitarrista James Valentine com a empresa de instrumentos musicais Ernie Ball. Composta por 4 cores e modelos diferentes, a guitarra re\u00fane os itens favoritos de James, al\u00e9m de algumas inova\u00e7\u00f5es. \u00a0Possui um corpo de madeira de fresno, dois captadores da [&hellip;]<\/p>\n","protected":false},"author":1,"featured_media":20874,"parent":22826,"menu_order":0,"comment_status":"closed","ping_status":"closed","template":"","meta":{"_themeisle_gutenberg_block_has_review":false,"footnotes":""},"class_list":["post-22828","page","type-page","status-publish","has-post-thumbnail","hentry"],"_links":{"self":[{"href":"https:\/\/www.maroon5br.com\/site\/wp-json\/wp\/v2\/pages\/22828","targetHints":{"allow":["GET"]}}],"collection":[{"href":"https:\/\/www.maroon5br.com\/site\/wp-json\/wp\/v2\/pages"}],"about":[{"href":"https:\/\/www.maroon5br.com\/site\/wp-json\/wp\/v2\/types\/page"}],"author":[{"embeddable":true,"href":"https:\/\/www.maroon5br.com\/site\/wp-json\/wp\/v2\/users\/1"}],"replies":[{"embeddable":true,"href":"https:\/\/www.maroon5br.com\/site\/wp-json\/wp\/v2\/comments?post=22828"}],"version-history":[{"count":4,"href":"https:\/\/www.maroon5br.com\/site\/wp-json\/wp\/v2\/pages\/22828\/revisions"}],"predecessor-version":[{"id":22840,"href":"https:\/\/www.maroon5br.com\/site\/wp-json\/wp\/v2\/pages\/22828\/revisions\/22840"}],"up":[{"embeddable":true,"href":"https:\/\/www.maroon5br.com\/site\/wp-json\/wp\/v2\/pages\/22826"}],"wp:featuredmedia":[{"embeddable":true,"href":"https:\/\/www.maroon5br.com\/site\/wp-json\/wp\/v2\/media\/20874"}],"wp:attachment":[{"href":"https:\/\/www.maroon5br.com\/site\/wp-json\/wp\/v2\/media?parent=22828"}],"curies":[{"name":"wp","href":"https:\/\/api.w.org\/{rel}","templated":true}]}}