{"id":22830,"date":"2017-09-02T19:42:36","date_gmt":"2017-09-02T22:42:36","guid":{"rendered":"http:\/\/www.maroon5br.com\/?page_id=22830"},"modified":"2017-09-02T23:28:54","modified_gmt":"2017-09-03T02:28:54","slug":"snapple","status":"publish","type":"page","link":"https:\/\/www.maroon5br.com\/site\/maroon5\/projetos\/snapple\/","title":{"rendered":"Maroon 5 + Snapple"},"content":{"rendered":"<p>O Maroon 5 e a empresa de ch\u00e1s americana Snapple lan\u00e7aram, em 2011, o ch\u00e1 <strong>&#8220;Tea Will Be Loved&#8221;<\/strong>, uma deliciosa mistura de ch\u00e1 verde com ch\u00e1 preto e toques de rom\u00e3 e frutas vermelhas. As vendas da bebida foram revertidas para a \u00a0ONG Feeding America, ajudando a organiza\u00e7\u00e3o a prover 1.7500,000 de refei\u00e7\u00f5es aos necessitados.<\/p>\n<p><strong><em>&#8220;N\u00f3s trocamos nossos instrumentos por jalecos de laborat\u00f3rio e tivemos a oportunidade de tomar conta do laborat\u00f3rio da Snapple para criar nosso pr\u00f3prio ch\u00e1,&#8221;<\/em><\/strong> explicou Adam Levine durante o lan\u00e7amento da bebida.<em><strong> &#8220;Depois de v\u00e1rias provas, cada um de n\u00f3s escolheu seu sabor favorito e n\u00f3s combinamos todos para criar o Snapple Tea Will Be Loved, que beneficia o Feeding America. N\u00f3s o amamos, e estamos ansiosos para nossos f\u00e3s experimentarem.&#8221;<\/strong><\/em><\/p>\n<p>Inspirado nas personalidades dos integrantes, o ch\u00e1 foi composto por <strong>rom\u00e3, laranja, amora, framboesa<\/strong> e <strong>hibisco<\/strong>. Al\u00e9m disso, a banda desenvolveu a embalagem do ch\u00e1, al\u00e9m de colocar pequenas curiosidades sobre a banda e o Feeding America nas tampinhas das garrafas.<\/p>\n<p><img loading=\"lazy\" decoding=\"async\" class=\"aligncenter size-full wp-image-22842\" src=\"https:\/\/www.maroon5br.com\/site\/wp-content\/uploads\/2017\/09\/Snapple-lancamento.jpg\" alt=\"\" width=\"1204\" height=\"710\" data-id=\"22842\" \/><\/p>\n<h3>Embalagem<\/h3>\n<p><img loading=\"lazy\" decoding=\"async\" class=\"aligncenter size-full wp-image-22843\" src=\"https:\/\/www.maroon5br.com\/site\/wp-content\/uploads\/2017\/09\/Snapple-garrafa.jpg\" alt=\"\" width=\"307\" height=\"500\" data-id=\"22843\" srcset=\"https:\/\/www.maroon5br.com\/site\/wp-content\/uploads\/2017\/09\/Snapple-garrafa.jpg 307w, https:\/\/www.maroon5br.com\/site\/wp-content\/uploads\/2017\/09\/Snapple-garrafa-92x150.jpg 92w, https:\/\/www.maroon5br.com\/site\/wp-content\/uploads\/2017\/09\/Snapple-garrafa-184x300.jpg 184w, https:\/\/www.maroon5br.com\/site\/wp-content\/uploads\/2017\/09\/Snapple-garrafa-233x380.jpg 233w\" sizes=\"auto, (max-width: 307px) 100vw, 307px\" \/><\/p>\n<h3>V\u00eddeo promocional<\/h3>\n<div class=\"fve-video-wrapper fve-image-embed fve-thumbnail-image youtube\" style=\"padding-bottom:75%;\">\n    <iframe loading=\"lazy\" src=\"\/\/www.youtube.com\/embed\/iE6uX6oVeks?wmode=transparent&#038;modestbranding=1&#038;autohide=1&#038;showinfo=0&#038;rel=0\" width=\"100%\" height=\"100%\" frameborder=\"0\" webkitAllowFullScreen mozallowfullscreen allowFullScreen><\/iframe>    <\/div>\n","protected":false},"excerpt":{"rendered":"<p>O Maroon 5 e a empresa de ch\u00e1s americana Snapple lan\u00e7aram, em 2011, o ch\u00e1 &#8220;Tea Will Be Loved&#8221;, uma deliciosa mistura de ch\u00e1 verde com ch\u00e1 preto e toques de rom\u00e3 e frutas vermelhas. As vendas da bebida foram revertidas para a \u00a0ONG Feeding America, ajudando a organiza\u00e7\u00e3o a prover 1.7500,000 de refei\u00e7\u00f5es aos [&hellip;]<\/p>\n","protected":false},"author":1,"featured_media":22842,"parent":22826,"menu_order":0,"comment_status":"closed","ping_status":"closed","template":"","meta":{"_themeisle_gutenberg_block_has_review":false,"footnotes":""},"class_list":["post-22830","page","type-page","status-publish","has-post-thumbnail","hentry"],"_links":{"self":[{"href":"https:\/\/www.maroon5br.com\/site\/wp-json\/wp\/v2\/pages\/22830","targetHints":{"allow":["GET"]}}],"collection":[{"href":"https:\/\/www.maroon5br.com\/site\/wp-json\/wp\/v2\/pages"}],"about":[{"href":"https:\/\/www.maroon5br.com\/site\/wp-json\/wp\/v2\/types\/page"}],"author":[{"embeddable":true,"href":"https:\/\/www.maroon5br.com\/site\/wp-json\/wp\/v2\/users\/1"}],"replies":[{"embeddable":true,"href":"https:\/\/www.maroon5br.com\/site\/wp-json\/wp\/v2\/comments?post=22830"}],"version-history":[{"count":3,"href":"https:\/\/www.maroon5br.com\/site\/wp-json\/wp\/v2\/pages\/22830\/revisions"}],"predecessor-version":[{"id":22844,"href":"https:\/\/www.maroon5br.com\/site\/wp-json\/wp\/v2\/pages\/22830\/revisions\/22844"}],"up":[{"embeddable":true,"href":"https:\/\/www.maroon5br.com\/site\/wp-json\/wp\/v2\/pages\/22826"}],"wp:featuredmedia":[{"embeddable":true,"href":"https:\/\/www.maroon5br.com\/site\/wp-json\/wp\/v2\/media\/22842"}],"wp:attachment":[{"href":"https:\/\/www.maroon5br.com\/site\/wp-json\/wp\/v2\/media?parent=22830"}],"curies":[{"name":"wp","href":"https:\/\/api.w.org\/{rel}","templated":true}]}}