{"id":22845,"date":"2017-09-03T10:55:22","date_gmt":"2017-09-03T13:55:22","guid":{"rendered":"http:\/\/www.maroon5br.com\/?page_id=22845"},"modified":"2017-09-03T11:42:10","modified_gmt":"2017-09-03T14:42:10","slug":"adam-levine-collection","status":"publish","type":"page","link":"https:\/\/www.maroon5br.com\/site\/maroon5\/projetos\/adam-levine-collection\/","title":{"rendered":"Adam Levine Collection"},"content":{"rendered":"<p>Em 2013, Adam Levine e a rede de lojas Kmart anunciaram o lan\u00e7amento de uma linha de roupas assinadas pelo cantor. Composta inicialmente por pe\u00e7as masculinas, a linha \u00e9 um reflexo do estilo descompromissado do m\u00fasico, com roupas leves, vers\u00e1teis e acess\u00edveis. As pe\u00e7as foram desenvolvidas pelo estilista Kevin Christiana em parceria com o vocalista do Maroon 5.<\/p>\n<p>O sucesso das vendas fez com que, em 2014, a linha tamb\u00e9m come\u00e7asse a trazer pe\u00e7as femininas, se tornando uma das parcerias mais rent\u00e1veis da loja. &#8220;N\u00f3s n\u00e3o poder\u00edamos estar mais felizes&#8230; N\u00e3o h\u00e1 nada que n\u00e3o esteja funcionando,&#8221; comemorou o representante da Shop Your Way, Bernt Ullman. &#8220;Eu acho que Adam tem a habilidade de se tornar o Calvin Klein da Kmart&#8221;.<\/p>\n<p><strong>Site oficial:<\/strong> <a href=\"http:\/\/www.kmart.com\/en_us\/dap\/adam-levine-collection.html\">Kmart<\/a><\/p>\n<h3>Reuni\u00e3o de cria\u00e7\u00e3o<\/h3>\n<p>https:\/\/www.youtube.com\/watch?v=nBuWWngSVvQ<br \/>\nhttps:\/\/www.youtube.com\/watch?v=dRosPHadeFM<br \/>\nhttps:\/\/www.youtube.com\/watch?v=iu22N8ptEvc<br \/>\nhttps:\/\/www.youtube.com\/watch?v=xw2Q4vwhvL8<br \/>\nhttps:\/\/www.youtube.com\/watch?v=LpD-zsjeqG0<\/p>\n<h3>Campanha de Lan\u00e7amento<\/h3>\n<p>https:\/\/www.youtube.com\/watch?v=mYE1iigPa0U<\/p>\n<h3>Cole\u00e7\u00e3o 2014<\/h3>\n<div class=\"fve-video-wrapper fve-image-embed fve-thumbnail-image youtube\" style=\"padding-bottom:75%;\">\n    <iframe loading=\"lazy\" src=\"\/\/www.youtube.com\/embed\/uzUwmTeafDQ?wmode=transparent&#038;modestbranding=1&#038;autohide=1&#038;showinfo=0&#038;rel=0\" width=\"100%\" height=\"100%\" frameborder=\"0\" webkitAllowFullScreen mozallowfullscreen allowFullScreen><\/iframe>    <\/div>\n<h3>Cole\u00e7\u00e3o 2015<\/h3>\n<div class=\"fve-video-wrapper fve-image-embed fve-thumbnail-image youtube\" style=\"padding-bottom:75%;\">\n    <iframe loading=\"lazy\" src=\"\/\/www.youtube.com\/embed\/D_0XWdzmjn0?wmode=transparent&#038;modestbranding=1&#038;autohide=1&#038;showinfo=0&#038;rel=0\" width=\"100%\" height=\"100%\" frameborder=\"0\" webkitAllowFullScreen mozallowfullscreen allowFullScreen><\/iframe>    <\/div>\n<h3>Cole\u00e7\u00e3o 2016<\/h3>\n<div class=\"fve-video-wrapper fve-image-embed fve-thumbnail-image youtube\" style=\"padding-bottom:75%;\">\n    <iframe loading=\"lazy\" src=\"\/\/www.youtube.com\/embed\/zMr0Di5J1hA?wmode=transparent&#038;modestbranding=1&#038;autohide=1&#038;showinfo=0&#038;rel=0\" width=\"100%\" height=\"100%\" frameborder=\"0\" webkitAllowFullScreen mozallowfullscreen allowFullScreen><\/iframe>    <\/div>\n","protected":false},"excerpt":{"rendered":"<p>Em 2013, Adam Levine e a rede de lojas Kmart anunciaram o lan\u00e7amento de uma linha de roupas assinadas pelo cantor. Composta inicialmente por pe\u00e7as masculinas, a linha \u00e9 um reflexo do estilo descompromissado do m\u00fasico, com roupas leves, vers\u00e1teis e acess\u00edveis. As pe\u00e7as foram desenvolvidas pelo estilista Kevin Christiana em parceria com o vocalista [&hellip;]<\/p>\n","protected":false},"author":1,"featured_media":15403,"parent":22826,"menu_order":0,"comment_status":"closed","ping_status":"closed","template":"","meta":{"_themeisle_gutenberg_block_has_review":false,"footnotes":""},"class_list":["post-22845","page","type-page","status-publish","has-post-thumbnail","hentry"],"_links":{"self":[{"href":"https:\/\/www.maroon5br.com\/site\/wp-json\/wp\/v2\/pages\/22845","targetHints":{"allow":["GET"]}}],"collection":[{"href":"https:\/\/www.maroon5br.com\/site\/wp-json\/wp\/v2\/pages"}],"about":[{"href":"https:\/\/www.maroon5br.com\/site\/wp-json\/wp\/v2\/types\/page"}],"author":[{"embeddable":true,"href":"https:\/\/www.maroon5br.com\/site\/wp-json\/wp\/v2\/users\/1"}],"replies":[{"embeddable":true,"href":"https:\/\/www.maroon5br.com\/site\/wp-json\/wp\/v2\/comments?post=22845"}],"version-history":[{"count":4,"href":"https:\/\/www.maroon5br.com\/site\/wp-json\/wp\/v2\/pages\/22845\/revisions"}],"predecessor-version":[{"id":22849,"href":"https:\/\/www.maroon5br.com\/site\/wp-json\/wp\/v2\/pages\/22845\/revisions\/22849"}],"up":[{"embeddable":true,"href":"https:\/\/www.maroon5br.com\/site\/wp-json\/wp\/v2\/pages\/22826"}],"wp:featuredmedia":[{"embeddable":true,"href":"https:\/\/www.maroon5br.com\/site\/wp-json\/wp\/v2\/media\/15403"}],"wp:attachment":[{"href":"https:\/\/www.maroon5br.com\/site\/wp-json\/wp\/v2\/media?parent=22845"}],"curies":[{"name":"wp","href":"https:\/\/api.w.org\/{rel}","templated":true}]}}