{"id":23123,"date":"2017-09-25T17:24:24","date_gmt":"2017-09-25T20:24:24","guid":{"rendered":"http:\/\/www.maroon5br.com\/?page_id=23123"},"modified":"2017-12-21T12:22:34","modified_gmt":"2017-12-21T15:22:34","slug":"the-voice-13a-temporada","status":"publish","type":"page","link":"https:\/\/www.maroon5br.com\/site\/maroon5\/cinemaetv\/the-voice\/the-voice-13a-temporada\/","title":{"rendered":"The Voice &#8211; 13\u00aa Temporada"},"content":{"rendered":"<p>No dia 25 de Setembro de 2017 come\u00e7ou, na NBC, a 13\u00aa Temporada do The Voice, que foi marcada por uma nova troca no painel de mentores: Miley Cyrus, que j\u00e1 havia sido mentora na 11\u00aa temporada, retorna ao programa, ao lado dos veteranos Blake Shelton e Adam Levine. A vencedora do Oscar Jennifer Hudson, completa o time de artistas que ocupa as cadeiras girat\u00f3rias.<\/p>\n<p>Durante as rodadas de batalha, um time de peso foi escalado para dar uma ajuda extra aos participantes: Joe Jonas auxiliar\u00e1 o time de Adam Levine, a ex-Destiny`s Child Kelly Rowland se une \u00e0 Jennifer Hudson, Rascal Flatts estar\u00e1 com o time de Blake Shelton e Miley Cyrus chamou o pai, Billy Ray Cyrus, para seu time.<\/p>\n<p>Chloe Kohanski, participante do Team Blake, foi coroada a grande campe\u00e3 da temporada, que chegou ao fim no dia 19 de Dezembro de 2017. Addison Ager, do Team Adam, ficou em segundo lugar na final.<\/p>\n<h3>P\u00f4ster<\/h3>\n<p><img decoding=\"async\" src=\"https:\/\/www.maroon5br.com\/site\/wp-content\/uploads\/2017\/08\/TheVoice13-Poster.jpg\" alt=\"\" width=\"100%\" data-id=\"22717\" \/><\/p>\n<h3>Times<\/h3>\n<blockquote>\n<h2>Team Adam<\/h2>\n<p><img decoding=\"async\" src=\"https:\/\/www.maroon5br.com\/site\/wp-content\/uploads\/2017\/10\/TheVoice-S13-TeamAdam.jpg\" alt=\"\" width=\"100%\" \/><\/p>\n<p><strong>Conselheiro:<\/strong> Joe Jonas<\/p>\n<p><strong>Participantes<\/strong>: Dave Crosby, Brandon Showell, Dylan Gerard, Hannah Mrozak, Adam Pearce, Anthony Alexander, Emily Luther, Brandon Brown, Whitney Fenimore, Jon Mero, Michael Kight, Gary Carpenter<\/p><\/blockquote>\n<blockquote>\n<h2>Team Blake<\/h2>\n<p><img decoding=\"async\" src=\"https:\/\/www.maroon5br.com\/site\/wp-content\/uploads\/2017\/10\/TheVoice-S13-TeamBlake.jpg\" alt=\"\" width=\"100%\" \/><\/p>\n<p><strong>Conselheiro:<\/strong> Rascal Flatts<\/p>\n<p><strong>Participantes:<\/strong> Mitchell Lee, Esera Tuaolo, Keisha Renee, Red Marlow, Adam Cunningham, Noah Mac, Anna Catherine DeHart, Dennis Drummond, Rebecca Brunner, Natalie Stovall, Ryan Scripps, Kristi Hoopes<\/p><\/blockquote>\n<blockquote>\n<h2>Team Jennifer Hudson<\/h2>\n<p><img decoding=\"async\" src=\"https:\/\/www.maroon5br.com\/site\/wp-content\/uploads\/2017\/10\/TheVoice-S13-TeamJennifer.jpg\" alt=\"\" width=\"100%\" \/><\/p>\n<p><strong>Conselheiro:<\/strong> Kelly Rowland<\/p>\n<p><strong>Participantes:<\/strong>  Chris Weaver, Shi-Ann Jones, Lucas Holliday,\u00a0Maharasyi, Davon Fleming, Kathrina Feigh, Alexandra Joyce, Eric Lyn, Stephan Marcellus, Ignatius Carmouche, Meagan McNeal, Jeremiah Miller<\/p><\/blockquote>\n<blockquote>\n<h2>Team Miley<\/h2>\n<p><img decoding=\"async\" src=\"https:\/\/www.maroon5br.com\/site\/wp-content\/uploads\/2017\/10\/TheVoice-S13-TeamMiley.jpg\" alt=\"\" width=\"100%\" \/><\/p>\n<p><strong>Conselheiro:<\/strong> Billy Ray Cyrus<\/p>\n<p><strong>Participantes:<\/strong> Janice Freeman, Brooke Simpson, Ashland Craft, Shilo Gold, Addison Agen, Moriah Formica, Sophia Bollman, Karli Webster, Chloe Kohanski, Illiana Viramontes, Katrina Rose, Megan Rose<\/p><\/blockquote>\n<h3>Fotos<\/h3>\n\n\t\t<style type=\"text\/css\">\n\t\t\t#gallery-1 {\n\t\t\t\tmargin: auto;\n\t\t\t}\n\t\t\t#gallery-1 .gallery-item {\n\t\t\t\tfloat: left;\n\t\t\t\tmargin-top: 10px;\n\t\t\t\ttext-align: center;\n\t\t\t\twidth: 33%;\n\t\t\t}\n\t\t\t#gallery-1 img {\n\t\t\t\tborder: 2px solid #cfcfcf;\n\t\t\t}\n\t\t\t#gallery-1 .gallery-caption {\n\t\t\t\tmargin-left: 0;\n\t\t\t}\n\t\t\t\/* see gallery_shortcode() in wp-includes\/media.php *\/\n\t\t<\/style>\n\t\t<div id='gallery-1' class='gallery galleryid-23123 gallery-columns-3 gallery-size-thumbnail'><dl class='gallery-item'>\n\t\t\t<dt class='gallery-icon landscape'>\n\t\t\t\t<a href='https:\/\/www.maroon5br.com\/site\/maroon5\/cinemaetv\/the-voice\/the-voice-13a-temporada\/thevoice13-promo19\/'><img loading=\"lazy\" decoding=\"async\" width=\"150\" height=\"150\" src=\"https:\/\/www.maroon5br.com\/site\/wp-content\/uploads\/2017\/09\/TheVoice13-Promo19-150x150.jpg\" class=\"attachment-thumbnail size-thumbnail\" alt=\"\" srcset=\"https:\/\/www.maroon5br.com\/site\/wp-content\/uploads\/2017\/09\/TheVoice13-Promo19-150x150.jpg 150w, https:\/\/www.maroon5br.com\/site\/wp-content\/uploads\/2017\/09\/TheVoice13-Promo19-300x300.jpg 300w, https:\/\/www.maroon5br.com\/site\/wp-content\/uploads\/2017\/09\/TheVoice13-Promo19-768x768.jpg 768w, https:\/\/www.maroon5br.com\/site\/wp-content\/uploads\/2017\/09\/TheVoice13-Promo19-380x380.jpg 380w, https:\/\/www.maroon5br.com\/site\/wp-content\/uploads\/2017\/09\/TheVoice13-Promo19-224x224.jpg 224w, https:\/\/www.maroon5br.com\/site\/wp-content\/uploads\/2017\/09\/TheVoice13-Promo19.jpg 1591w\" sizes=\"auto, (max-width: 150px) 100vw, 150px\" \/><\/a>\n\t\t\t<\/dt><\/dl><dl class='gallery-item'>\n\t\t\t<dt class='gallery-icon landscape'>\n\t\t\t\t<a href='https:\/\/www.maroon5br.com\/site\/maroon5\/cinemaetv\/the-voice\/the-voice-13a-temporada\/thevoice13-promo18\/'><img loading=\"lazy\" decoding=\"async\" width=\"150\" height=\"150\" src=\"https:\/\/www.maroon5br.com\/site\/wp-content\/uploads\/2017\/09\/TheVoice13-Promo18-150x150.jpg\" class=\"attachment-thumbnail size-thumbnail\" alt=\"\" srcset=\"https:\/\/www.maroon5br.com\/site\/wp-content\/uploads\/2017\/09\/TheVoice13-Promo18-150x150.jpg 150w, https:\/\/www.maroon5br.com\/site\/wp-content\/uploads\/2017\/09\/TheVoice13-Promo18-300x300.jpg 300w, https:\/\/www.maroon5br.com\/site\/wp-content\/uploads\/2017\/09\/TheVoice13-Promo18-768x768.jpg 768w, https:\/\/www.maroon5br.com\/site\/wp-content\/uploads\/2017\/09\/TheVoice13-Promo18-380x380.jpg 380w, https:\/\/www.maroon5br.com\/site\/wp-content\/uploads\/2017\/09\/TheVoice13-Promo18-224x224.jpg 224w, https:\/\/www.maroon5br.com\/site\/wp-content\/uploads\/2017\/09\/TheVoice13-Promo18.jpg 1000w\" sizes=\"auto, (max-width: 150px) 100vw, 150px\" \/><\/a>\n\t\t\t<\/dt><\/dl><dl class='gallery-item'>\n\t\t\t<dt class='gallery-icon landscape'>\n\t\t\t\t<a href='https:\/\/www.maroon5br.com\/site\/maroon5\/cinemaetv\/the-voice\/the-voice-13a-temporada\/the-voice-season-13-3\/'><img loading=\"lazy\" decoding=\"async\" width=\"225\" height=\"150\" src=\"https:\/\/www.maroon5br.com\/site\/wp-content\/uploads\/2017\/09\/AdamVoice13-225x150.jpg\" class=\"attachment-thumbnail size-thumbnail\" alt=\"\" aria-describedby=\"gallery-1-23126\" srcset=\"https:\/\/www.maroon5br.com\/site\/wp-content\/uploads\/2017\/09\/AdamVoice13-225x150.jpg 225w, https:\/\/www.maroon5br.com\/site\/wp-content\/uploads\/2017\/09\/AdamVoice13-300x200.jpg 300w, https:\/\/www.maroon5br.com\/site\/wp-content\/uploads\/2017\/09\/AdamVoice13-768x513.jpg 768w, https:\/\/www.maroon5br.com\/site\/wp-content\/uploads\/2017\/09\/AdamVoice13-569x380.jpg 569w, https:\/\/www.maroon5br.com\/site\/wp-content\/uploads\/2017\/09\/AdamVoice13-290x193.jpg 290w, https:\/\/www.maroon5br.com\/site\/wp-content\/uploads\/2017\/09\/AdamVoice13-450x300.jpg 450w, https:\/\/www.maroon5br.com\/site\/wp-content\/uploads\/2017\/09\/AdamVoice13-600x400.jpg 600w, https:\/\/www.maroon5br.com\/site\/wp-content\/uploads\/2017\/09\/AdamVoice13.jpg 1000w\" sizes=\"auto, (max-width: 225px) 100vw, 225px\" \/><\/a>\n\t\t\t<\/dt>\n\t\t\t\t<dd class='wp-caption-text gallery-caption' id='gallery-1-23126'>\n\t\t\t\tTHE VOICE &#8212; Season: 13 &#8212; Pictured: Adam Levine &#8212; (Photo by: Andrew Eccles\/NBC)\n\t\t\t\t<\/dd><\/dl><br style=\"clear: both\" \/><dl class='gallery-item'>\n\t\t\t<dt class='gallery-icon portrait'>\n\t\t\t\t<a href='https:\/\/www.maroon5br.com\/site\/maroon5\/cinemaetv\/the-voice\/the-voice-13a-temporada\/the-voice-season-13-2\/'><img loading=\"lazy\" decoding=\"async\" width=\"113\" height=\"150\" src=\"https:\/\/www.maroon5br.com\/site\/wp-content\/uploads\/2017\/09\/AdamVoice13-3-113x150.jpg\" class=\"attachment-thumbnail size-thumbnail\" alt=\"\" aria-describedby=\"gallery-1-23125\" srcset=\"https:\/\/www.maroon5br.com\/site\/wp-content\/uploads\/2017\/09\/AdamVoice13-3-113x150.jpg 113w, https:\/\/www.maroon5br.com\/site\/wp-content\/uploads\/2017\/09\/AdamVoice13-3-225x300.jpg 225w, https:\/\/www.maroon5br.com\/site\/wp-content\/uploads\/2017\/09\/AdamVoice13-3-285x380.jpg 285w, https:\/\/www.maroon5br.com\/site\/wp-content\/uploads\/2017\/09\/AdamVoice13-3.jpg 750w\" sizes=\"auto, (max-width: 113px) 100vw, 113px\" \/><\/a>\n\t\t\t<\/dt>\n\t\t\t\t<dd class='wp-caption-text gallery-caption' id='gallery-1-23125'>\n\t\t\t\tTHE VOICE &#8212; Season: 13 &#8212; Pictured: Adam Levine &#8212; (Photo by: Andrew Eccles\/NBC)\n\t\t\t\t<\/dd><\/dl><dl class='gallery-item'>\n\t\t\t<dt class='gallery-icon landscape'>\n\t\t\t\t<a href='https:\/\/www.maroon5br.com\/site\/maroon5\/cinemaetv\/the-voice\/the-voice-13a-temporada\/the-voice-season-13\/'><img loading=\"lazy\" decoding=\"async\" width=\"225\" height=\"150\" src=\"https:\/\/www.maroon5br.com\/site\/wp-content\/uploads\/2017\/09\/AdamVoice13-2-225x150.jpg\" class=\"attachment-thumbnail size-thumbnail\" alt=\"\" aria-describedby=\"gallery-1-23124\" srcset=\"https:\/\/www.maroon5br.com\/site\/wp-content\/uploads\/2017\/09\/AdamVoice13-2-225x150.jpg 225w, https:\/\/www.maroon5br.com\/site\/wp-content\/uploads\/2017\/09\/AdamVoice13-2-300x200.jpg 300w, https:\/\/www.maroon5br.com\/site\/wp-content\/uploads\/2017\/09\/AdamVoice13-2-768x512.jpg 768w, https:\/\/www.maroon5br.com\/site\/wp-content\/uploads\/2017\/09\/AdamVoice13-2-570x380.jpg 570w, https:\/\/www.maroon5br.com\/site\/wp-content\/uploads\/2017\/09\/AdamVoice13-2-290x193.jpg 290w, https:\/\/www.maroon5br.com\/site\/wp-content\/uploads\/2017\/09\/AdamVoice13-2-450x300.jpg 450w, https:\/\/www.maroon5br.com\/site\/wp-content\/uploads\/2017\/09\/AdamVoice13-2-600x400.jpg 600w, https:\/\/www.maroon5br.com\/site\/wp-content\/uploads\/2017\/09\/AdamVoice13-2.jpg 1000w\" sizes=\"auto, (max-width: 225px) 100vw, 225px\" \/><\/a>\n\t\t\t<\/dt>\n\t\t\t\t<dd class='wp-caption-text gallery-caption' id='gallery-1-23124'>\n\t\t\t\tTHE VOICE &#8212; Season: 13 &#8212; Pictured: Adam Levine &#8212; (Photo by: Andrew Eccles\/NBC)\n\t\t\t\t<\/dd><\/dl><dl class='gallery-item'>\n\t\t\t<dt class='gallery-icon portrait'>\n\t\t\t\t<a href='https:\/\/www.maroon5br.com\/site\/2017\/08\/16\/the-voice-cartaz-oficial-da-13a-temporada\/thevoice13-poster\/'><img loading=\"lazy\" decoding=\"async\" width=\"113\" height=\"150\" src=\"https:\/\/www.maroon5br.com\/site\/wp-content\/uploads\/2017\/08\/TheVoice13-Poster-113x150.jpg\" class=\"attachment-thumbnail size-thumbnail\" alt=\"\" srcset=\"https:\/\/www.maroon5br.com\/site\/wp-content\/uploads\/2017\/08\/TheVoice13-Poster-113x150.jpg 113w, https:\/\/www.maroon5br.com\/site\/wp-content\/uploads\/2017\/08\/TheVoice13-Poster-227x300.jpg 227w, https:\/\/www.maroon5br.com\/site\/wp-content\/uploads\/2017\/08\/TheVoice13-Poster-287x380.jpg 287w, https:\/\/www.maroon5br.com\/site\/wp-content\/uploads\/2017\/08\/TheVoice13-Poster.jpg 634w\" sizes=\"auto, (max-width: 113px) 100vw, 113px\" \/><\/a>\n\t\t\t<\/dt><\/dl><br style=\"clear: both\" \/><dl class='gallery-item'>\n\t\t\t<dt class='gallery-icon landscape'>\n\t\t\t\t<a href='https:\/\/www.maroon5br.com\/site\/2017\/08\/16\/the-voice-cartaz-oficial-da-13a-temporada\/thevoice13-facebook\/'><img loading=\"lazy\" decoding=\"async\" width=\"250\" height=\"94\" src=\"https:\/\/www.maroon5br.com\/site\/wp-content\/uploads\/2017\/08\/TheVoice13-Facebook-250x94.png\" class=\"attachment-thumbnail size-thumbnail\" alt=\"\" srcset=\"https:\/\/www.maroon5br.com\/site\/wp-content\/uploads\/2017\/08\/TheVoice13-Facebook-250x94.png 250w, https:\/\/www.maroon5br.com\/site\/wp-content\/uploads\/2017\/08\/TheVoice13-Facebook-300x113.png 300w, https:\/\/www.maroon5br.com\/site\/wp-content\/uploads\/2017\/08\/TheVoice13-Facebook-768x290.png 768w, https:\/\/www.maroon5br.com\/site\/wp-content\/uploads\/2017\/08\/TheVoice13-Facebook-900x340.png 900w, https:\/\/www.maroon5br.com\/site\/wp-content\/uploads\/2017\/08\/TheVoice13-Facebook.png 1277w\" sizes=\"auto, (max-width: 250px) 100vw, 250px\" \/><\/a>\n\t\t\t<\/dt><\/dl><dl class='gallery-item'>\n\t\t\t<dt class='gallery-icon landscape'>\n\t\t\t\t<a href='https:\/\/www.maroon5br.com\/site\/2017\/08\/12\/tecnicos-do-the-voice-fazem-ensaio-promocional\/thevoice-s13-promo-1\/'><img loading=\"lazy\" decoding=\"async\" width=\"173\" height=\"150\" src=\"https:\/\/www.maroon5br.com\/site\/wp-content\/uploads\/2017\/08\/TheVoice-S13-Promo-1-173x150.jpg\" class=\"attachment-thumbnail size-thumbnail\" alt=\"\" srcset=\"https:\/\/www.maroon5br.com\/site\/wp-content\/uploads\/2017\/08\/TheVoice-S13-Promo-1-173x150.jpg 173w, https:\/\/www.maroon5br.com\/site\/wp-content\/uploads\/2017\/08\/TheVoice-S13-Promo-1-300x260.jpg 300w, https:\/\/www.maroon5br.com\/site\/wp-content\/uploads\/2017\/08\/TheVoice-S13-Promo-1-439x380.jpg 439w, https:\/\/www.maroon5br.com\/site\/wp-content\/uploads\/2017\/08\/TheVoice-S13-Promo-1.jpg 750w\" sizes=\"auto, (max-width: 173px) 100vw, 173px\" \/><\/a>\n\t\t\t<\/dt><\/dl><dl class='gallery-item'>\n\t\t\t<dt class='gallery-icon landscape'>\n\t\t\t\t<a href='https:\/\/www.maroon5br.com\/site\/2017\/08\/12\/tecnicos-do-the-voice-fazem-ensaio-promocional\/thevoice-s13-promo-7\/'><img loading=\"lazy\" decoding=\"async\" width=\"151\" height=\"150\" src=\"https:\/\/www.maroon5br.com\/site\/wp-content\/uploads\/2017\/08\/TheVoice-S13-Promo-7-151x150.jpg\" class=\"attachment-thumbnail size-thumbnail\" alt=\"\" srcset=\"https:\/\/www.maroon5br.com\/site\/wp-content\/uploads\/2017\/08\/TheVoice-S13-Promo-7-151x150.jpg 151w, https:\/\/www.maroon5br.com\/site\/wp-content\/uploads\/2017\/08\/TheVoice-S13-Promo-7-300x297.jpg 300w, https:\/\/www.maroon5br.com\/site\/wp-content\/uploads\/2017\/08\/TheVoice-S13-Promo-7-384x380.jpg 384w, https:\/\/www.maroon5br.com\/site\/wp-content\/uploads\/2017\/08\/TheVoice-S13-Promo-7-224x224.jpg 224w, https:\/\/www.maroon5br.com\/site\/wp-content\/uploads\/2017\/08\/TheVoice-S13-Promo-7.jpg 750w\" sizes=\"auto, (max-width: 151px) 100vw, 151px\" \/><\/a>\n\t\t\t<\/dt><\/dl><br style=\"clear: both\" \/><dl class='gallery-item'>\n\t\t\t<dt class='gallery-icon landscape'>\n\t\t\t\t<a href='https:\/\/www.maroon5br.com\/site\/2017\/08\/12\/tecnicos-do-the-voice-fazem-ensaio-promocional\/thevoice-s13-promo-5\/'><img loading=\"lazy\" decoding=\"async\" width=\"154\" height=\"150\" src=\"https:\/\/www.maroon5br.com\/site\/wp-content\/uploads\/2017\/08\/TheVoice-S13-Promo-5-154x150.jpg\" class=\"attachment-thumbnail size-thumbnail\" alt=\"\" srcset=\"https:\/\/www.maroon5br.com\/site\/wp-content\/uploads\/2017\/08\/TheVoice-S13-Promo-5-154x150.jpg 154w, https:\/\/www.maroon5br.com\/site\/wp-content\/uploads\/2017\/08\/TheVoice-S13-Promo-5-300x293.jpg 300w, https:\/\/www.maroon5br.com\/site\/wp-content\/uploads\/2017\/08\/TheVoice-S13-Promo-5-389x380.jpg 389w, https:\/\/www.maroon5br.com\/site\/wp-content\/uploads\/2017\/08\/TheVoice-S13-Promo-5.jpg 750w\" sizes=\"auto, (max-width: 154px) 100vw, 154px\" \/><\/a>\n\t\t\t<\/dt><\/dl><dl class='gallery-item'>\n\t\t\t<dt class='gallery-icon landscape'>\n\t\t\t\t<a href='https:\/\/www.maroon5br.com\/site\/2017\/08\/12\/tecnicos-do-the-voice-fazem-ensaio-promocional\/thevoice-s13-promo-2\/'><img loading=\"lazy\" decoding=\"async\" width=\"228\" height=\"150\" src=\"https:\/\/www.maroon5br.com\/site\/wp-content\/uploads\/2017\/08\/TheVoice-S13-Promo-2-228x150.jpg\" class=\"attachment-thumbnail size-thumbnail\" alt=\"\" srcset=\"https:\/\/www.maroon5br.com\/site\/wp-content\/uploads\/2017\/08\/TheVoice-S13-Promo-2-228x150.jpg 228w, https:\/\/www.maroon5br.com\/site\/wp-content\/uploads\/2017\/08\/TheVoice-S13-Promo-2-300x198.jpg 300w, https:\/\/www.maroon5br.com\/site\/wp-content\/uploads\/2017\/08\/TheVoice-S13-Promo-2-577x380.jpg 577w, https:\/\/www.maroon5br.com\/site\/wp-content\/uploads\/2017\/08\/TheVoice-S13-Promo-2.jpg 750w\" sizes=\"auto, (max-width: 228px) 100vw, 228px\" \/><\/a>\n\t\t\t<\/dt><\/dl><dl class='gallery-item'>\n\t\t\t<dt class='gallery-icon landscape'>\n\t\t\t\t<a href='https:\/\/www.maroon5br.com\/site\/2017\/08\/12\/tecnicos-do-the-voice-fazem-ensaio-promocional\/thevoice-s13-promo-3\/'><img loading=\"lazy\" decoding=\"async\" width=\"205\" height=\"150\" src=\"https:\/\/www.maroon5br.com\/site\/wp-content\/uploads\/2017\/08\/TheVoice-S13-Promo-3-205x150.jpg\" class=\"attachment-thumbnail size-thumbnail\" alt=\"\" srcset=\"https:\/\/www.maroon5br.com\/site\/wp-content\/uploads\/2017\/08\/TheVoice-S13-Promo-3-205x150.jpg 205w, https:\/\/www.maroon5br.com\/site\/wp-content\/uploads\/2017\/08\/TheVoice-S13-Promo-3-300x220.jpg 300w, https:\/\/www.maroon5br.com\/site\/wp-content\/uploads\/2017\/08\/TheVoice-S13-Promo-3-519x380.jpg 519w, https:\/\/www.maroon5br.com\/site\/wp-content\/uploads\/2017\/08\/TheVoice-S13-Promo-3.jpg 750w\" sizes=\"auto, (max-width: 205px) 100vw, 205px\" \/><\/a>\n\t\t\t<\/dt><\/dl><br style=\"clear: both\" \/>\n\t\t<\/div>\n\n<h3>V\u00eddeos<\/h3>\n<div class=\"fve-video-wrapper fve-image-embed fve-thumbnail-image youtube\" style=\"padding-bottom:75%;\">\n    <iframe loading=\"lazy\" src=\"\/\/www.youtube.com\/embed\/rwfxRE7IAbw?wmode=transparent&#038;modestbranding=1&#038;autohide=1&#038;showinfo=0&#038;rel=0\" width=\"100%\" height=\"100%\" frameborder=\"0\" webkitAllowFullScreen mozallowfullscreen allowFullScreen><\/iframe>    <\/div>\n<div class=\"fve-video-wrapper fve-image-embed fve-thumbnail-image youtube\" style=\"padding-bottom:75%;\">\n    <iframe loading=\"lazy\" src=\"\/\/www.youtube.com\/embed\/f0Ipp5pLG70?wmode=transparent&#038;modestbranding=1&#038;autohide=1&#038;showinfo=0&#038;rel=0\" width=\"100%\" height=\"100%\" frameborder=\"0\" webkitAllowFullScreen mozallowfullscreen allowFullScreen><\/iframe>    <\/div>\n<h3>Vencedor<\/h3>\n<blockquote style=\"text-align: center;\">\n<h2>Chloe Kohanski<\/h2>\n<p><em>Team Blake<\/em><\/p><\/blockquote>\n","protected":false},"excerpt":{"rendered":"<p>No dia 25 de Setembro de 2017 come\u00e7ou, na NBC, a 13\u00aa Temporada do The Voice, que foi marcada por uma nova troca no painel de mentores: Miley Cyrus, que j\u00e1 havia sido mentora na 11\u00aa temporada, retorna ao programa, ao lado dos veteranos Blake Shelton e Adam Levine. A vencedora do Oscar Jennifer Hudson, [&hellip;]<\/p>\n","protected":false},"author":1,"featured_media":23104,"parent":16738,"menu_order":13,"comment_status":"closed","ping_status":"closed","template":"","meta":{"_themeisle_gutenberg_block_has_review":false,"footnotes":""},"class_list":["post-23123","page","type-page","status-publish","has-post-thumbnail","hentry"],"_links":{"self":[{"href":"https:\/\/www.maroon5br.com\/site\/wp-json\/wp\/v2\/pages\/23123","targetHints":{"allow":["GET"]}}],"collection":[{"href":"https:\/\/www.maroon5br.com\/site\/wp-json\/wp\/v2\/pages"}],"about":[{"href":"https:\/\/www.maroon5br.com\/site\/wp-json\/wp\/v2\/types\/page"}],"author":[{"embeddable":true,"href":"https:\/\/www.maroon5br.com\/site\/wp-json\/wp\/v2\/users\/1"}],"replies":[{"embeddable":true,"href":"https:\/\/www.maroon5br.com\/site\/wp-json\/wp\/v2\/comments?post=23123"}],"version-history":[{"count":8,"href":"https:\/\/www.maroon5br.com\/site\/wp-json\/wp\/v2\/pages\/23123\/revisions"}],"predecessor-version":[{"id":23807,"href":"https:\/\/www.maroon5br.com\/site\/wp-json\/wp\/v2\/pages\/23123\/revisions\/23807"}],"up":[{"embeddable":true,"href":"https:\/\/www.maroon5br.com\/site\/wp-json\/wp\/v2\/pages\/16738"}],"wp:featuredmedia":[{"embeddable":true,"href":"https:\/\/www.maroon5br.com\/site\/wp-json\/wp\/v2\/media\/23104"}],"wp:attachment":[{"href":"https:\/\/www.maroon5br.com\/site\/wp-json\/wp\/v2\/media?parent=23123"}],"curies":[{"name":"wp","href":"https:\/\/api.w.org\/{rel}","templated":true}]}}