{"id":23200,"date":"2017-09-27T16:45:09","date_gmt":"2017-09-27T19:45:09","guid":{"rendered":"http:\/\/www.maroon5br.com\/?page_id=23200"},"modified":"2017-09-27T16:45:09","modified_gmt":"2017-09-27T19:45:09","slug":"222-by-first-act","status":"publish","type":"page","link":"https:\/\/www.maroon5br.com\/site\/maroon5\/projetos\/222-by-first-act\/","title":{"rendered":"222 by First Act"},"content":{"rendered":"<p>Lan\u00e7ada em 2008, a linha<strong> &#8220;222 by First Act&#8221;<\/strong> nasceu de uma parceria entre Adam Levine e a empresa de instrumentos musicais First Act. Desenvolvida para m\u00fasicos iniciantes, a linha consiste por 22 produtos musicais, entre eles viol\u00f5es, guitarras, amplificadores, cordas de guitarra e palhetas.<\/p>\n<p><strong>&#8220;Eu fiz essa parceria com a First Act porque o objetivo deles \u00e9 facilitar o acesso \u00e0 m\u00fasica,&#8221;<\/strong> explicou Adam no lan\u00e7amento. <strong>&#8220;Eles s\u00e3o focados nisso, e eu tamb\u00e9m &#8211; e eu acho que isso \u00e9 uma coisa incr\u00edvel. Juntos, n\u00f3s criamos uma s\u00e9rie para inspirar os novos m\u00fasicos e batizamos com meu n\u00famero da sorte &#8211; 222.&#8221;<\/strong><\/p>\n<h3>Fotos<\/h3>\n\n\t\t<style type=\"text\/css\">\n\t\t\t#gallery-1 {\n\t\t\t\tmargin: auto;\n\t\t\t}\n\t\t\t#gallery-1 .gallery-item {\n\t\t\t\tfloat: left;\n\t\t\t\tmargin-top: 10px;\n\t\t\t\ttext-align: center;\n\t\t\t\twidth: 33%;\n\t\t\t}\n\t\t\t#gallery-1 img {\n\t\t\t\tborder: 2px solid #cfcfcf;\n\t\t\t}\n\t\t\t#gallery-1 .gallery-caption {\n\t\t\t\tmargin-left: 0;\n\t\t\t}\n\t\t\t\/* see gallery_shortcode() in wp-includes\/media.php *\/\n\t\t<\/style>\n\t\t<div id='gallery-1' class='gallery galleryid-23200 gallery-columns-3 gallery-size-thumbnail'><dl class='gallery-item'>\n\t\t\t<dt class='gallery-icon portrait'>\n\t\t\t\t<a href='https:\/\/www.maroon5br.com\/site\/maroon5\/projetos\/222-by-first-act\/firstact-01\/'><img loading=\"lazy\" decoding=\"async\" width=\"62\" height=\"150\" src=\"https:\/\/www.maroon5br.com\/site\/wp-content\/uploads\/2017\/09\/FirstAct-01-62x150.jpg\" class=\"attachment-thumbnail size-thumbnail\" alt=\"\" srcset=\"https:\/\/www.maroon5br.com\/site\/wp-content\/uploads\/2017\/09\/FirstAct-01-62x150.jpg 62w, https:\/\/www.maroon5br.com\/site\/wp-content\/uploads\/2017\/09\/FirstAct-01-123x300.jpg 123w, https:\/\/www.maroon5br.com\/site\/wp-content\/uploads\/2017\/09\/FirstAct-01-156x380.jpg 156w, https:\/\/www.maroon5br.com\/site\/wp-content\/uploads\/2017\/09\/FirstAct-01.jpg 554w\" sizes=\"auto, (max-width: 62px) 100vw, 62px\" \/><\/a>\n\t\t\t<\/dt><\/dl><dl class='gallery-item'>\n\t\t\t<dt class='gallery-icon landscape'>\n\t\t\t\t<a href='https:\/\/www.maroon5br.com\/site\/maroon5\/projetos\/222-by-first-act\/firstact-02\/'><img loading=\"lazy\" decoding=\"async\" width=\"150\" height=\"150\" src=\"https:\/\/www.maroon5br.com\/site\/wp-content\/uploads\/2017\/09\/FirstAct-02-150x150.jpg\" class=\"attachment-thumbnail size-thumbnail\" alt=\"\" srcset=\"https:\/\/www.maroon5br.com\/site\/wp-content\/uploads\/2017\/09\/FirstAct-02-150x150.jpg 150w, https:\/\/www.maroon5br.com\/site\/wp-content\/uploads\/2017\/09\/FirstAct-02-300x300.jpg 300w, https:\/\/www.maroon5br.com\/site\/wp-content\/uploads\/2017\/09\/FirstAct-02-768x768.jpg 768w, https:\/\/www.maroon5br.com\/site\/wp-content\/uploads\/2017\/09\/FirstAct-02-380x380.jpg 380w, https:\/\/www.maroon5br.com\/site\/wp-content\/uploads\/2017\/09\/FirstAct-02-224x224.jpg 224w, https:\/\/www.maroon5br.com\/site\/wp-content\/uploads\/2017\/09\/FirstAct-02.jpg 1500w\" sizes=\"auto, (max-width: 150px) 100vw, 150px\" \/><\/a>\n\t\t\t<\/dt><\/dl><dl class='gallery-item'>\n\t\t\t<dt class='gallery-icon landscape'>\n\t\t\t\t<a href='https:\/\/www.maroon5br.com\/site\/maroon5\/projetos\/222-by-first-act\/firstact-03\/'><img loading=\"lazy\" decoding=\"async\" width=\"150\" height=\"150\" src=\"https:\/\/www.maroon5br.com\/site\/wp-content\/uploads\/2017\/09\/FirstAct-03-150x150.jpg\" class=\"attachment-thumbnail size-thumbnail\" alt=\"\" srcset=\"https:\/\/www.maroon5br.com\/site\/wp-content\/uploads\/2017\/09\/FirstAct-03-150x150.jpg 150w, https:\/\/www.maroon5br.com\/site\/wp-content\/uploads\/2017\/09\/FirstAct-03-300x300.jpg 300w, https:\/\/www.maroon5br.com\/site\/wp-content\/uploads\/2017\/09\/FirstAct-03-768x768.jpg 768w, https:\/\/www.maroon5br.com\/site\/wp-content\/uploads\/2017\/09\/FirstAct-03-380x380.jpg 380w, https:\/\/www.maroon5br.com\/site\/wp-content\/uploads\/2017\/09\/FirstAct-03-224x224.jpg 224w, https:\/\/www.maroon5br.com\/site\/wp-content\/uploads\/2017\/09\/FirstAct-03.jpg 1024w\" sizes=\"auto, (max-width: 150px) 100vw, 150px\" \/><\/a>\n\t\t\t<\/dt><\/dl><br style=\"clear: both\" \/><dl class='gallery-item'>\n\t\t\t<dt class='gallery-icon portrait'>\n\t\t\t\t<a href='https:\/\/www.maroon5br.com\/site\/maroon5\/projetos\/222-by-first-act\/firstact-04\/'><img loading=\"lazy\" decoding=\"async\" width=\"62\" height=\"150\" src=\"https:\/\/www.maroon5br.com\/site\/wp-content\/uploads\/2017\/09\/FirstAct-04-62x150.jpg\" class=\"attachment-thumbnail size-thumbnail\" alt=\"\" srcset=\"https:\/\/www.maroon5br.com\/site\/wp-content\/uploads\/2017\/09\/FirstAct-04-62x150.jpg 62w, https:\/\/www.maroon5br.com\/site\/wp-content\/uploads\/2017\/09\/FirstAct-04-124x300.jpg 124w, https:\/\/www.maroon5br.com\/site\/wp-content\/uploads\/2017\/09\/FirstAct-04-157x380.jpg 157w, https:\/\/www.maroon5br.com\/site\/wp-content\/uploads\/2017\/09\/FirstAct-04.jpg 621w\" sizes=\"auto, (max-width: 62px) 100vw, 62px\" \/><\/a>\n\t\t\t<\/dt><\/dl><dl class='gallery-item'>\n\t\t\t<dt class='gallery-icon portrait'>\n\t\t\t\t<a href='https:\/\/www.maroon5br.com\/site\/maroon5\/projetos\/222-by-first-act\/firstact-05\/'><img loading=\"lazy\" decoding=\"async\" width=\"72\" height=\"150\" src=\"https:\/\/www.maroon5br.com\/site\/wp-content\/uploads\/2017\/09\/FirstAct-05-72x150.jpg\" class=\"attachment-thumbnail size-thumbnail\" alt=\"\" srcset=\"https:\/\/www.maroon5br.com\/site\/wp-content\/uploads\/2017\/09\/FirstAct-05-72x150.jpg 72w, https:\/\/www.maroon5br.com\/site\/wp-content\/uploads\/2017\/09\/FirstAct-05-144x300.jpg 144w, https:\/\/www.maroon5br.com\/site\/wp-content\/uploads\/2017\/09\/FirstAct-05-182x380.jpg 182w, https:\/\/www.maroon5br.com\/site\/wp-content\/uploads\/2017\/09\/FirstAct-05.jpg 736w\" sizes=\"auto, (max-width: 72px) 100vw, 72px\" \/><\/a>\n\t\t\t<\/dt><\/dl>\n\t\t\t<br style='clear: both' \/>\n\t\t<\/div>\n\n<h3>Campanha<\/h3>\n<div class=\"fve-video-wrapper fve-image-embed fve-thumbnail-image youtube\" style=\"padding-bottom:75%;\">\n    <iframe loading=\"lazy\" src=\"\/\/www.youtube.com\/embed\/47qKqtV8FY8?wmode=transparent&#038;modestbranding=1&#038;autohide=1&#038;showinfo=0&#038;rel=0\" width=\"100%\" height=\"100%\" frameborder=\"0\" webkitAllowFullScreen mozallowfullscreen allowFullScreen><\/iframe>    <\/div>\n","protected":false},"excerpt":{"rendered":"<p>Lan\u00e7ada em 2008, a linha &#8220;222 by First Act&#8221; nasceu de uma parceria entre Adam Levine e a empresa de instrumentos musicais First Act. Desenvolvida para m\u00fasicos iniciantes, a linha consiste por 22 produtos musicais, entre eles viol\u00f5es, guitarras, amplificadores, cordas de guitarra e palhetas. &#8220;Eu fiz essa parceria com a First Act porque o [&hellip;]<\/p>\n","protected":false},"author":1,"featured_media":23206,"parent":22826,"menu_order":0,"comment_status":"closed","ping_status":"closed","template":"","meta":{"_themeisle_gutenberg_block_has_review":false,"footnotes":""},"class_list":["post-23200","page","type-page","status-publish","has-post-thumbnail","hentry"],"_links":{"self":[{"href":"https:\/\/www.maroon5br.com\/site\/wp-json\/wp\/v2\/pages\/23200","targetHints":{"allow":["GET"]}}],"collection":[{"href":"https:\/\/www.maroon5br.com\/site\/wp-json\/wp\/v2\/pages"}],"about":[{"href":"https:\/\/www.maroon5br.com\/site\/wp-json\/wp\/v2\/types\/page"}],"author":[{"embeddable":true,"href":"https:\/\/www.maroon5br.com\/site\/wp-json\/wp\/v2\/users\/1"}],"replies":[{"embeddable":true,"href":"https:\/\/www.maroon5br.com\/site\/wp-json\/wp\/v2\/comments?post=23200"}],"version-history":[{"count":1,"href":"https:\/\/www.maroon5br.com\/site\/wp-json\/wp\/v2\/pages\/23200\/revisions"}],"predecessor-version":[{"id":23207,"href":"https:\/\/www.maroon5br.com\/site\/wp-json\/wp\/v2\/pages\/23200\/revisions\/23207"}],"up":[{"embeddable":true,"href":"https:\/\/www.maroon5br.com\/site\/wp-json\/wp\/v2\/pages\/22826"}],"wp:featuredmedia":[{"embeddable":true,"href":"https:\/\/www.maroon5br.com\/site\/wp-json\/wp\/v2\/media\/23206"}],"wp:attachment":[{"href":"https:\/\/www.maroon5br.com\/site\/wp-json\/wp\/v2\/media?parent=23200"}],"curies":[{"name":"wp","href":"https:\/\/api.w.org\/{rel}","templated":true}]}}