{"id":23428,"date":"2017-10-26T13:53:20","date_gmt":"2017-10-26T16:53:20","guid":{"rendered":"http:\/\/www.maroon5br.com\/?page_id=23428"},"modified":"2020-08-20T11:39:52","modified_gmt":"2020-08-20T14:39:52","slug":"red-pill-blues-world-tour-2018","status":"publish","type":"page","link":"https:\/\/www.maroon5br.com\/site\/maroon5\/turnes\/red-pill-blues-world-tour-2018\/","title":{"rendered":"Red Pill Blues World Tour 2018\/2019"},"content":{"rendered":"<p>O Maroon 5 anunciou, em Outubro de 2017, a turn\u00ea mundial de divulga\u00e7\u00e3o do \u00e1lbum <strong>&#8220;Red Pill Blues&#8221;<\/strong>. Os shows, que come\u00e7am em Maio de 2018, acontecem inicialmente pelos Estados Unidos, com uma rodada de 33 apresenta\u00e7\u00f5es que cobrem a Calif\u00f3rnia, Texas e Florida, o meio-oeste e, por fim, Nova York. Julia Michaels, colaboradora do \u00e1lbum &#8220;Red Pill Blues&#8221;, foi a artista escolhida para abrir os shows da primeira fase da turn\u00ea.<\/p>\n<p>A setlist da turn\u00ea \u00e9 composta por uma sele\u00e7\u00e3o de 18 hits da carreira da banda e dois covers: &#8220;Rock With You&#8221;, cover de Michael Jackson, foi mesclada com &#8220;Makes Me Wonder&#8221; e &#8220;Forever Young&#8221;, do Alphaville, foi a trilha sonora para uma homenagem da banda feita para Jordan Feldstein, empres\u00e1rio da banda que faleceu no final de 2017.<\/p>\n<p>A segunda fase da turn\u00ea, que passa pela Europa, \u00c1sia e Austr\u00e1lia, foi anunciada em Agosto de 2018 e tem como n\u00famero de abertura a cantora norueguesa Sigrid.<\/p>\n<h3>Setlist<\/h3>\n<blockquote><p>1. What Lovers Do<br \/>\n2. Payphone<br \/>\n3. This Love<br \/>\n4. Misery<br \/>\n5. Sunday Morning<br \/>\n6. Animals<br \/>\n7. One More Night<br \/>\n8. Cold<br \/>\n9. Maps<br \/>\n10. Harder to Breathe<br \/>\n11. Don&#8217;t Wanna Know<br \/>\n12. Love Somebody<br \/>\n13. Wait<br \/>\n14. Makes Me Wonder<br \/>\n15. Rock With You (Michael Jackson cover)<br \/>\n16. Moves Like Jagger<\/p>\n<p>Encore:<br \/>\n17. Forever Young (Alphaville cover)<br \/>\n18. Girls Like You<br \/>\n19. She Will Be Loved<br \/>\n20. Sugar<\/p><\/blockquote>\n<h3>Poster<\/h3>\n<p><img decoding=\"async\" src=\"https:\/\/www.maroon5br.com\/site\/wp-content\/uploads\/2017\/10\/RedPillBluesTour-Poster.jpg\" alt=\"\" width=\"100%\" data-id=\"23449\" \/><\/p>\n<h3>Datas<\/h3>\n<table width=\"650\">\n<tbody>\n<tr>\n<th rowspan=\"1\">Data<\/th>\n<th rowspan=\"1\">Cidade<\/th>\n<th rowspan=\"1\">Local<\/th>\n<\/tr>\n<tr>\n<th colspan=\"3\">Estados Unidos<\/th>\n<\/tr>\n<tr>\n<td>03 de Mar\u00e7o de 2018<\/td>\n<td>Guatemala City<\/td>\n<td>Explanada Cardales de Cayala<\/td>\n<\/tr>\n<tr>\n<td>30 de Maio de 2018<\/td>\n<td>Tacoma, WA<\/td>\n<td>Tacoma Dome<\/td>\n<\/tr>\n<tr>\n<td>1\u00aa de Junho de 2018<\/td>\n<td>Oakland, CA<\/td>\n<td>Oracle Arena<\/td>\n<\/tr>\n<tr>\n<td>2 de Junho de 2018<\/td>\n<td>Sacramento, CA<\/td>\n<td>Golden 1 Center<\/td>\n<\/tr>\n<tr>\n<td>4 de Junho de 2018<\/td>\n<td>Los Angeles, CA<\/td>\n<td>The Forum<\/td>\n<\/tr>\n<tr>\n<td>7 de Junho de 2018<\/td>\n<td>Phoenix, AZ<\/td>\n<td>Talking Stick Resort Arena<\/td>\n<\/tr>\n<tr>\n<td>9 de Junho de 2018<\/td>\n<td>Dallas, TX<\/td>\n<td>American Airlines Center<\/td>\n<\/tr>\n<tr>\n<td>10 de Junho de 2018<\/td>\n<td>Houston, TX<\/td>\n<td>Toyota Center<\/td>\n<\/tr>\n<tr>\n<td>12 de Junho de 2018<\/td>\n<td>San Antonio, TX<\/td>\n<td>AT&amp;T Center<\/td>\n<\/tr>\n<tr>\n<td>14 de Junho de 2018<\/td>\n<td>New Orleans, LA<\/td>\n<td>Smoothie King Center<\/td>\n<\/tr>\n<tr>\n<td>16 de Junho de 2018<\/td>\n<td>Tampa, FL<\/td>\n<td>Amalie Arena<\/td>\n<\/tr>\n<tr>\n<td>17 de Junho de 2018<\/td>\n<td>Ft. Lauderdale, FL<\/td>\n<td>BB&amp;T Center<\/td>\n<\/tr>\n<tr>\n<td>7 de Setembro de 2018<\/td>\n<td>Salt Lake City, UT<\/td>\n<td>Vivint Smart Home Arena<\/td>\n<\/tr>\n<tr>\n<td>9 de Setembro de 2018<\/td>\n<td>Denver, CO<\/td>\n<td>Pepsi Center<\/td>\n<\/tr>\n<tr>\n<td>11 de Setembro de 2018<\/td>\n<td>Kansas City, MO<\/td>\n<td>Sprint Center<\/td>\n<\/tr>\n<tr>\n<td>13 de Setembro de 2018<\/td>\n<td>St Louis, MO<\/td>\n<td>ScottTrade Center<\/td>\n<\/tr>\n<tr>\n<td>14 de Setembro de 2018<\/td>\n<td>Chicago, IL<\/td>\n<td>United Center<\/td>\n<\/tr>\n<tr>\n<td>16 de Setembro de 2018<\/td>\n<td>Milwaukee, WI<\/td>\n<td>Wisconsin Entertainment and Sports Center<\/td>\n<\/tr>\n<tr>\n<td>18 de Setembro de 2018<\/td>\n<td>St. Paul, MN<\/td>\n<td>Xcel Energy Center<\/td>\n<\/tr>\n<tr>\n<td>20 de Setembro de 2018<\/td>\n<td>Indianapolis, IN<\/td>\n<td>Bankers Life Fieldhouse<\/td>\n<\/tr>\n<tr>\n<td>22 de Setembro de 2018<\/td>\n<td>Louisville, KY<\/td>\n<td>KFC Yum! Center<\/td>\n<\/tr>\n<tr>\n<td>23 de Setembro de 2018<\/td>\n<td>Nashville, TN<\/td>\n<td>Bridgestone Arena<\/td>\n<\/tr>\n<tr>\n<td>25 de Setembro de 2018<\/td>\n<td>Columbus, OH<\/td>\n<td>Nationwide Arena<\/td>\n<\/tr>\n<tr>\n<td>27 de Setembro de 2018<\/td>\n<td>Toronto, ON<\/td>\n<td>Air Canada Centre<\/td>\n<\/tr>\n<tr>\n<td>29 de Setembro de 2018<\/td>\n<td>Pittsburgh, PA<\/td>\n<td>PPG Paints Arena<\/td>\n<\/tr>\n<tr>\n<td>30 de Setembro de 2018<\/td>\n<td>Detroit, MI<\/td>\n<td>Little Caesars Arena<\/td>\n<\/tr>\n<tr>\n<td>2 de Outubro de 2018<\/td>\n<td>Washington, DC<\/td>\n<td>Capital One Arena<\/td>\n<\/tr>\n<tr>\n<td>4 de Outubro de 2018<\/td>\n<td>Charlotte, NC<\/td>\n<td>Spectrum Center<\/td>\n<\/tr>\n<tr>\n<td>6 de Outubro de 2018<\/td>\n<td>Newark, NJ<\/td>\n<td>Prudential Center<\/td>\n<\/tr>\n<tr>\n<td>7 de Outubro de 2018<\/td>\n<td>Boston, MA<\/td>\n<td>TD Garden<\/td>\n<\/tr>\n<tr>\n<td>10 de Outubro de 2018<\/td>\n<td>Hartford, CT<\/td>\n<td>XL Center<\/td>\n<\/tr>\n<tr>\n<td>12 de Outubro de 2018<\/td>\n<td>Philadelphia, PA<\/td>\n<td>Wells Fargo Center<\/td>\n<\/tr>\n<tr>\n<td>14 de Outubro de 2018<\/td>\n<td>New York, NY<\/td>\n<td>Madison Square Garden<\/td>\n<\/tr>\n<tr>\n<td>15 de Outubro de 2018<\/td>\n<td>New York, NY<\/td>\n<td>Madison Square Garden<\/td>\n<\/tr>\n<tr>\n<td>30 de Dezembro de 2018<\/td>\n<td>Las Vegas, NV<\/td>\n<td>Mandalay Bay<\/td>\n<\/tr>\n<tr>\n<td>31 de Dezembro de 2018<\/td>\n<td>Las Vegas, NV<\/td>\n<td>Mandalay Bay<\/td>\n<\/tr>\n<tr>\n<th colspan=\"3\">Austr\u00e1lia<\/th>\n<\/tr>\n<tr>\n<td>19 de Fevereiro de 2019<\/td>\n<td>Brisbane<\/td>\n<td>Brisbane Entertainment Centre<\/td>\n<\/tr>\n<tr>\n<td>21 de Fevereiro de 2019<\/td>\n<td>Sydney<\/td>\n<td>Qudos Bank Arena<\/td>\n<\/tr>\n<tr>\n<td>23 de Fevereiro de 2019<\/td>\n<td>Melbourne<\/td>\n<td>Rod Laver Arena<\/td>\n<\/tr>\n<tr>\n<th colspan=\"3\">\u00c1sia<\/th>\n<\/tr>\n<tr>\n<td>25 de Fevereiro de 2019<\/td>\n<td>Tokyo, Jap\u00e3o<\/td>\n<td>Tokyo Dome<\/td>\n<\/tr>\n<tr>\n<td>27 de Fevereiro de 2019<\/td>\n<td>Seoul, Cor\u00e9ia do Sul<\/td>\n<td>Gocheok Sky Dome<\/td>\n<\/tr>\n<tr>\n<td>1 de Mar\u00e7o de 2019<\/td>\n<td>Kaohsiung, Taiwan<\/td>\n<td>National Stadium<\/td>\n<\/tr>\n<tr>\n<td>3 de Mar\u00e7o de 2019<\/td>\n<td>Macau, Macau<\/td>\n<td>Cotai Arena<\/td>\n<\/tr>\n<tr>\n<td>5 de Mar\u00e7o de 2019<\/td>\n<td>Manila, Filipinas<\/td>\n<td>Mall of Asia Arena<\/td>\n<\/tr>\n<tr>\n<td>7 de Mar\u00e7o de 2019<\/td>\n<td>Singapore, Singapura<\/td>\n<td>National Stadium<\/td>\n<\/tr>\n<tr>\n<td>9 de Mar\u00e7o de 2019<\/td>\n<td>Bangkok, Tail\u00e2ndia<\/td>\n<td>Challenger Hall<\/td>\n<\/tr>\n<tr>\n<th colspan=\"3\">Europa<\/th>\n<\/tr>\n<tr>\n<td>1 de Junho de 2019<\/td>\n<td>Aalborg, Dinamarca<\/td>\n<td>M\u00f8lleparken<\/td>\n<\/tr>\n<tr>\n<td>3 de Junho de 2019<\/td>\n<td>Cologne, Alemanha<\/td>\n<td>Lanxess Arena<\/td>\n<\/tr>\n<tr>\n<td>5 de Junho de 2019<\/td>\n<td>Prague, Rep\u00fablica Checa<\/td>\n<td>O2\u00a0Arena<\/td>\n<\/tr>\n<tr>\n<td>6 de Junho de 2019<\/td>\n<td>Krak\u00f3w, Pol\u00f4nia<\/td>\n<td>Tauron Arena<\/td>\n<\/tr>\n<tr>\n<td>8 de Junho de 2019<\/td>\n<td>London, Inglaterra<\/td>\n<td>Wembley Stadium<\/td>\n<\/tr>\n<tr>\n<td>10 de Junho de 2019<\/td>\n<td>Amsterdam, Holanda<\/td>\n<td>Ziggo Dome<\/td>\n<\/tr>\n<tr>\n<td>11 de Junho de 2019<\/td>\n<td>Paris, Fran\u00e7a<\/td>\n<td>AccorHotels Arena<\/td>\n<\/tr>\n<tr>\n<th colspan=\"3\">Oriente M\u00e9dio<\/th>\n<\/tr>\n<tr>\n<td>14 de Junho de 2019<\/td>\n<td>Dubai, Emirados \u00c1rabes<\/td>\n<td>Coca-Cola Arena<\/td>\n<\/tr>\n<tr>\n<th colspan=\"3\">Am\u00e9rica do Sul<\/th>\n<\/tr>\n<tr>\n<td>31 de Agosto de 2019<\/td>\n<td>Willemstad,Cura\u00e7ao<\/td>\n<td>World Trade Center Piscadera Bay<\/td>\n<\/tr>\n<tr>\n<th colspan=\"3\">Am\u00e9rica do Norte<\/th>\n<\/tr>\n<tr>\n<td>25 de Outubro de 2019<\/td>\n<td>Hollywood, FL<\/td>\n<td>Seminole Hard Rock Hotel &amp; Casino<\/td>\n<\/tr>\n<tr>\n<td>30 de Dezembro de 2019<\/td>\n<td>Las Vegas<\/td>\n<td>Mandalay Bay Events Center<\/td>\n<\/tr>\n<tr>\n<td>31 de Dezembro de 2019<\/td>\n<td>Las Vegas<\/td>\n<td>Mandalay Bay Events Center<\/td>\n<\/tr>\n<\/tbody>\n<\/table>\n","protected":false},"excerpt":{"rendered":"<p>O Maroon 5 anunciou, em Outubro de 2017, a turn\u00ea mundial de divulga\u00e7\u00e3o do \u00e1lbum &#8220;Red Pill Blues&#8221;. Os shows, que come\u00e7am em Maio de 2018, acontecem inicialmente pelos Estados Unidos, com uma rodada de 33 apresenta\u00e7\u00f5es que cobrem a Calif\u00f3rnia, Texas e Florida, o meio-oeste e, por fim, Nova York. Julia Michaels, colaboradora do [&hellip;]<\/p>\n","protected":false},"author":1,"featured_media":23313,"parent":9750,"menu_order":14,"comment_status":"closed","ping_status":"closed","template":"","meta":{"_themeisle_gutenberg_block_has_review":false,"footnotes":""},"class_list":["post-23428","page","type-page","status-publish","has-post-thumbnail","hentry"],"_links":{"self":[{"href":"https:\/\/www.maroon5br.com\/site\/wp-json\/wp\/v2\/pages\/23428","targetHints":{"allow":["GET"]}}],"collection":[{"href":"https:\/\/www.maroon5br.com\/site\/wp-json\/wp\/v2\/pages"}],"about":[{"href":"https:\/\/www.maroon5br.com\/site\/wp-json\/wp\/v2\/types\/page"}],"author":[{"embeddable":true,"href":"https:\/\/www.maroon5br.com\/site\/wp-json\/wp\/v2\/users\/1"}],"replies":[{"embeddable":true,"href":"https:\/\/www.maroon5br.com\/site\/wp-json\/wp\/v2\/comments?post=23428"}],"version-history":[{"count":8,"href":"https:\/\/www.maroon5br.com\/site\/wp-json\/wp\/v2\/pages\/23428\/revisions"}],"predecessor-version":[{"id":26585,"href":"https:\/\/www.maroon5br.com\/site\/wp-json\/wp\/v2\/pages\/23428\/revisions\/26585"}],"up":[{"embeddable":true,"href":"https:\/\/www.maroon5br.com\/site\/wp-json\/wp\/v2\/pages\/9750"}],"wp:featuredmedia":[{"embeddable":true,"href":"https:\/\/www.maroon5br.com\/site\/wp-json\/wp\/v2\/media\/23313"}],"wp:attachment":[{"href":"https:\/\/www.maroon5br.com\/site\/wp-json\/wp\/v2\/media?parent=23428"}],"curies":[{"name":"wp","href":"https:\/\/api.w.org\/{rel}","templated":true}]}}