{"id":25101,"date":"2018-11-16T20:11:35","date_gmt":"2018-11-16T23:11:35","guid":{"rendered":"http:\/\/www.maroon5br.com\/?page_id=25101"},"modified":"2018-11-16T20:11:35","modified_gmt":"2018-11-16T23:11:35","slug":"sugar-youtube-premium","status":"publish","type":"page","link":"https:\/\/www.maroon5br.com\/site\/maroon5\/cinemaetv\/sugar-youtube-premium\/","title":{"rendered":"Sugar (YouTube Premium)"},"content":{"rendered":"<p>Inspirados pelo enorme sucesso do videoclipe &#8220;Sugar&#8221;, do Maroon 5, Adam Levine e o diretor David Dobkin receberam o sinal verde do YouTube para produzir uma s\u00e9rie de mesmo nome, com a premissa de que a cada epis\u00f3dio um artista faria uma surpresa para um f\u00e3 que fizesse a diferen\u00e7a em suas comunidades.<\/p>\n<p>Al\u00e9m de Adam e David, a s\u00e9rie tamb\u00e9m contou com produ\u00e7\u00e3o executiva de Jay Renfroe, David Garfinkle, Megan Wolpert Dobkin, Josh Gummersall, e Todd Yasui. A dire\u00e7\u00e3o ficou por conta de Alex Van Wagner a produ\u00e7\u00e3o foi assinada pelos est\u00fadios 222 Productions e Renegade 83. A primeira temporada estreou no dia 15 de Agosto de 2018.<\/p>\n<h3>Trailer<\/h3>\n<div class=\"fve-video-wrapper fve-image-embed fve-thumbnail-image youtube\" style=\"padding-bottom:75%;\">\n    <iframe loading=\"lazy\" src=\"\/\/www.youtube.com\/embed\/0_tVjrlKIGA?wmode=transparent&#038;modestbranding=1&#038;autohide=1&#038;showinfo=0&#038;rel=0\" width=\"100%\" height=\"100%\" frameborder=\"0\" webkitAllowFullScreen mozallowfullscreen allowFullScreen><\/iframe>    <\/div>\n<h3>Epis\u00f3dios<\/h3>\n<h4>Primeira temporada<\/h4>\n<blockquote><p><strong>S01E01 &#8211; Maroon 5 surpreende uma adolescente com a festa do ano<\/strong><br \/>\nEstrelando: Maroon 5<br \/>\nDirigido por: David Dobkin<\/p><\/blockquote>\n<blockquote><p><strong>S01E02 &#8211; A$AP Ferg encanta um merecedor professor de escola p\u00fablica de NYC<\/strong><br \/>\nEstrelando: A$AP Ferg<br \/>\nDirigido por: David Dobkin<\/p><\/blockquote>\n<blockquote><p><strong>S01E03 &#8211; Fifth Harmony surpreende uma f\u00e3 incr\u00edvel e seu grupo de dan\u00e7a de cadeirantes<\/strong><br \/>\nEstrelando: Fifth Harmony<br \/>\nDirigido por: Alex van Wagner<\/p><\/blockquote>\n<blockquote><p><strong>S01E04 &#8211; Bad Bunny retribui a um f\u00e3 surdo que adora dan\u00e7ar<\/strong><br \/>\nEstrelando: Bad Bunny<br \/>\nDirigido por: Alex van Wagner<\/p><\/blockquote>\n<blockquote><p><strong>S01E05 &#8211; Charlie Puth faz uma performance surpresa para uma f\u00e3 em seu anivers\u00e1rio de 17 anos<\/strong><br \/>\nEstrelando: Charlie Puth<br \/>\nDirigido por: Alex van Wagner<\/p><\/blockquote>\n<blockquote><p><strong>S01E06 &#8211; Snoop Dogg surpreende um jovem pai que est\u00e1 tentando mudar de vida<\/strong><br \/>\nEstrelando: Snoop Dogg<br \/>\nDirigido por: Alex van Wagner<\/p><\/blockquote>\n<blockquote><p><strong>S01E07 &#8211; Kelly Clarkson se infiltra em casamento de f\u00e3 em sua primeira dan\u00e7a<\/strong><br \/>\nEstrelando: Kelly Clarkson<br \/>\nDirigido por: Alex van Wagner<\/p><\/blockquote>\n<blockquote><p><strong>S01E08 &#8211; Blake Shelton faz surpresa para f\u00e3 que se inspirou em sua m\u00fasica enquanto estava em cuidado adotivo<\/strong><br \/>\nEstrelando: Blake Shelton<br \/>\nDirigido por: Alex van Wagner<\/p><\/blockquote>\n","protected":false},"excerpt":{"rendered":"<p>Inspirados pelo enorme sucesso do videoclipe &#8220;Sugar&#8221;, do Maroon 5, Adam Levine e o diretor David Dobkin receberam o sinal verde do YouTube para produzir uma s\u00e9rie de mesmo nome, com a premissa de que a cada epis\u00f3dio um artista faria uma surpresa para um f\u00e3 que fizesse a diferen\u00e7a em suas comunidades. Al\u00e9m de [&hellip;]<\/p>\n","protected":false},"author":1,"featured_media":25103,"parent":9685,"menu_order":0,"comment_status":"closed","ping_status":"closed","template":"","meta":{"_themeisle_gutenberg_block_has_review":false,"footnotes":""},"class_list":["post-25101","page","type-page","status-publish","has-post-thumbnail","hentry"],"_links":{"self":[{"href":"https:\/\/www.maroon5br.com\/site\/wp-json\/wp\/v2\/pages\/25101","targetHints":{"allow":["GET"]}}],"collection":[{"href":"https:\/\/www.maroon5br.com\/site\/wp-json\/wp\/v2\/pages"}],"about":[{"href":"https:\/\/www.maroon5br.com\/site\/wp-json\/wp\/v2\/types\/page"}],"author":[{"embeddable":true,"href":"https:\/\/www.maroon5br.com\/site\/wp-json\/wp\/v2\/users\/1"}],"replies":[{"embeddable":true,"href":"https:\/\/www.maroon5br.com\/site\/wp-json\/wp\/v2\/comments?post=25101"}],"version-history":[{"count":2,"href":"https:\/\/www.maroon5br.com\/site\/wp-json\/wp\/v2\/pages\/25101\/revisions"}],"predecessor-version":[{"id":25104,"href":"https:\/\/www.maroon5br.com\/site\/wp-json\/wp\/v2\/pages\/25101\/revisions\/25104"}],"up":[{"embeddable":true,"href":"https:\/\/www.maroon5br.com\/site\/wp-json\/wp\/v2\/pages\/9685"}],"wp:featuredmedia":[{"embeddable":true,"href":"https:\/\/www.maroon5br.com\/site\/wp-json\/wp\/v2\/media\/25103"}],"wp:attachment":[{"href":"https:\/\/www.maroon5br.com\/site\/wp-json\/wp\/v2\/media?parent=25101"}],"curies":[{"name":"wp","href":"https:\/\/api.w.org\/{rel}","templated":true}]}}