{"id":25612,"date":"2019-03-26T11:26:28","date_gmt":"2019-03-26T14:26:28","guid":{"rendered":"http:\/\/www.maroon5br.com\/?page_id=25612"},"modified":"2019-05-27T16:16:58","modified_gmt":"2019-05-27T19:16:58","slug":"the-voice-16a-temporada","status":"publish","type":"page","link":"https:\/\/www.maroon5br.com\/site\/maroon5\/cinemaetv\/the-voice\/the-voice-16a-temporada\/","title":{"rendered":"The Voice &#8211; 16\u00aa Temporada"},"content":{"rendered":"<p>John Legend, vencedor de Emmy, Grammy, Oscars e Tonys, chegou para movimentar o time de t\u00e9cnicos Adam Levine, Blake Shelton e Kelly Clarkson na 16\u00aa Temporada do The Voice, que come\u00e7ou no dia 25 de Fevereiro de 2019.<\/p>\n<p>Outra grande novidade da temporada \u00e9 a entrada do &#8220;Live Cross Battles&#8221;, rodada que substitui a etapa de Knockouts. Nesta etapa, os quatro times fizeram uma nova rodada de batalhas, mas desta vez os cantores precisaram disputar com participantes de outros times, para selecionar quem segue para a pr\u00f3xima fase, resultando com times completamente imprevis\u00edveis.<\/p>\n<p>Charlie Puth, Kelsea Ballerini (que foi a t\u00e9cnica do &#8220;Comeback Stage&#8221; na temporada anterior), DJ Khalid e Brooks &amp; Dunn foram os artistas escolhidos para serem os conselheiros desta vez.<\/p>\n<p>A temporada chegou ao fim no dia 21 de Maio, com a vit\u00f3ria de Maelyn Jarmon, do Team John, ap\u00f3s uma final disputad\u00edssima com tr\u00eas integrantes do time de Blake Shelton.<\/p>\n<h3>P\u00f4ster<\/h3>\n<figure class=\"wp-block-image\"><img decoding=\"async\" class=\"wp-image-24647\" src=\"https:\/\/www.maroon5br.com\/site\/wp-content\/uploads\/2019\/01\/TheVoice-S16-Poster.jpg\" alt=\"\" \/><\/figure>\n<h3>Times<\/h3>\n<blockquote class=\"wp-block-quote\">\n<h2>Team Adam<\/h2>\n<p><img decoding=\"async\" src=\"https:\/\/www.maroon5br.com\/site\/wp-content\/uploads\/2019\/03\/TheVoice-S16-TeamAdam.jpeg\" alt=\"\" width=\"100%\" \/><\/p>\n<p><strong>Conselheiro:<\/strong> Charlie Puth<\/p>\n<p><strong>Participantes<\/strong>: Trey Rose, Jimmy Mowery, Domenic Haynes, Karly Moreno, Patrick McAloon, L.B. Crew, Ciera Dumas, Mari Jones, Anthony Ortiz, Celia Babini, Kalvin Jarvis, Andrew Jannakos<\/p><\/blockquote>\n<blockquote class=\"wp-block-quote\">\n<h2>Team Blake<\/h2>\n<p><img decoding=\"async\" src=\"https:\/\/www.maroon5br.com\/site\/wp-content\/uploads\/2019\/03\/TheVoice-S16-TeamBlake.jpeg\" alt=\"\" width=\"100%\" \/><\/p>\n<p><strong>Conselheiro:<\/strong> Brooks &amp; Dunn<\/p>\n<p><strong>Participantes:<\/strong> Gyth Rigdon, Kim Cherry, Lili Joy, Hannah Kay, Carter Lloyd Horne, Dexter Roberts, Dalton Dover, Kendra Checketts, Selkii, Andrew Sevener, Cecily Hennigan, Rod Stokes<\/p><\/blockquote>\n<blockquote class=\"wp-block-quote\">\n<h2>Team Kelly<\/h2>\n<p><img decoding=\"async\" src=\"https:\/\/www.maroon5br.com\/site\/wp-content\/uploads\/2019\/03\/TheVoice-S16-TeamKelly.jpeg\" alt=\"\" width=\"100%\" \/><\/p>\n<p><strong>Conselheiro:<\/strong> Kelsea Ballerini<\/p>\n<p><strong>Participantes:<\/strong> Karen Galera, Rizzi Myers, The Bundys, Alena D\u2019Amico, Jej Vincent, Rebecca Howell, Beth Griffith-Marley, Abby Kasch, Mikaela Astel, David Owens, Ashley Tennant, Jackson Marlow<\/p><\/blockquote>\n<blockquote class=\"wp-block-quote\">\n<h2>Team John<\/h2>\n<p><img decoding=\"async\" src=\"https:\/\/www.maroon5br.com\/site\/wp-content\/uploads\/2019\/03\/TheVoice-S16-TeamJohn.jpeg\" alt=\"\" width=\"100%\" \/><\/p>\n<p><strong>Conselheiro:<\/strong> DJ Khalid<\/p>\n<p><strong>Participantes:<\/strong> Maelyn Jarmon, Lisa Ramey, Matthew Johnson, Savannah Brister, Julian King, Talon Cardon, Betsy Ade, Denton Arnell, Oliv Blu, Shawn Sounds, Kaslin Victoria<\/p><\/blockquote>\n<h3>The Comeback Stage<\/h3>\n<p>https:\/\/www.youtube.com\/watch?v=LyZ_Gpcu-5k<\/p>\n<p>A competi\u00e7\u00e3o digital The Comeback Stage, que rola nas redes sociais do programa, voltou com for\u00e7a total! Sob o comando da 5\u00aa t\u00e9cnica, a cantora Bebe Rexha, seis calouros que n\u00e3o foram selecionados pelos mentores durante os Blind Auditions, ganharam uma segunda chance, onde disputaram entre si para concorrer a uma vaga durante os shows ao vivo da 16\u00aa temporada.<\/p>\n<h3>V\u00eddeos<\/h3>\n<div class=\"fve-video-wrapper fve-image-embed fve-thumbnail-image youtube\" style=\"padding-bottom:75%;\">\n    <iframe loading=\"lazy\" src=\"\/\/www.youtube.com\/embed\/GKClsqZBu4k?wmode=transparent&#038;modestbranding=1&#038;autohide=1&#038;showinfo=0&#038;rel=0\" width=\"100%\" height=\"100%\" frameborder=\"0\" webkitAllowFullScreen mozallowfullscreen allowFullScreen><\/iframe>    <\/div>\n<p><a href=\"https:\/\/www.youtube.com\/watch?v=Zp4LnVK8cxE\">https:\/\/www.youtube.com\/watch?v=Zp4LnVK8cxE<\/a><\/p>\n<h3>Vencedor<\/h3>\n<blockquote>\n<h2>Maelyn Jarmon<\/h2>\n<p><em>Team John<\/em><\/p><\/blockquote>\n<h3>Fotos<\/h3>\n\n\t\t<style type=\"text\/css\">\n\t\t\t#gallery-1 {\n\t\t\t\tmargin: auto;\n\t\t\t}\n\t\t\t#gallery-1 .gallery-item {\n\t\t\t\tfloat: left;\n\t\t\t\tmargin-top: 10px;\n\t\t\t\ttext-align: center;\n\t\t\t\twidth: 33%;\n\t\t\t}\n\t\t\t#gallery-1 img {\n\t\t\t\tborder: 2px solid #cfcfcf;\n\t\t\t}\n\t\t\t#gallery-1 .gallery-caption {\n\t\t\t\tmargin-left: 0;\n\t\t\t}\n\t\t\t\/* see gallery_shortcode() in wp-includes\/media.php *\/\n\t\t<\/style>\n\t\t<div id='gallery-1' class='gallery galleryid-25612 gallery-columns-3 gallery-size-thumbnail'><dl class='gallery-item'>\n\t\t\t<dt class='gallery-icon landscape'>\n\t\t\t\t<a href='https:\/\/www.maroon5br.com\/site\/maroon5\/cinemaetv\/the-voice\/the-voice-16a-temporada\/thevoice-s16e04-01\/'><img loading=\"lazy\" decoding=\"async\" width=\"225\" height=\"150\" src=\"https:\/\/www.maroon5br.com\/site\/wp-content\/uploads\/2019\/03\/TheVoice-S16E04-01-225x150.jpeg\" class=\"attachment-thumbnail size-thumbnail\" alt=\"\" srcset=\"https:\/\/www.maroon5br.com\/site\/wp-content\/uploads\/2019\/03\/TheVoice-S16E04-01-225x150.jpeg 225w, https:\/\/www.maroon5br.com\/site\/wp-content\/uploads\/2019\/03\/TheVoice-S16E04-01-300x200.jpeg 300w, https:\/\/www.maroon5br.com\/site\/wp-content\/uploads\/2019\/03\/TheVoice-S16E04-01-768x512.jpeg 768w, https:\/\/www.maroon5br.com\/site\/wp-content\/uploads\/2019\/03\/TheVoice-S16E04-01-570x380.jpeg 570w, https:\/\/www.maroon5br.com\/site\/wp-content\/uploads\/2019\/03\/TheVoice-S16E04-01-290x193.jpeg 290w, https:\/\/www.maroon5br.com\/site\/wp-content\/uploads\/2019\/03\/TheVoice-S16E04-01-450x300.jpeg 450w, https:\/\/www.maroon5br.com\/site\/wp-content\/uploads\/2019\/03\/TheVoice-S16E04-01-600x400.jpeg 600w, https:\/\/www.maroon5br.com\/site\/wp-content\/uploads\/2019\/03\/TheVoice-S16E04-01.jpeg 1260w\" sizes=\"auto, (max-width: 225px) 100vw, 225px\" \/><\/a>\n\t\t\t<\/dt><\/dl><dl class='gallery-item'>\n\t\t\t<dt class='gallery-icon portrait'>\n\t\t\t\t<a href='https:\/\/www.maroon5br.com\/site\/maroon5\/cinemaetv\/the-voice\/the-voice-16a-temporada\/thevoice-s16e05-01\/'><img loading=\"lazy\" decoding=\"async\" width=\"100\" height=\"150\" src=\"https:\/\/www.maroon5br.com\/site\/wp-content\/uploads\/2019\/03\/TheVoice-S16E05-01-100x150.jpeg\" class=\"attachment-thumbnail size-thumbnail\" alt=\"\" srcset=\"https:\/\/www.maroon5br.com\/site\/wp-content\/uploads\/2019\/03\/TheVoice-S16E05-01-100x150.jpeg 100w, https:\/\/www.maroon5br.com\/site\/wp-content\/uploads\/2019\/03\/TheVoice-S16E05-01-200x300.jpeg 200w, https:\/\/www.maroon5br.com\/site\/wp-content\/uploads\/2019\/03\/TheVoice-S16E05-01-768x1152.jpeg 768w, https:\/\/www.maroon5br.com\/site\/wp-content\/uploads\/2019\/03\/TheVoice-S16E05-01-253x380.jpeg 253w, https:\/\/www.maroon5br.com\/site\/wp-content\/uploads\/2019\/03\/TheVoice-S16E05-01.jpeg 1260w\" sizes=\"auto, (max-width: 100px) 100vw, 100px\" \/><\/a>\n\t\t\t<\/dt><\/dl><dl class='gallery-item'>\n\t\t\t<dt class='gallery-icon landscape'>\n\t\t\t\t<a href='https:\/\/www.maroon5br.com\/site\/maroon5\/cinemaetv\/the-voice\/the-voice-16a-temporada\/thevoice-s16e04-02\/'><img loading=\"lazy\" decoding=\"async\" width=\"225\" height=\"150\" src=\"https:\/\/www.maroon5br.com\/site\/wp-content\/uploads\/2019\/03\/TheVoice-S16E04-02-225x150.jpeg\" class=\"attachment-thumbnail size-thumbnail\" alt=\"\" srcset=\"https:\/\/www.maroon5br.com\/site\/wp-content\/uploads\/2019\/03\/TheVoice-S16E04-02-225x150.jpeg 225w, https:\/\/www.maroon5br.com\/site\/wp-content\/uploads\/2019\/03\/TheVoice-S16E04-02-300x200.jpeg 300w, https:\/\/www.maroon5br.com\/site\/wp-content\/uploads\/2019\/03\/TheVoice-S16E04-02-768x512.jpeg 768w, https:\/\/www.maroon5br.com\/site\/wp-content\/uploads\/2019\/03\/TheVoice-S16E04-02-570x380.jpeg 570w, https:\/\/www.maroon5br.com\/site\/wp-content\/uploads\/2019\/03\/TheVoice-S16E04-02-290x193.jpeg 290w, https:\/\/www.maroon5br.com\/site\/wp-content\/uploads\/2019\/03\/TheVoice-S16E04-02-450x300.jpeg 450w, https:\/\/www.maroon5br.com\/site\/wp-content\/uploads\/2019\/03\/TheVoice-S16E04-02-600x400.jpeg 600w, https:\/\/www.maroon5br.com\/site\/wp-content\/uploads\/2019\/03\/TheVoice-S16E04-02.jpeg 1260w\" sizes=\"auto, (max-width: 225px) 100vw, 225px\" \/><\/a>\n\t\t\t<\/dt><\/dl><br style=\"clear: both\" \/><dl class='gallery-item'>\n\t\t\t<dt class='gallery-icon portrait'>\n\t\t\t\t<a href='https:\/\/www.maroon5br.com\/site\/2019\/03\/05\/the-voice-the-blind-auditions-parte-3-2\/thevoice-s16e03-03\/'><img loading=\"lazy\" decoding=\"async\" width=\"100\" height=\"150\" src=\"https:\/\/www.maroon5br.com\/site\/wp-content\/uploads\/2019\/03\/TheVoice-S16E03-03-100x150.jpeg\" class=\"attachment-thumbnail size-thumbnail\" alt=\"\" srcset=\"https:\/\/www.maroon5br.com\/site\/wp-content\/uploads\/2019\/03\/TheVoice-S16E03-03-100x150.jpeg 100w, https:\/\/www.maroon5br.com\/site\/wp-content\/uploads\/2019\/03\/TheVoice-S16E03-03-200x300.jpeg 200w, https:\/\/www.maroon5br.com\/site\/wp-content\/uploads\/2019\/03\/TheVoice-S16E03-03-768x1152.jpeg 768w, https:\/\/www.maroon5br.com\/site\/wp-content\/uploads\/2019\/03\/TheVoice-S16E03-03-253x380.jpeg 253w, https:\/\/www.maroon5br.com\/site\/wp-content\/uploads\/2019\/03\/TheVoice-S16E03-03.jpeg 1260w\" sizes=\"auto, (max-width: 100px) 100vw, 100px\" \/><\/a>\n\t\t\t<\/dt><\/dl><dl class='gallery-item'>\n\t\t\t<dt class='gallery-icon landscape'>\n\t\t\t\t<a href='https:\/\/www.maroon5br.com\/site\/2019\/03\/05\/the-voice-the-blind-auditions-parte-3-2\/thevoice-s16e03-02\/'><img loading=\"lazy\" decoding=\"async\" width=\"225\" height=\"150\" src=\"https:\/\/www.maroon5br.com\/site\/wp-content\/uploads\/2019\/03\/TheVoice-S16E03-02-225x150.jpeg\" class=\"attachment-thumbnail size-thumbnail\" alt=\"\" srcset=\"https:\/\/www.maroon5br.com\/site\/wp-content\/uploads\/2019\/03\/TheVoice-S16E03-02-225x150.jpeg 225w, https:\/\/www.maroon5br.com\/site\/wp-content\/uploads\/2019\/03\/TheVoice-S16E03-02-300x200.jpeg 300w, https:\/\/www.maroon5br.com\/site\/wp-content\/uploads\/2019\/03\/TheVoice-S16E03-02-768x512.jpeg 768w, https:\/\/www.maroon5br.com\/site\/wp-content\/uploads\/2019\/03\/TheVoice-S16E03-02-570x380.jpeg 570w, https:\/\/www.maroon5br.com\/site\/wp-content\/uploads\/2019\/03\/TheVoice-S16E03-02-290x193.jpeg 290w, https:\/\/www.maroon5br.com\/site\/wp-content\/uploads\/2019\/03\/TheVoice-S16E03-02-450x300.jpeg 450w, https:\/\/www.maroon5br.com\/site\/wp-content\/uploads\/2019\/03\/TheVoice-S16E03-02-600x400.jpeg 600w, https:\/\/www.maroon5br.com\/site\/wp-content\/uploads\/2019\/03\/TheVoice-S16E03-02.jpeg 1260w\" sizes=\"auto, (max-width: 225px) 100vw, 225px\" \/><\/a>\n\t\t\t<\/dt><\/dl><dl class='gallery-item'>\n\t\t\t<dt class='gallery-icon landscape'>\n\t\t\t\t<a href='https:\/\/www.maroon5br.com\/site\/2019\/03\/05\/the-voice-the-blind-auditions-parte-3-2\/thevoice-s16e03-01\/'><img loading=\"lazy\" decoding=\"async\" width=\"225\" height=\"150\" src=\"https:\/\/www.maroon5br.com\/site\/wp-content\/uploads\/2019\/03\/TheVoice-S16E03-01-225x150.jpeg\" class=\"attachment-thumbnail size-thumbnail\" alt=\"\" srcset=\"https:\/\/www.maroon5br.com\/site\/wp-content\/uploads\/2019\/03\/TheVoice-S16E03-01-225x150.jpeg 225w, https:\/\/www.maroon5br.com\/site\/wp-content\/uploads\/2019\/03\/TheVoice-S16E03-01-300x200.jpeg 300w, https:\/\/www.maroon5br.com\/site\/wp-content\/uploads\/2019\/03\/TheVoice-S16E03-01-768x512.jpeg 768w, https:\/\/www.maroon5br.com\/site\/wp-content\/uploads\/2019\/03\/TheVoice-S16E03-01-570x380.jpeg 570w, https:\/\/www.maroon5br.com\/site\/wp-content\/uploads\/2019\/03\/TheVoice-S16E03-01-290x193.jpeg 290w, https:\/\/www.maroon5br.com\/site\/wp-content\/uploads\/2019\/03\/TheVoice-S16E03-01-450x300.jpeg 450w, https:\/\/www.maroon5br.com\/site\/wp-content\/uploads\/2019\/03\/TheVoice-S16E03-01-600x400.jpeg 600w, https:\/\/www.maroon5br.com\/site\/wp-content\/uploads\/2019\/03\/TheVoice-S16E03-01.jpeg 1260w\" sizes=\"auto, (max-width: 225px) 100vw, 225px\" \/><\/a>\n\t\t\t<\/dt><\/dl><br style=\"clear: both\" \/><dl class='gallery-item'>\n\t\t\t<dt class='gallery-icon landscape'>\n\t\t\t\t<a href='https:\/\/www.maroon5br.com\/site\/2019\/02\/27\/the-voice-saiba-como-foi-o-segundo-dia-de-blind-auditions\/thevoice-s16-coaches\/'><img loading=\"lazy\" decoding=\"async\" width=\"225\" height=\"150\" src=\"https:\/\/www.maroon5br.com\/site\/wp-content\/uploads\/2019\/02\/TheVoice-S16-Coaches-225x150.jpeg\" class=\"attachment-thumbnail size-thumbnail\" alt=\"\" srcset=\"https:\/\/www.maroon5br.com\/site\/wp-content\/uploads\/2019\/02\/TheVoice-S16-Coaches-225x150.jpeg 225w, https:\/\/www.maroon5br.com\/site\/wp-content\/uploads\/2019\/02\/TheVoice-S16-Coaches-300x200.jpeg 300w, https:\/\/www.maroon5br.com\/site\/wp-content\/uploads\/2019\/02\/TheVoice-S16-Coaches-569x380.jpeg 569w, https:\/\/www.maroon5br.com\/site\/wp-content\/uploads\/2019\/02\/TheVoice-S16-Coaches-290x193.jpeg 290w, https:\/\/www.maroon5br.com\/site\/wp-content\/uploads\/2019\/02\/TheVoice-S16-Coaches-450x300.jpeg 450w, https:\/\/www.maroon5br.com\/site\/wp-content\/uploads\/2019\/02\/TheVoice-S16-Coaches-600x400.jpeg 600w, https:\/\/www.maroon5br.com\/site\/wp-content\/uploads\/2019\/02\/TheVoice-S16-Coaches.jpeg 737w\" sizes=\"auto, (max-width: 225px) 100vw, 225px\" \/><\/a>\n\t\t\t<\/dt><\/dl><dl class='gallery-item'>\n\t\t\t<dt class='gallery-icon landscape'>\n\t\t\t\t<a href='https:\/\/www.maroon5br.com\/site\/2019\/02\/26\/the-voice-comeca-a-16a-temporada\/thevoice-s16e01-03\/'><img loading=\"lazy\" decoding=\"async\" width=\"225\" height=\"150\" src=\"https:\/\/www.maroon5br.com\/site\/wp-content\/uploads\/2019\/02\/TheVoice-S16E01-03-225x150.jpeg\" class=\"attachment-thumbnail size-thumbnail\" alt=\"\" srcset=\"https:\/\/www.maroon5br.com\/site\/wp-content\/uploads\/2019\/02\/TheVoice-S16E01-03-225x150.jpeg 225w, https:\/\/www.maroon5br.com\/site\/wp-content\/uploads\/2019\/02\/TheVoice-S16E01-03-300x200.jpeg 300w, https:\/\/www.maroon5br.com\/site\/wp-content\/uploads\/2019\/02\/TheVoice-S16E01-03-768x512.jpeg 768w, https:\/\/www.maroon5br.com\/site\/wp-content\/uploads\/2019\/02\/TheVoice-S16E01-03-570x380.jpeg 570w, https:\/\/www.maroon5br.com\/site\/wp-content\/uploads\/2019\/02\/TheVoice-S16E01-03-290x193.jpeg 290w, https:\/\/www.maroon5br.com\/site\/wp-content\/uploads\/2019\/02\/TheVoice-S16E01-03-450x300.jpeg 450w, https:\/\/www.maroon5br.com\/site\/wp-content\/uploads\/2019\/02\/TheVoice-S16E01-03-600x400.jpeg 600w, https:\/\/www.maroon5br.com\/site\/wp-content\/uploads\/2019\/02\/TheVoice-S16E01-03.jpeg 1260w\" sizes=\"auto, (max-width: 225px) 100vw, 225px\" \/><\/a>\n\t\t\t<\/dt><\/dl><dl class='gallery-item'>\n\t\t\t<dt class='gallery-icon landscape'>\n\t\t\t\t<a href='https:\/\/www.maroon5br.com\/site\/2019\/02\/26\/the-voice-comeca-a-16a-temporada\/thevoice-s16e01-02\/'><img loading=\"lazy\" decoding=\"async\" width=\"225\" height=\"150\" src=\"https:\/\/www.maroon5br.com\/site\/wp-content\/uploads\/2019\/02\/TheVoice-S16E01-02-225x150.jpeg\" class=\"attachment-thumbnail size-thumbnail\" alt=\"\" srcset=\"https:\/\/www.maroon5br.com\/site\/wp-content\/uploads\/2019\/02\/TheVoice-S16E01-02-225x150.jpeg 225w, https:\/\/www.maroon5br.com\/site\/wp-content\/uploads\/2019\/02\/TheVoice-S16E01-02-300x200.jpeg 300w, https:\/\/www.maroon5br.com\/site\/wp-content\/uploads\/2019\/02\/TheVoice-S16E01-02-768x512.jpeg 768w, https:\/\/www.maroon5br.com\/site\/wp-content\/uploads\/2019\/02\/TheVoice-S16E01-02-570x380.jpeg 570w, https:\/\/www.maroon5br.com\/site\/wp-content\/uploads\/2019\/02\/TheVoice-S16E01-02-290x193.jpeg 290w, https:\/\/www.maroon5br.com\/site\/wp-content\/uploads\/2019\/02\/TheVoice-S16E01-02-450x300.jpeg 450w, https:\/\/www.maroon5br.com\/site\/wp-content\/uploads\/2019\/02\/TheVoice-S16E01-02-600x400.jpeg 600w, https:\/\/www.maroon5br.com\/site\/wp-content\/uploads\/2019\/02\/TheVoice-S16E01-02.jpeg 1260w\" sizes=\"auto, (max-width: 225px) 100vw, 225px\" \/><\/a>\n\t\t\t<\/dt><\/dl><br style=\"clear: both\" \/><dl class='gallery-item'>\n\t\t\t<dt class='gallery-icon landscape'>\n\t\t\t\t<a href='https:\/\/www.maroon5br.com\/site\/2019\/02\/26\/the-voice-comeca-a-16a-temporada\/thevoice-s16e01-01\/'><img loading=\"lazy\" decoding=\"async\" width=\"225\" height=\"150\" src=\"https:\/\/www.maroon5br.com\/site\/wp-content\/uploads\/2019\/02\/TheVoice-S16E01-01-225x150.jpeg\" class=\"attachment-thumbnail size-thumbnail\" alt=\"\" srcset=\"https:\/\/www.maroon5br.com\/site\/wp-content\/uploads\/2019\/02\/TheVoice-S16E01-01-225x150.jpeg 225w, https:\/\/www.maroon5br.com\/site\/wp-content\/uploads\/2019\/02\/TheVoice-S16E01-01-300x200.jpeg 300w, https:\/\/www.maroon5br.com\/site\/wp-content\/uploads\/2019\/02\/TheVoice-S16E01-01-768x512.jpeg 768w, https:\/\/www.maroon5br.com\/site\/wp-content\/uploads\/2019\/02\/TheVoice-S16E01-01-570x380.jpeg 570w, https:\/\/www.maroon5br.com\/site\/wp-content\/uploads\/2019\/02\/TheVoice-S16E01-01-290x193.jpeg 290w, https:\/\/www.maroon5br.com\/site\/wp-content\/uploads\/2019\/02\/TheVoice-S16E01-01-450x300.jpeg 450w, https:\/\/www.maroon5br.com\/site\/wp-content\/uploads\/2019\/02\/TheVoice-S16E01-01-600x400.jpeg 600w, https:\/\/www.maroon5br.com\/site\/wp-content\/uploads\/2019\/02\/TheVoice-S16E01-01.jpeg 1260w\" sizes=\"auto, (max-width: 225px) 100vw, 225px\" \/><\/a>\n\t\t\t<\/dt><\/dl><dl class='gallery-item'>\n\t\t\t<dt class='gallery-icon portrait'>\n\t\t\t\t<a href='https:\/\/www.maroon5br.com\/site\/2019\/01\/27\/the-voice-nbc-libera-poster-oficial-da-16a-temporada\/thevoice-s16-poster\/'><img loading=\"lazy\" decoding=\"async\" width=\"113\" height=\"150\" src=\"https:\/\/www.maroon5br.com\/site\/wp-content\/uploads\/2019\/01\/TheVoice-S16-Poster-113x150.jpg\" class=\"attachment-thumbnail size-thumbnail\" alt=\"\" srcset=\"https:\/\/www.maroon5br.com\/site\/wp-content\/uploads\/2019\/01\/TheVoice-S16-Poster-113x150.jpg 113w, https:\/\/www.maroon5br.com\/site\/wp-content\/uploads\/2019\/01\/TheVoice-S16-Poster-227x300.jpg 227w, https:\/\/www.maroon5br.com\/site\/wp-content\/uploads\/2019\/01\/TheVoice-S16-Poster-768x1016.jpg 768w, https:\/\/www.maroon5br.com\/site\/wp-content\/uploads\/2019\/01\/TheVoice-S16-Poster-287x380.jpg 287w, https:\/\/www.maroon5br.com\/site\/wp-content\/uploads\/2019\/01\/TheVoice-S16-Poster.jpg 1500w\" sizes=\"auto, (max-width: 113px) 100vw, 113px\" \/><\/a>\n\t\t\t<\/dt><\/dl><dl class='gallery-item'>\n\t\t\t<dt class='gallery-icon landscape'>\n\t\t\t\t<a href='https:\/\/www.maroon5br.com\/site\/2019\/01\/27\/the-voice-nbc-libera-poster-oficial-da-16a-temporada\/thevoice-s16-promo2\/'><img loading=\"lazy\" decoding=\"async\" width=\"250\" height=\"141\" src=\"https:\/\/www.maroon5br.com\/site\/wp-content\/uploads\/2019\/01\/TheVoice-S16-Promo2-250x141.jpg\" class=\"attachment-thumbnail size-thumbnail\" alt=\"\" srcset=\"https:\/\/www.maroon5br.com\/site\/wp-content\/uploads\/2019\/01\/TheVoice-S16-Promo2-250x141.jpg 250w, https:\/\/www.maroon5br.com\/site\/wp-content\/uploads\/2019\/01\/TheVoice-S16-Promo2-300x169.jpg 300w, https:\/\/www.maroon5br.com\/site\/wp-content\/uploads\/2019\/01\/TheVoice-S16-Promo2-768x432.jpg 768w, https:\/\/www.maroon5br.com\/site\/wp-content\/uploads\/2019\/01\/TheVoice-S16-Promo2-675x380.jpg 675w, https:\/\/www.maroon5br.com\/site\/wp-content\/uploads\/2019\/01\/TheVoice-S16-Promo2.jpg 2047w\" sizes=\"auto, (max-width: 250px) 100vw, 250px\" \/><\/a>\n\t\t\t<\/dt><\/dl><br style=\"clear: both\" \/><dl class='gallery-item'>\n\t\t\t<dt class='gallery-icon landscape'>\n\t\t\t\t<a href='https:\/\/www.maroon5br.com\/site\/2019\/01\/27\/the-voice-nbc-libera-poster-oficial-da-16a-temporada\/thevoice-s16-promo1\/'><img loading=\"lazy\" decoding=\"async\" width=\"250\" height=\"83\" src=\"https:\/\/www.maroon5br.com\/site\/wp-content\/uploads\/2019\/01\/TheVoice-S16-Promo1-250x83.jpg\" class=\"attachment-thumbnail size-thumbnail\" alt=\"\" srcset=\"https:\/\/www.maroon5br.com\/site\/wp-content\/uploads\/2019\/01\/TheVoice-S16-Promo1-250x83.jpg 250w, https:\/\/www.maroon5br.com\/site\/wp-content\/uploads\/2019\/01\/TheVoice-S16-Promo1-300x100.jpg 300w, https:\/\/www.maroon5br.com\/site\/wp-content\/uploads\/2019\/01\/TheVoice-S16-Promo1-768x256.jpg 768w, https:\/\/www.maroon5br.com\/site\/wp-content\/uploads\/2019\/01\/TheVoice-S16-Promo1-900x300.jpg 900w, https:\/\/www.maroon5br.com\/site\/wp-content\/uploads\/2019\/01\/TheVoice-S16-Promo1.jpg 1500w\" sizes=\"auto, (max-width: 250px) 100vw, 250px\" \/><\/a>\n\t\t\t<\/dt><\/dl>\n\t\t\t<br style='clear: both' \/>\n\t\t<\/div>\n\n","protected":false},"excerpt":{"rendered":"<p>John Legend, vencedor de Emmy, Grammy, Oscars e Tonys, chegou para movimentar o time de t\u00e9cnicos Adam Levine, Blake Shelton e Kelly Clarkson na 16\u00aa Temporada do The Voice, que come\u00e7ou no dia 25 de Fevereiro de 2019. Outra grande novidade da temporada \u00e9 a entrada do &#8220;Live Cross Battles&#8221;, rodada que substitui a etapa [&hellip;]<\/p>\n","protected":false},"author":1,"featured_media":25384,"parent":16738,"menu_order":16,"comment_status":"closed","ping_status":"closed","template":"","meta":{"_themeisle_gutenberg_block_has_review":false,"footnotes":""},"class_list":["post-25612","page","type-page","status-publish","has-post-thumbnail","hentry"],"_links":{"self":[{"href":"https:\/\/www.maroon5br.com\/site\/wp-json\/wp\/v2\/pages\/25612","targetHints":{"allow":["GET"]}}],"collection":[{"href":"https:\/\/www.maroon5br.com\/site\/wp-json\/wp\/v2\/pages"}],"about":[{"href":"https:\/\/www.maroon5br.com\/site\/wp-json\/wp\/v2\/types\/page"}],"author":[{"embeddable":true,"href":"https:\/\/www.maroon5br.com\/site\/wp-json\/wp\/v2\/users\/1"}],"replies":[{"embeddable":true,"href":"https:\/\/www.maroon5br.com\/site\/wp-json\/wp\/v2\/comments?post=25612"}],"version-history":[{"count":6,"href":"https:\/\/www.maroon5br.com\/site\/wp-json\/wp\/v2\/pages\/25612\/revisions"}],"predecessor-version":[{"id":25810,"href":"https:\/\/www.maroon5br.com\/site\/wp-json\/wp\/v2\/pages\/25612\/revisions\/25810"}],"up":[{"embeddable":true,"href":"https:\/\/www.maroon5br.com\/site\/wp-json\/wp\/v2\/pages\/16738"}],"wp:featuredmedia":[{"embeddable":true,"href":"https:\/\/www.maroon5br.com\/site\/wp-json\/wp\/v2\/media\/25384"}],"wp:attachment":[{"href":"https:\/\/www.maroon5br.com\/site\/wp-json\/wp\/v2\/media?parent=25612"}],"curies":[{"name":"wp","href":"https:\/\/api.w.org\/{rel}","templated":true}]}}