{"id":25644,"date":"2019-04-05T12:06:48","date_gmt":"2019-04-05T15:06:48","guid":{"rendered":"http:\/\/www.maroon5br.com\/?page_id=25644"},"modified":"2020-07-03T00:55:55","modified_gmt":"2020-07-03T03:55:55","slug":"songland","status":"publish","type":"page","link":"https:\/\/www.maroon5br.com\/site\/maroon5\/cinemaetv\/songland\/","title":{"rendered":"Songland"},"content":{"rendered":"<p>Muito antes de um vocalista energizar o p\u00fablico com suas m\u00fasicas ou ter um \u00e1lbum de sucesso, um compositor incrementa sua melodia e letras com emo\u00e7\u00e3o, paix\u00e3o e cora\u00e7\u00e3o.<\/p>\n<p>Com o objetivo de encontrar a pr\u00f3xima gera\u00e7\u00e3o de compositores, a NBC recrutou o produtor do The Voice Audrey Morrissey, Dave Stewart do &#8220;Eurythmics&#8221; e os m\u00fasicos Ryan Tedder e Adam Levine para criar o &#8220;Songland.&#8221; A competi\u00e7\u00e3o cria uma oportunidade \u00fanica para compositores ganharem exposi\u00e7\u00e3o serem ajudados por um time de tr\u00eas produtores musicais que s\u00e3o respons\u00e1veis pelos maiores hits do momento.<\/p>\n<p>Com 11 epis\u00f3dios na primeira temporada, cada programa trar\u00e1 5 compositores apresentando suas can\u00e7\u00f5es originais em frente a tr\u00eas produtores e um cantor em um est\u00fadio intimista. Cada letra, arranjo, melodia e hist\u00f3ria ser\u00e1 considerada pelo painel de mentores enquanto eles tentam encontrar formas criativas de adaptar os elementos para melhor se adequarem ao estilo e sensibilidade do artista da semana.<\/p>\n<p>Depois das apresenta\u00e7\u00f5es, o artista ir\u00e1 escolher tr\u00eas compositores para seguir para o est\u00fadio e formar\u00e3o duplas com o produtor mais indicado para cada m\u00fasica. No est\u00fadio, as m\u00fasicas tomar\u00e3o novas formas para conquistar o artista da semana. No final do programa, um vencedor ser\u00e1 escolhido e sua m\u00fasica ser\u00e1 gravada e lan\u00e7ada como o pr\u00f3ximo single do artista.<\/p>\n<p>A primeira temporada estreia no dia 28 de Maio nos Estados Unidos.<\/p>\n<h3>V\u00eddeo promocional<\/h3>\n<div class=\"fve-video-wrapper fve-image-embed fve-thumbnail-image youtube\" style=\"padding-bottom:75%;\">\n    <iframe loading=\"lazy\" src=\"\/\/www.youtube.com\/embed\/PrvMyPPdaFw?wmode=transparent&#038;modestbranding=1&#038;autohide=1&#038;showinfo=0&#038;rel=0\" width=\"100%\" height=\"100%\" frameborder=\"0\" webkitAllowFullScreen mozallowfullscreen allowFullScreen><\/iframe>    <\/div>\n","protected":false},"excerpt":{"rendered":"<p>Muito antes de um vocalista energizar o p\u00fablico com suas m\u00fasicas ou ter um \u00e1lbum de sucesso, um compositor incrementa sua melodia e letras com emo\u00e7\u00e3o, paix\u00e3o e cora\u00e7\u00e3o. Com o objetivo de encontrar a pr\u00f3xima gera\u00e7\u00e3o de compositores, a NBC recrutou o produtor do The Voice Audrey Morrissey, Dave Stewart do &#8220;Eurythmics&#8221; e os [&hellip;]<\/p>\n","protected":false},"author":1,"featured_media":25310,"parent":9685,"menu_order":0,"comment_status":"closed","ping_status":"closed","template":"","meta":{"_themeisle_gutenberg_block_has_review":false,"footnotes":""},"class_list":["post-25644","page","type-page","status-publish","has-post-thumbnail","hentry"],"_links":{"self":[{"href":"https:\/\/www.maroon5br.com\/site\/wp-json\/wp\/v2\/pages\/25644","targetHints":{"allow":["GET"]}}],"collection":[{"href":"https:\/\/www.maroon5br.com\/site\/wp-json\/wp\/v2\/pages"}],"about":[{"href":"https:\/\/www.maroon5br.com\/site\/wp-json\/wp\/v2\/types\/page"}],"author":[{"embeddable":true,"href":"https:\/\/www.maroon5br.com\/site\/wp-json\/wp\/v2\/users\/1"}],"replies":[{"embeddable":true,"href":"https:\/\/www.maroon5br.com\/site\/wp-json\/wp\/v2\/comments?post=25644"}],"version-history":[{"count":3,"href":"https:\/\/www.maroon5br.com\/site\/wp-json\/wp\/v2\/pages\/25644\/revisions"}],"predecessor-version":[{"id":26486,"href":"https:\/\/www.maroon5br.com\/site\/wp-json\/wp\/v2\/pages\/25644\/revisions\/26486"}],"up":[{"embeddable":true,"href":"https:\/\/www.maroon5br.com\/site\/wp-json\/wp\/v2\/pages\/9685"}],"wp:featuredmedia":[{"embeddable":true,"href":"https:\/\/www.maroon5br.com\/site\/wp-json\/wp\/v2\/media\/25310"}],"wp:attachment":[{"href":"https:\/\/www.maroon5br.com\/site\/wp-json\/wp\/v2\/media?parent=25644"}],"curies":[{"name":"wp","href":"https:\/\/api.w.org\/{rel}","templated":true}]}}