{"id":25724,"date":"2019-05-03T18:27:46","date_gmt":"2019-05-03T21:27:46","guid":{"rendered":"http:\/\/www.maroon5br.com\/?page_id=25724"},"modified":"2023-07-20T16:40:24","modified_gmt":"2023-07-20T19:40:24","slug":"maroon-5-no-brasil-2022","status":"publish","type":"page","link":"https:\/\/www.maroon5br.com\/site\/especiais\/hotsites\/maroon-5-no-brasil-2022\/","title":{"rendered":"Maroon 5 no Brasil 2022"},"content":{"rendered":"\n<h3 class=\"wp-block-heading\">O Show<\/h3>\n\n\n\n<p>O Maroon 5 est\u00e1 de volta! A multiplatinada banda californiana vencedora de tr\u00eas GRAMMY volta ao pa\u00eds como parte da turn\u00ea sul-americana de 2022, produzida pela Live Nation. Com 2 datas no Brasil, o Maroon 5 tamb\u00e9m vai passar pelo M\u00e9xico, Assun\u00e7\u00e3o, Punta Cana e Costa Rica.<\/p>\n\n\n\n<p>No Brasil, a banda ir\u00e1 passar por S\u00e3o Paulo, no Allianz Parque, dia 05 de abril e Porto Alegre no dia 06 de Abril, no Estacionamento da FIERGS. Com show de abertura de J\u00c3O em S\u00e3o Paulo e ZAKA em Porto Alegre.<\/p>\n\n\n\n<p>Os clientes dos cart\u00f5es Elo ter\u00e3o pr\u00e9-venda exclusiva de 15 a 16 de dezembro de 2021, a partir do dia 15, \u00e0s 10h online e \u00e0s 12h na bilheteria oficial. Para o p\u00fablico geral, a venda come\u00e7a no dia 17 de dezembro de 2021, a partir das 10h online e a partir das 12h na bilheteria oficial.<\/p>\n\n\n\n<div class=\"wp-block-essential-blocks-button\"><div class=\"eb-parent-wrapper eb-parent-eb-button-ta7ekwu \"><div class=\"eb-button-wrapper eb-button-alignment eb-button-ta7ekwu\"><div class=\"eb-button\"><a class=\"eb-button-anchor hvr-grow\" href=\"https:\/\/www.eventim.com.br\/artist\/maroon-5\/?affiliate=A1S\" rel=\"noopener\"><strong>ACESSE A P\u00c1GINA OFICIAL DA EVENTIM<\/strong><\/a><\/div><\/div><\/div><\/div>\n\n\n\n<h3 class=\"wp-block-heading\">Poster Oficial<\/h3>\n\n\n\n<figure class=\"wp-block-image alignwide size-large\"><img loading=\"lazy\" decoding=\"async\" width=\"380\" height=\"380\" src=\"https:\/\/www.maroon5br.com\/site\/wp-content\/uploads\/2022\/03\/M5_SG_Feed_ARTWORK-380x380.png\" alt=\"\" class=\"wp-image-27638\" srcset=\"https:\/\/www.maroon5br.com\/site\/wp-content\/uploads\/2022\/03\/M5_SG_Feed_ARTWORK-380x380.png 380w, https:\/\/www.maroon5br.com\/site\/wp-content\/uploads\/2022\/03\/M5_SG_Feed_ARTWORK-300x300.png 300w, https:\/\/www.maroon5br.com\/site\/wp-content\/uploads\/2022\/03\/M5_SG_Feed_ARTWORK-150x150.png 150w, https:\/\/www.maroon5br.com\/site\/wp-content\/uploads\/2022\/03\/M5_SG_Feed_ARTWORK-768x768.png 768w, https:\/\/www.maroon5br.com\/site\/wp-content\/uploads\/2022\/03\/M5_SG_Feed_ARTWORK-224x224.png 224w, https:\/\/www.maroon5br.com\/site\/wp-content\/uploads\/2022\/03\/M5_SG_Feed_ARTWORK-600x600.png 600w, https:\/\/www.maroon5br.com\/site\/wp-content\/uploads\/2022\/03\/M5_SG_Feed_ARTWORK.png 1080w\" sizes=\"auto, (max-width: 380px) 100vw, 380px\" \/><\/figure>\n\n\n\n<h3 class=\"wp-block-heading\">Setlist<\/h3>\n\n\n\n<p class=\"has-text-align-center\">Moves Like Jagger<br>This Love<br>Stereo Hearts<br>One More Night<br>Animals<br>What Lovers Do<br>Makes Me Wonder<br>Wait<br>Maps<br>Harder To Breathe<br>Payphone<br>Lost<br>Beautiful Mistakes<br>Don\u2019t Wanna Know<br>Cold<br>Sunday Morning<br>Girls Like You<\/p>\n\n\n\n<p class=\"has-text-align-center\"><strong>Bis:<\/strong><\/p>\n\n\n\n<p class=\"has-text-align-center\">Memories<br>She Will Be Loved<br>Sugar<\/p>\n\n\n\n<p class=\"has-text-align-center\"><em>A setlist pode sofrer altera\u00e7\u00f5es no dia do show.<\/em><\/p>\n\n\n\n<p class=\"has-text-align-center\"><em>M\u00e9dia de dura\u00e7\u00e3o do show: 1hr<\/em><\/p>\n\n\n\n<iframe loading=\"lazy\" style=\"border-radius:12px\" src=\"https:\/\/open.spotify.com\/embed\/playlist\/1UKszTQ4FUnZTBIwmA0gp9?utm_source=generator&amp;theme=0\" width=\"100%\" height=\"380\" frameborder=\"0\" allowfullscreen=\"\" allow=\"autoplay; clipboard-write; encrypted-media; fullscreen; picture-in-picture\"><\/iframe>\n\n\n\n<h3 class=\"wp-block-heading\">A SURPRESA<\/h3>\n\n\n\n<p>Para 2022, os f\u00e3s de S\u00e3o Paulo e Porto Alegre poder\u00e3o, juntos, desfrutar da surpresa planejada para a banda. A inten\u00e7\u00e3o \u00e9 transformar o est\u00e1dio\/a FIERGS em um lindo jardim, levantando as flores sugeridas (ou qualquer outro elemento floral que os f\u00e3s queiram levar) no refr\u00e3o de &#8220;Beautiful Mistakes&#8221;. <\/p>\n\n\n\n<p>O modelo de flor foi disponibilizado para os f\u00e3s baixarem, imprimirem e recortarem: <a href=\"https:\/\/bit.ly\/m5tour2022bm\" target=\"_blank\" rel=\"noreferrer noopener\">https:\/\/bit.ly\/m5tour2022bm<\/a><\/p>\n\n\n<div class=\"wp-block-image\">\n<figure class=\"aligncenter size-large\"><img loading=\"lazy\" decoding=\"async\" width=\"380\" height=\"380\" src=\"https:\/\/www.maroon5br.com\/site\/wp-content\/uploads\/2022\/03\/GRUPO-surpresa-Copia-380x380.png\" alt=\"\" class=\"wp-image-27652\" srcset=\"https:\/\/www.maroon5br.com\/site\/wp-content\/uploads\/2022\/03\/GRUPO-surpresa-Copia-380x380.png 380w, https:\/\/www.maroon5br.com\/site\/wp-content\/uploads\/2022\/03\/GRUPO-surpresa-Copia-300x300.png 300w, https:\/\/www.maroon5br.com\/site\/wp-content\/uploads\/2022\/03\/GRUPO-surpresa-Copia-150x150.png 150w, https:\/\/www.maroon5br.com\/site\/wp-content\/uploads\/2022\/03\/GRUPO-surpresa-Copia-768x768.png 768w, https:\/\/www.maroon5br.com\/site\/wp-content\/uploads\/2022\/03\/GRUPO-surpresa-Copia-224x224.png 224w, https:\/\/www.maroon5br.com\/site\/wp-content\/uploads\/2022\/03\/GRUPO-surpresa-Copia-600x600.png 600w, https:\/\/www.maroon5br.com\/site\/wp-content\/uploads\/2022\/03\/GRUPO-surpresa-Copia.png 1080w\" sizes=\"auto, (max-width: 380px) 100vw, 380px\" \/><\/figure>\n<\/div>\n\n\n<h3 class=\"wp-block-heading\">INGRESSOS<\/h3>\n\n\n\n<blockquote><h4>S\u00e3o Paulo<\/h4><p><strong>Allianz Parque<\/strong><br>\n<em>05 de Abril de 2022<\/em><\/p><figure><img decoding=\"async\" src=\"https:\/\/www.maroon5br.com\/site\/wp-content\/uploads\/2021\/12\/M5Tour2022-mapa-SP.png\" alt=\"\" width=\"100%\"><\/figure>\n<p><strong>Pista Premium<\/strong><br>\nMeia-Entrada: R$ 375<br>\nInteira: R$ 750<\/p>\n<p><strong>Pista<\/strong><br>\nMeia-Entrada: R$ 210<br>\nInteira: R$ 420<\/p>\n<p><strong>Cadeira Superior<\/strong><br>\nMeia-Entrada: R$ 160<br>\nInteira: R$ 320<\/p>\n<p><strong>Cadeira Inferior<\/strong><br>\nMeia-Entrada: R$ 260<br>\nInteira: R$ 520<\/p><\/blockquote>\n\n\n\n<blockquote><h4>Porto Alegre<\/h4><p><strong>Estacionamento da FIERGS<\/strong><br>\n<em>6 de Abril de 2022<\/em><\/p><figure><img decoding=\"async\" src=\"https:\/\/www.maroon5br.com\/site\/wp-content\/uploads\/2021\/12\/M5Tour2022-mapa-POA.png\" alt=\"\" width=\"100%\"><\/figure>\n<p><strong>Pista<\/strong><br>\nMeia-Entrada: R$ 230<br>\nInteira: R$ 460<\/p>\n<p><strong>Pista Premium<\/strong><br>\nMeia-Entrada: R$ 390<br>\nInteira: R$ 780<\/p><\/blockquote>\n\n\n\n<h3 class=\"wp-block-heading\">INFORMA\u00c7\u00d5ES IMPORTANTES<\/h3>\n\n\n\n<ol class=\"wp-block-list\">\n<li><strong>INGRESSOS COM DESCONTO (MEIA-ENTRADA)<br><\/strong>Certifique-se que voc\u00ea tem direito ao benef\u00edcio da meia-entrada em: <a href=\"https:\/\/help.eventim.com.br\/hc\/pt-br\/categories\/4409831535895-Meia-Entrada\">https:\/\/help.eventim.com.br\/hc\/pt-br\/categories\/4409831535895-Meia-Entrada<\/a><br><\/li>\n\n\n\n<li><strong>VALIDA\u00c7\u00c3O DO INGRESSO ONLINE NO ACESSO DO EVENTO<br><\/strong>Caso opte pela leitura na tela do seu celular, use o PDF enviado. Evite o print de tela, a imagem pode n\u00e3o ser reconhecida pelo leitor.<br><\/li>\n\n\n\n<li><strong>TITULAR DA COMPRA?<br><\/strong>Qualquer problema no acesso ao evento somente poder\u00e1 ser resolvido pelo titular da compra, desta forma, n\u00e3o adquira ingressos em sites de revenda, pois estes podem ser falsos ou estarem cancelados.<\/li>\n<\/ol>\n\n\n\n<p>A EVENTIM Brasil e o MAROON 5 BRASIL n\u00e3o se responsabilizam por quaisquer ingressos comprados de empresas e\/ou pessoas que n\u00e3o sejam canais de vendas oficiais. Os ingressos identificados em atividades de revenda, como em sites de terceiros, redes sociais e at\u00e9 mesmo em vendas presenciais, poder\u00e3o ser cancelados \u00e0 crit\u00e9rio \u00fanico e exclusivo da Eventim, e o valor pago por estes ingressos podem n\u00e3o ser restitu\u00eddos\/ reembolsados.&nbsp;<\/p>\n\n\n\n<h4 class=\"wp-block-heading\">S\u00e3o Paulo<\/h4>\n\n\n\n<p><strong>ALLIANZ PARQUE &#8211; AV. FRANCISCO MATARAZZO, 1705<\/strong><\/p>\n\n\n\n<p><strong>ABERTURA DOS PORT\u00d5ES: 17H \/ SHOW DE ABERTURA: 20H \/ IN\u00cdCIO DO SHOW: 21H<\/strong><\/p>\n\n\n\n<p>Classifica\u00e7\u00e3o et\u00e1ria: 15 anos. Menores de 08 a 14 anos, apenas acompanhados dos pais ou respons\u00e1veis legais. Menores de 08 anos n\u00e3o ter\u00e3o aceso ao evento*<br>*Sujeito a altera\u00e7\u00e3o por Decis\u00e3o Judicial.<\/p>\n\n\n\n<h4 class=\"wp-block-heading\">Porto Alegre<\/h4>\n\n\n\n<p><strong>Centro de Eventos FIERGS \u2013 \u00c1rea Externa, Av. Assis Brasil, 8.787, 91140-001 PORTO ALEGRE<\/strong><\/p>\n\n\n\n<p><strong>ABERTURA DOS PORT\u00d5ES: 18H \/ SHOW DE ABERTURA: 20H \/ IN\u00cdCIO DO SHOW: 21:30H<\/strong><\/p>\n\n\n\n<p>Classifica\u00e7\u00e3o et\u00e1ria: 15 anos. Menores de 08 a 14 anos, apenas acompanhados dos pais ou respons\u00e1veis legais. Menores de 08 anos n\u00e3o ter\u00e3o acesso ao evento*<br>*Sujeito a altera\u00e7\u00e3o por Decis\u00e3o Judicial.<\/p>\n\n\n\n<p>As informa\u00e7\u00f5es acima foram retiradas do site EVENTIM.com.br e podem ser alteradas sem aviso pr\u00e9vio.<a href=\"javascript:history.go(-1);\"><\/a><\/p>\n","protected":false},"excerpt":{"rendered":"<p>O Show O Maroon 5 est\u00e1 de volta! A multiplatinada banda californiana vencedora de tr\u00eas GRAMMY volta ao pa\u00eds como parte da turn\u00ea sul-americana de 2022, produzida pela Live Nation. Com 2 datas no Brasil, o Maroon 5 tamb\u00e9m vai passar pelo M\u00e9xico, Assun\u00e7\u00e3o, Punta Cana e Costa Rica. No Brasil, a banda ir\u00e1 passar [&hellip;]<\/p>\n","protected":false},"author":1,"featured_media":27499,"parent":12506,"menu_order":7,"comment_status":"closed","ping_status":"closed","template":"","meta":{"_themeisle_gutenberg_block_has_review":false,"footnotes":""},"class_list":["post-25724","page","type-page","status-publish","has-post-thumbnail","hentry"],"_links":{"self":[{"href":"https:\/\/www.maroon5br.com\/site\/wp-json\/wp\/v2\/pages\/25724","targetHints":{"allow":["GET"]}}],"collection":[{"href":"https:\/\/www.maroon5br.com\/site\/wp-json\/wp\/v2\/pages"}],"about":[{"href":"https:\/\/www.maroon5br.com\/site\/wp-json\/wp\/v2\/types\/page"}],"author":[{"embeddable":true,"href":"https:\/\/www.maroon5br.com\/site\/wp-json\/wp\/v2\/users\/1"}],"replies":[{"embeddable":true,"href":"https:\/\/www.maroon5br.com\/site\/wp-json\/wp\/v2\/comments?post=25724"}],"version-history":[{"count":31,"href":"https:\/\/www.maroon5br.com\/site\/wp-json\/wp\/v2\/pages\/25724\/revisions"}],"predecessor-version":[{"id":28811,"href":"https:\/\/www.maroon5br.com\/site\/wp-json\/wp\/v2\/pages\/25724\/revisions\/28811"}],"up":[{"embeddable":true,"href":"https:\/\/www.maroon5br.com\/site\/wp-json\/wp\/v2\/pages\/12506"}],"wp:featuredmedia":[{"embeddable":true,"href":"https:\/\/www.maroon5br.com\/site\/wp-json\/wp\/v2\/media\/27499"}],"wp:attachment":[{"href":"https:\/\/www.maroon5br.com\/site\/wp-json\/wp\/v2\/media?parent=25724"}],"curies":[{"name":"wp","href":"https:\/\/api.w.org\/{rel}","templated":true}]}}