{"id":26579,"date":"2020-08-23T22:06:35","date_gmt":"2020-08-24T01:06:35","guid":{"rendered":"http:\/\/www.maroon5br.com\/?page_id=26579"},"modified":"2021-12-20T14:02:08","modified_gmt":"2021-12-20T17:02:08","slug":"2020-2022-tour","status":"publish","type":"page","link":"https:\/\/www.maroon5br.com\/site\/maroon5\/turnes\/2020-2022-tour\/","title":{"rendered":"2020\/2022 Tour"},"content":{"rendered":"\n<p>A 2020 Tour, d\u00e9cima-quinta turn\u00ea do Maroon 5, foi anunciada em Novembro de 2019 e foi marcada por uma nova passagem da banda pela Am\u00e9rica Latina. Ap\u00f3s os shows iniciais pela Cidade do M\u00e9xico e uma pol\u00eamica passagem por Vi\u00f1a del Mar, no Chile, a banda aterrisou no Brasil para uma sequ\u00eancia de quatro shows pelo pa\u00eds, passando por S\u00e3o Paulo, Bras\u00edlia, Recife e finalizando no Rio de Janeiro. No Brasil, a banda Melim ficou respons\u00e1vel pelo n\u00famero de abertura. <\/p>\n\n\n\n<p>Por\u00e9m, enquanto a banda estava na Argentina, onde se apresentariam em Buenos Aires, a pandemia do COVID-19 foi declarada e a banda precisou interromper a turn\u00ea e voltar para Los Angeles. Em Maio de 2020, a banda anunciou a remarca\u00e7\u00e3o dos shows em Buenos Aires e as datas pelos Estados Unidos para o ver\u00e3o de 2021, renomeando a turn\u00ea para 2021 Tour.<\/p>\n\n\n\n<p>Em 2021, o Maroon 5 voltou \u00e0 estrada para uma rodada de shows pelos Estados Unidos, com n\u00famero de abertura do rapper Blackbear e a cantora Ava Max em algumas datas. A nova turn\u00ea foi marcada pela determina\u00e7\u00e3o da banda para que todos os f\u00e3s exibissem comprovante de vacina\u00e7\u00e3o contra COVID ou teste negativo. F\u00e3s sem cart\u00e3o de vacina\u00e7\u00e3o\/teste negativo foram direcionados \u00e0 quiosques presentes para fazerem testes r\u00e1pidos.<\/p>\n\n\n\n<p>No final de 2021, o Maroon 5 anunciou uma nova ida \u00e0 Am\u00e9rica Latina para o ano de 2022. A banda ir\u00e1 passar pela Am\u00e9rica do Sul para refazer os shows previamente adiados por conta da pandemia. Al\u00e9m disso, a banda incluiu dois shows pelo Brasil, nas cidades de S\u00e3o Paulo e Porto Alegre. <\/p>\n\n\n\n<h3 class=\"wp-block-heading\">P\u00f4ster<\/h3>\n\n\n\n<div class=\"wp-block-columns is-layout-flex wp-container-core-columns-is-layout-9d6595d7 wp-block-columns-is-layout-flex\">\n<div class=\"wp-block-column is-layout-flow wp-block-column-is-layout-flow\" style=\"flex-basis:100%\">\n<div class=\"wp-block-columns is-layout-flex wp-container-core-columns-is-layout-9d6595d7 wp-block-columns-is-layout-flex\">\n<div class=\"wp-block-column is-layout-flow wp-block-column-is-layout-flow\">\n<figure class=\"wp-block-image alignfull size-large\"><img loading=\"lazy\" decoding=\"async\" width=\"293\" height=\"380\" src=\"https:\/\/www.maroon5br.com\/site\/wp-content\/uploads\/2020\/08\/Maroon5-2020Tour-Brasil-Poster-e1640019057180-293x380.jpeg\" alt=\"\" class=\"wp-image-26580\" srcset=\"https:\/\/www.maroon5br.com\/site\/wp-content\/uploads\/2020\/08\/Maroon5-2020Tour-Brasil-Poster-e1640019057180-293x380.jpeg 293w, https:\/\/www.maroon5br.com\/site\/wp-content\/uploads\/2020\/08\/Maroon5-2020Tour-Brasil-Poster-e1640019057180-231x300.jpeg 231w, https:\/\/www.maroon5br.com\/site\/wp-content\/uploads\/2020\/08\/Maroon5-2020Tour-Brasil-Poster-e1640019057180-116x150.jpeg 116w, https:\/\/www.maroon5br.com\/site\/wp-content\/uploads\/2020\/08\/Maroon5-2020Tour-Brasil-Poster-e1640019057180-768x996.jpeg 768w, https:\/\/www.maroon5br.com\/site\/wp-content\/uploads\/2020\/08\/Maroon5-2020Tour-Brasil-Poster-e1640019057180-1185x1536.jpeg 1185w, https:\/\/www.maroon5br.com\/site\/wp-content\/uploads\/2020\/08\/Maroon5-2020Tour-Brasil-Poster-e1640019057180.jpeg 1571w\" sizes=\"auto, (max-width: 293px) 100vw, 293px\" \/><\/figure>\n<\/div>\n\n\n\n<div class=\"wp-block-column is-vertically-aligned-top is-layout-flow wp-block-column-is-layout-flow\">\n<figure class=\"wp-block-image alignfull size-large\"><img loading=\"lazy\" decoding=\"async\" width=\"292\" height=\"380\" src=\"https:\/\/www.maroon5br.com\/site\/wp-content\/uploads\/2021\/12\/M5-Tour-2021-292x380.jpg\" alt=\"\" class=\"wp-image-27553\" srcset=\"https:\/\/www.maroon5br.com\/site\/wp-content\/uploads\/2021\/12\/M5-Tour-2021-292x380.jpg 292w, https:\/\/www.maroon5br.com\/site\/wp-content\/uploads\/2021\/12\/M5-Tour-2021-231x300.jpg 231w, https:\/\/www.maroon5br.com\/site\/wp-content\/uploads\/2021\/12\/M5-Tour-2021-115x150.jpg 115w, https:\/\/www.maroon5br.com\/site\/wp-content\/uploads\/2021\/12\/M5-Tour-2021-768x998.jpg 768w, https:\/\/www.maroon5br.com\/site\/wp-content\/uploads\/2021\/12\/M5-Tour-2021-1182x1536.jpg 1182w, https:\/\/www.maroon5br.com\/site\/wp-content\/uploads\/2021\/12\/M5-Tour-2021-1575x2048.jpg 1575w, https:\/\/www.maroon5br.com\/site\/wp-content\/uploads\/2021\/12\/M5-Tour-2021-scaled.jpg 1969w\" sizes=\"auto, (max-width: 292px) 100vw, 292px\" \/><\/figure>\n<\/div>\n\n\n\n<div class=\"wp-block-column is-layout-flow wp-block-column-is-layout-flow\">\n<figure class=\"wp-block-image alignfull size-large\"><img loading=\"lazy\" decoding=\"async\" width=\"288\" height=\"380\" src=\"https:\/\/www.maroon5br.com\/site\/wp-content\/uploads\/2021\/12\/M5Tour2022-Poster-288x380.png\" alt=\"\" class=\"wp-image-27488\" srcset=\"https:\/\/www.maroon5br.com\/site\/wp-content\/uploads\/2021\/12\/M5Tour2022-Poster-288x380.png 288w, https:\/\/www.maroon5br.com\/site\/wp-content\/uploads\/2021\/12\/M5Tour2022-Poster-228x300.png 228w, https:\/\/www.maroon5br.com\/site\/wp-content\/uploads\/2021\/12\/M5Tour2022-Poster-114x150.png 114w, https:\/\/www.maroon5br.com\/site\/wp-content\/uploads\/2021\/12\/M5Tour2022-Poster-768x1012.png 768w, https:\/\/www.maroon5br.com\/site\/wp-content\/uploads\/2021\/12\/M5Tour2022-Poster-1165x1536.png 1165w, https:\/\/www.maroon5br.com\/site\/wp-content\/uploads\/2021\/12\/M5Tour2022-Poster-1554x2048.png 1554w\" sizes=\"auto, (max-width: 288px) 100vw, 288px\" \/><\/figure>\n<\/div>\n<\/div>\n<\/div>\n<\/div>\n\n\n\n<h3 class=\"wp-block-heading\">Setlist<\/h3>\n\n\n\n<h4 class=\"wp-block-heading\">2020 Tour no Brasil<\/h4>\n\n\n\n<p class=\"has-black-color has-text-color has-background\" style=\"background-color:#f5f5f5\">It Was Always You<br>This Love<br>What Lovers Do<br>Makes Me Wonder<br>Payphone<br>Wait<br>Won\u2019t Go Home Without You<br>Maps<br>Moves Like Jagger<br>Lucky Strike<br>Tangled<br>Harder to Breathe<br>Sunday Morning<br>Cold<br>Don\u2019t Wanna Know<br>One More Night<br>Animals<br>Daylight<br>Sugar<br><br><strong>Bis<\/strong><br>Memories<br>She Will Be Loved<br>Girls Like You<\/p>\n\n\n\n<h4 class=\"wp-block-heading\">2021 Tour nos Estados Unidos<\/h4>\n\n\n\n<p class=\"has-black-color has-text-color has-background\" style=\"background-color:#f5f5f5\"><meta charset=\"utf-8\">Moves Like Jagger<br>This Love<br>Stereo Hearts<br>One More Night<br>Animals<br>Love Somebody<br>What Lovers Do<br>Makes Me Wonder<br>Wait<br>Maps<br>Harder To Breathe*<br>Payphone<br>Beautiful Mistakes<br>Lost*<br>Don&#8217;t Wanna Know<br>Cold<br>Sunday Morning<br>Girls Like You<br><br><strong>Bis<\/strong><br>Memories<br>She Will Be Loved<br>Sugar<br><br><em>* M\u00fasicas tocadas apenas em alguns shows<\/em><\/p>\n\n\n\n<p><\/p>\n\n\n\n<h3 class=\"wp-block-heading\">V\u00eddeo Promocional<\/h3>\n\n\n\n<figure class=\"wp-block-embed is-type-video is-provider-youtube wp-block-embed-youtube wp-embed-aspect-16-9 wp-has-aspect-ratio\"><div class=\"wp-block-embed__wrapper\">\n\r\n<div class=\"fve-video-wrapper fve-image-embed fve-thumbnail-image youtube\" style=\"padding-bottom:75%;\">\r\n    <iframe loading=\"lazy\" src=\"\/\/www.youtube.com\/embed\/Qk-e4iTxIqk?wmode=transparent&#038;modestbranding=1&#038;autohide=1&#038;showinfo=0&#038;rel=0\" width=\"100%\" height=\"100%\" frameborder=\"0\" webkitAllowFullScreen mozallowfullscreen allowFullScreen><\/iframe>    <\/div>\r\n\r\n\n<\/div><\/figure>\n\n\n\n<figure class=\"wp-block-embed is-type-video is-provider-youtube wp-block-embed-youtube wp-embed-aspect-16-9 wp-has-aspect-ratio\"><div class=\"wp-block-embed__wrapper\">\n\r\n<div class=\"fve-video-wrapper fve-image-embed fve-thumbnail-image youtube\" style=\"padding-bottom:75%;\">\r\n    <iframe loading=\"lazy\" src=\"\/\/www.youtube.com\/embed\/41cpjgzMzXQ?wmode=transparent&#038;modestbranding=1&#038;autohide=1&#038;showinfo=0&#038;rel=0\" width=\"100%\" height=\"100%\" frameborder=\"0\" webkitAllowFullScreen mozallowfullscreen allowFullScreen><\/iframe>    <\/div>\r\n\r\n\n<\/div><\/figure>\n\n\n\n<h3 class=\"wp-block-heading\">Datas<\/h3>\n\n\n\n<figure class=\"wp-block-table is-style-stripes\"><table><thead>\n<tr>\n<th>Data<\/th>\n<th>Cidade<\/th>\n<th>Local<\/th>\n<\/tr>\n<\/thead>\n<tbody>\n<tr>\n<th colspan=\"3\">Am\u00e9rica do Norte<\/th>\n<\/tr>\n<tr>\n<td>23 de Fevereiro de 2020<\/td>\n<td>Cidade do M\u00e9xico, M\u00e9xico<\/td>\n<td>Foro Sol<\/td>\n<\/tr>\n<tr>\n<td>24 de Fevereiro de 2020<\/td>\n<td>Cidade do M\u00e9xico, M\u00e9xico<\/td>\n<td>Foro Sol<\/td>\n<\/tr>\n<tr>\n<th colspan=\"3\">Am\u00e9rica do Sul<\/th>\n<\/tr>\n<tr>\n<td>27 de Fevereiro de 2020<\/td>\n<td>Vi\u00f1a del Mar, Chile<\/td>\n<td>Quinta Vergara Ampitheater<\/td>\n<\/tr>\n<tr>\n<td>28 de Fevereiro de 2020<\/td>\n<td>Santiago, Chile<\/td>\n<td>Estadio Bicentenario de La Florida<\/td>\n<\/tr>\n<tr>\n<td>1\u00ba de Mar\u00e7o de 2020<\/td>\n<td>S\u00e3o Paulo, Brasil<\/td>\n<td>Allianz Parque<\/td>\n<\/tr>\n<tr>\n<td>3 de Mar\u00e7o de 2020<\/td>\n<td>Bras\u00edlia, Brasil<\/td>\n<td>Est\u00e1dio Nacional Man\u00e9 Garrincha<\/td>\n<\/tr>\n<tr>\n<td>5 de Mar\u00e7o de 2020<\/td>\n<td>Recife, Brasil<\/td>\n<td>Esplanada do Classic Hall<\/td>\n<\/tr>\n<tr>\n<td>7 de Mar\u00e7o de 2020<\/td>\n<td>Rio de Janeiro, Brasil<\/td>\n<td>\u00c1rea Externa da Jeunesse Arena<\/td>\n<\/tr>\n<tr>\n<td>10 de Mar\u00e7o de 2020<\/td>\n<td>Montevideo, Uruguai<\/td>\n<td>Estadio Centenario<\/td>\n<\/tr>\n<tr>\n<th colspan=\"3\">Am\u00e9rica do Norte<\/th>\n<\/tr>\n    <tr>\n      <td>10 de Agosto de 2021<\/td>\n      <td>Auburn, WA<\/td>\n      <td>White River Amphitheatre<\/td>\n    <\/tr>\n    <tr>\n      <td>12 de Agosto de 2021<\/td>\n      <td>Salt Lake City, UT<\/td>\n      <td>USANA Amphitheatre<\/td>\n    <\/tr>\n    <tr>\n      <td>14 de Agosto de 2021<\/td>\n      <td>Albuquerque, NM<\/td>\n      <td>Isleta Amphitheater<\/td>\n    <\/tr>\n    <tr>\n      <td>16 de Agosto de 2021<\/td>\n      <td>Dallas, TX<\/td>\n      <td>Dos Equis Pavilion<\/td>\n    <\/tr>\n    <tr>\n      <td>18 de Agosto de 2021<\/td>\n      <td>Maryland Heights, MI<\/td>\n      <td>Hollywood Caisino Amphitheatre<\/td>\n    <\/tr>\n    <tr>\n      <td>19 de Agosto de 2021<\/td>\n      <td>Milwaukee, WI<\/td>\n      <td>American Family Insurance Amphitheater<\/td>\n    <\/tr>\n    <tr>\n      <td>21 de Agosto de 2021<\/td>\n      <td>Noblesville, IN<\/td>\n      <td>Ruoff Music Center<\/td>\n    <\/tr>\n    <tr>\n      <td>23 de Agosto de 2021<\/td>\n      <td>Clarkston, MI<\/td>\n      <td>DTE Energy Music Theatre<\/td>\n    <\/tr>\n    <tr>\n      <td>25 de Agosto de 2021<\/td>\n      <td>Burgettstown, PA<\/td>\n      <td>S&amp;T Bank Music Park<\/td>\n    <\/tr>\n    <tr>\n      <td>26 de Agosto de 2021<\/td>\n      <td>Cuyahoga Falls, OH<\/td>\n      <td>Blossom Music Center<\/td>\n    <\/tr>\n    <tr>\n      <td>28 de Agosto de 2021<\/td>\n      <td>Cincinnati, OH<\/td>\n      <td>Riverbend Music Center<\/td>\n    <\/tr>\n    <tr>\n      <td>30 de Agosto de 2021<\/td>\n      <td>Chicago, IL<\/td>\n      <td>Wrigley Field<\/td>\n    <\/tr>\n    <tr>\n      <td>1\u00ba de Setembro de 2021<\/td>\n      <td>Darien, NY<\/td>\n      <td>Darien Lake Amphitheater<\/td>\n    <\/tr>\n    <tr>\n      <td>2 de Setembro de 2021<\/td>\n      <td>Toronto, CA<\/td>\n      <td>Budweiser Stage<\/td>\n    <\/tr>\n    <tr>\n      <td>4 de Setembro de 2021<\/td>\n      <td>Camden<\/td>\n      <td>BB&amp;T Pavilion<\/td>\n    <\/tr>\n    <tr>\n      <td>5 de Setembro de 2021<\/td>\n      <td>Hershey, PA<\/td>\n      <td>Hersheypark Stadium<\/td>\n    <\/tr>\n    <tr>\n      <td>7 de Setembro de 2021<\/td>\n      <td>Bristow, VA<\/td>\n      <td>Jiffy Lube Live<\/td>\n    <\/tr>\n    <tr>\n      <td>8 de Setembro de 2021<\/td>\n      <td>Charlotte, NC<\/td>\n      <td>PNC Music Pavilion<\/td>\n    <\/tr>\n    <tr>\n      <td>10 de Setembro de 2021<\/td>\n      <td>Holmdel, NJ<\/td>\n      <td>PNC Bank Arts Center<\/td>\n    <\/tr>\n    <tr>\n      <td>12 de Setembro de 2021<\/td>\n      <td>Boston, MA<\/td>\n      <td>Fenway Park<\/td>\n    <\/tr>\n    <tr>\n      <td>15 de Setembro de 2021<\/td>\n      <td>Raleigh, NC<\/td>\n      <td>Coastal Credit Union Music Park<\/td>\n    <\/tr>\n    <tr>\n      <td>18 de Setembro de 2021<\/td>\n      <td>Atlanta, GA<\/td>\n      <td>Piedmont Park<\/td>\n    <\/tr>\n    <tr>\n      <td>19 de Setembro de 2021<\/td>\n      <td>Atlanta, GA<\/td>\n      <td>Piedmont Park<\/td>\n    <\/tr>\n    <tr>\n      <td>23 de Setembro de 2021<\/td>\n      <td>West Palm Beach, FL<\/td>\n      <td>ITHINK Financial Amphitheatre<\/td>\n    <\/tr>\n    <tr>\n      <td>24 de Setembro de 2021<\/td>\n      <td>Tampa, FL<\/td>\n      <td>MidFlorida Credit Union Amphitheatre<\/td>\n    <\/tr>\n    <tr>\n      <td>27 de Setembro de 2021<\/td>\n      <td>Austin, TX<\/td>\n      <td>Germania Insurance Amphitheater<\/td>\n    <\/tr>\n    <tr>\n      <td>28 de Setembro de 2021<\/td>\n      <td>The Woodlands, TX<\/td>\n      <td>Cynthia Woods Mitchell Pavilion<\/td>\n    <\/tr>\n    <tr>\n      <td>1\u00ba de Outubro de 2021<\/td>\n      <td>Phoenix, AZ<\/td>\n      <td>Ak-Chin Pavilion<\/td>\n    <\/tr>\n    <tr>\n      <td>2 de Outubro de 2021<\/td>\n      <td>Los Angeles, CA<\/td>\n      <td>Banc of California Stadium<\/td>\n    <\/tr>\n    <tr>\n      <td>5 de Outubro de 2021<\/td>\n      <td>Chula Vista, CA<\/td>\n      <td>North Island Credit Union Amphitheatre<\/td>\n    <\/tr>\n    <tr>\n      <td>7 de Outubro de 2021<\/td>\n      <td>Mountain View, CA<\/td>\n      <td>Shoreline Amphitheatre<\/td>\n    <\/tr>\n    <tr>\n      <td>8 de Outubro de 2021<\/td>\n      <td>Concord, CA<\/td>\n      <td>Concord Pavilion<\/td>\n    <\/tr>\n    <tr>\n      <td>23 de Outubro de 2021<\/td>\n      <td>Los Angeles, CA<\/td>\n      <td>Hollywood Bowl<\/td>\n    <\/tr>\n    <tr>\n      <td>30 de Dezembro de 2021<\/td>\n      <td>Las Vegas, NV<\/td>\n      <td>Cosmopolitan of Las Vegas<\/td>\n    <\/tr>\n    <tr>\n      <td>31 de Dezembro de 2021<\/td>\n      <td>Las Vegas, NV<\/td>\n      <td>Cosmopolitan of Las Vegas<\/td>\n    <\/tr>\n<tr>\n<th colspan=\"3\">Am\u00e9rica do Sul<\/th>\n<\/tr>\n    <tr>\n      <td>26 de Mar\u00e7o de 2022<\/td>\n      <td>Santo Domingo, Rep\u00fablica Dominicana<\/td>\n      <td>Estadio Quisqueya<\/td>\n    <\/tr>\n    <tr>\n      <td>28 de Mar\u00e7o de 2022<\/td>\n      <td>San Juan, PR<\/td>\n      <td>Coliseo De Puerto Rico<\/td>\n    <\/tr>\n    <tr>\n      <td>30 de Mar\u00e7o de 2022<\/td>\n      <td>Cidade do M\u00e9xico, MX<\/td>\n      <td>Foro Sol<\/td>\n    <\/tr>\n    <tr>\n      <td>1\u00ba de Abril de 2022<\/td>\n      <td>Monterrey, MX<\/td>\n      <td>Fundidora Park<\/td>\n    <\/tr>\n    <tr>\n      <td>5 de Abril de 2022<\/td>\n      <td>S\u00e3o Paulo, BR<\/td>\n      <td>Allianz Parque<\/td>\n    <\/tr>\n    <tr>\n      <td>6 de Abril de 2022<\/td>\n      <td>Porto Alegre, BR<\/td>\n      <td>Estacionamento da FIERGS<\/td>\n    <\/tr>\n    <tr>\n      <td>8 de Abril de 2022<\/td>\n      <td>Buenos Aires, Argentina<\/td>\n      <td>Campo Argentino de Polo<\/td>\n    <\/tr>\n    <tr>\n      <td>10 de Abril de 2022<\/td>\n      <td>Asunci\u00f3n, Paraguai<\/td>\n      <td>Jockey Club<\/td>\n    <\/tr>\n    <tr>\n      <td>13 de Abril de 2022<\/td>\n      <td>San Jose, Costa Rica<\/td>\n      <td>Coca-Cola Amphitheater<\/td>\n    <\/tr>\n    <tr>\n      <td>16 de Abril de 2022<\/td>\n      <td>Punta Cana, Rep\u00fablica Dominicana<\/td>\n      <td>Hard Rock Hotel &amp; Casino<\/td>\n    <\/tr>\n<\/tbody><\/table><\/figure>\n","protected":false},"excerpt":{"rendered":"<p>A 2020 Tour, d\u00e9cima-quinta turn\u00ea do Maroon 5, foi anunciada em Novembro de 2019 e foi marcada por uma nova passagem da banda pela Am\u00e9rica Latina. Ap\u00f3s os shows iniciais pela Cidade do M\u00e9xico e uma pol\u00eamica passagem por Vi\u00f1a del Mar, no Chile, a banda aterrisou no Brasil para uma sequ\u00eancia de quatro shows [&hellip;]<\/p>\n","protected":false},"author":1,"featured_media":26602,"parent":9750,"menu_order":15,"comment_status":"closed","ping_status":"closed","template":"","meta":{"_themeisle_gutenberg_block_has_review":false,"footnotes":""},"class_list":["post-26579","page","type-page","status-publish","has-post-thumbnail","hentry"],"_links":{"self":[{"href":"https:\/\/www.maroon5br.com\/site\/wp-json\/wp\/v2\/pages\/26579","targetHints":{"allow":["GET"]}}],"collection":[{"href":"https:\/\/www.maroon5br.com\/site\/wp-json\/wp\/v2\/pages"}],"about":[{"href":"https:\/\/www.maroon5br.com\/site\/wp-json\/wp\/v2\/types\/page"}],"author":[{"embeddable":true,"href":"https:\/\/www.maroon5br.com\/site\/wp-json\/wp\/v2\/users\/1"}],"replies":[{"embeddable":true,"href":"https:\/\/www.maroon5br.com\/site\/wp-json\/wp\/v2\/comments?post=26579"}],"version-history":[{"count":23,"href":"https:\/\/www.maroon5br.com\/site\/wp-json\/wp\/v2\/pages\/26579\/revisions"}],"predecessor-version":[{"id":30627,"href":"https:\/\/www.maroon5br.com\/site\/wp-json\/wp\/v2\/pages\/26579\/revisions\/30627"}],"up":[{"embeddable":true,"href":"https:\/\/www.maroon5br.com\/site\/wp-json\/wp\/v2\/pages\/9750"}],"wp:featuredmedia":[{"embeddable":true,"href":"https:\/\/www.maroon5br.com\/site\/wp-json\/wp\/v2\/media\/26602"}],"wp:attachment":[{"href":"https:\/\/www.maroon5br.com\/site\/wp-json\/wp\/v2\/media?parent=26579"}],"curies":[{"name":"wp","href":"https:\/\/api.w.org\/{rel}","templated":true}]}}