{"id":26813,"date":"2021-03-13T14:31:36","date_gmt":"2021-03-13T17:31:36","guid":{"rendered":"http:\/\/www.maroon5br.com\/?page_id=26813"},"modified":"2023-07-16T10:53:51","modified_gmt":"2023-07-16T13:53:51","slug":"jordi","status":"publish","type":"page","link":"https:\/\/www.maroon5br.com\/site\/maroon5\/discografia\/albuns-de-estudio\/jordi\/","title":{"rendered":"JORDI"},"content":{"rendered":"\n<p>JORDI, s\u00e9timo \u00e1lbum da carreira do Maroon 5, foi lan\u00e7ado em junho de 2021 e batizado em homenagem ao ex-empres\u00e1rio da banda, Jordan Feldstein, falecido em 2017. O disco, que foi gravado durante a pandemia do COVID-19, traz composi\u00e7\u00f5es mais introspectivas sobre perda, mas embaladas pela sonoridade pop que marcou os \u00faltimos lan\u00e7amentos da banda.<\/p>\n\n\n\n<p>O disco tamb\u00e9m foi marcado por uma grande lista de participa\u00e7\u00f5es especiais, que incluem Megan Thee Stallion, Blackbear, H.E.R., Bantu, Stevie Nicks e participa\u00e7\u00f5es p\u00f3stumas dos rappers Juice Wrld e Nipsey Hussle.<\/p>\n\n\n\n<p>O disco tamb\u00e9m \u00e9 o primeiro lan\u00e7amento da banda ap\u00f3s o afastamento do baixista Mickey Madden, que deixou a banda em 2020. Apesar disso, \u00e9 poss\u00edvel ouvir o baixo do m\u00fasico na faixa &#8220;Can&#8217;t Leave You Alone&#8221; e tamb\u00e9m nas duas vers\u00f5es do single &#8220;Memories&#8221;.<\/p>\n\n\n\n<div class=\"wp-block-group\"><div class=\"wp-block-group__inner-container is-layout-constrained wp-block-group-is-layout-constrained\">\n<h3 class=\"wp-block-heading\">Tracklist<\/h3>\n\n\n\n<ul class=\"album-tracklist wp-block-list\">\n<li>1. \u201cBeautiful Mistakes\u201d feat. Megan thee Stallion<\/li>\n\n\n\n<li>2. \u201cLost\u201d<\/li>\n\n\n\n<li>3. \u201cEcho\u201d feat. blackbear<\/li>\n\n\n\n<li>4. \u201cLovesick\u201d<\/li>\n\n\n\n<li>5. \u201cRemedy\u201d feat. Stevie Nicks<\/li>\n\n\n\n<li>6. \u201cSeasons\u201d<\/li>\n\n\n\n<li>7. \u201cOne Light\u201d feat. Bantu<\/li>\n\n\n\n<li>8. \u201cConvince Me Otherwise\u201d feat. H.E.R.<\/li>\n\n\n\n<li>9. \u201cNobody\u2019s Love\u201d<\/li>\n\n\n\n<li>10. \u201cCan\u2019t Leave You Alone\u201d feat. Juice WRLD<\/li>\n\n\n\n<li>11. \u201cMemories\u201d<\/li>\n\n\n\n<li>12. \u201cMemories (Remix)\u201d feat. Nipsey Hussle &amp; YG<\/li>\n\n\n\n<li>13. \u201cButton\u201d feat. Anuel AA &amp; Tainy (Deluxe Edition)<\/li>\n\n\n\n<li>14. \u201cLifestyle\u201d (Jason Derulo feat. Adam Levine) (Deluxe Edition)<\/li>\n<\/ul>\n<\/div><\/div>\n\n\n\n<div class=\"wp-block-group\"><div class=\"wp-block-group__inner-container is-layout-constrained wp-block-group-is-layout-constrained\">\n<h3 class=\"wp-block-heading\">Singles<\/h3>\n\n\n\n<div class=\"wp-block-columns is-layout-flex wp-container-core-columns-is-layout-9d6595d7 wp-block-columns-is-layout-flex\">\n<div class=\"wp-block-column is-layout-flow wp-block-column-is-layout-flow\">\n<figure class=\"wp-block-image alignfull size-large size-full\"><img loading=\"lazy\" decoding=\"async\" width=\"380\" height=\"380\" src=\"https:\/\/www.maroon5br.com\/site\/wp-content\/uploads\/2019\/09\/Maroon5-Memories-380x380.jpeg\" alt=\"\" class=\"wp-image-25973\" srcset=\"https:\/\/www.maroon5br.com\/site\/wp-content\/uploads\/2019\/09\/Maroon5-Memories-380x380.jpeg 380w, https:\/\/www.maroon5br.com\/site\/wp-content\/uploads\/2019\/09\/Maroon5-Memories-150x150.jpeg 150w, https:\/\/www.maroon5br.com\/site\/wp-content\/uploads\/2019\/09\/Maroon5-Memories-300x300.jpeg 300w, https:\/\/www.maroon5br.com\/site\/wp-content\/uploads\/2019\/09\/Maroon5-Memories-768x768.jpeg 768w, https:\/\/www.maroon5br.com\/site\/wp-content\/uploads\/2019\/09\/Maroon5-Memories-224x224.jpeg 224w\" sizes=\"auto, (max-width: 380px) 100vw, 380px\" \/><\/figure>\n\n\n\n<p><strong>Memories<\/strong><\/p>\n\n\n\n<p><strong>Lan\u00e7amento:<\/strong> 20 de Setembro de 2019<\/p>\n<\/div>\n\n\n\n<div class=\"wp-block-column is-layout-flow wp-block-column-is-layout-flow\">\n<figure class=\"wp-block-image alignfull size-large size-full\"><img loading=\"lazy\" decoding=\"async\" width=\"380\" height=\"380\" src=\"https:\/\/www.maroon5br.com\/site\/wp-content\/uploads\/2020\/07\/Nobodys-Love-Maroon-5-380x380.jpeg\" alt=\"\" class=\"wp-image-26520\" srcset=\"https:\/\/www.maroon5br.com\/site\/wp-content\/uploads\/2020\/07\/Nobodys-Love-Maroon-5-380x380.jpeg 380w, https:\/\/www.maroon5br.com\/site\/wp-content\/uploads\/2020\/07\/Nobodys-Love-Maroon-5-300x300.jpeg 300w, https:\/\/www.maroon5br.com\/site\/wp-content\/uploads\/2020\/07\/Nobodys-Love-Maroon-5-150x150.jpeg 150w, https:\/\/www.maroon5br.com\/site\/wp-content\/uploads\/2020\/07\/Nobodys-Love-Maroon-5-768x768.jpeg 768w, https:\/\/www.maroon5br.com\/site\/wp-content\/uploads\/2020\/07\/Nobodys-Love-Maroon-5-224x224.jpeg 224w, https:\/\/www.maroon5br.com\/site\/wp-content\/uploads\/2020\/07\/Nobodys-Love-Maroon-5.jpeg 1200w\" sizes=\"auto, (max-width: 380px) 100vw, 380px\" \/><\/figure>\n\n\n\n<p><strong>Nobody&#8217;s Love<\/strong><\/p>\n\n\n\n<p><strong>Lan\u00e7amento:<\/strong> 24 de Julho de 2020<\/p>\n<\/div>\n\n\n\n<div class=\"wp-block-column is-layout-flow wp-block-column-is-layout-flow\">\n<figure class=\"wp-block-image alignfull size-large size-full\"><img loading=\"lazy\" decoding=\"async\" width=\"380\" height=\"380\" src=\"https:\/\/www.maroon5br.com\/site\/wp-content\/uploads\/2021\/02\/Maroon5-BeautifulMistakes-SingleCover-380x380.jpg\" alt=\"\" class=\"wp-image-26745\" srcset=\"https:\/\/www.maroon5br.com\/site\/wp-content\/uploads\/2021\/02\/Maroon5-BeautifulMistakes-SingleCover-380x380.jpg 380w, https:\/\/www.maroon5br.com\/site\/wp-content\/uploads\/2021\/02\/Maroon5-BeautifulMistakes-SingleCover-300x300.jpg 300w, https:\/\/www.maroon5br.com\/site\/wp-content\/uploads\/2021\/02\/Maroon5-BeautifulMistakes-SingleCover-150x150.jpg 150w, https:\/\/www.maroon5br.com\/site\/wp-content\/uploads\/2021\/02\/Maroon5-BeautifulMistakes-SingleCover-768x768.jpg 768w, https:\/\/www.maroon5br.com\/site\/wp-content\/uploads\/2021\/02\/Maroon5-BeautifulMistakes-SingleCover-224x224.jpg 224w, https:\/\/www.maroon5br.com\/site\/wp-content\/uploads\/2021\/02\/Maroon5-BeautifulMistakes-SingleCover-600x600.jpg 600w, https:\/\/www.maroon5br.com\/site\/wp-content\/uploads\/2021\/02\/Maroon5-BeautifulMistakes-SingleCover.jpg 1000w\" sizes=\"auto, (max-width: 380px) 100vw, 380px\" \/><\/figure>\n\n\n\n<p><strong>Beautiful Mistakes (feat. Megan Thee Stallion)<\/strong><\/p>\n\n\n\n<p><strong>Lan\u00e7amento:<\/strong> 03 de Mar\u00e7o de 2021<\/p>\n<\/div>\n<\/div>\n\n\n\n<div class=\"wp-block-columns is-layout-flex wp-container-core-columns-is-layout-9d6595d7 wp-block-columns-is-layout-flex\">\n<div class=\"wp-block-column is-layout-flow wp-block-column-is-layout-flow\">\n<figure class=\"wp-block-image alignfull size-full\"><img loading=\"lazy\" decoding=\"async\" width=\"2560\" height=\"2560\" src=\"https:\/\/www.maroon5br.com\/site\/wp-content\/uploads\/2021\/04\/Maroon5-Jordi-scaled.jpeg\" alt=\"\" class=\"wp-image-26898\" srcset=\"https:\/\/www.maroon5br.com\/site\/wp-content\/uploads\/2021\/04\/Maroon5-Jordi-scaled.jpeg 2560w, https:\/\/www.maroon5br.com\/site\/wp-content\/uploads\/2021\/04\/Maroon5-Jordi-300x300.jpeg 300w, https:\/\/www.maroon5br.com\/site\/wp-content\/uploads\/2021\/04\/Maroon5-Jordi-380x380.jpeg 380w, https:\/\/www.maroon5br.com\/site\/wp-content\/uploads\/2021\/04\/Maroon5-Jordi-150x150.jpeg 150w, https:\/\/www.maroon5br.com\/site\/wp-content\/uploads\/2021\/04\/Maroon5-Jordi-768x768.jpeg 768w, https:\/\/www.maroon5br.com\/site\/wp-content\/uploads\/2021\/04\/Maroon5-Jordi-1536x1536.jpeg 1536w, https:\/\/www.maroon5br.com\/site\/wp-content\/uploads\/2021\/04\/Maroon5-Jordi-2048x2048.jpeg 2048w, https:\/\/www.maroon5br.com\/site\/wp-content\/uploads\/2021\/04\/Maroon5-Jordi-224x224.jpeg 224w, https:\/\/www.maroon5br.com\/site\/wp-content\/uploads\/2021\/04\/Maroon5-Jordi-600x600.jpeg 600w\" sizes=\"auto, (max-width: 2560px) 100vw, 2560px\" \/><\/figure>\n\n\n\n<p><strong>Lost<\/strong><\/p>\n\n\n\n<p><strong>Lan\u00e7amento:<\/strong> 11 de Junho de 2021<\/p>\n<\/div>\n\n\n\n<div class=\"wp-block-column is-layout-flow wp-block-column-is-layout-flow\">\n<figure class=\"wp-block-image alignfull size-large size-full\"><img decoding=\"async\" src=\"https:\/\/www.maroon5br.com\/site\/wp-content\/uploads\/2021\/04\/Maroon5-Jordi-scaled.jpeg\" alt=\"\"\/><\/figure>\n\n\n\n<p><strong>Lovesick<\/strong><\/p>\n\n\n\n<p><strong>Lan\u00e7amento:<\/strong> 5 de Agosto de 2022<\/p>\n\n\n\n<p><em>(Single exclusivo para a It\u00e1lia)<\/em><\/p>\n<\/div>\n\n\n\n<div class=\"wp-block-column is-layout-flow wp-block-column-is-layout-flow\">\n<figure class=\"wp-block-image alignfull size-large size-full\"><img loading=\"lazy\" decoding=\"async\" width=\"380\" height=\"380\" src=\"https:\/\/www.maroon5br.com\/site\/wp-content\/uploads\/2022\/12\/Maroon5-OneLightRemix-380x380.jpeg\" alt=\"\" class=\"wp-image-28244\" srcset=\"https:\/\/www.maroon5br.com\/site\/wp-content\/uploads\/2022\/12\/Maroon5-OneLightRemix-380x380.jpeg 380w, https:\/\/www.maroon5br.com\/site\/wp-content\/uploads\/2022\/12\/Maroon5-OneLightRemix-300x300.jpeg 300w, https:\/\/www.maroon5br.com\/site\/wp-content\/uploads\/2022\/12\/Maroon5-OneLightRemix-150x150.jpeg 150w, https:\/\/www.maroon5br.com\/site\/wp-content\/uploads\/2022\/12\/Maroon5-OneLightRemix-768x768.jpeg 768w, https:\/\/www.maroon5br.com\/site\/wp-content\/uploads\/2022\/12\/Maroon5-OneLightRemix-224x224.jpeg 224w, https:\/\/www.maroon5br.com\/site\/wp-content\/uploads\/2022\/12\/Maroon5-OneLightRemix-600x600.jpeg 600w, https:\/\/www.maroon5br.com\/site\/wp-content\/uploads\/2022\/12\/Maroon5-OneLightRemix.jpeg 1400w\" sizes=\"auto, (max-width: 380px) 100vw, 380px\" \/><\/figure>\n\n\n\n<p><strong>One Light Remix (feat. Bantu, Latto &amp; Yung Bleu)<\/strong><\/p>\n\n\n\n<p><strong>Lan\u00e7amento:<\/strong> 5 de Agosto de 2022<\/p>\n<\/div>\n<\/div>\n<\/div><\/div>\n\n\n\n<div class=\"wp-block-group alignwide\"><div class=\"wp-block-group__inner-container is-layout-constrained wp-block-group-is-layout-constrained\">\n<h3 class=\"wp-block-heading\">Edi\u00e7\u00e3o Especial<\/h3>\n\n\n\n<figure class=\"wp-block-image alignwide size-large\"><img loading=\"lazy\" decoding=\"async\" width=\"380\" height=\"380\" src=\"https:\/\/www.maroon5br.com\/site\/wp-content\/uploads\/2021\/04\/Maroon5-Jordi-Box-380x380.png\" alt=\"\" class=\"wp-image-26901\" srcset=\"https:\/\/www.maroon5br.com\/site\/wp-content\/uploads\/2021\/04\/Maroon5-Jordi-Box-380x380.png 380w, https:\/\/www.maroon5br.com\/site\/wp-content\/uploads\/2021\/04\/Maroon5-Jordi-Box-300x300.png 300w, https:\/\/www.maroon5br.com\/site\/wp-content\/uploads\/2021\/04\/Maroon5-Jordi-Box-150x150.png 150w, https:\/\/www.maroon5br.com\/site\/wp-content\/uploads\/2021\/04\/Maroon5-Jordi-Box-768x768.png 768w, https:\/\/www.maroon5br.com\/site\/wp-content\/uploads\/2021\/04\/Maroon5-Jordi-Box-224x224.png 224w, https:\/\/www.maroon5br.com\/site\/wp-content\/uploads\/2021\/04\/Maroon5-Jordi-Box-600x600.png 600w, https:\/\/www.maroon5br.com\/site\/wp-content\/uploads\/2021\/04\/Maroon5-Jordi-Box.png 1000w\" sizes=\"auto, (max-width: 380px) 100vw, 380px\" \/><\/figure>\n\n\n\n<p>O box set limitado do \u00e1lbum JORDI, com dire\u00e7\u00e3o de arte do ilustrador Sage Vaughn, foi composta por 6 cart\u00f5es ilustrados, um livreto com as letras das m\u00fasicas, um poster de 30x30cm com a arte da capa, e um CD em uma embalagem de envelope.<\/p>\n<\/div><\/div>\n\n\n\n<h3 class=\"wp-block-heading\"><strong>Arte<\/strong><\/h3>\n\n\n\n<p>Para comemorar o lan\u00e7amento, o artista Sage Vaugh criou ilustra\u00e7\u00f5es inspiradas em todos os artistas que fazem colabora\u00e7\u00f5es no \u00e1lbum, de Blackbear at\u00e9 a ic\u00f4nica Stevie Nicks.<\/p>\n\n\n\n<div class=\"wp-block-dgwt-justified-gallery\">\n\t\t<style type=\"text\/css\">\n\t\t\t#gallery-1 {\n\t\t\t\tmargin: auto;\n\t\t\t}\n\t\t\t#gallery-1 .gallery-item {\n\t\t\t\tfloat: left;\n\t\t\t\tmargin-top: 10px;\n\t\t\t\ttext-align: center;\n\t\t\t\twidth: 33%;\n\t\t\t}\n\t\t\t#gallery-1 img {\n\t\t\t\tborder: 2px solid #cfcfcf;\n\t\t\t}\n\t\t\t#gallery-1 .gallery-caption {\n\t\t\t\tmargin-left: 0;\n\t\t\t}\n\t\t\t\/* see gallery_shortcode() in wp-includes\/media.php *\/\n\t\t<\/style>\n\t\t<div id='gallery-1' class='gallery galleryid-26813 gallery-columns-3 gallery-size-thumbnail'><dl class='gallery-item'>\n\t\t\t<dt class='gallery-icon landscape'>\n\t\t\t\t<a href='https:\/\/www.maroon5br.com\/site\/maroon5\/discografia\/albuns-de-estudio\/jordi\/m5-jordi-anuelaa\/'><img loading=\"lazy\" decoding=\"async\" width=\"150\" height=\"150\" src=\"https:\/\/www.maroon5br.com\/site\/wp-content\/uploads\/2023\/07\/M5-Jordi-AnuelAA-150x150.jpg\" class=\"attachment-thumbnail size-thumbnail\" alt=\"\" srcset=\"https:\/\/www.maroon5br.com\/site\/wp-content\/uploads\/2023\/07\/M5-Jordi-AnuelAA-150x150.jpg 150w, https:\/\/www.maroon5br.com\/site\/wp-content\/uploads\/2023\/07\/M5-Jordi-AnuelAA-300x300.jpg 300w, https:\/\/www.maroon5br.com\/site\/wp-content\/uploads\/2023\/07\/M5-Jordi-AnuelAA-380x380.jpg 380w, https:\/\/www.maroon5br.com\/site\/wp-content\/uploads\/2023\/07\/M5-Jordi-AnuelAA-768x768.jpg 768w, https:\/\/www.maroon5br.com\/site\/wp-content\/uploads\/2023\/07\/M5-Jordi-AnuelAA-1536x1536.jpg 1536w, https:\/\/www.maroon5br.com\/site\/wp-content\/uploads\/2023\/07\/M5-Jordi-AnuelAA-2048x2048.jpg 2048w, https:\/\/www.maroon5br.com\/site\/wp-content\/uploads\/2023\/07\/M5-Jordi-AnuelAA-224x224.jpg 224w, https:\/\/www.maroon5br.com\/site\/wp-content\/uploads\/2023\/07\/M5-Jordi-AnuelAA-600x600.jpg 600w\" sizes=\"auto, (max-width: 150px) 100vw, 150px\" \/><\/a>\n\t\t\t<\/dt><\/dl><dl class='gallery-item'>\n\t\t\t<dt class='gallery-icon landscape'>\n\t\t\t\t<a href='https:\/\/www.maroon5br.com\/site\/maroon5\/discografia\/albuns-de-estudio\/jordi\/m5-jordi-blackbear\/'><img loading=\"lazy\" decoding=\"async\" width=\"150\" height=\"150\" src=\"https:\/\/www.maroon5br.com\/site\/wp-content\/uploads\/2023\/07\/M5-Jordi-Blackbear-150x150.jpg\" class=\"attachment-thumbnail size-thumbnail\" alt=\"\" srcset=\"https:\/\/www.maroon5br.com\/site\/wp-content\/uploads\/2023\/07\/M5-Jordi-Blackbear-150x150.jpg 150w, https:\/\/www.maroon5br.com\/site\/wp-content\/uploads\/2023\/07\/M5-Jordi-Blackbear-300x300.jpg 300w, https:\/\/www.maroon5br.com\/site\/wp-content\/uploads\/2023\/07\/M5-Jordi-Blackbear-380x380.jpg 380w, https:\/\/www.maroon5br.com\/site\/wp-content\/uploads\/2023\/07\/M5-Jordi-Blackbear-768x768.jpg 768w, https:\/\/www.maroon5br.com\/site\/wp-content\/uploads\/2023\/07\/M5-Jordi-Blackbear-224x224.jpg 224w, https:\/\/www.maroon5br.com\/site\/wp-content\/uploads\/2023\/07\/M5-Jordi-Blackbear-600x600.jpg 600w, https:\/\/www.maroon5br.com\/site\/wp-content\/uploads\/2023\/07\/M5-Jordi-Blackbear.jpg 1200w\" sizes=\"auto, (max-width: 150px) 100vw, 150px\" \/><\/a>\n\t\t\t<\/dt><\/dl><dl class='gallery-item'>\n\t\t\t<dt class='gallery-icon landscape'>\n\t\t\t\t<a href='https:\/\/www.maroon5br.com\/site\/maroon5\/discografia\/albuns-de-estudio\/jordi\/m5-jordi-megantheestallion\/'><img loading=\"lazy\" decoding=\"async\" width=\"150\" height=\"150\" src=\"https:\/\/www.maroon5br.com\/site\/wp-content\/uploads\/2023\/07\/M5-Jordi-MeganTheeStallion-150x150.jpg\" class=\"attachment-thumbnail size-thumbnail\" alt=\"\" srcset=\"https:\/\/www.maroon5br.com\/site\/wp-content\/uploads\/2023\/07\/M5-Jordi-MeganTheeStallion-150x150.jpg 150w, https:\/\/www.maroon5br.com\/site\/wp-content\/uploads\/2023\/07\/M5-Jordi-MeganTheeStallion-300x300.jpg 300w, https:\/\/www.maroon5br.com\/site\/wp-content\/uploads\/2023\/07\/M5-Jordi-MeganTheeStallion-380x380.jpg 380w, https:\/\/www.maroon5br.com\/site\/wp-content\/uploads\/2023\/07\/M5-Jordi-MeganTheeStallion-768x768.jpg 768w, https:\/\/www.maroon5br.com\/site\/wp-content\/uploads\/2023\/07\/M5-Jordi-MeganTheeStallion-224x224.jpg 224w, https:\/\/www.maroon5br.com\/site\/wp-content\/uploads\/2023\/07\/M5-Jordi-MeganTheeStallion-600x600.jpg 600w, https:\/\/www.maroon5br.com\/site\/wp-content\/uploads\/2023\/07\/M5-Jordi-MeganTheeStallion.jpg 1200w\" sizes=\"auto, (max-width: 150px) 100vw, 150px\" \/><\/a>\n\t\t\t<\/dt><\/dl><br style=\"clear: both\" \/><dl class='gallery-item'>\n\t\t\t<dt class='gallery-icon landscape'>\n\t\t\t\t<a href='https:\/\/www.maroon5br.com\/site\/maroon5\/discografia\/albuns-de-estudio\/jordi\/m5-jordi-nipseyhussle\/'><img loading=\"lazy\" decoding=\"async\" width=\"150\" height=\"150\" src=\"https:\/\/www.maroon5br.com\/site\/wp-content\/uploads\/2023\/07\/M5-Jordi-NipseyHussle-150x150.jpg\" class=\"attachment-thumbnail size-thumbnail\" alt=\"\" srcset=\"https:\/\/www.maroon5br.com\/site\/wp-content\/uploads\/2023\/07\/M5-Jordi-NipseyHussle-150x150.jpg 150w, https:\/\/www.maroon5br.com\/site\/wp-content\/uploads\/2023\/07\/M5-Jordi-NipseyHussle-300x300.jpg 300w, https:\/\/www.maroon5br.com\/site\/wp-content\/uploads\/2023\/07\/M5-Jordi-NipseyHussle-380x380.jpg 380w, https:\/\/www.maroon5br.com\/site\/wp-content\/uploads\/2023\/07\/M5-Jordi-NipseyHussle-768x768.jpg 768w, https:\/\/www.maroon5br.com\/site\/wp-content\/uploads\/2023\/07\/M5-Jordi-NipseyHussle-1536x1536.jpg 1536w, https:\/\/www.maroon5br.com\/site\/wp-content\/uploads\/2023\/07\/M5-Jordi-NipseyHussle-2048x2048.jpg 2048w, https:\/\/www.maroon5br.com\/site\/wp-content\/uploads\/2023\/07\/M5-Jordi-NipseyHussle-224x224.jpg 224w, https:\/\/www.maroon5br.com\/site\/wp-content\/uploads\/2023\/07\/M5-Jordi-NipseyHussle-600x600.jpg 600w\" sizes=\"auto, (max-width: 150px) 100vw, 150px\" \/><\/a>\n\t\t\t<\/dt><\/dl><dl class='gallery-item'>\n\t\t\t<dt class='gallery-icon landscape'>\n\t\t\t\t<a href='https:\/\/www.maroon5br.com\/site\/maroon5\/discografia\/albuns-de-estudio\/jordi\/m5-jordi-stevienicks\/'><img loading=\"lazy\" decoding=\"async\" width=\"150\" height=\"150\" src=\"https:\/\/www.maroon5br.com\/site\/wp-content\/uploads\/2023\/07\/M5-Jordi-StevieNicks-150x150.jpg\" class=\"attachment-thumbnail size-thumbnail\" alt=\"\" srcset=\"https:\/\/www.maroon5br.com\/site\/wp-content\/uploads\/2023\/07\/M5-Jordi-StevieNicks-150x150.jpg 150w, https:\/\/www.maroon5br.com\/site\/wp-content\/uploads\/2023\/07\/M5-Jordi-StevieNicks-300x300.jpg 300w, https:\/\/www.maroon5br.com\/site\/wp-content\/uploads\/2023\/07\/M5-Jordi-StevieNicks-380x380.jpg 380w, https:\/\/www.maroon5br.com\/site\/wp-content\/uploads\/2023\/07\/M5-Jordi-StevieNicks-768x768.jpg 768w, https:\/\/www.maroon5br.com\/site\/wp-content\/uploads\/2023\/07\/M5-Jordi-StevieNicks-1536x1536.jpg 1536w, https:\/\/www.maroon5br.com\/site\/wp-content\/uploads\/2023\/07\/M5-Jordi-StevieNicks-2048x2048.jpg 2048w, https:\/\/www.maroon5br.com\/site\/wp-content\/uploads\/2023\/07\/M5-Jordi-StevieNicks-224x224.jpg 224w, https:\/\/www.maroon5br.com\/site\/wp-content\/uploads\/2023\/07\/M5-Jordi-StevieNicks-600x600.jpg 600w\" sizes=\"auto, (max-width: 150px) 100vw, 150px\" \/><\/a>\n\t\t\t<\/dt><\/dl><dl class='gallery-item'>\n\t\t\t<dt class='gallery-icon landscape'>\n\t\t\t\t<a href='https:\/\/www.maroon5br.com\/site\/maroon5\/discografia\/albuns-de-estudio\/jordi\/m5-jordi-tainy\/'><img loading=\"lazy\" decoding=\"async\" width=\"150\" height=\"150\" src=\"https:\/\/www.maroon5br.com\/site\/wp-content\/uploads\/2023\/07\/M5-Jordi-Tainy-150x150.jpg\" class=\"attachment-thumbnail size-thumbnail\" alt=\"\" srcset=\"https:\/\/www.maroon5br.com\/site\/wp-content\/uploads\/2023\/07\/M5-Jordi-Tainy-150x150.jpg 150w, https:\/\/www.maroon5br.com\/site\/wp-content\/uploads\/2023\/07\/M5-Jordi-Tainy-300x300.jpg 300w, https:\/\/www.maroon5br.com\/site\/wp-content\/uploads\/2023\/07\/M5-Jordi-Tainy-380x380.jpg 380w, https:\/\/www.maroon5br.com\/site\/wp-content\/uploads\/2023\/07\/M5-Jordi-Tainy-768x768.jpg 768w, https:\/\/www.maroon5br.com\/site\/wp-content\/uploads\/2023\/07\/M5-Jordi-Tainy-1536x1536.jpg 1536w, https:\/\/www.maroon5br.com\/site\/wp-content\/uploads\/2023\/07\/M5-Jordi-Tainy-2048x2048.jpg 2048w, https:\/\/www.maroon5br.com\/site\/wp-content\/uploads\/2023\/07\/M5-Jordi-Tainy-224x224.jpg 224w, https:\/\/www.maroon5br.com\/site\/wp-content\/uploads\/2023\/07\/M5-Jordi-Tainy-600x600.jpg 600w\" sizes=\"auto, (max-width: 150px) 100vw, 150px\" \/><\/a>\n\t\t\t<\/dt><\/dl><br style=\"clear: both\" \/><dl class='gallery-item'>\n\t\t\t<dt class='gallery-icon landscape'>\n\t\t\t\t<a href='https:\/\/www.maroon5br.com\/site\/maroon5\/discografia\/albuns-de-estudio\/jordi\/m5-jordi-yg\/'><img loading=\"lazy\" decoding=\"async\" width=\"150\" height=\"150\" src=\"https:\/\/www.maroon5br.com\/site\/wp-content\/uploads\/2023\/07\/M5-Jordi-YG-150x150.jpg\" class=\"attachment-thumbnail size-thumbnail\" alt=\"\" srcset=\"https:\/\/www.maroon5br.com\/site\/wp-content\/uploads\/2023\/07\/M5-Jordi-YG-150x150.jpg 150w, https:\/\/www.maroon5br.com\/site\/wp-content\/uploads\/2023\/07\/M5-Jordi-YG-300x300.jpg 300w, https:\/\/www.maroon5br.com\/site\/wp-content\/uploads\/2023\/07\/M5-Jordi-YG-380x380.jpg 380w, https:\/\/www.maroon5br.com\/site\/wp-content\/uploads\/2023\/07\/M5-Jordi-YG-768x768.jpg 768w, https:\/\/www.maroon5br.com\/site\/wp-content\/uploads\/2023\/07\/M5-Jordi-YG-1536x1536.jpg 1536w, https:\/\/www.maroon5br.com\/site\/wp-content\/uploads\/2023\/07\/M5-Jordi-YG-2048x2048.jpg 2048w, https:\/\/www.maroon5br.com\/site\/wp-content\/uploads\/2023\/07\/M5-Jordi-YG-224x224.jpg 224w, https:\/\/www.maroon5br.com\/site\/wp-content\/uploads\/2023\/07\/M5-Jordi-YG-600x600.jpg 600w\" sizes=\"auto, (max-width: 150px) 100vw, 150px\" \/><\/a>\n\t\t\t<\/dt><\/dl>\n\t\t\t<br style='clear: both' \/>\n\t\t<\/div>\n<\/div>\n\n\n\n<div class=\"wp-block-group\"><div class=\"wp-block-group__inner-container is-layout-constrained wp-block-group-is-layout-constrained\">\n<h3 class=\"wp-block-heading\">Videoclipes<\/h3>\n\n\n\n<figure class=\"wp-block-embed is-type-video is-provider-youtube wp-block-embed-youtube wp-embed-aspect-16-9 wp-has-aspect-ratio\"><div class=\"wp-block-embed__wrapper\">\n\r\n<div class=\"fve-video-wrapper fve-image-embed fve-thumbnail-image youtube\" style=\"padding-bottom:75%;\">\r\n    <iframe loading=\"lazy\" src=\"\/\/www.youtube.com\/embed\/SlPhMPnQ58k?wmode=transparent&#038;modestbranding=1&#038;autohide=1&#038;showinfo=0&#038;rel=0\" width=\"100%\" height=\"100%\" frameborder=\"0\" webkitAllowFullScreen mozallowfullscreen allowFullScreen><\/iframe>    <\/div>\r\n\r\n\n<\/div><\/figure>\n\n\n\n<figure class=\"wp-block-embed is-type-video is-provider-youtube wp-block-embed-youtube wp-embed-aspect-16-9 wp-has-aspect-ratio\"><div class=\"wp-block-embed__wrapper\">\n\r\n<div class=\"fve-video-wrapper fve-image-embed fve-thumbnail-image youtube\" style=\"padding-bottom:75%;\">\r\n    <iframe loading=\"lazy\" src=\"\/\/www.youtube.com\/embed\/7ghhRHRP6t4?wmode=transparent&#038;modestbranding=1&#038;autohide=1&#038;showinfo=0&#038;rel=0\" width=\"100%\" height=\"100%\" frameborder=\"0\" webkitAllowFullScreen mozallowfullscreen allowFullScreen><\/iframe>    <\/div>\r\n\r\n\n<\/div><\/figure>\n\n\n\n<figure class=\"wp-block-embed is-type-video is-provider-youtube wp-block-embed-youtube wp-embed-aspect-16-9 wp-has-aspect-ratio\"><div class=\"wp-block-embed__wrapper\">\n\r\n<div class=\"fve-video-wrapper fve-image-embed fve-thumbnail-image youtube\" style=\"padding-bottom:75%;\">\r\n    <iframe loading=\"lazy\" src=\"\/\/www.youtube.com\/embed\/BSzSn-PRdtI?wmode=transparent&#038;modestbranding=1&#038;autohide=1&#038;showinfo=0&#038;rel=0\" width=\"100%\" height=\"100%\" frameborder=\"0\" webkitAllowFullScreen mozallowfullscreen allowFullScreen><\/iframe>    <\/div>\r\n\r\n\n<\/div><\/figure>\n\n\n\n<figure class=\"wp-block-embed is-type-video is-provider-youtube wp-block-embed-youtube wp-embed-aspect-16-9 wp-has-aspect-ratio\"><div class=\"wp-block-embed__wrapper\">\n\r\n<div class=\"fve-video-wrapper fve-image-embed fve-thumbnail-image youtube\" style=\"padding-bottom:75%;\">\r\n    <iframe loading=\"lazy\" src=\"\/\/www.youtube.com\/embed\/U05fwua9-D4?wmode=transparent&#038;modestbranding=1&#038;autohide=1&#038;showinfo=0&#038;rel=0\" width=\"100%\" height=\"100%\" frameborder=\"0\" webkitAllowFullScreen mozallowfullscreen allowFullScreen><\/iframe>    <\/div>\r\n\r\n\n<\/div><\/figure>\n<\/div><\/div>\n","protected":false},"excerpt":{"rendered":"<p>JORDI, s\u00e9timo \u00e1lbum da carreira do Maroon 5, foi lan\u00e7ado em junho de 2021 e batizado em homenagem ao ex-empres\u00e1rio da banda, Jordan Feldstein, falecido em 2017. O disco, que foi gravado durante a pandemia do COVID-19, traz composi\u00e7\u00f5es mais introspectivas sobre perda, mas embaladas pela sonoridade pop que marcou os \u00faltimos lan\u00e7amentos da banda. [&hellip;]<\/p>\n","protected":false},"author":1,"featured_media":26898,"parent":16682,"menu_order":7,"comment_status":"closed","ping_status":"closed","template":"cds.php","meta":{"_themeisle_gutenberg_block_has_review":false,"footnotes":""},"class_list":["post-26813","page","type-page","status-publish","has-post-thumbnail","hentry"],"_links":{"self":[{"href":"https:\/\/www.maroon5br.com\/site\/wp-json\/wp\/v2\/pages\/26813","targetHints":{"allow":["GET"]}}],"collection":[{"href":"https:\/\/www.maroon5br.com\/site\/wp-json\/wp\/v2\/pages"}],"about":[{"href":"https:\/\/www.maroon5br.com\/site\/wp-json\/wp\/v2\/types\/page"}],"author":[{"embeddable":true,"href":"https:\/\/www.maroon5br.com\/site\/wp-json\/wp\/v2\/users\/1"}],"replies":[{"embeddable":true,"href":"https:\/\/www.maroon5br.com\/site\/wp-json\/wp\/v2\/comments?post=26813"}],"version-history":[{"count":20,"href":"https:\/\/www.maroon5br.com\/site\/wp-json\/wp\/v2\/pages\/26813\/revisions"}],"predecessor-version":[{"id":28787,"href":"https:\/\/www.maroon5br.com\/site\/wp-json\/wp\/v2\/pages\/26813\/revisions\/28787"}],"up":[{"embeddable":true,"href":"https:\/\/www.maroon5br.com\/site\/wp-json\/wp\/v2\/pages\/16682"}],"wp:featuredmedia":[{"embeddable":true,"href":"https:\/\/www.maroon5br.com\/site\/wp-json\/wp\/v2\/media\/26898"}],"wp:attachment":[{"href":"https:\/\/www.maroon5br.com\/site\/wp-json\/wp\/v2\/media?parent=26813"}],"curies":[{"name":"wp","href":"https:\/\/api.w.org\/{rel}","templated":true}]}}