{"id":27528,"date":"2021-12-19T16:56:51","date_gmt":"2021-12-19T19:56:51","guid":{"rendered":"https:\/\/www.maroon5br.com\/?page_id=27528"},"modified":"2024-11-23T12:36:13","modified_gmt":"2024-11-23T15:36:13","slug":"sin","status":"publish","type":"page","link":"https:\/\/www.maroon5br.com\/site\/sin\/","title":{"rendered":"S.I.N. Club"},"content":{"rendered":"\n<div class=\"wp-block-group\"><div class=\"wp-block-group__inner-container is-layout-flow wp-block-group-is-layout-flow\">\n<p>O S.I.N. Club \u00e9 o f\u00e3-clube oficial do Maroon 5. Criado em 2002, a abrevia\u00e7\u00e3o significa Strength In Numbers (For\u00e7a em n\u00fameros) e \u00e9 o ponto de conex\u00e3o oficial entre a banda e os f\u00e3s. Ao longo dos anos, a banda sempre que poss\u00edvel d\u00e1 benef\u00edcios exclusivos \u00e0 comunidade de f\u00e3s, incluindo espa\u00e7os especiais para os f\u00e3s no gargarejo\/grade em alguns shows da banda. Al\u00e9m disso, os membros do f\u00e3-clube tamb\u00e9m recebem merchandising exclusivo e acesso \u00e0 espa\u00e7os privados no site oficial do clube, maroon5sin.com<\/p>\n\n\n\n<div class=\"wp-block-buttons has-custom-font-size ticss-4ed94c92 has-medium-font-size is-content-justification-center is-layout-flex wp-container-core-buttons-is-layout-16018d1d wp-block-buttons-is-layout-flex\">\n<div class=\"wp-block-button is-style-fill ticss-26001563\"><a class=\"wp-block-button__link has-white-color has-pale-pink-background-color has-text-color has-background has-text-align-center wp-element-button\" href=\"https:\/\/www.maroon5sin.com\/\" style=\"border-radius:5px\" target=\"_blank\" rel=\"noreferrer noopener\">ACESSE O SITE OFICIAL DO S.I.N. CLUB<\/a><\/div>\n<\/div>\n<\/div><\/div>\n\n\n\n<div class=\"wp-block-group\"><div class=\"wp-block-group__inner-container is-layout-flow wp-block-group-is-layout-flow\">\n<h3 class=\"wp-block-heading has-text-align-center\">Quais s\u00e3o as vantagens em participar do S.I.N. Club?<\/h3>\n\n\n\n<div class=\"wp-block-columns is-layout-flex wp-container-core-columns-is-layout-9d6595d7 wp-block-columns-is-layout-flex\">\n<div class=\"wp-block-column ticss-a5076d31 is-layout-flow wp-block-column-is-layout-flow\">\n<p><strong>Free Account<\/strong><\/p>\n\n\n\n<p>Modalidade gratuita. Acesso gratuito ao maroon5sin.com, recebimento da newsletter e acesso a conte\u00fados especiais. <\/p>\n\n\n\n<p>Essa modalidade n\u00e3o d\u00e1 acesso ao c\u00f3digo de compra de ingressos antecipado.<\/p>\n<\/div>\n\n\n\n<div class=\"wp-block-column is-layout-flow wp-block-column-is-layout-flow\">\n<p><strong>Standard S.I.N Membership<\/strong><\/p>\n\n\n\n<p>Anuidade de USD 45 (valor do c\u00e2mbio do fechamento da sua fatura\/pagamento via Cart\u00e3o de Cr\u00e9dito habilitado para compras internacionais), voc\u00ea tem acesso \u00e0:<\/p>\n\n\n\n<ul class=\"wp-block-list\">\n<li>Pr\u00e9-vendas exclusivas de ingressos para as turn\u00eas do Maroon 5, com limite de compra de 4 ingressos por pessoa; <\/li>\n\n\n\n<li>Recebimento dos brindes designados \u00e0 esta modalidade, recebimento da newsletter e acesso a conte\u00fados especiais, promo\u00e7\u00f5es exclusivas;<\/li>\n\n\n\n<li>15% de desconto na loja de produtos oficiais do Maroon 5.<\/li>\n<\/ul>\n<\/div>\n<\/div>\n<\/div><\/div>\n\n\n\n<h3 class=\"wp-block-heading has-text-align-center\">Perguntas frequentes<\/h3>\n\n\n\n<div id=\"wp-block-themeisle-blocks-accordion-0efb6c4b\" class=\"wp-block-themeisle-blocks-accordion exclusive has-gap ticss-bf462013 has-light-content-bg\">\n<details class=\"wp-block-themeisle-blocks-accordion-item ticss-5722adbe\"><summary class=\"wp-block-themeisle-blocks-accordion-item__title\"><div>Como me cadastro no f\u00e3-clube?<\/div><\/summary><div class=\"wp-block-themeisle-blocks-accordion-item__content\">\n<p>Acessando o site <a href=\"https:\/\/www.maroon5sin.com\/subscribe\" target=\"_blank\" rel=\"noreferrer noopener\">www.maroon5sin.com<\/a>, clique na barra superior em &#8216;SUBSCRIBE&#8217;. Nesta p\u00e1gina aparecer\u00e3o as modalidades dispon\u00edveis. <br><br><em>Voc\u00ea precisar\u00e1 ser maior de 18 anos e possuir um cart\u00e3o de cr\u00e9dito que permita compras internacionais (para as op\u00e7\u00f5es que cobram anuidade).\u00a0<\/em><\/p>\n<\/div><\/details>\n\n\n\n<details class=\"wp-block-themeisle-blocks-accordion-item ticss-4f26a32c\"><summary class=\"wp-block-themeisle-blocks-accordion-item__title\"><div>Como comprar ingressos antecipados atrav\u00e9s do f\u00e3-clube?<\/div><\/summary><div class=\"wp-block-themeisle-blocks-accordion-item__content\">\n<p>Se voc\u00ea escolheu a op\u00e7\u00e3o <strong>STANDARD<\/strong>, ser\u00e1 poss\u00edvel receber o c\u00f3digo de pr\u00e9-vendas exclusivas de ingressos.<br>A cada an\u00fancio de turn\u00ea por parte da banda, o S.I.N. CLUB avisar\u00e1 via email sobre como o c\u00f3digo ser\u00e1 disponibilizado aos contemplados, al\u00e9m de datas e hor\u00e1rios para venda exclusiva.<\/p>\n<\/div><\/details>\n<\/div>\n","protected":false},"excerpt":{"rendered":"<p>O S.I.N. Club \u00e9 o f\u00e3-clube oficial do Maroon 5. Criado em 2002, a abrevia\u00e7\u00e3o significa Strength In Numbers (For\u00e7a em n\u00fameros) e \u00e9 o ponto de conex\u00e3o oficial entre a banda e os f\u00e3s. Ao longo dos anos, a banda sempre que poss\u00edvel d\u00e1 benef\u00edcios exclusivos \u00e0 comunidade de f\u00e3s, incluindo espa\u00e7os especiais para [&hellip;]<\/p>\n","protected":false},"author":1,"featured_media":27533,"parent":0,"menu_order":0,"comment_status":"closed","ping_status":"closed","template":"","meta":{"_themeisle_gutenberg_block_has_review":false,"footnotes":""},"class_list":["post-27528","page","type-page","status-publish","has-post-thumbnail","hentry"],"_links":{"self":[{"href":"https:\/\/www.maroon5br.com\/site\/wp-json\/wp\/v2\/pages\/27528","targetHints":{"allow":["GET"]}}],"collection":[{"href":"https:\/\/www.maroon5br.com\/site\/wp-json\/wp\/v2\/pages"}],"about":[{"href":"https:\/\/www.maroon5br.com\/site\/wp-json\/wp\/v2\/types\/page"}],"author":[{"embeddable":true,"href":"https:\/\/www.maroon5br.com\/site\/wp-json\/wp\/v2\/users\/1"}],"replies":[{"embeddable":true,"href":"https:\/\/www.maroon5br.com\/site\/wp-json\/wp\/v2\/comments?post=27528"}],"version-history":[{"count":23,"href":"https:\/\/www.maroon5br.com\/site\/wp-json\/wp\/v2\/pages\/27528\/revisions"}],"predecessor-version":[{"id":29433,"href":"https:\/\/www.maroon5br.com\/site\/wp-json\/wp\/v2\/pages\/27528\/revisions\/29433"}],"wp:featuredmedia":[{"embeddable":true,"href":"https:\/\/www.maroon5br.com\/site\/wp-json\/wp\/v2\/media\/27533"}],"wp:attachment":[{"href":"https:\/\/www.maroon5br.com\/site\/wp-json\/wp\/v2\/media?parent=27528"}],"curies":[{"name":"wp","href":"https:\/\/api.w.org\/{rel}","templated":true}]}}