{"id":27596,"date":"2022-02-16T18:40:47","date_gmt":"2022-02-16T21:40:47","guid":{"rendered":"https:\/\/www.maroon5br.com\/?page_id=27596"},"modified":"2022-12-15T20:10:12","modified_gmt":"2022-12-15T23:10:12","slug":"calirosa","status":"publish","type":"page","link":"https:\/\/www.maroon5br.com\/site\/maroon5\/projetos\/calirosa\/","title":{"rendered":"Calirosa"},"content":{"rendered":"\n<p>Criada por Adam Levine e Behati Prinsloo, Calirosa \u00e9 uma parceria do casal com a fam\u00edlia Real, produtores de tequila desde 1942 em Amatit\u00e1n em Jalisco, M\u00e9xico.<\/p>\n\n\n\n<p>Dispon\u00edvel em tr\u00eas varia\u00e7\u00f5es, Calirosa traz um diferente ponto de vista em rela\u00e7\u00e3o \u00e0 tequila tradicional, misturando o esp\u00edrito Mexicano com o estilo Californiano, com um processo de produ\u00e7\u00e3o diferenciado, proporcionando uma tonalidade rosa e uma vibrante nova experi\u00eancia.<\/p>\n\n\n\n<figure class=\"wp-block-image alignfull size-large\"><img loading=\"lazy\" decoding=\"async\" width=\"570\" height=\"380\" src=\"https:\/\/www.maroon5br.com\/site\/wp-content\/uploads\/2022\/02\/AdamLevine-BehatiPrinsloo-Calirosa-Family-570x380.jpg\" alt=\"\" class=\"wp-image-27597\" srcset=\"https:\/\/www.maroon5br.com\/site\/wp-content\/uploads\/2022\/02\/AdamLevine-BehatiPrinsloo-Calirosa-Family-570x380.jpg 570w, https:\/\/www.maroon5br.com\/site\/wp-content\/uploads\/2022\/02\/AdamLevine-BehatiPrinsloo-Calirosa-Family-300x200.jpg 300w, https:\/\/www.maroon5br.com\/site\/wp-content\/uploads\/2022\/02\/AdamLevine-BehatiPrinsloo-Calirosa-Family-225x150.jpg 225w, https:\/\/www.maroon5br.com\/site\/wp-content\/uploads\/2022\/02\/AdamLevine-BehatiPrinsloo-Calirosa-Family-768x512.jpg 768w, https:\/\/www.maroon5br.com\/site\/wp-content\/uploads\/2022\/02\/AdamLevine-BehatiPrinsloo-Calirosa-Family-290x193.jpg 290w, https:\/\/www.maroon5br.com\/site\/wp-content\/uploads\/2022\/02\/AdamLevine-BehatiPrinsloo-Calirosa-Family-450x300.jpg 450w, https:\/\/www.maroon5br.com\/site\/wp-content\/uploads\/2022\/02\/AdamLevine-BehatiPrinsloo-Calirosa-Family-600x400.jpg 600w, https:\/\/www.maroon5br.com\/site\/wp-content\/uploads\/2022\/02\/AdamLevine-BehatiPrinsloo-Calirosa-Family.jpg 1440w\" sizes=\"auto, (max-width: 570px) 100vw, 570px\" \/><\/figure>\n\n\n\n<h3 class=\"wp-block-heading\" id=\"variacoes\">Varia\u00e7\u00f5es<\/h3>\n\n\n\n<div class=\"wp-block-columns is-layout-flex wp-container-core-columns-is-layout-9d6595d7 wp-block-columns-is-layout-flex\">\n<div class=\"wp-block-column is-layout-flow wp-block-column-is-layout-flow\">\n<figure class=\"wp-block-image alignfull size-large\"><img loading=\"lazy\" decoding=\"async\" width=\"380\" height=\"380\" src=\"https:\/\/www.maroon5br.com\/site\/wp-content\/uploads\/2022\/02\/Calirosa-RosaBlanco-380x380.png\" alt=\"\" class=\"wp-image-27601\" srcset=\"https:\/\/www.maroon5br.com\/site\/wp-content\/uploads\/2022\/02\/Calirosa-RosaBlanco-380x380.png 380w, https:\/\/www.maroon5br.com\/site\/wp-content\/uploads\/2022\/02\/Calirosa-RosaBlanco-300x300.png 300w, https:\/\/www.maroon5br.com\/site\/wp-content\/uploads\/2022\/02\/Calirosa-RosaBlanco-150x150.png 150w, https:\/\/www.maroon5br.com\/site\/wp-content\/uploads\/2022\/02\/Calirosa-RosaBlanco-768x768.png 768w, https:\/\/www.maroon5br.com\/site\/wp-content\/uploads\/2022\/02\/Calirosa-RosaBlanco-224x224.png 224w, https:\/\/www.maroon5br.com\/site\/wp-content\/uploads\/2022\/02\/Calirosa-RosaBlanco-600x600.png 600w, https:\/\/www.maroon5br.com\/site\/wp-content\/uploads\/2022\/02\/Calirosa-RosaBlanco.png 1080w\" sizes=\"auto, (max-width: 380px) 100vw, 380px\" \/><\/figure>\n\n\n\n<p><strong>Rosa Blanco<\/strong><\/p>\n\n\n\n<p>A vers\u00e3o Rosa Blanco, a mais tradicional, \u00e9 envelhecida em barris de vinho tinto por 30 dias, um processo que permite que a bebida n\u00e3o s\u00f3 fortale\u00e7a os sabores de frutas vermelhas como tamb\u00e9m d\u00e1 a bebida uma interessante colora\u00e7\u00e3o rosa.<\/p>\n<\/div>\n\n\n\n<div class=\"wp-block-column is-layout-flow wp-block-column-is-layout-flow\">\n<figure class=\"wp-block-image alignfull size-large\"><img loading=\"lazy\" decoding=\"async\" width=\"380\" height=\"380\" src=\"https:\/\/www.maroon5br.com\/site\/wp-content\/uploads\/2022\/02\/Calirosa-Anejo-380x380.png\" alt=\"\" class=\"wp-image-27598\" srcset=\"https:\/\/www.maroon5br.com\/site\/wp-content\/uploads\/2022\/02\/Calirosa-Anejo-380x380.png 380w, https:\/\/www.maroon5br.com\/site\/wp-content\/uploads\/2022\/02\/Calirosa-Anejo-300x300.png 300w, https:\/\/www.maroon5br.com\/site\/wp-content\/uploads\/2022\/02\/Calirosa-Anejo-150x150.png 150w, https:\/\/www.maroon5br.com\/site\/wp-content\/uploads\/2022\/02\/Calirosa-Anejo-768x768.png 768w, https:\/\/www.maroon5br.com\/site\/wp-content\/uploads\/2022\/02\/Calirosa-Anejo-224x224.png 224w, https:\/\/www.maroon5br.com\/site\/wp-content\/uploads\/2022\/02\/Calirosa-Anejo-600x600.png 600w, https:\/\/www.maroon5br.com\/site\/wp-content\/uploads\/2022\/02\/Calirosa-Anejo.png 1200w\" sizes=\"auto, (max-width: 380px) 100vw, 380px\" \/><\/figure>\n\n\n\n<p><strong>A\u00f1ejo<\/strong><\/p>\n\n\n\n<p>Envelhecida por 18 meses em barris de vinho tinto na Calif\u00f3rnia, a bebida tem tra\u00e7os de baunilha, caramelo e chocolate, al\u00e9m de notas de canela.<\/p>\n<\/div>\n<\/div>\n\n\n\n<div class=\"wp-block-columns is-layout-flex wp-container-core-columns-is-layout-9d6595d7 wp-block-columns-is-layout-flex\">\n<div class=\"wp-block-column is-layout-flow wp-block-column-is-layout-flow\"><div class=\"wp-block-image\">\n<figure class=\"aligncenter size-large\"><img loading=\"lazy\" decoding=\"async\" width=\"380\" height=\"380\" src=\"https:\/\/www.maroon5br.com\/site\/wp-content\/uploads\/2022\/02\/Calirosa-ExtraAnejo-380x380.png\" alt=\"\" class=\"wp-image-27600\" srcset=\"https:\/\/www.maroon5br.com\/site\/wp-content\/uploads\/2022\/02\/Calirosa-ExtraAnejo-380x380.png 380w, https:\/\/www.maroon5br.com\/site\/wp-content\/uploads\/2022\/02\/Calirosa-ExtraAnejo-300x300.png 300w, https:\/\/www.maroon5br.com\/site\/wp-content\/uploads\/2022\/02\/Calirosa-ExtraAnejo-150x150.png 150w, https:\/\/www.maroon5br.com\/site\/wp-content\/uploads\/2022\/02\/Calirosa-ExtraAnejo-768x768.png 768w, https:\/\/www.maroon5br.com\/site\/wp-content\/uploads\/2022\/02\/Calirosa-ExtraAnejo-224x224.png 224w, https:\/\/www.maroon5br.com\/site\/wp-content\/uploads\/2022\/02\/Calirosa-ExtraAnejo-600x600.png 600w, https:\/\/www.maroon5br.com\/site\/wp-content\/uploads\/2022\/02\/Calirosa-ExtraAnejo.png 1200w\" sizes=\"auto, (max-width: 380px) 100vw, 380px\" \/><\/figure>\n<\/div>\n\n\n<p><strong>Extra A\u00f1ejo<\/strong><\/p>\n\n\n\n<p>Envelhecida por 3 anos na Calif\u00f3rnia em barris de vinho tinto, a variante traz uma colora\u00e7\u00e3o forte e tons de baunilha, caramelo e toques de favo de mel.<\/p>\n<\/div>\n\n\n\n<div class=\"wp-block-column is-layout-flow wp-block-column-is-layout-flow\"><div class=\"wp-block-image\">\n<figure class=\"aligncenter size-large\"><img loading=\"lazy\" decoding=\"async\" width=\"129\" height=\"380\" src=\"https:\/\/www.maroon5br.com\/site\/wp-content\/uploads\/2022\/12\/Calirosa-ExtraAnejo-CincoAnos-129x380.png\" alt=\"\" class=\"wp-image-28254\" srcset=\"https:\/\/www.maroon5br.com\/site\/wp-content\/uploads\/2022\/12\/Calirosa-ExtraAnejo-CincoAnos-129x380.png 129w, https:\/\/www.maroon5br.com\/site\/wp-content\/uploads\/2022\/12\/Calirosa-ExtraAnejo-CincoAnos-102x300.png 102w, https:\/\/www.maroon5br.com\/site\/wp-content\/uploads\/2022\/12\/Calirosa-ExtraAnejo-CincoAnos-51x150.png 51w, https:\/\/www.maroon5br.com\/site\/wp-content\/uploads\/2022\/12\/Calirosa-ExtraAnejo-CincoAnos-768x2268.png 768w, https:\/\/www.maroon5br.com\/site\/wp-content\/uploads\/2022\/12\/Calirosa-ExtraAnejo-CincoAnos-520x1536.png 520w, https:\/\/www.maroon5br.com\/site\/wp-content\/uploads\/2022\/12\/Calirosa-ExtraAnejo-CincoAnos-694x2048.png 694w, https:\/\/www.maroon5br.com\/site\/wp-content\/uploads\/2022\/12\/Calirosa-ExtraAnejo-CincoAnos.png 1082w\" sizes=\"auto, (max-width: 129px) 100vw, 129px\" \/><\/figure>\n<\/div>\n\n\n<p><strong>5 A\u00f1os Extra A\u00f1ejo<\/strong><\/p>\n\n\n\n<p>Envelhecida por 5 anos, a variante traz uma colora\u00e7\u00e3o forte e tons de mocha, t\u00e2mara e temperos.<\/p>\n<\/div>\n<\/div>\n\n\n\n<figure class=\"wp-block-image alignfull size-large\"><img loading=\"lazy\" decoding=\"async\" width=\"900\" height=\"372\" src=\"https:\/\/www.maroon5br.com\/site\/wp-content\/uploads\/2022\/02\/Calirosa-Logo-900x372.png\" alt=\"\" class=\"wp-image-27616\" srcset=\"https:\/\/www.maroon5br.com\/site\/wp-content\/uploads\/2022\/02\/Calirosa-Logo-900x372.png 900w, https:\/\/www.maroon5br.com\/site\/wp-content\/uploads\/2022\/02\/Calirosa-Logo-300x124.png 300w, https:\/\/www.maroon5br.com\/site\/wp-content\/uploads\/2022\/02\/Calirosa-Logo-250x103.png 250w, https:\/\/www.maroon5br.com\/site\/wp-content\/uploads\/2022\/02\/Calirosa-Logo-768x318.png 768w, https:\/\/www.maroon5br.com\/site\/wp-content\/uploads\/2022\/02\/Calirosa-Logo-1536x635.png 1536w, https:\/\/www.maroon5br.com\/site\/wp-content\/uploads\/2022\/02\/Calirosa-Logo.png 1978w\" sizes=\"auto, (max-width: 900px) 100vw, 900px\" \/><\/figure>\n","protected":false},"excerpt":{"rendered":"<p>Criada por Adam Levine e Behati Prinsloo, Calirosa \u00e9 uma parceria do casal com a fam\u00edlia Real, produtores de tequila desde 1942 em Amatit\u00e1n em Jalisco, M\u00e9xico. Dispon\u00edvel em tr\u00eas varia\u00e7\u00f5es, Calirosa traz um diferente ponto de vista em rela\u00e7\u00e3o \u00e0 tequila tradicional, misturando o esp\u00edrito Mexicano com o estilo Californiano, com um processo de [&hellip;]<\/p>\n","protected":false},"author":1,"featured_media":27603,"parent":22826,"menu_order":0,"comment_status":"closed","ping_status":"closed","template":"","meta":{"_themeisle_gutenberg_block_has_review":false,"footnotes":""},"class_list":["post-27596","page","type-page","status-publish","has-post-thumbnail","hentry"],"_links":{"self":[{"href":"https:\/\/www.maroon5br.com\/site\/wp-json\/wp\/v2\/pages\/27596","targetHints":{"allow":["GET"]}}],"collection":[{"href":"https:\/\/www.maroon5br.com\/site\/wp-json\/wp\/v2\/pages"}],"about":[{"href":"https:\/\/www.maroon5br.com\/site\/wp-json\/wp\/v2\/types\/page"}],"author":[{"embeddable":true,"href":"https:\/\/www.maroon5br.com\/site\/wp-json\/wp\/v2\/users\/1"}],"replies":[{"embeddable":true,"href":"https:\/\/www.maroon5br.com\/site\/wp-json\/wp\/v2\/comments?post=27596"}],"version-history":[{"count":11,"href":"https:\/\/www.maroon5br.com\/site\/wp-json\/wp\/v2\/pages\/27596\/revisions"}],"predecessor-version":[{"id":28257,"href":"https:\/\/www.maroon5br.com\/site\/wp-json\/wp\/v2\/pages\/27596\/revisions\/28257"}],"up":[{"embeddable":true,"href":"https:\/\/www.maroon5br.com\/site\/wp-json\/wp\/v2\/pages\/22826"}],"wp:featuredmedia":[{"embeddable":true,"href":"https:\/\/www.maroon5br.com\/site\/wp-json\/wp\/v2\/media\/27603"}],"wp:attachment":[{"href":"https:\/\/www.maroon5br.com\/site\/wp-json\/wp\/v2\/media?parent=27596"}],"curies":[{"name":"wp","href":"https:\/\/api.w.org\/{rel}","templated":true}]}}