{"id":27914,"date":"2022-09-27T19:18:11","date_gmt":"2022-09-27T22:18:11","guid":{"rendered":"https:\/\/www.maroon5br.com\/?page_id=27914"},"modified":"2025-11-16T12:30:04","modified_gmt":"2025-11-16T15:30:04","slug":"m5lv-a-residencia","status":"publish","type":"page","link":"https:\/\/www.maroon5br.com\/site\/maroon5\/turnes\/m5lv-a-residencia\/","title":{"rendered":"M5LV: A Resid\u00eancia"},"content":{"rendered":"\n<p>Em Mar\u00e7o de 2023, o Maroon 5 embarcou em sua aguardada resid\u00eancia em Las Vegas! Entitulada M5LV, a resid\u00eancia foi composta por uma sequ\u00eancia de 16 shows no Dolby Live, localizado no resort Park MGM, com 8 shows acontecendo entre Mar\u00e7o e Abril e 8 shows entre Julho e Agosto. O show M5LV foi criado especificamente para o Dolby Live, e trouxe uma estrutura diferente dos shows que estamos acostumados, com a inclus\u00e3o de v\u00eddeos de interlude, efeitos de palco e tamb\u00e9m a inclus\u00e3o de backing vocals e tamb\u00e9m saxofonistas.<\/p>\n\n\n\n<p>A resid\u00eancia da banda em Las Vegas funciona como uma celebra\u00e7\u00e3o de 20 anos da carreira da banda. Come\u00e7ando por um v\u00eddeo de abertura que relembra os grandes sucessos da banda e que tamb\u00e9m funciona como uma esp\u00e9cie de &#8220;rumo \u00e0 Las Vegas&#8221; ao som de &#8220;Viva Las Vegas&#8221;, de Elvis Presley, a banda logo sobe ao palco para abrir o show com o hit &#8220;Animals&#8221;, &#8220;One More Night&#8221;, seguido por &#8220;This Love&#8221; e &#8220;Stereo Hearts&#8221;. <\/p>\n\n\n\n<p>Em seguida, um novo v\u00eddeo de interlude, entitulado &#8220;Beginnings&#8221;, foca na trajet\u00f3ria da banda desde os primeiros dias de Kara&#8217;s Flowers, com imagens de bastidores e o processo criativo dos \u00e1lbuns de est\u00fadio da banda. Ap\u00f3s o v\u00eddeo, a banda imenda &#8220;Harder To Breathe&#8221;, o primeiro single da carreira, al\u00e9m de &#8220;Lucky Strike&#8221;, &#8220;Sunday Morning&#8221;, &#8220;Payphone&#8221;, &#8220;What Lovers Do&#8221;, &#8220;Makes Me Wonder&#8221;, &#8220;I Wanna Be Your Lover&#8221;, cover de Prince, &#8220;Heavy&#8221;, m\u00fasica de PJ Morton com participa\u00e7\u00e3o de Adam Levine e James Valentine e encerrando o bloco com &#8220;Maps&#8221;.<\/p>\n\n\n\n<p>O terceiro bloco do show come\u00e7a com uma homenagem \u00e0 Jordan Feldstein, ex-empres\u00e1rio da banda falecido em 2017. No v\u00eddeo de interlude, a banda mostra como a rela\u00e7\u00e3o dele com os meninos come\u00e7ou ainda na inf\u00e2ncia, quando ele e Adam Levine eram melhores amigos, e mostrando diversas imagens do empres\u00e1rio ao lado da banda durante momentos importantes da carreira. &#8220;Memories&#8221;, \u00e9 a m\u00fasica apresentada em seguida, com &#8220;Love Somebody&#8221; (sempre dedicada \u00e0 Behati Prinsloo), &#8220;Moves Like Jagger&#8221; e &#8220;Stayin&#8217; Alive&#8221;, hit do Bee Gee&#8217;s que encerra o bloco.<\/p>\n\n\n\n<p>Ap\u00f3s a tradicional pausa pro Bis, o quarto e \u00faltimo bloco do show, &#8220;Many Miles Later&#8221;, exalta os f\u00e3s da banda e como eles s\u00e3o importantes para o grupo, misturando imagens dos primeiros shows da carreira com imagens das turn\u00eas mundiais da banda (incluindo diversas imagens dos shows no Rock In Rio e das passagens da banda pelo Brasil). Ap\u00f3s o v\u00eddeo, Adam e James caminham pelo p\u00fablico e tocam uma vers\u00e3o ac\u00fastica do hit &#8220;She Will Be Loved&#8221;. Ap\u00f3s a m\u00fasica, a banda retorna ao palco para tocar &#8220;Girls Like You&#8221; e &#8220;Sugar&#8221;, que ganha uma chuva de papel picado para encerrar a apresenta\u00e7\u00e3o com chave de ouro.<\/p>\n\n\n\n<p>O show foi produzido pelo lend\u00e1rio Baz Halpin (tamb\u00e9m respons\u00e1vel por outras resid\u00eancias de sucesso como Britney Spears, Adele, Bruno Mars e Katy Perry) e dirigido por&nbsp;Parker Genoway.<\/p>\n\n\n\n<p>Em 2024, a resid\u00eancia foi renovada e ganhou uma sequ\u00eancia de 16 novos shows.<\/p>\n\n\n\n<h3 class=\"wp-block-heading\">Video promocional<\/h3>\n\n\n\n<figure class=\"wp-block-embed is-type-video is-provider-youtube wp-block-embed-youtube wp-embed-aspect-16-9 wp-has-aspect-ratio\"><div class=\"wp-block-embed__wrapper\">\n\r\n<div class=\"fve-video-wrapper fve-image-embed fve-thumbnail-image youtube\" style=\"padding-bottom:75%;\">\r\n    <iframe loading=\"lazy\" src=\"\/\/www.youtube.com\/embed\/nc_XSKSAvmY?wmode=transparent&#038;modestbranding=1&#038;autohide=1&#038;showinfo=0&#038;rel=0\" width=\"100%\" height=\"100%\" frameborder=\"0\" webkitAllowFullScreen mozallowfullscreen allowFullScreen><\/iframe>    <\/div>\r\n\r\n\n<\/div><\/figure>\n\n\n\n<h3 class=\"wp-block-heading\">Poster<\/h3>\n\n\n\n<div class=\"wp-block-columns is-layout-flex wp-container-core-columns-is-layout-9d6595d7 wp-block-columns-is-layout-flex\">\n<div class=\"wp-block-column is-layout-flow wp-block-column-is-layout-flow\" style=\"flex-basis:100%\">\n<figure class=\"wp-block-image alignfull size-full\"><img loading=\"lazy\" decoding=\"async\" width=\"1080\" height=\"1080\" src=\"https:\/\/www.maroon5br.com\/site\/wp-content\/uploads\/2022\/09\/Static_Social-Instagram_1080x1080_Maroon5LasVegasResidency_2023_Regional_Dolby-Live-at-Park-MGM_0324.jpg\" alt=\"\" class=\"wp-image-27909\" srcset=\"https:\/\/www.maroon5br.com\/site\/wp-content\/uploads\/2022\/09\/Static_Social-Instagram_1080x1080_Maroon5LasVegasResidency_2023_Regional_Dolby-Live-at-Park-MGM_0324.jpg 1080w, https:\/\/www.maroon5br.com\/site\/wp-content\/uploads\/2022\/09\/Static_Social-Instagram_1080x1080_Maroon5LasVegasResidency_2023_Regional_Dolby-Live-at-Park-MGM_0324-300x300.jpg 300w, https:\/\/www.maroon5br.com\/site\/wp-content\/uploads\/2022\/09\/Static_Social-Instagram_1080x1080_Maroon5LasVegasResidency_2023_Regional_Dolby-Live-at-Park-MGM_0324-380x380.jpg 380w, https:\/\/www.maroon5br.com\/site\/wp-content\/uploads\/2022\/09\/Static_Social-Instagram_1080x1080_Maroon5LasVegasResidency_2023_Regional_Dolby-Live-at-Park-MGM_0324-150x150.jpg 150w, https:\/\/www.maroon5br.com\/site\/wp-content\/uploads\/2022\/09\/Static_Social-Instagram_1080x1080_Maroon5LasVegasResidency_2023_Regional_Dolby-Live-at-Park-MGM_0324-768x768.jpg 768w, https:\/\/www.maroon5br.com\/site\/wp-content\/uploads\/2022\/09\/Static_Social-Instagram_1080x1080_Maroon5LasVegasResidency_2023_Regional_Dolby-Live-at-Park-MGM_0324-224x224.jpg 224w, https:\/\/www.maroon5br.com\/site\/wp-content\/uploads\/2022\/09\/Static_Social-Instagram_1080x1080_Maroon5LasVegasResidency_2023_Regional_Dolby-Live-at-Park-MGM_0324-600x600.jpg 600w\" sizes=\"auto, (max-width: 1080px) 100vw, 1080px\" \/><\/figure>\n<\/div>\n\n\n\n<div class=\"wp-block-column is-layout-flow wp-block-column-is-layout-flow\" style=\"flex-basis:100%\">\n<figure class=\"wp-block-image alignfull size-full\"><img loading=\"lazy\" decoding=\"async\" width=\"1440\" height=\"1800\" src=\"https:\/\/www.maroon5br.com\/site\/wp-content\/uploads\/2023\/07\/Maroon5-M5LV-Poster.jpg\" alt=\"\" class=\"wp-image-28765\" srcset=\"https:\/\/www.maroon5br.com\/site\/wp-content\/uploads\/2023\/07\/Maroon5-M5LV-Poster.jpg 1440w, https:\/\/www.maroon5br.com\/site\/wp-content\/uploads\/2023\/07\/Maroon5-M5LV-Poster-240x300.jpg 240w, https:\/\/www.maroon5br.com\/site\/wp-content\/uploads\/2023\/07\/Maroon5-M5LV-Poster-304x380.jpg 304w, https:\/\/www.maroon5br.com\/site\/wp-content\/uploads\/2023\/07\/Maroon5-M5LV-Poster-120x150.jpg 120w, https:\/\/www.maroon5br.com\/site\/wp-content\/uploads\/2023\/07\/Maroon5-M5LV-Poster-768x960.jpg 768w, https:\/\/www.maroon5br.com\/site\/wp-content\/uploads\/2023\/07\/Maroon5-M5LV-Poster-1229x1536.jpg 1229w\" sizes=\"auto, (max-width: 1440px) 100vw, 1440px\" \/><\/figure>\n<\/div>\n\n\n\n<div class=\"wp-block-column is-layout-flow wp-block-column-is-layout-flow\" style=\"flex-basis:100%\">\n<figure class=\"wp-block-image alignfull size-full\"><img loading=\"lazy\" decoding=\"async\" width=\"1080\" height=\"1350\" src=\"https:\/\/www.maroon5br.com\/site\/wp-content\/uploads\/2023\/07\/M5-M5LV-Part2.jpg\" alt=\"\" class=\"wp-image-28795\" srcset=\"https:\/\/www.maroon5br.com\/site\/wp-content\/uploads\/2023\/07\/M5-M5LV-Part2.jpg 1080w, https:\/\/www.maroon5br.com\/site\/wp-content\/uploads\/2023\/07\/M5-M5LV-Part2-240x300.jpg 240w, https:\/\/www.maroon5br.com\/site\/wp-content\/uploads\/2023\/07\/M5-M5LV-Part2-304x380.jpg 304w, https:\/\/www.maroon5br.com\/site\/wp-content\/uploads\/2023\/07\/M5-M5LV-Part2-120x150.jpg 120w, https:\/\/www.maroon5br.com\/site\/wp-content\/uploads\/2023\/07\/M5-M5LV-Part2-768x960.jpg 768w\" sizes=\"auto, (max-width: 1080px) 100vw, 1080px\" \/><\/figure>\n<\/div>\n<\/div>\n\n\n\n<div class=\"wp-block-columns is-layout-flex wp-container-core-columns-is-layout-9d6595d7 wp-block-columns-is-layout-flex\">\n<div class=\"wp-block-column is-layout-flow wp-block-column-is-layout-flow\">\n<figure class=\"wp-block-image alignwide size-full\"><img loading=\"lazy\" decoding=\"async\" width=\"1080\" height=\"1350\" src=\"https:\/\/www.maroon5br.com\/site\/wp-content\/uploads\/2023\/12\/M5LV-2024-Artwork.jpg\" alt=\"\" class=\"wp-image-29060\" srcset=\"https:\/\/www.maroon5br.com\/site\/wp-content\/uploads\/2023\/12\/M5LV-2024-Artwork.jpg 1080w, https:\/\/www.maroon5br.com\/site\/wp-content\/uploads\/2023\/12\/M5LV-2024-Artwork-240x300.jpg 240w, https:\/\/www.maroon5br.com\/site\/wp-content\/uploads\/2023\/12\/M5LV-2024-Artwork-304x380.jpg 304w, https:\/\/www.maroon5br.com\/site\/wp-content\/uploads\/2023\/12\/M5LV-2024-Artwork-120x150.jpg 120w, https:\/\/www.maroon5br.com\/site\/wp-content\/uploads\/2023\/12\/M5LV-2024-Artwork-768x960.jpg 768w\" sizes=\"auto, (max-width: 1080px) 100vw, 1080px\" \/><\/figure>\n<\/div>\n\n\n\n<div class=\"wp-block-column is-layout-flow wp-block-column-is-layout-flow\">\n<figure class=\"wp-block-image alignwide size-full\"><img loading=\"lazy\" decoding=\"async\" width=\"480\" height=\"600\" src=\"https:\/\/www.maroon5br.com\/site\/wp-content\/uploads\/2025\/04\/M5LV-2025-02.jpg\" alt=\"\" class=\"wp-image-29719\" srcset=\"https:\/\/www.maroon5br.com\/site\/wp-content\/uploads\/2025\/04\/M5LV-2025-02.jpg 480w, https:\/\/www.maroon5br.com\/site\/wp-content\/uploads\/2025\/04\/M5LV-2025-02-240x300.jpg 240w, https:\/\/www.maroon5br.com\/site\/wp-content\/uploads\/2025\/04\/M5LV-2025-02-304x380.jpg 304w, https:\/\/www.maroon5br.com\/site\/wp-content\/uploads\/2025\/04\/M5LV-2025-02-120x150.jpg 120w\" sizes=\"auto, (max-width: 480px) 100vw, 480px\" \/><\/figure>\n<\/div>\n<\/div>\n\n\n\n<h3 class=\"wp-block-heading\">Setlist<\/h3>\n\n\n\n<div class=\"wp-block-group\"><div class=\"wp-block-group__inner-container is-layout-constrained wp-block-group-is-layout-constrained\">\n<p class=\"has-text-align-center\"><strong>Intro (Viva Las Vegas)<\/strong><br>Animals<br>This Love<br>Stereo Hearts<\/p>\n\n\n\n<p class=\"has-text-align-center\"><strong>Interlude: Beginnings<\/strong><br>Harder To Breathe<br>Daylight*<br>Lucky Strike<br>Sunday Morning<br>Payphone<br>What Lovers Do<br>Makes Me Wonder<br>I Wanna Be Your Lover (Cover de Prince)<br>Heavy<br>Maps<\/p>\n\n\n\n<p class=\"has-text-align-center\"><strong>Interlude: JORDI<\/strong><br>Memories<br>Love Somebody<br>Moves Like Jagger<br>Stayin&#8217;Alive (Cover de BeeGees)<\/p>\n\n\n\n<p class=\"has-text-align-center\"><strong>Interlude: Many Miles Later<\/strong><br>She Will Be Loved (Ac\u00fastica)<br>Girls Like You<br>Sugar<\/p>\n\n\n\n<p class=\"has-text-align-center\"><em>* M\u00fasica apresentada apenas na primeira noite<\/em>.<\/p>\n<\/div><\/div>\n\n\n\n<h3 class=\"wp-block-heading\">Mapa de Assentos<\/h3>\n\n\n\n<figure class=\"wp-block-image alignwide size-large\"><img loading=\"lazy\" decoding=\"async\" width=\"384\" height=\"380\" src=\"https:\/\/www.maroon5br.com\/site\/wp-content\/uploads\/2023\/03\/M5-M5LV-Stage-384x380.png\" alt=\"\" class=\"wp-image-28463\" srcset=\"https:\/\/www.maroon5br.com\/site\/wp-content\/uploads\/2023\/03\/M5-M5LV-Stage-384x380.png 384w, https:\/\/www.maroon5br.com\/site\/wp-content\/uploads\/2023\/03\/M5-M5LV-Stage-300x297.png 300w, https:\/\/www.maroon5br.com\/site\/wp-content\/uploads\/2023\/03\/M5-M5LV-Stage-152x150.png 152w, https:\/\/www.maroon5br.com\/site\/wp-content\/uploads\/2023\/03\/M5-M5LV-Stage-768x759.png 768w, https:\/\/www.maroon5br.com\/site\/wp-content\/uploads\/2023\/03\/M5-M5LV-Stage.png 961w\" sizes=\"auto, (max-width: 384px) 100vw, 384px\" \/><\/figure>\n\n\n\n<div class=\"wp-block-buttons is-content-justification-center is-layout-flex wp-container-core-buttons-is-layout-16018d1d wp-block-buttons-is-layout-flex\"><\/div>\n\n\n\n<h3 class=\"wp-block-heading\">Experi\u00eancia Imersiva<\/h3>\n\n\n\n<p>Para comemorar o in\u00edcio da M5LV em Las Vegas a banda criou, em parceria com a empresa Area15, uma experi\u00eancia imersiva para os f\u00e3s da banda, que convidou o p\u00fablico a entrar no universo das m\u00fasicas do Maroon 5 por meio de materiais audiovisuais exclusivos, al\u00e9m de merchandising e tamb\u00e9m um bar onde foram servidos drinks feitos com a tequila Calirosa, criada por Adam Levine.<\/p>\n\n\n\n<p>No espa\u00e7o, batizado \u201cThe S.I.N. Shop\u201d (uma alus\u00e3o ao nome do f\u00e3-clube oficial da banda, \u201cStrength In Numbers\u201d), os f\u00e3s poder\u00e3o comprar todos os 7 \u00e1lbuns da banda em vinil, o livro fotogr\u00e1fico Midnight Miles lan\u00e7ado em 2006, camisetas em estilo vintage da turn\u00ea do primeiro \u00e1lbum \u201cSongs About Jane\u201d, al\u00e9m de merchandising da carreira solo de PJ Morton e da banda Phantom Planet, de Sam Farrar. Al\u00e9m disso, a loja tamb\u00e9m disponibilizou itens da marca Friendly Unicorn, marca de roupas tamb\u00e9m pertencente a Levine.<\/p>\n\n\n\n<p>J\u00e1 em abril, a experi\u00eancia ganhou uma nova etapa, com a adi\u00e7\u00e3o do espa\u00e7o &#8220;Portal to The Pyramids&#8221;, um audit\u00f3rio mapeado em 360\u00ba que exibiu, entre outras coisas, o lend\u00e1rio show do Maroon 5 em frente \u00e0s pir\u00e2mides do Egito, que aconteceu em Maio de 2022.<\/p>\n\n\n\n<p><\/p>\n\n\n\n<h3 class=\"wp-block-heading\">Datas<\/h3>\n\n\n\n<figure class=\"wp-block-table is-style-stripes\"><table><thead>\n<tr>\n<th>Data<\/th>\n<th>Local<\/th>\n<th>Cidade<\/th>\n<\/tr>\n<\/thead>\n<tbody>\n<tr>\n<td>24 de Mar\u00e7o de 2023<\/td>\n<td>Dolby Live no MGM Park<\/td>\n<td>Las Vegas, Estados Unidos<\/td>\n<\/tr>\n<tr>\n<td>25 de Mar\u00e7o de 2023<\/td>\n<td>Dolby Live no MGM Park<\/td>\n<td>Las Vegas, Estados Unidos<\/td>\n<\/tr>\n<tr>\n<td>29 de Mar\u00e7o de 2023<\/td>\n<td>Dolby Live no MGM Park<\/td>\n<td>Las Vegas, Estados Unidos<\/td>\n<\/tr>\n<tr>\n<td>31 de Mar\u00e7o de 2023<\/td>\n<td>Dolby Live no MGM Park<\/td>\n<td>Las Vegas, Estados Unidos<\/td>\n<\/tr>\n<tr>\n<td>1\u00ba de Abril de 2023<\/td>\n<td>Dolby Live no MGM Park<\/td>\n<td>Las Vegas, Estados Unidos<\/td>\n<\/tr>\n<tr>\n<td>5 de Abril de 2023<\/td>\n<td>Dolby Live no MGM Park<\/td>\n<td>Las Vegas, Estados Unidos<\/td>\n<\/tr>\n<tr>\n<td>7 de Abril de 2023<\/td>\n<td>Dolby Live no MGM Park<\/td>\n<td>Las Vegas, Estados Unidos<\/td>\n<\/tr>\n<tr>\n<td>8 de Abril de 2023<\/td>\n<td>Dolby Live no MGM Park<\/td>\n<td>Las Vegas, Estados Unidos<\/td>\n<\/tr>\n<tr>\n<td>28 de Julho de 2023<\/td>\n<td>Dolby Live no MGM Park<\/td>\n<td>Las Vegas, Estados Unidos<\/td>\n<\/tr>\n<tr>\n<td>29 de Julho de 2023<\/td>\n<td>Dolby Live no MGM Park<\/td>\n<td>Las Vegas, Estados Unidos<\/td>\n<\/tr>\n<tr>\n<td>2 de Agosto de 2023<\/td>\n<td>Dolby Live no MGM Park<\/td>\n<td>Las Vegas, Estados Unidos<\/td>\n<\/tr>\n<tr>\n<td>4 de Agosto de 2023<\/td>\n<td>Dolby Live no MGM Park<\/td>\n<td>Las Vegas, Estados Unidos<\/td>\n<\/tr>\n<tr>\n<td>5 de Agosto de 2023<\/td>\n<td>Dolby Live no MGM Park<\/td>\n<td>Las Vegas, Estados Unidos<\/td>\n<\/tr>\n<tr>\n<td>9 de Agosto de 2023<\/td>\n<td>Dolby Live no MGM Park<\/td>\n<td>Las Vegas, Estados Unidos<\/td>\n<\/tr>\n<tr>\n<td>11 de Agosto de 2023<\/td>\n<td>Dolby Live no MGM Park<\/td>\n<td>Las Vegas, Estados Unidos<\/td>\n<\/tr>\n<tr>\n<td>12 de Agosto de 2023<\/td>\n<td>Dolby Live no MGM Park<\/td>\n<td>Las Vegas, Estados Unidos<\/td>\n<\/tr>\n<tr>\n<td>17 de Maio de 2024<\/td>\n<td>Dolby Live no MGM Park<\/td>\n<td>Las Vegas, Estados Unidos<\/td>\n<\/tr>\n<tr>\n<td>18 de Maio de 2024<\/td>\n<td>Dolby Live no MGM Park<\/td>\n<td>Las Vegas, Estados Unidos<\/td>\n<\/tr>\n<tr>\n<td>22 de Maio de 2024<\/td>\n<td>Dolby Live no MGM Park<\/td>\n<td>Las Vegas, Estados Unidos<\/td>\n<\/tr>\n<tr>\n<td>25 de Maio de 2024<\/td>\n<td>Dolby Live no MGM Park<\/td>\n<td>Las Vegas, Estados Unidos<\/td>\n<\/tr>\n<tr>\n<td>26 de Maio de 2024<\/td>\n<td>Dolby Live no MGM Park<\/td>\n<td>Las Vegas, Estados Unidos<\/td>\n<\/tr><tr>\n<td>29 de Maio de 2024<\/td>\n<td>Dolby Live no MGM Park<\/td>\n<td>Las Vegas, Estados Unidos<\/td>\n<\/tr>\n<tr>\n<td>31 de Maio de 2024<\/td>\n<td>Dolby Live no MGM Park<\/td>\n<td>Las Vegas, Estados Unidos<\/td>\n<\/tr>\n<tr>\n<td>1 de Junho de 2024<\/td>\n<td>Dolby Live no MGM Park<\/td>\n<td>Las Vegas, Estados Unidos<\/td>\n<\/tr>\n<tr>\n<td>27 de Setembro de 2024<\/td>\n<td>Dolby Live no MGM Park<\/td>\n<td>Las Vegas, Estados Unidos<\/td>\n<\/tr>\n<tr>\n<td>28 de Setembro de 2024<\/td>\n<td>Dolby Live no MGM Park<\/td>\n<td>Las Vegas, Estados Unidos<\/td>\n<\/tr>\n<tr>\n<td>2 de Outubro de 2024<\/td>\n<td>Dolby Live no MGM Park<\/td>\n<td>Las Vegas, Estados Unidos<\/td>\n<\/tr>\n<tr>\n<td>4 de Outubro de 2024<\/td>\n<td>Dolby Live no MGM Park<\/td>\n<td>Las Vegas, Estados Unidos<\/td>\n<\/tr>\n<tr>\n<td>5 de Outubro de 2024<\/td>\n<td>Dolby Live no MGM Park<\/td>\n<td>Las Vegas, Estados Unidos<\/td>\n<\/tr>\n<tr>\n<td>9 de Outubro de 2024<\/td>\n<td>Dolby Live no MGM Park<\/td>\n<td>Las Vegas, Estados Unidos<\/td>\n<\/tr>\n<tr>\n<td>11 de Outubro de 2024<\/td>\n<td>Dolby Live no MGM Park<\/td>\n<td>Las Vegas, Estados Unidos<\/td>\n<\/tr>\n<tr>\n<td>12 de Outubro de 2024<\/td>\n<td>Dolby Live no MGM Park<\/td>\n<td>Las Vegas, Estados Unidos<\/td>\n<\/tr>\n<tr>\n<td>7 de Mar\u00e7o de 2025<\/td>\n<td>Dolby Live no MGM Park<\/td>\n<td>Las Vegas, Estados Unidos<\/td>\n<\/tr>\n<tr>\n<td>8 de Mar\u00e7o de 2025<\/td>\n<td>Dolby Live no MGM Park<\/td>\n<td>Las Vegas, Estados Unidos<\/td>\n<\/tr>\n<tr>\n<td>12 de Mar\u00e7o de 2025<\/td>\n<td>Dolby Live no MGM Park<\/td>\n<td>Las Vegas, Estados Unidos<\/td>\n<\/tr>\n<tr>\n<td>14 de Mar\u00e7o de 2025<\/td>\n<td>Dolby Live no MGM Park<\/td>\n<td>Las Vegas, Estados Unidos<\/td>\n<\/tr>\n<tr>\n<td>15 de Mar\u00e7o de 2025<\/td>\n<td>Dolby Live no MGM Park<\/td>\n<td>Las Vegas, Estados Unidos<\/td>\n<\/tr>\n<tr>\n<td>19 de Mar\u00e7o de 2025<\/td>\n<td>Dolby Live no MGM Park<\/td>\n<td>Las Vegas, Estados Unidos<\/td>\n<\/tr>\n<tr>\n<td>21 de Mar\u00e7o de 2025<\/td>\n<td>Dolby Live no MGM Park<\/td>\n<td>Las Vegas, Estados Unidos<\/td>\n<\/tr>\n<tr>\n<td>22 de Mar\u00e7o de 2025<\/td>\n<td>Dolby Live no MGM Park<\/td>\n<td>Las Vegas, Estados Unidos<\/td>\n<\/tr>\n<\/tbody><\/table><\/figure>\n","protected":false},"excerpt":{"rendered":"<p>Em Mar\u00e7o de 2023, o Maroon 5 embarcou em sua aguardada resid\u00eancia em Las Vegas! Entitulada M5LV, a resid\u00eancia foi composta por uma sequ\u00eancia de 16 shows no Dolby Live, localizado no resort Park MGM, com 8 shows acontecendo entre Mar\u00e7o e Abril e 8 shows entre Julho e Agosto. O show M5LV foi criado [&hellip;]<\/p>\n","protected":false},"author":1,"featured_media":28768,"parent":9750,"menu_order":17,"comment_status":"closed","ping_status":"closed","template":"","meta":{"_themeisle_gutenberg_block_has_review":false,"footnotes":""},"class_list":["post-27914","page","type-page","status-publish","has-post-thumbnail","hentry"],"_links":{"self":[{"href":"https:\/\/www.maroon5br.com\/site\/wp-json\/wp\/v2\/pages\/27914","targetHints":{"allow":["GET"]}}],"collection":[{"href":"https:\/\/www.maroon5br.com\/site\/wp-json\/wp\/v2\/pages"}],"about":[{"href":"https:\/\/www.maroon5br.com\/site\/wp-json\/wp\/v2\/types\/page"}],"author":[{"embeddable":true,"href":"https:\/\/www.maroon5br.com\/site\/wp-json\/wp\/v2\/users\/1"}],"replies":[{"embeddable":true,"href":"https:\/\/www.maroon5br.com\/site\/wp-json\/wp\/v2\/comments?post=27914"}],"version-history":[{"count":18,"href":"https:\/\/www.maroon5br.com\/site\/wp-json\/wp\/v2\/pages\/27914\/revisions"}],"predecessor-version":[{"id":30622,"href":"https:\/\/www.maroon5br.com\/site\/wp-json\/wp\/v2\/pages\/27914\/revisions\/30622"}],"up":[{"embeddable":true,"href":"https:\/\/www.maroon5br.com\/site\/wp-json\/wp\/v2\/pages\/9750"}],"wp:featuredmedia":[{"embeddable":true,"href":"https:\/\/www.maroon5br.com\/site\/wp-json\/wp\/v2\/media\/28768"}],"wp:attachment":[{"href":"https:\/\/www.maroon5br.com\/site\/wp-json\/wp\/v2\/media?parent=27914"}],"curies":[{"name":"wp","href":"https:\/\/api.w.org\/{rel}","templated":true}]}}