{"id":28326,"date":"2023-01-16T19:38:58","date_gmt":"2023-01-16T22:38:58","guid":{"rendered":"https:\/\/www.maroon5br.com\/?page_id=28326"},"modified":"2023-08-01T17:25:29","modified_gmt":"2023-08-01T20:25:29","slug":"the-town-2023","status":"publish","type":"page","link":"https:\/\/www.maroon5br.com\/site\/especiais\/hotsites\/the-town-2023\/","title":{"rendered":"The Town 2023"},"content":{"rendered":"\n<p>Pouco mais de um ano depois da bem-sucedida passagem do Maroon 5 pelo Brasil com a 2022 World Tour, a banda volta ao Brasil para uma apresenta\u00e7\u00e3o \u00fanica na primeira edi\u00e7\u00e3o do festival The Town, organizado pelos mesmos produtores do Rock In Rio e que acontecer\u00e1 no Aut\u00f3dromo de Interlagos, em S\u00e3o Paulo. A banda ser\u00e1 a atra\u00e7\u00e3o principal do festival no dia <strong>7 de Setembro<\/strong> e deve trazer para o evento um setlist cheio de hits e m\u00fasicas favoritas dos f\u00e3s.<\/p>\n\n\n\n<p>Reunimos, nessa p\u00e1gina especial, todas as informa\u00e7\u00f5es necess\u00e1rias para os Marooners se prepararem para matar as saudades da banda. Vem gente! &lt;3<\/p>\n\n\n\n<div class=\"wp-block-group\"><div class=\"wp-block-group__inner-container is-layout-constrained wp-block-group-is-layout-constrained\">\n<h3 class=\"wp-block-heading\">The Town Card \/ Ingressos<\/h3>\n\n\n\n<div class=\"wp-block-columns is-layout-flex wp-container-core-columns-is-layout-9d6595d7 wp-block-columns-is-layout-flex\">\n<div class=\"wp-block-column ticss-0f1fe040 has-background has-small-font-size is-layout-flow wp-block-column-is-layout-flow\" style=\"background-color:#0772e3;flex-basis:100%\">\n<p class=\"has-text-align-center has-white-color has-text-color has-large-font-size\">Meia-Entrada<\/p>\n\n\n\n<p class=\"has-text-align-center has-white-color has-text-color has-large-font-size\"><strong>$407,50<\/strong><\/p>\n<\/div>\n\n\n\n<div class=\"wp-block-column ticss-db3b6282 has-background is-layout-flow wp-block-column-is-layout-flow\" style=\"background-color:#000063;flex-basis:100%\">\n<p class=\"has-text-align-center has-white-color has-text-color has-large-font-size\">Inteira<\/p>\n\n\n\n<p class=\"has-text-align-center has-white-color has-text-color has-large-font-size\"><strong>$815,00<\/strong><\/p>\n<\/div>\n<\/div>\n\n\n\n<p>Assim como nas \u00faltimas edi\u00e7\u00f5es do Rock In Rio, os f\u00e3s poder\u00e3o garantir ingressos antecipados atrav\u00e9s do The Town Card, que equivale a um ingresso de gramado, sem data, valido apenas para um dia de evento. Assim, os f\u00e3s j\u00e1 conseguem garantir a entrada para o festival antes mesmo de todas as atra\u00e7\u00f5es serem confirmadas.<\/p>\n\n\n\n<p>As vendas do The Town Card acontecer\u00e3o atrav\u00e9s da Ticketmaster Brasil, e \u00e9 preciso fazer um cadastro no site para poder efetuar a compra (o cadastro \u00e9 feito atrav\u00e9s desse&nbsp;<a rel=\"noreferrer noopener\" href=\"https:\/\/thetown.ticketmaster.com.br\/?utm_source=site&amp;utm_medium=social&amp;utm_content=ticketmaster_antecipe_MATERIA&amp;utm_campaign=materia_site_ticketmaster_antecipe\" target=\"_blank\">link<\/a>). Com o cadastro feito, fica tudo pronto pra comprar o seu The Town Card no dia <strong>14 de mar\u00e7o. <\/strong><\/p>\n\n\n\n<p><strong>Aten\u00e7\u00e3o: Para que o processo de compra corra sem problemas, n\u00f3s recomendamos que os f\u00e3s fa\u00e7am o cadastro no portal antes da data de abertura das vendas, evitando problemas de \u00faltima hora e que os ingressos esgotem antes de chegar a sua vez.<\/strong><\/p>\n\n\n\n<p>O limite de compra \u00e9 de at\u00e9 4 ingressos por CPF, sendo no m\u00e1ximo uma meia-entrada, que dever\u00e1 ser comprovada tanto no ato da compra, quanto na Cidade da M\u00fasica, no dia do evento. O ingresso da meia-entrada custa R$ 407,50, enquanto a inteira custa R$ 815,00, tudo sem taxa de servi\u00e7o, e o pagamento poder\u00e1 ser feito via PIX ou cart\u00e3o de cr\u00e9dito.\u00a0<\/p>\n\n\n\n<p>Para os pagamentos no cart\u00e3o de cr\u00e9dito, o valor poder\u00e1 ser parcelado em at\u00e9 6 vezes sem juros. E quem possui cart\u00e3o de cr\u00e9dito Ita\u00fa, Credicard ou Iti poder\u00e1 parcelar a compra em at\u00e9 8 vezes sem juros. Para o pagamento com PIX, voc\u00ea ter\u00e1 10 minutos para realizar e \u00e9 s\u00f3 utilizar o QR Code na tela.&nbsp;<\/p>\n\n\n\n<div class=\"wp-block-buttons is-content-justification-center is-layout-flex wp-container-core-buttons-is-layout-16018d1d wp-block-buttons-is-layout-flex\">\n<div class=\"wp-block-button has-custom-font-size has-medium-font-size\"><a class=\"wp-block-button__link has-white-color has-text-color has-background wp-element-button\" href=\"https:\/\/thetown.ticketmaster.com.br\/?utm_source=site&amp;utm_medium=social&amp;utm_content=ticketmaster_antecipe_MATERIA&amp;utm_campaign=materia_site_ticketmaster_antecipe\" style=\"border-radius:5px;background:linear-gradient(180deg,rgb(2,3,129) 0%,rgb(40,116,252) 100%)\" target=\"_blank\" rel=\"noreferrer noopener\">Acesse o site oficial da Ticketmaster Brasil<\/a><\/div>\n<\/div>\n<\/div><\/div>\n\n\n\n<div class=\"wp-block-group\"><div class=\"wp-block-group__inner-container is-layout-constrained wp-block-group-is-layout-constrained\">\n<h3 class=\"wp-block-heading\">Setlist<\/h3>\n\n\n\n<p class=\"has-text-align-center\"><em>A setlist pode sofrer altera\u00e7\u00f5es no dia do show.<\/em><\/p>\n\n\n\n<p class=\"has-text-align-center\">Em breve.<\/p>\n<\/div><\/div>\n\n\n\n<div class=\"wp-block-group\"><div class=\"wp-block-group__inner-container is-layout-constrained wp-block-group-is-layout-constrained\">\n<h3 class=\"wp-block-heading\">Programa\u00e7\u00e3o<\/h3>\n\n\n\n<p>Abertura de Portas: 14h<\/p>\n\n\n\n<p>Encerramento: 2h<\/p>\n<\/div><\/div>\n\n\n\n<div class=\"wp-block-group\"><div class=\"wp-block-group__inner-container is-layout-constrained wp-block-group-is-layout-constrained\">\n<h3 class=\"wp-block-heading\" id=\"faq\">D\u00favidas Frequentes<\/h3>\n\n\n\n<div id=\"wp-block-themeisle-blocks-accordion-b1e8029b\" class=\"wp-block-themeisle-blocks-accordion exclusive\">\n<details class=\"wp-block-themeisle-blocks-accordion-item\"><summary class=\"wp-block-themeisle-blocks-accordion-item__title\"><div><strong>Qual \u00e9 a classifica\u00e7\u00e3o et\u00e1ria?<\/strong><\/div><\/summary><div class=\"wp-block-themeisle-blocks-accordion-item__content\">\n<p>A classifica\u00e7\u00e3o et\u00e1ria \u00e9 16 anos.<\/p>\n\n\n\n<p>A classifica\u00e7\u00e3o et\u00e1ria do evento \u00e9 16 (dezesseis) anos. A entrada de menores de 16 (dezesseis) anos ser\u00e1 permitida desde que estejam acompanhados dos pais ou respons\u00e1veis legais (ascendentes ou colaterais at\u00e9 o 4\u00ba grau), que dever\u00e3o entregar o termo de responsabilidade do acompanhante que estar\u00e1 dispon\u00edvel no site de compras do The Town ou inscrev\u00ea-lo no Ponto de informa\u00e7\u00e3o e permanecer no local do festival enquanto o menor estiver presente. Esta determina\u00e7\u00e3o, assim como a classifica\u00e7\u00e3o et\u00e1ria, est\u00e1 sujeita a altera\u00e7\u00e3o nos termos do Alvar\u00e1 a ser expedido pelo Ju\u00edzo de Direito da Vara da Inf\u00e2ncia, da Juventude e do Idoso.<\/p>\n\n\n\n<p>Por orienta\u00e7\u00e3o do Minist\u00e9rio P\u00fablico, informamos aos pais e respons\u00e1veis que n\u00e3o \u00e9 recomend\u00e1vel a perman\u00eancia no evento ap\u00f3s \u00e0s 22h de crian\u00e7as menores de 05 (cinco) anos, mesmo acompanhadas, ficando o descumprimento sujeito \u00e0 fiscaliza\u00e7\u00e3o pelas autoridades competentes.<\/p>\n<\/div><\/details>\n\n\n\n<details class=\"wp-block-themeisle-blocks-accordion-item\"><summary class=\"wp-block-themeisle-blocks-accordion-item__title\"><div><strong>Crian\u00e7as de qualquer idade pagam ingresso?<\/strong><\/div><\/summary><div class=\"wp-block-themeisle-blocks-accordion-item__content\">\n<p>Sim. Crian\u00e7as de qualquer idade pagam ingresso.<\/p>\n<\/div><\/details>\n\n\n\n<details class=\"wp-block-themeisle-blocks-accordion-item\"><summary class=\"wp-block-themeisle-blocks-accordion-item__title\"><div><strong>Onde posso consultar o regulamento do The Town?<\/strong><\/div><\/summary><div class=\"wp-block-themeisle-blocks-accordion-item__content\">\n<p>O consumidor pode e deve consultar os Termos e Condi\u00e7\u00f5es, a qualquer momento, dispon\u00edvel no site <a href=\"https:\/\/thetown.com.br\/\" data-type=\"URL\" data-id=\"https:\/\/thetown.com.br\/\">www.thetown.com.br,<\/a> n\u00e3o sendo cab\u00edvel alega\u00e7\u00e3o de desconhecimento de quaisquer altera\u00e7\u00f5es que possam ser efetuadas pelos organizadores.<\/p>\n<\/div><\/details>\n\n\n\n<details class=\"wp-block-themeisle-blocks-accordion-item\"><summary class=\"wp-block-themeisle-blocks-accordion-item__title\"><div><strong>Tem Meet and Greet? Como faz?<\/strong><\/div><\/summary><div class=\"wp-block-themeisle-blocks-accordion-item__content\">\n<p>Infelizmente, o Maroon 5 n\u00e3o vende pacotes de Meet and Greet.<\/p>\n<\/div><\/details>\n\n\n\n<details class=\"wp-block-themeisle-blocks-accordion-item\"><summary class=\"wp-block-themeisle-blocks-accordion-item__title\"><div><strong>Quais s\u00e3o os setores dispon\u00edveis?<\/strong><\/div><\/summary><div class=\"wp-block-themeisle-blocks-accordion-item__content\">\n<p>O gramado \u00e9 o \u00fanico setor dispon\u00edvel para a venda. \u00c9 um setor de livre circula\u00e7\u00e3o e acesso a todos os shows e atra\u00e7\u00f5es.<\/p>\n<\/div><\/details>\n<\/div>\n\n\n\n<p>Para mais informa\u00e7\u00f5es, acesse:&nbsp;http:\/\/www.thetown.com.br<\/p>\n<\/div><\/div>\n","protected":false},"excerpt":{"rendered":"<p>Pouco mais de um ano depois da bem-sucedida passagem do Maroon 5 pelo Brasil com a 2022 World Tour, a banda volta ao Brasil para uma apresenta\u00e7\u00e3o \u00fanica na primeira edi\u00e7\u00e3o do festival The Town, organizado pelos mesmos produtores do Rock In Rio e que acontecer\u00e1 no Aut\u00f3dromo de Interlagos, em S\u00e3o Paulo. A banda [&hellip;]<\/p>\n","protected":false},"author":1,"featured_media":28340,"parent":12506,"menu_order":14,"comment_status":"closed","ping_status":"closed","template":"","meta":{"_themeisle_gutenberg_block_has_review":false,"footnotes":""},"class_list":["post-28326","page","type-page","status-publish","has-post-thumbnail","hentry"],"_links":{"self":[{"href":"https:\/\/www.maroon5br.com\/site\/wp-json\/wp\/v2\/pages\/28326","targetHints":{"allow":["GET"]}}],"collection":[{"href":"https:\/\/www.maroon5br.com\/site\/wp-json\/wp\/v2\/pages"}],"about":[{"href":"https:\/\/www.maroon5br.com\/site\/wp-json\/wp\/v2\/types\/page"}],"author":[{"embeddable":true,"href":"https:\/\/www.maroon5br.com\/site\/wp-json\/wp\/v2\/users\/1"}],"replies":[{"embeddable":true,"href":"https:\/\/www.maroon5br.com\/site\/wp-json\/wp\/v2\/comments?post=28326"}],"version-history":[{"count":21,"href":"https:\/\/www.maroon5br.com\/site\/wp-json\/wp\/v2\/pages\/28326\/revisions"}],"predecessor-version":[{"id":28848,"href":"https:\/\/www.maroon5br.com\/site\/wp-json\/wp\/v2\/pages\/28326\/revisions\/28848"}],"up":[{"embeddable":true,"href":"https:\/\/www.maroon5br.com\/site\/wp-json\/wp\/v2\/pages\/12506"}],"wp:featuredmedia":[{"embeddable":true,"href":"https:\/\/www.maroon5br.com\/site\/wp-json\/wp\/v2\/media\/28340"}],"wp:attachment":[{"href":"https:\/\/www.maroon5br.com\/site\/wp-json\/wp\/v2\/media?parent=28326"}],"curies":[{"name":"wp","href":"https:\/\/api.w.org\/{rel}","templated":true}]}}