{"id":28771,"date":"2023-07-15T14:03:59","date_gmt":"2023-07-15T17:03:59","guid":{"rendered":"https:\/\/www.maroon5br.com\/?page_id=28771"},"modified":"2023-07-15T14:04:00","modified_gmt":"2023-07-15T17:04:00","slug":"american-express-unstaged-maroon-5","status":"publish","type":"page","link":"https:\/\/www.maroon5br.com\/site\/maroon5\/turnes\/american-express-unstaged-maroon-5\/","title":{"rendered":"American Express Unstaged: Maroon 5"},"content":{"rendered":"\n<div class=\"wp-block-group\"><div class=\"wp-block-group__inner-container is-layout-constrained wp-block-group-is-layout-constrained\">\n<p>Durante a pandemia da COVID-19, o Maroon 5 fez uma parceria com a empresa American Express para criar uma apresenta\u00e7\u00e3o especial e \u00fanica a ser transmitida em formato de livestream para os f\u00e3s, que aconteceu no dia 30 de Mar\u00e7o de 2021.<\/p>\n\n\n\n<p>Com 1:10h de show, a apresenta\u00e7\u00e3o foi transmitida primeiro para os f\u00e3s da Europa, e ap\u00f3s algumas horas os f\u00e3s das Am\u00e9ricas puderam assistir ao show. O mesmo ocorreu com os f\u00e3s da \u00c1sia, que tiveram o \u00faltimo acesso \u00e0 apresenta\u00e7\u00e3o.<\/p>\n\n\n\n<p>Com dire\u00e7\u00e3o de\u00a0Sophie Muller, com quem a banda trabalhou nos clipes de \u201cThis Love\u201d, \u201cShe Will Be Loved\u201d e \u201cBeautiful Mistakes\u201d, o show trouxe um cen\u00e1rio fant\u00e1stico e colorido, plantas e uma decora\u00e7\u00e3o tropical e rom\u00e2ntica, com algumas refer\u00eancias \u00e0 videografia e a hist\u00f3ria da banda.\u00a0Jesse\u00a0estava em evid\u00eancia em um pedestal e\u00a0PJ\u00a0estava em cima do que seria o mesmo carro do clipe de\u00a0&#8220;Beautiful Mistakes&#8221;. Os f\u00e3s mais atentos perceberam a refer\u00eancia que Sophie inseriu na decora\u00e7\u00e3o, no momento em que a banda tocou\u00a0&#8220;This Love&#8221;!<\/p>\n\n\n\n<p>A setlist, por sua vez, surpreendeu os f\u00e3s ao mesclar os grandes hits da banda, como &#8220;This Love&#8221; e &#8220;Moves Like Jagger&#8221;, com novidades como &#8220;Beautiful Mistakes&#8221; , e tamb\u00e9m incluiu hits antigos como &#8220;Secret&#8221;, do Songs About Jane, que h\u00e1 anos a banda n\u00e3o tocava ao vivo.<\/p>\n\n\n\n<p>Durante dois momentos, Adam e James pararam para responder as perguntas enviadas pelos f\u00e3s, onde James comentou que\u00a0\u201cThe Sun\u201d\u00a0\u00e9 uma das m\u00fasicas que ele mais gosta de tocar, que h\u00e1 anos a banda n\u00e3o toca essa m\u00fasica ao vivo e que eles pensam em trazer a m\u00fasica para a setlist em algum momento. <\/p>\n\n\n\n<p>No dia 5 de Junho de 2021, para comemorar o lan\u00e7amento do \u00e1lbum &#8220;Jordi&#8221;, a banda liberou uma vers\u00e3o estendida do show, que incluiu a apresenta\u00e7\u00e3o de &#8220;Lost&#8221;, o segundo single do \u00e1lbum.<\/p>\n<\/div><\/div>\n\n\n\n<div class=\"wp-block-uagb-advanced-heading uagb-block-f4b546b5\"><h3 class=\"uagb-heading-text\">Poster<\/h3><\/div>\n\n\n\n<figure class=\"wp-block-image alignfull size-large\"><img loading=\"lazy\" decoding=\"async\" width=\"380\" height=\"380\" src=\"https:\/\/www.maroon5br.com\/site\/wp-content\/uploads\/2023\/07\/M5-AmexUnstaged-380x380.jpg\" alt=\"\" class=\"wp-image-28772\" srcset=\"https:\/\/www.maroon5br.com\/site\/wp-content\/uploads\/2023\/07\/M5-AmexUnstaged-380x380.jpg 380w, https:\/\/www.maroon5br.com\/site\/wp-content\/uploads\/2023\/07\/M5-AmexUnstaged-300x300.jpg 300w, https:\/\/www.maroon5br.com\/site\/wp-content\/uploads\/2023\/07\/M5-AmexUnstaged-150x150.jpg 150w, https:\/\/www.maroon5br.com\/site\/wp-content\/uploads\/2023\/07\/M5-AmexUnstaged-768x768.jpg 768w, https:\/\/www.maroon5br.com\/site\/wp-content\/uploads\/2023\/07\/M5-AmexUnstaged-224x224.jpg 224w, https:\/\/www.maroon5br.com\/site\/wp-content\/uploads\/2023\/07\/M5-AmexUnstaged-600x600.jpg 600w, https:\/\/www.maroon5br.com\/site\/wp-content\/uploads\/2023\/07\/M5-AmexUnstaged.jpg 1000w\" sizes=\"auto, (max-width: 380px) 100vw, 380px\" \/><\/figure>\n\n\n\n<div class=\"wp-block-group\"><div class=\"wp-block-group__inner-container is-layout-constrained wp-block-group-is-layout-constrained\">\n<div class=\"wp-block-uagb-advanced-heading uagb-block-65145930\"><h3 class=\"uagb-heading-text\">Setlist<\/h3><\/div>\n\n\n\n<p class=\"has-text-align-center\">One More Night<br>Animals<br>Beautiful Mistakes<br>Lost<br>What Lovers Do<br>Makes Me Wonder<br>Don\u2019t Wanna Know<br>Girls Like You<br>Fan QA<br>Secret<br>Sunday Morning<br>She Will Be Loved<br>This Love<br>Memories<br>Fan QA<br>Moves Like Jagger (ac\u00fastica)<br>Sugar<\/p>\n<\/div><\/div>\n\n\n\n<div class=\"wp-block-uagb-advanced-heading uagb-block-c0a8f8bb\"><h3 class=\"uagb-heading-text\">Video<\/h3><\/div>\n\n\n\n<figure class=\"wp-block-embed is-type-video is-provider-youtube wp-block-embed-youtube wp-embed-aspect-16-9 wp-has-aspect-ratio\"><div class=\"wp-block-embed__wrapper\">\n\r\n<div class=\"fve-video-wrapper fve-image-embed fve-thumbnail-image youtube\" style=\"padding-bottom:75%;\">\r\n    <iframe loading=\"lazy\" src=\"\/\/www.youtube.com\/embed\/TB3M5f1iAHE?wmode=transparent&#038;modestbranding=1&#038;autohide=1&#038;showinfo=0&#038;rel=0\" width=\"100%\" height=\"100%\" frameborder=\"0\" webkitAllowFullScreen mozallowfullscreen allowFullScreen><\/iframe>    <\/div>\r\n\r\n\n<\/div><\/figure>\n\n\n\n<div class=\"wp-block-uagb-advanced-heading uagb-block-de3872fe\"><h3 class=\"uagb-heading-text\">Galeria<\/h3><\/div>\n\n\n\n<div class=\"wp-block-dgwt-justified-gallery\">\n\t\t<style type=\"text\/css\">\n\t\t\t#gallery-1 {\n\t\t\t\tmargin: auto;\n\t\t\t}\n\t\t\t#gallery-1 .gallery-item {\n\t\t\t\tfloat: left;\n\t\t\t\tmargin-top: 10px;\n\t\t\t\ttext-align: center;\n\t\t\t\twidth: 33%;\n\t\t\t}\n\t\t\t#gallery-1 img {\n\t\t\t\tborder: 2px solid #cfcfcf;\n\t\t\t}\n\t\t\t#gallery-1 .gallery-caption {\n\t\t\t\tmargin-left: 0;\n\t\t\t}\n\t\t\t\/* see gallery_shortcode() in wp-includes\/media.php *\/\n\t\t<\/style>\n\t\t<div id='gallery-1' class='gallery galleryid-28771 gallery-columns-3 gallery-size-thumbnail'><dl class='gallery-item'>\n\t\t\t<dt class='gallery-icon landscape'>\n\t\t\t\t<a href='https:\/\/www.maroon5br.com\/site\/maroon5\/turnes\/american-express-unstaged-maroon-5\/m5-amex-01\/'><img loading=\"lazy\" decoding=\"async\" width=\"225\" height=\"150\" src=\"https:\/\/www.maroon5br.com\/site\/wp-content\/uploads\/2023\/07\/m5-Amex-01-225x150.jpg\" class=\"attachment-thumbnail size-thumbnail\" alt=\"\" srcset=\"https:\/\/www.maroon5br.com\/site\/wp-content\/uploads\/2023\/07\/m5-Amex-01-225x150.jpg 225w, https:\/\/www.maroon5br.com\/site\/wp-content\/uploads\/2023\/07\/m5-Amex-01-300x200.jpg 300w, https:\/\/www.maroon5br.com\/site\/wp-content\/uploads\/2023\/07\/m5-Amex-01-570x380.jpg 570w, https:\/\/www.maroon5br.com\/site\/wp-content\/uploads\/2023\/07\/m5-Amex-01-768x512.jpg 768w, https:\/\/www.maroon5br.com\/site\/wp-content\/uploads\/2023\/07\/m5-Amex-01-1536x1024.jpg 1536w, https:\/\/www.maroon5br.com\/site\/wp-content\/uploads\/2023\/07\/m5-Amex-01-2048x1365.jpg 2048w, https:\/\/www.maroon5br.com\/site\/wp-content\/uploads\/2023\/07\/m5-Amex-01-290x193.jpg 290w, https:\/\/www.maroon5br.com\/site\/wp-content\/uploads\/2023\/07\/m5-Amex-01-450x300.jpg 450w, https:\/\/www.maroon5br.com\/site\/wp-content\/uploads\/2023\/07\/m5-Amex-01-600x400.jpg 600w\" sizes=\"auto, (max-width: 225px) 100vw, 225px\" \/><\/a>\n\t\t\t<\/dt><\/dl><dl class='gallery-item'>\n\t\t\t<dt class='gallery-icon landscape'>\n\t\t\t\t<a href='https:\/\/www.maroon5br.com\/site\/maroon5\/turnes\/american-express-unstaged-maroon-5\/m5-amex-02\/'><img loading=\"lazy\" decoding=\"async\" width=\"225\" height=\"150\" src=\"https:\/\/www.maroon5br.com\/site\/wp-content\/uploads\/2023\/07\/m5-Amex-02-225x150.jpg\" class=\"attachment-thumbnail size-thumbnail\" alt=\"\" srcset=\"https:\/\/www.maroon5br.com\/site\/wp-content\/uploads\/2023\/07\/m5-Amex-02-225x150.jpg 225w, https:\/\/www.maroon5br.com\/site\/wp-content\/uploads\/2023\/07\/m5-Amex-02-300x200.jpg 300w, https:\/\/www.maroon5br.com\/site\/wp-content\/uploads\/2023\/07\/m5-Amex-02-570x380.jpg 570w, https:\/\/www.maroon5br.com\/site\/wp-content\/uploads\/2023\/07\/m5-Amex-02-768x512.jpg 768w, https:\/\/www.maroon5br.com\/site\/wp-content\/uploads\/2023\/07\/m5-Amex-02-1536x1024.jpg 1536w, https:\/\/www.maroon5br.com\/site\/wp-content\/uploads\/2023\/07\/m5-Amex-02-2048x1365.jpg 2048w, https:\/\/www.maroon5br.com\/site\/wp-content\/uploads\/2023\/07\/m5-Amex-02-290x193.jpg 290w, https:\/\/www.maroon5br.com\/site\/wp-content\/uploads\/2023\/07\/m5-Amex-02-450x300.jpg 450w, https:\/\/www.maroon5br.com\/site\/wp-content\/uploads\/2023\/07\/m5-Amex-02-600x400.jpg 600w\" sizes=\"auto, (max-width: 225px) 100vw, 225px\" \/><\/a>\n\t\t\t<\/dt><\/dl><dl class='gallery-item'>\n\t\t\t<dt class='gallery-icon landscape'>\n\t\t\t\t<a href='https:\/\/www.maroon5br.com\/site\/maroon5\/turnes\/american-express-unstaged-maroon-5\/m5-amex-03\/'><img loading=\"lazy\" decoding=\"async\" width=\"225\" height=\"150\" src=\"https:\/\/www.maroon5br.com\/site\/wp-content\/uploads\/2023\/07\/m5-Amex-03-225x150.jpg\" class=\"attachment-thumbnail size-thumbnail\" alt=\"\" srcset=\"https:\/\/www.maroon5br.com\/site\/wp-content\/uploads\/2023\/07\/m5-Amex-03-225x150.jpg 225w, https:\/\/www.maroon5br.com\/site\/wp-content\/uploads\/2023\/07\/m5-Amex-03-300x200.jpg 300w, https:\/\/www.maroon5br.com\/site\/wp-content\/uploads\/2023\/07\/m5-Amex-03-570x380.jpg 570w, https:\/\/www.maroon5br.com\/site\/wp-content\/uploads\/2023\/07\/m5-Amex-03-768x512.jpg 768w, https:\/\/www.maroon5br.com\/site\/wp-content\/uploads\/2023\/07\/m5-Amex-03-1536x1024.jpg 1536w, https:\/\/www.maroon5br.com\/site\/wp-content\/uploads\/2023\/07\/m5-Amex-03-2048x1365.jpg 2048w, https:\/\/www.maroon5br.com\/site\/wp-content\/uploads\/2023\/07\/m5-Amex-03-290x193.jpg 290w, https:\/\/www.maroon5br.com\/site\/wp-content\/uploads\/2023\/07\/m5-Amex-03-450x300.jpg 450w, https:\/\/www.maroon5br.com\/site\/wp-content\/uploads\/2023\/07\/m5-Amex-03-600x400.jpg 600w\" sizes=\"auto, (max-width: 225px) 100vw, 225px\" \/><\/a>\n\t\t\t<\/dt><\/dl><br style=\"clear: both\" \/><dl class='gallery-item'>\n\t\t\t<dt class='gallery-icon portrait'>\n\t\t\t\t<a href='https:\/\/www.maroon5br.com\/site\/2021\/03\/31\/saiba-como-foi-a-live-amex-unstaged-do-maroon-5\/story-adam2\/'><img loading=\"lazy\" decoding=\"async\" width=\"97\" height=\"150\" src=\"https:\/\/www.maroon5br.com\/site\/wp-content\/uploads\/2021\/03\/story-adam2-97x150.jpg\" class=\"attachment-thumbnail size-thumbnail\" alt=\"\" srcset=\"https:\/\/www.maroon5br.com\/site\/wp-content\/uploads\/2021\/03\/story-adam2-97x150.jpg 97w, https:\/\/www.maroon5br.com\/site\/wp-content\/uploads\/2021\/03\/story-adam2-194x300.jpg 194w, https:\/\/www.maroon5br.com\/site\/wp-content\/uploads\/2021\/03\/story-adam2-246x380.jpg 246w, https:\/\/www.maroon5br.com\/site\/wp-content\/uploads\/2021\/03\/story-adam2.jpg 300w\" sizes=\"auto, (max-width: 97px) 100vw, 97px\" \/><\/a>\n\t\t\t<\/dt><\/dl><dl class='gallery-item'>\n\t\t\t<dt class='gallery-icon portrait'>\n\t\t\t\t<a href='https:\/\/www.maroon5br.com\/site\/2021\/03\/31\/saiba-como-foi-a-live-amex-unstaged-do-maroon-5\/story-adam3\/'><img loading=\"lazy\" decoding=\"async\" width=\"96\" height=\"150\" src=\"https:\/\/www.maroon5br.com\/site\/wp-content\/uploads\/2021\/03\/story-adam3-96x150.jpg\" class=\"attachment-thumbnail size-thumbnail\" alt=\"\" srcset=\"https:\/\/www.maroon5br.com\/site\/wp-content\/uploads\/2021\/03\/story-adam3-96x150.jpg 96w, https:\/\/www.maroon5br.com\/site\/wp-content\/uploads\/2021\/03\/story-adam3-191x300.jpg 191w, https:\/\/www.maroon5br.com\/site\/wp-content\/uploads\/2021\/03\/story-adam3-242x380.jpg 242w, https:\/\/www.maroon5br.com\/site\/wp-content\/uploads\/2021\/03\/story-adam3.jpg 304w\" sizes=\"auto, (max-width: 96px) 100vw, 96px\" \/><\/a>\n\t\t\t<\/dt><\/dl><dl class='gallery-item'>\n\t\t\t<dt class='gallery-icon landscape'>\n\t\t\t\t<a href='https:\/\/www.maroon5br.com\/site\/caption1\/'><img loading=\"lazy\" decoding=\"async\" width=\"250\" height=\"129\" src=\"https:\/\/www.maroon5br.com\/site\/wp-content\/uploads\/2021\/03\/caption1-250x129.jpg\" class=\"attachment-thumbnail size-thumbnail\" alt=\"\" srcset=\"https:\/\/www.maroon5br.com\/site\/wp-content\/uploads\/2021\/03\/caption1-250x129.jpg 250w, https:\/\/www.maroon5br.com\/site\/wp-content\/uploads\/2021\/03\/caption1-300x155.jpg 300w, https:\/\/www.maroon5br.com\/site\/wp-content\/uploads\/2021\/03\/caption1-736x380.jpg 736w, https:\/\/www.maroon5br.com\/site\/wp-content\/uploads\/2021\/03\/caption1-768x396.jpg 768w, https:\/\/www.maroon5br.com\/site\/wp-content\/uploads\/2021\/03\/caption1.jpg 837w\" sizes=\"auto, (max-width: 250px) 100vw, 250px\" \/><\/a>\n\t\t\t<\/dt><\/dl><br style=\"clear: both\" \/><dl class='gallery-item'>\n\t\t\t<dt class='gallery-icon landscape'>\n\t\t\t\t<a href='https:\/\/www.maroon5br.com\/site\/caption2\/'><img loading=\"lazy\" decoding=\"async\" width=\"250\" height=\"129\" src=\"https:\/\/www.maroon5br.com\/site\/wp-content\/uploads\/2021\/03\/caption2-250x129.jpg\" class=\"attachment-thumbnail size-thumbnail\" alt=\"\" srcset=\"https:\/\/www.maroon5br.com\/site\/wp-content\/uploads\/2021\/03\/caption2-250x129.jpg 250w, https:\/\/www.maroon5br.com\/site\/wp-content\/uploads\/2021\/03\/caption2-300x155.jpg 300w, https:\/\/www.maroon5br.com\/site\/wp-content\/uploads\/2021\/03\/caption2-737x380.jpg 737w, https:\/\/www.maroon5br.com\/site\/wp-content\/uploads\/2021\/03\/caption2-768x396.jpg 768w, https:\/\/www.maroon5br.com\/site\/wp-content\/uploads\/2021\/03\/caption2.jpg 844w\" sizes=\"auto, (max-width: 250px) 100vw, 250px\" \/><\/a>\n\t\t\t<\/dt><\/dl><dl class='gallery-item'>\n\t\t\t<dt class='gallery-icon landscape'>\n\t\t\t\t<a href='https:\/\/www.maroon5br.com\/site\/caption3\/'><img loading=\"lazy\" decoding=\"async\" width=\"250\" height=\"107\" src=\"https:\/\/www.maroon5br.com\/site\/wp-content\/uploads\/2021\/03\/caption3-250x107.jpg\" class=\"attachment-thumbnail size-thumbnail\" alt=\"\" srcset=\"https:\/\/www.maroon5br.com\/site\/wp-content\/uploads\/2021\/03\/caption3-250x107.jpg 250w, https:\/\/www.maroon5br.com\/site\/wp-content\/uploads\/2021\/03\/caption3-300x128.jpg 300w, https:\/\/www.maroon5br.com\/site\/wp-content\/uploads\/2021\/03\/caption3-889x380.jpg 889w, https:\/\/www.maroon5br.com\/site\/wp-content\/uploads\/2021\/03\/caption3-768x328.jpg 768w, https:\/\/www.maroon5br.com\/site\/wp-content\/uploads\/2021\/03\/caption3.jpg 1172w\" sizes=\"auto, (max-width: 250px) 100vw, 250px\" \/><\/a>\n\t\t\t<\/dt><\/dl><dl class='gallery-item'>\n\t\t\t<dt class='gallery-icon landscape'>\n\t\t\t\t<a href='https:\/\/www.maroon5br.com\/site\/caption4\/'><img loading=\"lazy\" decoding=\"async\" width=\"250\" height=\"112\" src=\"https:\/\/www.maroon5br.com\/site\/wp-content\/uploads\/2021\/03\/caption4-250x112.jpg\" class=\"attachment-thumbnail size-thumbnail\" alt=\"\" srcset=\"https:\/\/www.maroon5br.com\/site\/wp-content\/uploads\/2021\/03\/caption4-250x112.jpg 250w, https:\/\/www.maroon5br.com\/site\/wp-content\/uploads\/2021\/03\/caption4-300x134.jpg 300w, https:\/\/www.maroon5br.com\/site\/wp-content\/uploads\/2021\/03\/caption4-849x380.jpg 849w, https:\/\/www.maroon5br.com\/site\/wp-content\/uploads\/2021\/03\/caption4-768x344.jpg 768w, https:\/\/www.maroon5br.com\/site\/wp-content\/uploads\/2021\/03\/caption4.jpg 1108w\" sizes=\"auto, (max-width: 250px) 100vw, 250px\" \/><\/a>\n\t\t\t<\/dt><\/dl><br style=\"clear: both\" \/><dl class='gallery-item'>\n\t\t\t<dt class='gallery-icon landscape'>\n\t\t\t\t<a href='https:\/\/www.maroon5br.com\/site\/caption5\/'><img loading=\"lazy\" decoding=\"async\" width=\"250\" height=\"93\" src=\"https:\/\/www.maroon5br.com\/site\/wp-content\/uploads\/2021\/03\/caption5-250x93.jpg\" class=\"attachment-thumbnail size-thumbnail\" alt=\"\" srcset=\"https:\/\/www.maroon5br.com\/site\/wp-content\/uploads\/2021\/03\/caption5-250x93.jpg 250w, https:\/\/www.maroon5br.com\/site\/wp-content\/uploads\/2021\/03\/caption5-300x111.jpg 300w, https:\/\/www.maroon5br.com\/site\/wp-content\/uploads\/2021\/03\/caption5-900x333.jpg 900w, https:\/\/www.maroon5br.com\/site\/wp-content\/uploads\/2021\/03\/caption5-768x284.jpg 768w, https:\/\/www.maroon5br.com\/site\/wp-content\/uploads\/2021\/03\/caption5.jpg 1188w\" sizes=\"auto, (max-width: 250px) 100vw, 250px\" \/><\/a>\n\t\t\t<\/dt><\/dl><dl class='gallery-item'>\n\t\t\t<dt class='gallery-icon landscape'>\n\t\t\t\t<a href='https:\/\/www.maroon5br.com\/site\/2021\/03\/31\/saiba-como-foi-a-live-amex-unstaged-do-maroon-5\/filmes-e-tv-31_03_2021-10_24_25\/'><img loading=\"lazy\" decoding=\"async\" width=\"250\" height=\"141\" src=\"https:\/\/www.maroon5br.com\/site\/wp-content\/uploads\/2021\/03\/Filmes-e-TV-31_03_2021-10_24_25-250x141.png\" class=\"attachment-thumbnail size-thumbnail\" alt=\"\" srcset=\"https:\/\/www.maroon5br.com\/site\/wp-content\/uploads\/2021\/03\/Filmes-e-TV-31_03_2021-10_24_25-250x141.png 250w, https:\/\/www.maroon5br.com\/site\/wp-content\/uploads\/2021\/03\/Filmes-e-TV-31_03_2021-10_24_25-300x169.png 300w, https:\/\/www.maroon5br.com\/site\/wp-content\/uploads\/2021\/03\/Filmes-e-TV-31_03_2021-10_24_25-676x380.png 676w, https:\/\/www.maroon5br.com\/site\/wp-content\/uploads\/2021\/03\/Filmes-e-TV-31_03_2021-10_24_25-768x432.png 768w, https:\/\/www.maroon5br.com\/site\/wp-content\/uploads\/2021\/03\/Filmes-e-TV-31_03_2021-10_24_25.png 1366w\" sizes=\"auto, (max-width: 250px) 100vw, 250px\" \/><\/a>\n\t\t\t<\/dt><\/dl><dl class='gallery-item'>\n\t\t\t<dt class='gallery-icon landscape'>\n\t\t\t\t<a href='https:\/\/www.maroon5br.com\/site\/caption6\/'><img loading=\"lazy\" decoding=\"async\" width=\"250\" height=\"111\" src=\"https:\/\/www.maroon5br.com\/site\/wp-content\/uploads\/2021\/03\/caption6-250x111.jpg\" class=\"attachment-thumbnail size-thumbnail\" alt=\"\" srcset=\"https:\/\/www.maroon5br.com\/site\/wp-content\/uploads\/2021\/03\/caption6-250x111.jpg 250w, https:\/\/www.maroon5br.com\/site\/wp-content\/uploads\/2021\/03\/caption6-300x133.jpg 300w, https:\/\/www.maroon5br.com\/site\/wp-content\/uploads\/2021\/03\/caption6-858x380.jpg 858w, https:\/\/www.maroon5br.com\/site\/wp-content\/uploads\/2021\/03\/caption6-768x340.jpg 768w, https:\/\/www.maroon5br.com\/site\/wp-content\/uploads\/2021\/03\/caption6.jpg 1131w\" sizes=\"auto, (max-width: 250px) 100vw, 250px\" \/><\/a>\n\t\t\t<\/dt><\/dl><br style=\"clear: both\" \/><dl class='gallery-item'>\n\t\t\t<dt class='gallery-icon portrait'>\n\t\t\t\t<a href='https:\/\/www.maroon5br.com\/site\/2021\/03\/31\/saiba-como-foi-a-live-amex-unstaged-do-maroon-5\/story-adam\/'><img loading=\"lazy\" decoding=\"async\" width=\"99\" height=\"150\" src=\"https:\/\/www.maroon5br.com\/site\/wp-content\/uploads\/2021\/03\/story-adam-99x150.jpg\" class=\"attachment-thumbnail size-thumbnail\" alt=\"\" srcset=\"https:\/\/www.maroon5br.com\/site\/wp-content\/uploads\/2021\/03\/story-adam-99x150.jpg 99w, https:\/\/www.maroon5br.com\/site\/wp-content\/uploads\/2021\/03\/story-adam-198x300.jpg 198w, https:\/\/www.maroon5br.com\/site\/wp-content\/uploads\/2021\/03\/story-adam-251x380.jpg 251w, https:\/\/www.maroon5br.com\/site\/wp-content\/uploads\/2021\/03\/story-adam.jpg 301w\" sizes=\"auto, (max-width: 99px) 100vw, 99px\" \/><\/a>\n\t\t\t<\/dt><\/dl>\n\t\t\t<br style='clear: both' \/>\n\t\t<\/div>\n<\/div>\n","protected":false},"excerpt":{"rendered":"<p>Durante a pandemia da COVID-19, o Maroon 5 fez uma parceria com a empresa American Express para criar uma apresenta\u00e7\u00e3o especial e \u00fanica a ser transmitida em formato de livestream para os f\u00e3s, que aconteceu no dia 30 de Mar\u00e7o de 2021. Com 1:10h de show, a apresenta\u00e7\u00e3o foi transmitida primeiro para os f\u00e3s da [&hellip;]<\/p>\n","protected":false},"author":1,"featured_media":28772,"parent":9750,"menu_order":16,"comment_status":"closed","ping_status":"closed","template":"","meta":{"_themeisle_gutenberg_block_has_review":false,"footnotes":""},"class_list":["post-28771","page","type-page","status-publish","has-post-thumbnail","hentry"],"_links":{"self":[{"href":"https:\/\/www.maroon5br.com\/site\/wp-json\/wp\/v2\/pages\/28771","targetHints":{"allow":["GET"]}}],"collection":[{"href":"https:\/\/www.maroon5br.com\/site\/wp-json\/wp\/v2\/pages"}],"about":[{"href":"https:\/\/www.maroon5br.com\/site\/wp-json\/wp\/v2\/types\/page"}],"author":[{"embeddable":true,"href":"https:\/\/www.maroon5br.com\/site\/wp-json\/wp\/v2\/users\/1"}],"replies":[{"embeddable":true,"href":"https:\/\/www.maroon5br.com\/site\/wp-json\/wp\/v2\/comments?post=28771"}],"version-history":[{"count":3,"href":"https:\/\/www.maroon5br.com\/site\/wp-json\/wp\/v2\/pages\/28771\/revisions"}],"predecessor-version":[{"id":28778,"href":"https:\/\/www.maroon5br.com\/site\/wp-json\/wp\/v2\/pages\/28771\/revisions\/28778"}],"up":[{"embeddable":true,"href":"https:\/\/www.maroon5br.com\/site\/wp-json\/wp\/v2\/pages\/9750"}],"wp:featuredmedia":[{"embeddable":true,"href":"https:\/\/www.maroon5br.com\/site\/wp-json\/wp\/v2\/media\/28772"}],"wp:attachment":[{"href":"https:\/\/www.maroon5br.com\/site\/wp-json\/wp\/v2\/media?parent=28771"}],"curies":[{"name":"wp","href":"https:\/\/api.w.org\/{rel}","templated":true}]}}