{"id":28800,"date":"2023-07-20T16:28:27","date_gmt":"2023-07-20T19:28:27","guid":{"rendered":"https:\/\/www.maroon5br.com\/?page_id=28800"},"modified":"2024-03-09T12:10:53","modified_gmt":"2024-03-09T15:10:53","slug":"maroon-5-em-belo-horizonte-2023","status":"publish","type":"page","link":"https:\/\/www.maroon5br.com\/site\/especiais\/hotsites\/maroon-5-em-belo-horizonte-2023\/","title":{"rendered":"Maroon 5 em Belo Horizonte 2023"},"content":{"rendered":"\n<p>No dia 9 de Setembro de 2023, o Maroon 5 far\u00e1 um show exclusivo no evento Celebra BH, que funciona como parte dos eventos de inaugura\u00e7\u00e3o da Arena MRV. O show tamb\u00e9m contar\u00e1 com n\u00famero de abertura da banda mineira Jota Quest, que celebra 25 anos de carreira.<\/p>\n\n\n\n<p>A apresenta\u00e7\u00e3o da banda acontecer\u00e1 dois dias ap\u00f3s a banda se apresentar no festival The Town, em S\u00e3o Paulo.<\/p>\n\n\n\n<p>A pr\u00e9-venda para s\u00f3cios da Arena MRV, Galo na Veia e clientes cart\u00e3o Inter, acontecer\u00e3o at\u00e9 s\u00e1bado (22\/07), \u00e0s 11h, com 5% de desconto. Clientes Inter tamb\u00e9m poder\u00e3o parcelar suas compras em at\u00e9 10x, sendo at\u00e9 3x sem juros. J\u00e1 os s\u00f3cios Arena MRV e GNV ter\u00e3o a possibilidade de parcelamento com juros em at\u00e9 10 vezes al\u00e9m da op\u00e7\u00e3o de PIX.<\/p>\n\n\n\n<p>A venda para o p\u00fablico geral se inicia no dia 22\/07 \u00e0s 13hs pela internet e \u00e0s 15hs na bilheteria f\u00edsica. O pagamento poder\u00e1 ser parcelado com juros em at\u00e9 10x ou via PIX.<\/p>\n\n\n\n<div class=\"wp-block-essential-blocks-button\"><div class=\"eb-parent-wrapper eb-parent-eb-button-1nu5zb1 \"><div class=\"eb-button-wrapper eb-button-alignment eb-button-1nu5zb1\"><div class=\"eb-button\"><a class=\"eb-button-anchor\" href=\"https:\/\/arenamrv.ticketmaster.com.br\/event\/maroon-5\" rel=\"noopener\">ACESSE A P\u00c1GINA OFICIAL<i class=\"fas fa-arrow-right eb-button-icon eb-button-icon-right hvr-icon\"><\/i><\/a><\/div><\/div><\/div><\/div>\n\n\n\n<h3 class=\"wp-block-heading\">Mapa de Assentos e valores<\/h3>\n\n\n\n<figure class=\"wp-block-image alignwide size-large\"><img loading=\"lazy\" decoding=\"async\" width=\"664\" height=\"380\" src=\"https:\/\/www.maroon5br.com\/site\/wp-content\/uploads\/2023\/07\/M5-BH2023-MapaDeAssentos-664x380.jpg\" alt=\"\" class=\"wp-image-28802\" srcset=\"https:\/\/www.maroon5br.com\/site\/wp-content\/uploads\/2023\/07\/M5-BH2023-MapaDeAssentos-664x380.jpg 664w, https:\/\/www.maroon5br.com\/site\/wp-content\/uploads\/2023\/07\/M5-BH2023-MapaDeAssentos-300x172.jpg 300w, https:\/\/www.maroon5br.com\/site\/wp-content\/uploads\/2023\/07\/M5-BH2023-MapaDeAssentos-250x143.jpg 250w, https:\/\/www.maroon5br.com\/site\/wp-content\/uploads\/2023\/07\/M5-BH2023-MapaDeAssentos-768x440.jpg 768w, https:\/\/www.maroon5br.com\/site\/wp-content\/uploads\/2023\/07\/M5-BH2023-MapaDeAssentos.jpg 1200w\" sizes=\"auto, (max-width: 664px) 100vw, 664px\" \/><\/figure>\n\n\n\n<p><strong>*<\/strong>A venda est\u00e1 limitada a quatro ingressos por CPF. Para compra on-line, h\u00e1 cobran\u00e7a de taxa de servi\u00e7o de 15%. De acordo com a lei federal 12.933\/2013, a oferta para ingressos com o desconto legal de meia-entrada ser\u00e1 limitado em 40% da carga disponibilizada para venda.<\/p>\n\n\n\n<h3 class=\"wp-block-heading\">Servi\u00e7o<\/h3>\n\n\n\n<p><strong>Classifica\u00e7\u00e3o Et\u00e1ria:&nbsp;<\/strong>16 anos. Menores de 16 anos acompanhados de Pais e ou Respons\u00e1veis Legais*.&nbsp;&nbsp;<\/p>\n\n\n\n<p>*Sujeito \u00e0 altera\u00e7\u00e3o judicial.<\/p>\n\n\n\n<p>&nbsp;Para este evento n\u00e3o h\u00e1 gratuidades, inclusive para crian\u00e7as de qualquer idade.<\/p>\n\n\n\n<p><strong>Bilheteria Oficial<\/strong><br>Rua Cristina Maria de Assis, 410 &#8211; Calif\u00f3rnia, Belo Horizonte<\/p>\n\n\n\n<p>Dia 20\/07, Hor\u00e1rio de Funcionamento: 13h00 \u00e0s 20:00<br>Dia 22\/07, Hor\u00e1rio de Funcionamento: 15h00 \u00e0s 20:00<\/p>\n\n\n\n<p>Demais dias<br>Seg a sex 10:00 \u00e0s 17:00<br>S\u00e1bado 10:00 \u00e0s 14:00<br>Dias de jogos e eventos n\u00e3o haver\u00e1 funcionamento da bilheteria<\/p>\n","protected":false},"excerpt":{"rendered":"<p>No dia 9 de Setembro de 2023, o Maroon 5 far\u00e1 um show exclusivo no evento Celebra BH, que funciona como parte dos eventos de inaugura\u00e7\u00e3o da Arena MRV. O show tamb\u00e9m contar\u00e1 com n\u00famero de abertura da banda mineira Jota Quest, que celebra 25 anos de carreira. A apresenta\u00e7\u00e3o da banda acontecer\u00e1 dois dias [&hellip;]<\/p>\n","protected":false},"author":1,"featured_media":28815,"parent":12506,"menu_order":0,"comment_status":"closed","ping_status":"closed","template":"","meta":{"_themeisle_gutenberg_block_has_review":false,"footnotes":""},"class_list":["post-28800","page","type-page","status-publish","has-post-thumbnail","hentry"],"_links":{"self":[{"href":"https:\/\/www.maroon5br.com\/site\/wp-json\/wp\/v2\/pages\/28800","targetHints":{"allow":["GET"]}}],"collection":[{"href":"https:\/\/www.maroon5br.com\/site\/wp-json\/wp\/v2\/pages"}],"about":[{"href":"https:\/\/www.maroon5br.com\/site\/wp-json\/wp\/v2\/types\/page"}],"author":[{"embeddable":true,"href":"https:\/\/www.maroon5br.com\/site\/wp-json\/wp\/v2\/users\/1"}],"replies":[{"embeddable":true,"href":"https:\/\/www.maroon5br.com\/site\/wp-json\/wp\/v2\/comments?post=28800"}],"version-history":[{"count":5,"href":"https:\/\/www.maroon5br.com\/site\/wp-json\/wp\/v2\/pages\/28800\/revisions"}],"predecessor-version":[{"id":28810,"href":"https:\/\/www.maroon5br.com\/site\/wp-json\/wp\/v2\/pages\/28800\/revisions\/28810"}],"up":[{"embeddable":true,"href":"https:\/\/www.maroon5br.com\/site\/wp-json\/wp\/v2\/pages\/12506"}],"wp:featuredmedia":[{"embeddable":true,"href":"https:\/\/www.maroon5br.com\/site\/wp-json\/wp\/v2\/media\/28815"}],"wp:attachment":[{"href":"https:\/\/www.maroon5br.com\/site\/wp-json\/wp\/v2\/media?parent=28800"}],"curies":[{"name":"wp","href":"https:\/\/api.w.org\/{rel}","templated":true}]}}