{"id":30623,"date":"2025-11-16T13:31:03","date_gmt":"2025-11-16T16:31:03","guid":{"rendered":"https:\/\/www.maroon5br.com\/site\/?page_id=30623"},"modified":"2025-11-16T13:38:55","modified_gmt":"2025-11-16T16:38:55","slug":"love-is-like-tour-2025","status":"publish","type":"page","link":"https:\/\/www.maroon5br.com\/site\/maroon5\/turnes\/love-is-like-tour-2025\/","title":{"rendered":"Love is Like Tour 2025"},"content":{"rendered":"\n<p>A <strong>Love Is Like Tour<\/strong>, d\u00e9cima-sexta turn\u00ea do Maroon 5, foi anunciada em junho de 2025 e marcou oficialmente o in\u00edcio da nova era da banda com o \u00e1lbum <em>Love Is Like<\/em>. O an\u00fancio veio acompanhado de uma s\u00e9rie de datas pelos Estados Unidos, gerando grande expectativa entre os f\u00e3s por ser a primeira turn\u00ea completa do grupo desde 2022. J\u00e1 nos materiais promocionais, foram confirmados os n\u00fameros de abertura da DJ <strong>Mailboxx<\/strong> e da cantora <strong>Claire Rosinkranz<\/strong>, que seguiram com a banda ao longo de toda a rota norte-americana. A dire\u00e7\u00e3o visual do show ficou por conta de <strong>Baz Halpin<\/strong>, com quem a banda j\u00e1 tinha trabalhado durante a cria\u00e7\u00e3o da resid\u00eancia da banda em Las Vegas, M5LV.<\/p>\n\n\n\n<p>A setlist tamb\u00e9m chamou aten\u00e7\u00e3o por trazer uma combina\u00e7\u00e3o equilibrada entre grandes hits e m\u00fasicas que estavam fora dos palcos h\u00e1 algum tempo, como <em>Misery<\/em> e <em>Won&#8217;t Go Home Without You<\/em>. Al\u00e9m disso, a banda incluiu faixas do novo \u00e1lbum, como <em>All Night<\/em> e <em>California<\/em>, que ajudam a definir a identidade desta fase e refor\u00e7am o frescor do repert\u00f3rio.<\/p>\n\n\n\n<p>Outro destaque da turn\u00ea foi a emocionante homenagem aos f\u00e3s durante a performance de <em>Memories<\/em>. Semanas antes dos primeiros shows, o Maroon 5 convidou o p\u00fablico a enviar, por meio de um site especial, fotos de entes queridos que j\u00e1 partiram. Essas imagens passaram a compor o v\u00eddeo exibido nos tel\u00f5es durante a m\u00fasica, criando um momento profundamente tocante em cada apresenta\u00e7\u00e3o. Antes de cantar <em>Memories<\/em>, Adam frequentemente comenta sobre o significado pessoal da can\u00e7\u00e3o e sobre como ela ressoa de forma \u00fanica para cada f\u00e3.<\/p>\n\n\n\n<h3 class=\"wp-block-heading\">P\u00f4ster<\/h3>\n\n\n\n<figure class=\"wp-block-image size-full\"><img loading=\"lazy\" decoding=\"async\" width=\"1053\" height=\"1500\" src=\"https:\/\/www.maroon5br.com\/site\/wp-content\/uploads\/2025\/11\/M5-LIL-Poster.jpg\" alt=\"\" class=\"wp-image-30624\" srcset=\"https:\/\/www.maroon5br.com\/site\/wp-content\/uploads\/2025\/11\/M5-LIL-Poster.jpg 1053w, https:\/\/www.maroon5br.com\/site\/wp-content\/uploads\/2025\/11\/M5-LIL-Poster-211x300.jpg 211w, https:\/\/www.maroon5br.com\/site\/wp-content\/uploads\/2025\/11\/M5-LIL-Poster-267x380.jpg 267w, https:\/\/www.maroon5br.com\/site\/wp-content\/uploads\/2025\/11\/M5-LIL-Poster-105x150.jpg 105w, https:\/\/www.maroon5br.com\/site\/wp-content\/uploads\/2025\/11\/M5-LIL-Poster-768x1094.jpg 768w\" sizes=\"auto, (max-width: 1053px) 100vw, 1053px\" \/><\/figure>\n\n\n\n<h3 class=\"wp-block-heading has-text-align-left\">Setlist<\/h3>\n\n\n\n<blockquote class=\"wp-block-quote is-layout-flow wp-block-quote-is-layout-flow\">\n<p class=\"has-text-align-center\">Harder to Breathe<br>Lucky Strike<br>This Love<br>All Night<br>Stereo Hearts<br>Animals<br>One More Night<br>Misery<br>Sunday Morning<br>Heavy<br>Won\u2019t Go Home Without You<br>California<br>Lost Stars<br>She Will Be Loved<br>Maps<br>Love Somebody<br>Don\u2019t Wanna Know<br>What Lovers Do<br>Makes Me Wonder<br>Girls Like You<br>Moves Like Jagger<\/p>\n\n\n\n<p class=\"has-text-align-center\"><strong>Bis<\/strong><br>Payphone (com participa\u00e7\u00e3o de Wiz Khalifa no tel\u00e3o)<br>Sugar<\/p>\n<\/blockquote>\n\n\n\n<h3 class=\"wp-block-heading\">Datas<\/h3>\n\n\n\n<figure class=\"wp-block-table is-style-stripes\"><table><thead>\n<tr>\n<th>Data<\/th>\n<th>Cidade<\/th>\n<th>Local<\/th>\n<\/tr>\n<\/thead>\n<tbody>\n<tr>\n<th colspan=\"3\">Am\u00e9rica do Norte<\/th>\n<\/tr>\n<tr>\n<td>6 de Outubro de 2025<\/td>\n<td>Phoenix, Arizona<\/td>\n<td>PHX Arena<\/td>\n<\/tr>\n<tr>\n<td>8 de Outubro de 2025<\/td>\n<td>Palm Springs, CA<\/td>\n<td>Acrisure Arena<\/td>\n<\/tr>\n<tr>\n<td>10 de Outubro de 2025<\/td>\n<td>Los Angeles, CA<\/td>\n<td>Kia Forum<\/td>\n<\/tr>\n<tr>\n<td>17 de Outubro de 2025<\/td>\n<td>Sacramento, CA<\/td>\n<td>Golden 1 Center<\/td>\n<\/tr>\n<tr>\n<td>18 de Outubro de 2025<\/td>\n<td>San Francisco, CA<\/td>\n<td>Chase Center<\/td>\n<\/tr>\n<tr>\n<td>21 de Outubro de 2025<\/td>\n<td>Seattle, WA<\/td>\n<td>Climate Pledge Arena<\/td>\n<\/tr>\n<tr>\n<td>23 de Outubro de 2025<\/td>\n<td>Portland, OR<\/td>\n<td>Moda Center<\/td>\n<\/tr>\n<tr>\n<td>25 de Outubro de 2025<\/td>\n<td>Salt Lake City, UT<\/td>\n<td>Delta Center<\/td>\n<\/tr>\n<tr>\n<td>28 de Outubro de 2025<\/td>\n<td>Lincoln, NE<\/td>\n<td>Pinnacle Bank Arena<\/td>\n<\/tr>\n<tr>\n<td>29 de Outubro de 2025<\/td>\n<td>St. Paul, MN<\/td>\n<td>Xcel Energy Center<\/td>\n<\/tr>\n<tr>\n<td>2 de Novembro de 2025<\/td>\n<td>Nashville, TN<\/td>\n<td>Bridgestone Arena<\/td>\n<\/tr>\n<tr>\n<td>4 de Novembro de 2025<\/td>\n<td>Austin, TX<\/td>\n<td>Moody Center<\/td>\n<\/tr>\n<tr>\n<td>5 de Novembro de 2025<\/td>\n<td>Houston, TX<\/td>\n<td>Toyota Center<\/td>\n<\/tr>\n<td>7 de Novembro de 2025<\/td>\n<td>Dallas, TX<\/td>\n<td>American Airlines Center<\/td>\n<\/tr>\n<tr>\n<td>9 de Novembro de 2025<\/td>\n<td>Little Rock, AR<\/td>\n<td>Simmons Bank Arena<\/td>\n<\/tr>\n<tr>\n<td>11 de Novembro de 2025<\/td>\n<td>Atlanta, GA<\/td>\n<td>State Farm Arena<\/td>\n<\/tr>\n<tr>\n<td>13 de Novembro de 2025<\/td>\n<td>Chicago, IL<\/td>\n<td>United Center<\/td>\n<\/tr>\n<tr>\n<td>14 de Novembro de 2025<\/td>\n<td>Pittsburgh, PA<\/td>\n<td>PPG Paints Arena<\/td>\n<\/tr>\n<tr>\n<td>16 de Novembro de 2025<\/td>\n<td>Baltimore<\/td>\n<td>CFG Bank Arena<\/td>\n<\/tr>\n<tr>\n<td>19 de Novembro de 2025<\/td>\n<td>New York City, NY<\/td>\n<td>Madison Square Garden<\/td>\n<\/tr>\n<tr>\n<td>20 de Novembro de 2025<\/td>\n<td>New York City, NY<\/td>\n<td>Madison Square Garden<\/td>\n<\/tr>\n<tr>\n<td>22 de Novembro de 2025<\/td>\n<td>Boston, MA<\/td>\n<td>TD Garden<\/td>\n<\/tr>\n<tr>\n<td>24 de Novembro de 2025<\/td>\n<td>Cleveland, OH<\/td>\n<td>Rocker Arena<\/td>\n<\/tr>\n<tr>\n<td>25 de Novembro de 2025<\/td>\n<td>Detroit, MI<\/td>\n<td>Little Ceasars Arena<\/td>\n<\/tr>\n<\/tbody><\/table><\/figure>\n","protected":false},"excerpt":{"rendered":"<p>A Love Is Like Tour, d\u00e9cima-sexta turn\u00ea do Maroon 5, foi anunciada em junho de 2025 e marcou oficialmente o in\u00edcio da nova era da banda com o \u00e1lbum Love Is Like. O an\u00fancio veio acompanhado de uma s\u00e9rie de datas pelos Estados Unidos, gerando grande expectativa entre os f\u00e3s por ser a primeira turn\u00ea [&hellip;]<\/p>\n","protected":false},"author":1,"featured_media":30629,"parent":9750,"menu_order":18,"comment_status":"closed","ping_status":"closed","template":"","meta":{"_themeisle_gutenberg_block_has_review":false,"footnotes":""},"class_list":["post-30623","page","type-page","status-publish","has-post-thumbnail","hentry"],"_links":{"self":[{"href":"https:\/\/www.maroon5br.com\/site\/wp-json\/wp\/v2\/pages\/30623","targetHints":{"allow":["GET"]}}],"collection":[{"href":"https:\/\/www.maroon5br.com\/site\/wp-json\/wp\/v2\/pages"}],"about":[{"href":"https:\/\/www.maroon5br.com\/site\/wp-json\/wp\/v2\/types\/page"}],"author":[{"embeddable":true,"href":"https:\/\/www.maroon5br.com\/site\/wp-json\/wp\/v2\/users\/1"}],"replies":[{"embeddable":true,"href":"https:\/\/www.maroon5br.com\/site\/wp-json\/wp\/v2\/comments?post=30623"}],"version-history":[{"count":3,"href":"https:\/\/www.maroon5br.com\/site\/wp-json\/wp\/v2\/pages\/30623\/revisions"}],"predecessor-version":[{"id":30628,"href":"https:\/\/www.maroon5br.com\/site\/wp-json\/wp\/v2\/pages\/30623\/revisions\/30628"}],"up":[{"embeddable":true,"href":"https:\/\/www.maroon5br.com\/site\/wp-json\/wp\/v2\/pages\/9750"}],"wp:featuredmedia":[{"embeddable":true,"href":"https:\/\/www.maroon5br.com\/site\/wp-json\/wp\/v2\/media\/30629"}],"wp:attachment":[{"href":"https:\/\/www.maroon5br.com\/site\/wp-json\/wp\/v2\/media?parent=30623"}],"curies":[{"name":"wp","href":"https:\/\/api.w.org\/{rel}","templated":true}]}}