{"id":3832,"date":"2009-02-01T21:35:20","date_gmt":"2009-02-02T00:35:20","guid":{"rendered":"http:\/\/www.maroon5br.com\/2009\/?page_id=3832"},"modified":"2023-07-15T12:52:45","modified_gmt":"2023-07-15T15:52:45","slug":"songs-about-jane","status":"publish","type":"page","link":"https:\/\/www.maroon5br.com\/site\/maroon5\/discografia\/albuns-de-estudio\/songs-about-jane\/","title":{"rendered":"Songs About Jane"},"content":{"rendered":"\n<div class=\"wp-block-group\"><div class=\"wp-block-group__inner-container is-layout-constrained wp-block-group-is-layout-constrained\">\n<p><strong>Songs About Jane<\/strong> foi o primeiro \u00e1lbum do <strong>Maroon 5<\/strong>. Produzido por <strong>Matt Wallace<\/strong>, o trabalho mistura ritmos que variam entre o pop-rock, jazz e soul. O \u00e1lbum, que trouxe hits como <strong>Harder to Breathe<\/strong>, <strong>This Love<\/strong> e <strong>She Will Be Loved<\/strong>, estourou rapidamente nas paradas mundiais chegando a vender cerca de <strong>10 milh\u00f5es<\/strong> de c\u00f3pias ao redor do mundo.<\/p>\n\n\n\n<p>O reconhecimento da m\u00eddia tamb\u00e9m n\u00e3o demorou a aparecer. Em 2004, a banda recebeu trof\u00e9is de artista revela\u00e7\u00e3o nas premia\u00e7\u00f5es do <strong>Video Music Awards<\/strong>, da MTV Americana, <strong>Europe Music Awards<\/strong>, da MTV Europ\u00e9ia e o <strong>Billboard Awards<\/strong>, e no ano seguinte levariam o primeiro <strong>Grammy<\/strong> da carreira, como artista revela\u00e7\u00e3o de 2005.<\/p>\n\n\n\n<p>Durante os 3 anos de divulga\u00e7\u00e3o do \u00e1lbum, a banda entrou em turn\u00ea com v\u00e1rios artistas, que iam de <strong>Michelle Branch<\/strong> at\u00e9 os <strong>Rolling Stones<\/strong>, al\u00e9m de terem feito um show no palco do <strong>Live 8<\/strong>, na Filad\u00e9lfia, no mesmo ano. A divulga\u00e7\u00e3o do disco foi encerrada com a conceituada <strong>Honda Civic Tour<\/strong> em 2005, na qual foram a atra\u00e7\u00e3o principal.<\/p>\n<\/div><\/div>\n\n\n\n<div class=\"wp-block-group\"><div class=\"wp-block-group__inner-container is-layout-constrained wp-block-group-is-layout-constrained\">\n<h3 class=\"wp-block-heading\">Tracklist<\/h3>\n\n\n\n<ul class=\"album-tracklist wp-block-list\">\n<li>1. Harder To Breathe<\/li>\n\n\n\n<li>2. This Love<\/li>\n\n\n\n<li>3. Shiver<\/li>\n\n\n\n<li>4. She Will Be Loved<\/li>\n\n\n\n<li>5. Tangled<\/li>\n\n\n\n<li>6. The Sun<\/li>\n\n\n\n<li>7. Must Get Out<\/li>\n\n\n\n<li>8. Sunday Morning<\/li>\n\n\n\n<li>9. Secret<\/li>\n\n\n\n<li>10. Through With You<\/li>\n\n\n\n<li>11. Not Coming Home<\/li>\n\n\n\n<li>12. Sweetest Goodbye<\/li>\n\n\n\n<li>13. Ragdoll<\/li>\n<\/ul>\n<\/div><\/div>\n\n\n\n<div class=\"wp-block-group\"><div class=\"wp-block-group__inner-container is-layout-constrained wp-block-group-is-layout-constrained\">\n<h3 class=\"wp-block-heading\">Singles<\/h3>\n\n\n\n<div class=\"wp-block-columns is-layout-flex wp-container-core-columns-is-layout-9d6595d7 wp-block-columns-is-layout-flex\">\n<div class=\"wp-block-column is-layout-flow wp-block-column-is-layout-flow\">\n<figure class=\"wp-block-image size-large\"><img decoding=\"async\" src=\"https:\/\/www.maroon5br.com\/site\/wp-content\/uploads\/2009\/02\/Maroon_5_-_Harder_to_Breathe.png\" alt=\"\"\/><\/figure>\n\n\n\n<p><strong>Harder To Breathe<\/strong><br>Lan\u00e7amento:<br>12 de Agosto de 2003<\/p>\n<\/div>\n\n\n\n<div class=\"wp-block-column is-layout-flow wp-block-column-is-layout-flow\">\n<figure class=\"wp-block-image size-large\"><img decoding=\"async\" src=\"https:\/\/www.maroon5br.com\/site\/wp-content\/uploads\/2009\/02\/Maroon_5_-_This_Love.jpg\" alt=\"\"\/><\/figure>\n\n\n\n<p><strong>This Love<\/strong><br>Lan\u00e7amento:<br>9 de Mar\u00e7o de 2004<\/p>\n<\/div>\n\n\n\n<div class=\"wp-block-column is-layout-flow wp-block-column-is-layout-flow\">\n<figure class=\"wp-block-image size-large\"><img decoding=\"async\" src=\"https:\/\/www.maroon5br.com\/site\/wp-content\/uploads\/2009\/02\/Maroon_5_-SheWillBeLoved.jpg\" alt=\"\"\/><\/figure>\n\n\n\n<p><strong>She Will Be Loved<\/strong><br>Lan\u00e7amento:<br>29 de Junho de 2004<\/p>\n<\/div>\n<\/div>\n\n\n\n<div class=\"wp-block-columns is-layout-flex wp-container-core-columns-is-layout-9d6595d7 wp-block-columns-is-layout-flex\">\n<div class=\"wp-block-column is-layout-flow wp-block-column-is-layout-flow\">\n<figure class=\"wp-block-image size-large\"><img decoding=\"async\" src=\"https:\/\/www.maroon5br.com\/site\/wp-content\/uploads\/2009\/02\/Maroon_5_-_Sunday_Morning.png\" alt=\"\"\/><\/figure>\n\n\n\n<p><strong>Sunday Morning<\/strong><br>Lan\u00e7amento:<br>4 de Dezembro de 2004<\/p>\n<\/div>\n\n\n\n<div class=\"wp-block-column is-layout-flow wp-block-column-is-layout-flow\">\n<figure class=\"wp-block-image size-large\"><img decoding=\"async\" src=\"https:\/\/www.maroon5br.com\/site\/wp-content\/uploads\/2009\/02\/Maroon_5_-_Must_Get_Out.jpg\" alt=\"\"\/><\/figure>\n\n\n\n<p><strong>Must Get Out<\/strong><br>Lan\u00e7amento:<br>5 de Abril de 2005<\/p>\n<\/div>\n<\/div>\n<\/div><\/div>\n\n\n\n<div class=\"wp-block-group\"><div class=\"wp-block-group__inner-container is-layout-constrained wp-block-group-is-layout-constrained\">\n<h3 class=\"wp-block-heading\">Edi\u00e7\u00e3o comemorativa<\/h3>\n\n\n<div class=\"wp-block-image\">\n<figure class=\"aligncenter\"><img decoding=\"async\" src=\"https:\/\/www.maroon5br.com\/site\/wp-content\/uploads\/2009\/02\/SongsAboutJane10YearPackage.png\" alt=\"SongsAboutJane10YearPackage\"\/><\/figure>\n<\/div>\n\n\n<p class=\"has-text-align-center\"><\/p>\n\n\n\n<p>Em Junho de 2012, o Maroon 5 lan\u00e7ou uma edi\u00e7\u00e3o comemorativa do \u00e1lbum trazendo, al\u00e9m das 12 m\u00fasicas da vers\u00e3o comum, um disco extra com as vers\u00f5es Demo da m\u00fasica, al\u00e9m de v\u00eddeos dos bastidores da produ\u00e7\u00e3o e algumas demos in\u00e9ditas, como &#8220;Chilly Winter&#8221;. Uma litografia comemorativa tamb\u00e9m fez parte do pacote.<\/p>\n\n\n\n<p><strong>Disco 1:<\/strong><\/p>\n\n\n\n<ul class=\"album-tracklist wp-block-list\">\n<li>1. Harder To Breathe<\/li>\n\n\n\n<li>2. This Love<\/li>\n\n\n\n<li>3. Shiver<\/li>\n\n\n\n<li>4. She Will Be Loved<\/li>\n\n\n\n<li>5. Tangled<\/li>\n\n\n\n<li>6. The Sun<\/li>\n\n\n\n<li>7. Must Get Out<\/li>\n\n\n\n<li>8. Sunday Morning<\/li>\n\n\n\n<li>9. Secret<\/li>\n\n\n\n<li>10. Through With You<\/li>\n\n\n\n<li>11. Not Coming Home<\/li>\n\n\n\n<li>12. Sweetest Goodbye<\/li>\n<\/ul>\n\n\n\n<p><strong>Disco 2:<\/strong><\/p>\n\n\n\n<ul class=\"album-tracklist wp-block-list\">\n<li class=\"album-tracklist\">1. Harder To Breathe (Demo)<\/li>\n\n\n\n<li>2. This Love (Demo)<\/li>\n\n\n\n<li>3. Shiver (Demo)<\/li>\n\n\n\n<li>4. She Will Be Loved (Demo)<\/li>\n\n\n\n<li>5. Tangled (Demo)<\/li>\n\n\n\n<li>6. The Sun (Demo)<\/li>\n\n\n\n<li>7. Must Get Out (Demo)<\/li>\n\n\n\n<li>8. Sunday Morning (Demo)<\/li>\n\n\n\n<li>9. Secret (Demo)<\/li>\n\n\n\n<li>10. Through With You (Demo)<\/li>\n\n\n\n<li>11. Not Coming Home (Demo)<\/li>\n\n\n\n<li>12. Sweetest Goodbye (Demo)<\/li>\n\n\n\n<li>13. Take What You Want (Demo) 2:26<\/li>\n\n\n\n<li>14. Rag Doll (Original Demo\/Non-LP International B-Side)<\/li>\n\n\n\n<li>15. Woman (Demo)<\/li>\n\n\n\n<li>16. Chilly Winter (Demo)<\/li>\n\n\n\n<li>17. The Sun (Alternate Mix)<\/li>\n<\/ul>\n\n\n\n<p><strong>Conteudo em v\u00eddeo PUSH:<\/strong><\/p>\n\n\n\n<ul class=\"album-tracklist wp-block-list\">\n<li class=\"album-tracklist\">1. The Making of &#8220;Songs About Jane&#8221; In Studio Footage<\/li>\n\n\n\n<li>2. The Official &#8220;Songs About Jane&#8221; EPK<\/li>\n<\/ul>\n<\/div><\/div>\n\n\n\n<div class=\"wp-block-group\"><div class=\"wp-block-group__inner-container is-layout-constrained wp-block-group-is-layout-constrained\">\n<h3 class=\"wp-block-heading\">Curiosidades<\/h3>\n\n\n\n<ul class=\"wp-block-list\">\n<li>O t\u00edtulo do \u00e1lbum de refere a<strong> Jane Herman<\/strong>, ex-namorada do Adam, por quem o \u00e1lbum foi inspirado. Ela \u00e9 editora da <strong>Vogue<\/strong> e filha de <strong>Ron Herman<\/strong>, dono da loja <strong>\u201cFred Segal\u201d <\/strong>de<strong> Hollywood<\/strong>.<\/li>\n\n\n\n<li><strong>\u201cWoman\u201d <\/strong>foi uma das m\u00fasicas que comp\u00f4s a trilha sonora do filme<strong> \u201cHomem \u2013 Aranha\u201d<\/strong>, de 2005.<\/li>\n\n\n\n<li><strong>\u201cNot Coming Home\u201d<\/strong> entrou no \u00e1lbum com uma vers\u00e3o ao vivo.<\/li>\n\n\n\n<li>O v\u00eddeoclipe para a m\u00fasica <strong>\u201cThis Love\u201d<\/strong> chegou a ter uma segunda vers\u00e3o,<strong> \u2018censurada\u2019<\/strong>, onde p\u00e9talas de flores apareciam durante as cenas em que <strong>Adam Levine<\/strong> e a modelo<strong> Kelly Mc-Kee<\/strong>, ent\u00e3o namorada dele na \u00e9poca, faziam sexo. Adam chamou a \u2018interven\u00e7\u00e3o\u2019 de<strong> \u2018rid\u00edcula\u2019<\/strong> e o baixista Mickey Madden completou que foi uma<strong> \u201crea\u00e7\u00e3o absurda\u201d<\/strong>.<\/li>\n\n\n\n<li>A primeira vers\u00e3o para o clipe de <strong>\u201cShe Will Be Loved\u201d<\/strong> mostrava a banda tocando a m\u00fasica em um galp\u00e3o. O v\u00eddeo foi rejeitado pela banda, que gravou uma nova vers\u00e3o (que foi a lan\u00e7ada oficialmente).<\/li>\n<\/ul>\n<\/div><\/div>\n\n\n\n<div class=\"wp-block-group\"><div class=\"wp-block-group__inner-container is-layout-constrained wp-block-group-is-layout-constrained\">\n<h3 class=\"wp-block-heading\">Videoclipes<\/h3>\n\n\n\n<figure class=\"wp-block-embed is-type-video is-provider-youtube wp-block-embed-youtube wp-embed-aspect-16-9 wp-has-aspect-ratio\"><div class=\"wp-block-embed__wrapper\">\n\r\n<div class=\"fve-video-wrapper fve-image-embed fve-thumbnail-image youtube\" style=\"padding-bottom:75%;\">\r\n    <iframe loading=\"lazy\" src=\"\/\/www.youtube.com\/embed\/rV8NHsmVMPE?wmode=transparent&#038;modestbranding=1&#038;autohide=1&#038;showinfo=0&#038;rel=0\" width=\"100%\" height=\"100%\" frameborder=\"0\" webkitAllowFullScreen mozallowfullscreen allowFullScreen><\/iframe>    <\/div>\r\n\r\n\n<\/div><\/figure>\n\n\n\n<figure class=\"wp-block-embed is-type-video is-provider-youtube wp-block-embed-youtube wp-embed-aspect-16-9 wp-has-aspect-ratio\"><div class=\"wp-block-embed__wrapper\">\n\r\n<div class=\"fve-video-wrapper fve-image-embed fve-thumbnail-image youtube\" style=\"padding-bottom:75%;\">\r\n    <iframe loading=\"lazy\" src=\"\/\/www.youtube.com\/embed\/XPpTgCho5ZA?wmode=transparent&#038;modestbranding=1&#038;autohide=1&#038;showinfo=0&#038;rel=0\" width=\"100%\" height=\"100%\" frameborder=\"0\" webkitAllowFullScreen mozallowfullscreen allowFullScreen><\/iframe>    <\/div>\r\n\r\n\n<\/div><\/figure>\n\n\n\n<figure class=\"wp-block-embed is-type-video is-provider-youtube wp-block-embed-youtube wp-embed-aspect-16-9 wp-has-aspect-ratio\"><div class=\"wp-block-embed__wrapper\">\n\r\n<div class=\"fve-video-wrapper fve-image-embed fve-thumbnail-image youtube\" style=\"padding-bottom:75%;\">\r\n    <iframe loading=\"lazy\" src=\"\/\/www.youtube.com\/embed\/nIjVuRTm-dc?wmode=transparent&#038;modestbranding=1&#038;autohide=1&#038;showinfo=0&#038;rel=0\" width=\"100%\" height=\"100%\" frameborder=\"0\" webkitAllowFullScreen mozallowfullscreen allowFullScreen><\/iframe>    <\/div>\r\n\r\n\n<\/div><\/figure>\n\n\n\n<figure class=\"wp-block-embed is-type-video is-provider-youtube wp-block-embed-youtube wp-embed-aspect-16-9 wp-has-aspect-ratio\"><div class=\"wp-block-embed__wrapper\">\n\r\n<div class=\"fve-video-wrapper fve-image-embed fve-thumbnail-image youtube\" style=\"padding-bottom:75%;\">\r\n    <iframe loading=\"lazy\" src=\"\/\/www.youtube.com\/embed\/S2Cti12XBw4?wmode=transparent&#038;modestbranding=1&#038;autohide=1&#038;showinfo=0&#038;rel=0\" width=\"100%\" height=\"100%\" frameborder=\"0\" webkitAllowFullScreen mozallowfullscreen allowFullScreen><\/iframe>    <\/div>\r\n\r\n\n<\/div><\/figure>\n<\/div><\/div>\n","protected":false},"excerpt":{"rendered":"<p>Songs About Jane foi o primeiro \u00e1lbum do Maroon 5. Produzido por Matt Wallace, o trabalho mistura ritmos que variam entre o pop-rock, jazz e soul. O \u00e1lbum, que trouxe hits como Harder to Breathe, This Love e She Will Be Loved, estourou rapidamente nas paradas mundiais chegando a vender cerca de 10 milh\u00f5es de [&hellip;]<\/p>\n","protected":false},"author":1,"featured_media":19986,"parent":16682,"menu_order":1,"comment_status":"closed","ping_status":"closed","template":"cds.php","meta":{"_themeisle_gutenberg_block_has_review":false,"footnotes":""},"class_list":["post-3832","page","type-page","status-publish","has-post-thumbnail","hentry"],"_links":{"self":[{"href":"https:\/\/www.maroon5br.com\/site\/wp-json\/wp\/v2\/pages\/3832","targetHints":{"allow":["GET"]}}],"collection":[{"href":"https:\/\/www.maroon5br.com\/site\/wp-json\/wp\/v2\/pages"}],"about":[{"href":"https:\/\/www.maroon5br.com\/site\/wp-json\/wp\/v2\/types\/page"}],"author":[{"embeddable":true,"href":"https:\/\/www.maroon5br.com\/site\/wp-json\/wp\/v2\/users\/1"}],"replies":[{"embeddable":true,"href":"https:\/\/www.maroon5br.com\/site\/wp-json\/wp\/v2\/comments?post=3832"}],"version-history":[{"count":62,"href":"https:\/\/www.maroon5br.com\/site\/wp-json\/wp\/v2\/pages\/3832\/revisions"}],"predecessor-version":[{"id":28764,"href":"https:\/\/www.maroon5br.com\/site\/wp-json\/wp\/v2\/pages\/3832\/revisions\/28764"}],"up":[{"embeddable":true,"href":"https:\/\/www.maroon5br.com\/site\/wp-json\/wp\/v2\/pages\/16682"}],"wp:featuredmedia":[{"embeddable":true,"href":"https:\/\/www.maroon5br.com\/site\/wp-json\/wp\/v2\/media\/19986"}],"wp:attachment":[{"href":"https:\/\/www.maroon5br.com\/site\/wp-json\/wp\/v2\/media?parent=3832"}],"curies":[{"name":"wp","href":"https:\/\/api.w.org\/{rel}","templated":true}]}}