{"id":3861,"date":"2009-02-02T11:57:06","date_gmt":"2009-02-02T14:57:06","guid":{"rendered":"http:\/\/www.maroon5br.com\/2009\/?page_id=3861"},"modified":"2023-07-15T12:51:32","modified_gmt":"2023-07-15T15:51:32","slug":"it-wont-be-soon-before-long","status":"publish","type":"page","link":"https:\/\/www.maroon5br.com\/site\/maroon5\/discografia\/albuns-de-estudio\/it-wont-be-soon-before-long\/","title":{"rendered":"It Won&#8217;t Be Soon Before Long"},"content":{"rendered":"\n<p><strong>It Won\u2019t Be Soon Before Long <\/strong>foi o segundo \u00e1lbum do Maroon 5 gravado em est\u00fadio, foi lan\u00e7ado no dia <strong>22 de Maio de 2007<\/strong> nos Estados Unidos. Segundo a pr\u00f3pria banda, o novo \u00e1lbum tem influ\u00eancias de \u00edcones dos anos 80 como <strong>Prince<\/strong>, <strong>Michael Jackson<\/strong> e<strong> Talking Heads.<\/strong><\/p>\n\n\n\n<p>O disco entrou na lista dos mais vendidos j\u00e1 no dia do seu lan\u00e7amento, e consolidou definitivamente a banda entre os primeiros escal\u00f5es do pop. Para este disco, um grupo de quatro produtores, <strong>Mike Elizondo<\/strong>, <strong>Mark \u201cSpike\u201d Stent<\/strong>, <strong>Eric Valentine<\/strong> e <strong>Mark Endert<\/strong> se uniu ao vocalista <strong>Adam Levine<\/strong> e sua trupe, dando como resultado um disco para todos os gostos.<\/p>\n\n\n\n<p>O \u00e1lbum traz hits como <strong>Makes me Wonder<\/strong>, que rendeu \u00e0 banda seu terceiro <strong>Grammy<\/strong> em 2008, <strong>If I Never See Your Face Again<\/strong>, que mais tarde ganhou uma vers\u00e3o com a participa\u00e7\u00e3o de <strong>Rihanna<\/strong>, entre outros sucessos como <strong>Won\u2019t go home without you<\/strong>, <strong>Goodnight Goodnight<\/strong> e <strong>Wake up Call<\/strong>.<\/p>\n\n\n\n<p>Adam definiu na \u00e9poca do lan\u00e7amento o \u00e1lbum como sendo <strong>&#8220;mais pesado e sexy&#8221;<\/strong>, o que se confirmou com letras pol\u00eamicas sobre um <strong>assassinato<\/strong> (Wake Up Call) e <strong>sexo<\/strong> (Kiwi). Apesar disto, o \u00e1lbum n\u00e3o recebeu o selo de Parental Advisory.<\/p>\n\n\n\n<p>Durante a turn\u00ea de divulga\u00e7\u00e3o do \u00e1lbum, a banda chegou a fazer parceria com v\u00e1rias bandas de sucesso como <strong>One Republic<\/strong>, <strong>The Hives<\/strong>, <strong>Counting Crows<\/strong> e <strong>Sara Bareilles<\/strong> e abrindo um show para o <strong>The Police<\/strong>, durante a turn\u00ea de retorno da banda.<\/p>\n\n\n\n<div class=\"wp-block-group\"><div class=\"wp-block-group__inner-container is-layout-constrained wp-block-group-is-layout-constrained\">\n<h3 class=\"wp-block-heading\">Tracklist<\/h3>\n\n\n\n<ul class=\"album-tracklist wp-block-list\">\n<li>1. If I Never See Your Face Again<\/li>\n\n\n\n<li>2. Makes Me Wonder<\/li>\n\n\n\n<li>3. Little Of Your Time<\/li>\n\n\n\n<li>4. Wake Up Call<\/li>\n\n\n\n<li>5. Won\u2019t Go Home Without You<\/li>\n\n\n\n<li>6. Nothing Lasts Forever<\/li>\n\n\n\n<li>7. Can\u2019t Stop<\/li>\n\n\n\n<li>8. Goodnight Goodnight<\/li>\n\n\n\n<li>9. Not Falling Apart<\/li>\n\n\n\n<li>10. Kiwi<\/li>\n\n\n\n<li>11. Better That We Break<\/li>\n\n\n\n<li>12. Back At Your Door<\/li>\n\n\n\n<li>13. Infatuation<\/li>\n\n\n\n<li>14. Story<\/li>\n\n\n\n<li>15. Losing My Mind<\/li>\n\n\n\n<li>16. Miss You, Love You<\/li>\n\n\n\n<li>17. The Way I Was<\/li>\n\n\n\n<li>18. Until You\u2019re Over Me<\/li>\n\n\n\n<li>19. Figure It Out<\/li>\n<\/ul>\n<\/div><\/div>\n\n\n\n<div class=\"wp-block-group\"><div class=\"wp-block-group__inner-container is-layout-constrained wp-block-group-is-layout-constrained\">\n<h3 class=\"wp-block-heading\">Singles<\/h3>\n\n\n\n<div class=\"wp-block-columns is-layout-flex wp-container-core-columns-is-layout-9d6595d7 wp-block-columns-is-layout-flex\">\n<div class=\"wp-block-column is-layout-flow wp-block-column-is-layout-flow\">\n<figure class=\"wp-block-image size-large\"><img decoding=\"async\" src=\"https:\/\/www.maroon5br.com\/site\/wp-content\/uploads\/2009\/02\/Maroon_5_-_Makes_Me_Wonder.jpg\" alt=\"\"\/><\/figure>\n\n\n\n<p><strong>Makes Me Wonder<\/strong><\/p>\n\n\n\n<p><strong>Lan\u00e7amento:<\/strong> 1\u00ba de Abril de 2007<\/p>\n<\/div>\n\n\n\n<div class=\"wp-block-column is-layout-flow wp-block-column-is-layout-flow\">\n<figure class=\"wp-block-image size-large\"><img decoding=\"async\" src=\"https:\/\/www.maroon5br.com\/site\/wp-content\/uploads\/2009\/02\/Maroon_5_-_Wake_Up_Call.jpg\" alt=\"\"\/><\/figure>\n\n\n\n<p><strong>Wake Up Call<\/strong><\/p>\n\n\n\n<p><strong>Lan\u00e7amento:<\/strong> 7 de Agosto de 2007<\/p>\n<\/div>\n\n\n\n<div class=\"wp-block-column is-layout-flow wp-block-column-is-layout-flow\">\n<figure class=\"wp-block-image size-large\"><img decoding=\"async\" src=\"https:\/\/www.maroon5br.com\/site\/wp-content\/uploads\/2009\/02\/Maroon_5_-_Wont_Go_Home_Without_You.jpg\" alt=\"\"\/><\/figure>\n\n\n\n<p><strong>Won&#8217;t Go Home Without You<\/strong><\/p>\n\n\n\n<p><strong>Lan\u00e7amento:<\/strong> 19 de Novembro de 2007<\/p>\n<\/div>\n<\/div>\n\n\n\n<div class=\"wp-block-columns is-layout-flex wp-container-core-columns-is-layout-9d6595d7 wp-block-columns-is-layout-flex\">\n<div class=\"wp-block-column is-layout-flow wp-block-column-is-layout-flow\">\n<figure class=\"wp-block-image size-large\"><img decoding=\"async\" src=\"https:\/\/www.maroon5br.com\/site\/wp-content\/uploads\/2009\/02\/Maroon_5_-_If_I_Never_See_Your_Face_Again.jpg\" alt=\"\"\/><\/figure>\n\n\n\n<p><strong>If I Never See Your Face Again (feat. Rihanna)<\/strong><\/p>\n\n\n\n<p><strong>Lan\u00e7amento:<\/strong> 8 de Maio de 2008<\/p>\n<\/div>\n\n\n\n<div class=\"wp-block-column is-layout-flow wp-block-column-is-layout-flow\">\n<figure class=\"wp-block-image size-large\"><img decoding=\"async\" src=\"https:\/\/www.maroon5br.com\/site\/wp-content\/uploads\/2009\/02\/Maroon_5_-_It_Wont_Be_Soon_Before_Long.jpg\" alt=\"\"\/><\/figure>\n\n\n\n<p><strong>Goodnight Goodnight<\/strong><\/p>\n\n\n\n<p><strong>Lan\u00e7amento:<\/strong> 21 de Agosto de 2008<\/p>\n<\/div>\n<\/div>\n<\/div><\/div>\n\n\n\n<div class=\"wp-block-group\"><div class=\"wp-block-group__inner-container is-layout-constrained wp-block-group-is-layout-constrained\">\n<h3 class=\"wp-block-heading\">Curiosidades<\/h3>\n\n\n\n<ul class=\"wp-block-list\">\n<li>O t\u00edtulo do \u00e1lbum veio de uma frase que a banda costumava usar para continuar sentindo-se motivados durante a turn\u00ea.<\/li>\n\n\n\n<li>O refr\u00e3o de <strong>&#8220;Nothing Lasts Forever&#8221;<\/strong> \u00e9 o mesmo que Adam usou no seu dueto com <strong>Kanye West<\/strong> em <strong>&#8220;Heard &#8216;Em Say&#8221;<\/strong>.<\/li>\n\n\n\n<li><strong>&#8220;If I Never See Your Face Again&#8221;<\/strong>, quarto single de divulga\u00e7\u00e3o do \u00e1lbum, ganhou uma vers\u00e3o com participa\u00e7\u00e3o da cantora <strong>Rihanna<\/strong>, e est\u00e1 dispon\u00edvel no deluxe \u00e1lbum do album <strong>&#8220;Good Girl Gone Bad&#8221;<\/strong>.<\/li>\n\n\n\n<li>Em <strong>outubro de 2008<\/strong> foi lan\u00e7ada uma vers\u00e3o <strong>Deluxe<\/strong> do \u00e1lbum, contendo um <strong>CD<\/strong> com a tracklist e bonus tracks, e um <strong>DVD<\/strong> com os clipes e um show ao vivo gravado no <strong>Le Cabaret<\/strong>, em Montreal, em Junho de 2007.<\/li>\n\n\n\n<li><strong>Mary J. Blige<\/strong> fez uma participa\u00e7\u00e3o em uma segunda vers\u00e3o de <strong>&#8220;Wake Up Call&#8221;<\/strong>, remixada por <strong>Mark Ronson<\/strong>.<\/li>\n\n\n\n<li>Em 2007, Adam Levine confessou que <strong>&#8220;Won&#8217;t Go Home Without You&#8221;<\/strong> foi uma m\u00fasica inspirada no sucesso do <strong>The Police<\/strong> <strong>&#8220;Every Breath You Take&#8221;<\/strong>. Por este motivo, a m\u00fasica ficou de fora do setlist do show da banda no dia em que abriram para o The Police.<\/li>\n\n\n\n<li>O V\u00eddeo para <strong>&#8220;Wake Up Call&#8221;<\/strong> possui duas vers\u00f5es. Na vers\u00e3o censurada, Adam Levine encerra o clipe sendo <strong>preso<\/strong>. J\u00e1 na vers\u00e3o do diretor, tida como vers\u00e3o &#8216;oficial&#8217;, Adam finaliza sendo <strong>eletrocutado em uma cadeira el\u00e9trica<\/strong>.<\/li>\n\n\n\n<li>No final de 2007, foi lan\u00e7ado no iTunes um EP digital contendo apenas as b-sides do album, entitulado &#8220;The B-Side Collection&#8221;.<\/li>\n\n\n\n<li>Em 2008, um novo EP ao vivo gravado na loja do iTunes em SoHo foi lan\u00e7ado digitalmente, o &#8220;Maroon 5 live from SoHo&#8221;.<\/li>\n<\/ul>\n<\/div><\/div>\n\n\n\n<div class=\"wp-block-group\"><div class=\"wp-block-group__inner-container is-layout-constrained wp-block-group-is-layout-constrained\">\n<h3 class=\"wp-block-heading\">Videoclipes<\/h3>\n\n\n\n<figure class=\"wp-block-embed is-type-video is-provider-youtube wp-block-embed-youtube wp-embed-aspect-16-9 wp-has-aspect-ratio\"><div class=\"wp-block-embed__wrapper\">\n\r\n<div class=\"fve-video-wrapper fve-image-embed fve-thumbnail-image youtube\" style=\"padding-bottom:75%;\">\r\n    <iframe loading=\"lazy\" src=\"\/\/www.youtube.com\/embed\/sAebYQgy4n4?wmode=transparent&#038;modestbranding=1&#038;autohide=1&#038;showinfo=0&#038;rel=0\" width=\"100%\" height=\"100%\" frameborder=\"0\" webkitAllowFullScreen mozallowfullscreen allowFullScreen><\/iframe>    <\/div>\r\n\r\n\n<\/div><\/figure>\n\n\n\n<figure class=\"wp-block-embed is-type-video is-provider-youtube wp-block-embed-youtube wp-embed-aspect-16-9 wp-has-aspect-ratio\"><div class=\"wp-block-embed__wrapper\">\n\r\n<div class=\"fve-video-wrapper fve-image-embed fve-thumbnail-image youtube\" style=\"padding-bottom:75%;\">\r\n    <iframe loading=\"lazy\" src=\"\/\/www.youtube.com\/embed\/dkQ0OJ5Byls?wmode=transparent&#038;modestbranding=1&#038;autohide=1&#038;showinfo=0&#038;rel=0\" width=\"100%\" height=\"100%\" frameborder=\"0\" webkitAllowFullScreen mozallowfullscreen allowFullScreen><\/iframe>    <\/div>\r\n\r\n\n<\/div><\/figure>\n\n\n\n<figure class=\"wp-block-embed is-type-video is-provider-youtube wp-block-embed-youtube wp-embed-aspect-4-3 wp-has-aspect-ratio\"><div class=\"wp-block-embed__wrapper\">\n\r\n<div class=\"fve-video-wrapper fve-image-embed fve-thumbnail-image youtube\" style=\"padding-bottom:75%;\">\r\n    <iframe loading=\"lazy\" src=\"\/\/www.youtube.com\/embed\/HOskLZ-w3RA?wmode=transparent&#038;modestbranding=1&#038;autohide=1&#038;showinfo=0&#038;rel=0\" width=\"100%\" height=\"100%\" frameborder=\"0\" webkitAllowFullScreen mozallowfullscreen allowFullScreen><\/iframe>    <\/div>\r\n\r\n\n<\/div><\/figure>\n\n\n\n<figure class=\"wp-block-embed is-type-video is-provider-youtube wp-block-embed-youtube wp-embed-aspect-16-9 wp-has-aspect-ratio\"><div class=\"wp-block-embed__wrapper\">\n\r\n<div class=\"fve-video-wrapper fve-image-embed fve-thumbnail-image youtube\" style=\"padding-bottom:75%;\">\r\n    <iframe loading=\"lazy\" src=\"\/\/www.youtube.com\/embed\/VlMEGBsw6j8?wmode=transparent&#038;modestbranding=1&#038;autohide=1&#038;showinfo=0&#038;rel=0\" width=\"100%\" height=\"100%\" frameborder=\"0\" webkitAllowFullScreen mozallowfullscreen allowFullScreen><\/iframe>    <\/div>\r\n\r\n\n<\/div><\/figure>\n\n\n\n<figure class=\"wp-block-embed is-type-video is-provider-youtube wp-block-embed-youtube wp-embed-aspect-16-9 wp-has-aspect-ratio\"><div class=\"wp-block-embed__wrapper\">\n\r\n<div class=\"fve-video-wrapper fve-image-embed fve-thumbnail-image youtube\" style=\"padding-bottom:75%;\">\r\n    <iframe loading=\"lazy\" src=\"\/\/www.youtube.com\/embed\/uNSBq6hvU1s?wmode=transparent&#038;modestbranding=1&#038;autohide=1&#038;showinfo=0&#038;rel=0\" width=\"100%\" height=\"100%\" frameborder=\"0\" webkitAllowFullScreen mozallowfullscreen allowFullScreen><\/iframe>    <\/div>\r\n\r\n\n<\/div><\/figure>\n\n\n\n<figure class=\"wp-block-embed is-type-video is-provider-youtube wp-block-embed-youtube wp-embed-aspect-16-9 wp-has-aspect-ratio\"><div class=\"wp-block-embed__wrapper\">\n\r\n<div class=\"fve-video-wrapper fve-image-embed fve-thumbnail-image youtube\" style=\"padding-bottom:75%;\">\r\n    <iframe loading=\"lazy\" src=\"\/\/www.youtube.com\/embed\/OKJtB1RZe30?wmode=transparent&#038;modestbranding=1&#038;autohide=1&#038;showinfo=0&#038;rel=0\" width=\"100%\" height=\"100%\" frameborder=\"0\" webkitAllowFullScreen mozallowfullscreen allowFullScreen><\/iframe>    <\/div>\r\n\r\n\n<\/div><\/figure>\n<\/div><\/div>\n\n\n\n<div class=\"wp-block-group\"><div class=\"wp-block-group__inner-container is-layout-constrained wp-block-group-is-layout-constrained\">\n<h3 class=\"wp-block-heading\">Bastidores<\/h3>\n\n\n\n<figure class=\"wp-block-embed is-type-video is-provider-youtube wp-block-embed-youtube wp-embed-aspect-4-3 wp-has-aspect-ratio\"><div class=\"wp-block-embed__wrapper\">\n\r\n<div class=\"fve-video-wrapper fve-image-embed fve-thumbnail-image youtube\" style=\"padding-bottom:75%;\">\r\n    <iframe loading=\"lazy\" src=\"\/\/www.youtube.com\/embed\/_herA9GTzt0?wmode=transparent&#038;modestbranding=1&#038;autohide=1&#038;showinfo=0&#038;rel=0\" width=\"100%\" height=\"100%\" frameborder=\"0\" webkitAllowFullScreen mozallowfullscreen allowFullScreen><\/iframe>    <\/div>\r\n\r\n\n<\/div><\/figure>\n\n\n\n<figure class=\"wp-block-embed is-type-video is-provider-youtube wp-block-embed-youtube wp-embed-aspect-4-3 wp-has-aspect-ratio\"><div class=\"wp-block-embed__wrapper\">\n\r\n<div class=\"fve-video-wrapper fve-image-embed fve-thumbnail-image youtube\" style=\"padding-bottom:75%;\">\r\n    <iframe loading=\"lazy\" src=\"\/\/www.youtube.com\/embed\/eCCvy8tOsmw?wmode=transparent&#038;modestbranding=1&#038;autohide=1&#038;showinfo=0&#038;rel=0\" width=\"100%\" height=\"100%\" frameborder=\"0\" webkitAllowFullScreen mozallowfullscreen allowFullScreen><\/iframe>    <\/div>\r\n\r\n\n<\/div><\/figure>\n\n\n\n<figure class=\"wp-block-embed is-type-video is-provider-youtube wp-block-embed-youtube wp-embed-aspect-4-3 wp-has-aspect-ratio\"><div class=\"wp-block-embed__wrapper\">\n\r\n<div class=\"fve-video-wrapper fve-image-embed fve-thumbnail-image youtube\" style=\"padding-bottom:75%;\">\r\n    <iframe loading=\"lazy\" src=\"\/\/www.youtube.com\/embed\/MjskIRTq460?wmode=transparent&#038;modestbranding=1&#038;autohide=1&#038;showinfo=0&#038;rel=0\" width=\"100%\" height=\"100%\" frameborder=\"0\" webkitAllowFullScreen mozallowfullscreen allowFullScreen><\/iframe>    <\/div>\r\n\r\n\n<\/div><\/figure>\n\n\n\n<figure class=\"wp-block-embed is-type-video is-provider-youtube wp-block-embed-youtube wp-embed-aspect-4-3 wp-has-aspect-ratio\"><div class=\"wp-block-embed__wrapper\">\n\r\n<div class=\"fve-video-wrapper fve-image-embed fve-thumbnail-image youtube\" style=\"padding-bottom:75%;\">\r\n    <iframe loading=\"lazy\" src=\"\/\/www.youtube.com\/embed\/JmcM3yEPqnE?wmode=transparent&#038;modestbranding=1&#038;autohide=1&#038;showinfo=0&#038;rel=0\" width=\"100%\" height=\"100%\" frameborder=\"0\" webkitAllowFullScreen mozallowfullscreen allowFullScreen><\/iframe>    <\/div>\r\n\r\n\n<\/div><\/figure>\n\n\n\n<figure class=\"wp-block-embed is-type-video is-provider-youtube wp-block-embed-youtube wp-embed-aspect-4-3 wp-has-aspect-ratio\"><div class=\"wp-block-embed__wrapper\">\n\r\n<div class=\"fve-video-wrapper fve-image-embed fve-thumbnail-image youtube\" style=\"padding-bottom:75%;\">\r\n    <iframe loading=\"lazy\" src=\"\/\/www.youtube.com\/embed\/nptYSsBRHT8?wmode=transparent&#038;modestbranding=1&#038;autohide=1&#038;showinfo=0&#038;rel=0\" width=\"100%\" height=\"100%\" frameborder=\"0\" webkitAllowFullScreen mozallowfullscreen allowFullScreen><\/iframe>    <\/div>\r\n\r\n\n<\/div><\/figure>\n\n\n\n<figure class=\"wp-block-embed is-type-video is-provider-youtube wp-block-embed-youtube wp-embed-aspect-4-3 wp-has-aspect-ratio\"><div class=\"wp-block-embed__wrapper\">\n\r\n<div class=\"fve-video-wrapper fve-image-embed fve-thumbnail-image youtube\" style=\"padding-bottom:75%;\">\r\n    <iframe loading=\"lazy\" src=\"\/\/www.youtube.com\/embed\/yB_7X44rXpQ?wmode=transparent&#038;modestbranding=1&#038;autohide=1&#038;showinfo=0&#038;rel=0\" width=\"100%\" height=\"100%\" frameborder=\"0\" webkitAllowFullScreen mozallowfullscreen allowFullScreen><\/iframe>    <\/div>\r\n\r\n\n<\/div><\/figure>\n<\/div><\/div>\n","protected":false},"excerpt":{"rendered":"<p>It Won\u2019t Be Soon Before Long foi o segundo \u00e1lbum do Maroon 5 gravado em est\u00fadio, foi lan\u00e7ado no dia 22 de Maio de 2007 nos Estados Unidos. Segundo a pr\u00f3pria banda, o novo \u00e1lbum tem influ\u00eancias de \u00edcones dos anos 80 como Prince, Michael Jackson e Talking Heads. O disco entrou na lista dos [&hellip;]<\/p>\n","protected":false},"author":1,"featured_media":22378,"parent":16682,"menu_order":2,"comment_status":"closed","ping_status":"closed","template":"cds.php","meta":{"_themeisle_gutenberg_block_has_review":false,"footnotes":""},"class_list":["post-3861","page","type-page","status-publish","has-post-thumbnail","hentry"],"_links":{"self":[{"href":"https:\/\/www.maroon5br.com\/site\/wp-json\/wp\/v2\/pages\/3861","targetHints":{"allow":["GET"]}}],"collection":[{"href":"https:\/\/www.maroon5br.com\/site\/wp-json\/wp\/v2\/pages"}],"about":[{"href":"https:\/\/www.maroon5br.com\/site\/wp-json\/wp\/v2\/types\/page"}],"author":[{"embeddable":true,"href":"https:\/\/www.maroon5br.com\/site\/wp-json\/wp\/v2\/users\/1"}],"replies":[{"embeddable":true,"href":"https:\/\/www.maroon5br.com\/site\/wp-json\/wp\/v2\/comments?post=3861"}],"version-history":[{"count":67,"href":"https:\/\/www.maroon5br.com\/site\/wp-json\/wp\/v2\/pages\/3861\/revisions"}],"predecessor-version":[{"id":28763,"href":"https:\/\/www.maroon5br.com\/site\/wp-json\/wp\/v2\/pages\/3861\/revisions\/28763"}],"up":[{"embeddable":true,"href":"https:\/\/www.maroon5br.com\/site\/wp-json\/wp\/v2\/pages\/16682"}],"wp:featuredmedia":[{"embeddable":true,"href":"https:\/\/www.maroon5br.com\/site\/wp-json\/wp\/v2\/media\/22378"}],"wp:attachment":[{"href":"https:\/\/www.maroon5br.com\/site\/wp-json\/wp\/v2\/media?parent=3861"}],"curies":[{"name":"wp","href":"https:\/\/api.w.org\/{rel}","templated":true}]}}