{"id":3896,"date":"2009-02-02T15:10:31","date_gmt":"2009-02-02T18:10:31","guid":{"rendered":"http:\/\/www.maroon5br.com\/2009\/?page_id=3896"},"modified":"2017-06-10T23:14:27","modified_gmt":"2017-06-11T02:14:27","slug":"012203-acoustic","status":"publish","type":"page","link":"https:\/\/www.maroon5br.com\/site\/maroon5\/discografia\/coletaneas\/012203-acoustic\/","title":{"rendered":"01.22.03 Acoustic"},"content":{"rendered":"<p><strong>01.22.03 Acoustic<\/strong> \u00e9 um EP lan\u00e7ado em 2004 de um pocket show do Maroon 5 durante uma divulga\u00e7\u00e3o do <strong>Songs About Jane<\/strong> em <strong>Nova York<\/strong>.<\/p>\n<p>O material traz vers\u00f5es ac\u00fasticas de 5 m\u00fasicas do debut \u00e1lbum da banda, al\u00e9m de um cover de \u201cIf I Fell\u201d dos Beatles e um cover de<strong> \u201cHighway to Hell\u201d<\/strong>, do <strong>AC\/DC<\/strong>.<\/p>\n<h3>Tracklist<\/h3>\n<ul class=\"album-tracklist\">\n<li>1. This Love<\/li>\n<li>2. Sunday Morning<\/li>\n<li>3. She Will Be Loved<\/li>\n<li>4. Harder To Breathe<\/li>\n<li>5. The Sun<\/li>\n<li>6. If I Fell<\/li>\n<li>7. Highway To Hell<\/li>\n<\/ul>\n<h3>Curiosidades<\/h3>\n<ul class=\"album-conteudo\">\n<li>Em<strong> &#8220;Highway to Hell&#8221;<\/strong>, h\u00e1 uma troca de pap\u00e9is. O ent\u00e3o baterista Ryan Dusick assumiu os vocais da m\u00fasica, enquanto o vocalista Adam Levine se responsabilizou pela bateria.<\/li>\n<\/ul>\n","protected":false},"excerpt":{"rendered":"<p>01.22.03 Acoustic \u00e9 um EP lan\u00e7ado em 2004 de um pocket show do Maroon 5 durante uma divulga\u00e7\u00e3o do Songs About Jane em Nova York. O material traz vers\u00f5es ac\u00fasticas de 5 m\u00fasicas do debut \u00e1lbum da banda, al\u00e9m de um cover de \u201cIf I Fell\u201d dos Beatles e um cover de \u201cHighway to Hell\u201d, [&hellip;]<\/p>\n","protected":false},"author":1,"featured_media":16272,"parent":16687,"menu_order":2,"comment_status":"closed","ping_status":"closed","template":"cds.php","meta":{"_themeisle_gutenberg_block_has_review":false,"footnotes":""},"class_list":["post-3896","page","type-page","status-publish","has-post-thumbnail","hentry"],"_links":{"self":[{"href":"https:\/\/www.maroon5br.com\/site\/wp-json\/wp\/v2\/pages\/3896","targetHints":{"allow":["GET"]}}],"collection":[{"href":"https:\/\/www.maroon5br.com\/site\/wp-json\/wp\/v2\/pages"}],"about":[{"href":"https:\/\/www.maroon5br.com\/site\/wp-json\/wp\/v2\/types\/page"}],"author":[{"embeddable":true,"href":"https:\/\/www.maroon5br.com\/site\/wp-json\/wp\/v2\/users\/1"}],"replies":[{"embeddable":true,"href":"https:\/\/www.maroon5br.com\/site\/wp-json\/wp\/v2\/comments?post=3896"}],"version-history":[{"count":15,"href":"https:\/\/www.maroon5br.com\/site\/wp-json\/wp\/v2\/pages\/3896\/revisions"}],"predecessor-version":[{"id":16677,"href":"https:\/\/www.maroon5br.com\/site\/wp-json\/wp\/v2\/pages\/3896\/revisions\/16677"}],"up":[{"embeddable":true,"href":"https:\/\/www.maroon5br.com\/site\/wp-json\/wp\/v2\/pages\/16687"}],"wp:featuredmedia":[{"embeddable":true,"href":"https:\/\/www.maroon5br.com\/site\/wp-json\/wp\/v2\/media\/16272"}],"wp:attachment":[{"href":"https:\/\/www.maroon5br.com\/site\/wp-json\/wp\/v2\/media?parent=3896"}],"curies":[{"name":"wp","href":"https:\/\/api.w.org\/{rel}","templated":true}]}}