{"id":3921,"date":"2009-02-02T17:40:37","date_gmt":"2009-02-02T20:40:37","guid":{"rendered":"http:\/\/www.maroon5br.com\/2009\/?page_id=3921"},"modified":"2022-12-17T19:40:39","modified_gmt":"2022-12-17T22:40:39","slug":"the-fourth-world","status":"publish","type":"page","link":"https:\/\/www.maroon5br.com\/site\/maroon5\/discografia\/karas-flowers\/the-fourth-world\/","title":{"rendered":"The Fourth World"},"content":{"rendered":"\n<p><strong>The Fourth World<\/strong>, foi o debut \u00e1lbum da banda <strong>Kara\u2019s Flowers<\/strong>, composta por Adam Levine (voz), Jesse Carmichael (guitarra), Ryan Dusick (bateria) e Mickey Madden (baixo), ainda no per\u00edodo colegial, lan\u00e7ado em <strong>1997<\/strong> pela <strong>Reprise Records<\/strong>.<\/p>\n\n\n\n<p>A banda chegou a lan\u00e7ar um single, <strong>Soap Disco<\/strong>, mas mesmo assim o \u00e1lbum foi um <strong>fracasso<\/strong> de vendas, resultando na dissolu\u00e7\u00e3o do contrato da banda com a gravadora <strong>dois anos depois.<\/strong><\/p>\n\n\n\n<p>Ap\u00f3s o fim do contrato com a gravadora, o Kara\u2019s Flowers continuou explorando os diversos estilos musicais at\u00e9 2001, quando convidaram o ent\u00e3o guitarrista da banda <strong>Square<\/strong>, <strong>James Valentine<\/strong>, a entrar na banda, que passaria a se chamar <strong>Maroon 5.<\/strong><\/p>\n\n\n\n<div class=\"wp-block-group\"><div class=\"wp-block-group__inner-container is-layout-constrained wp-block-group-is-layout-constrained\">\n<h3 class=\"wp-block-heading\">Tracklist<\/h3>\n\n\n\n<ul class=\"album-tracklist wp-block-list\">\n<li>1. Soap Disco<\/li>\n\n\n\n<li>2. Future Kid<\/li>\n\n\n\n<li>3. Myself<\/li>\n\n\n\n<li>4. Oliver<\/li>\n\n\n\n<li>5. The Never Saga<\/li>\n\n\n\n<li>6. Loving The Small Time<\/li>\n\n\n\n<li>7. To Her, With Love<\/li>\n\n\n\n<li>8. Sleepy Windbreaker<\/li>\n\n\n\n<li>9. Pantry Queen<\/li>\n\n\n\n<li>10. My Ocean Blue<\/li>\n\n\n\n<li>11. Captain Splendid<\/li>\n<\/ul>\n<\/div><\/div>\n\n\n\n<div class=\"wp-block-group\"><div class=\"wp-block-group__inner-container is-layout-constrained wp-block-group-is-layout-constrained\">\n<h3 class=\"wp-block-heading\">Capa Alternativa<\/h3>\n\n\n\n<figure class=\"wp-block-image size-large\"><img decoding=\"async\" src=\"https:\/\/www.maroon5br.com\/site\/wp-content\/uploads\/2009\/02\/karasflowers-soapdisco.jpg\" alt=\"\"\/><\/figure>\n<\/div><\/div>\n\n\n\n<div class=\"wp-block-group\"><div class=\"wp-block-group__inner-container is-layout-constrained wp-block-group-is-layout-constrained\">\n<h3 class=\"wp-block-heading\">Singles<\/h3>\n\n\n\n<div class=\"wp-block-columns is-layout-flex wp-container-core-columns-is-layout-9d6595d7 wp-block-columns-is-layout-flex\">\n<div class=\"wp-block-column is-layout-flow wp-block-column-is-layout-flow\" style=\"flex-basis:100%\">\n<figure class=\"wp-block-image alignfull size-large\"><img loading=\"lazy\" decoding=\"async\" width=\"435\" height=\"380\" src=\"https:\/\/www.maroon5br.com\/site\/wp-content\/uploads\/2022\/12\/KarasFlowers-SoapDisco-435x380.jpg\" alt=\"\" class=\"wp-image-28271\" srcset=\"https:\/\/www.maroon5br.com\/site\/wp-content\/uploads\/2022\/12\/KarasFlowers-SoapDisco-435x380.jpg 435w, https:\/\/www.maroon5br.com\/site\/wp-content\/uploads\/2022\/12\/KarasFlowers-SoapDisco-300x262.jpg 300w, https:\/\/www.maroon5br.com\/site\/wp-content\/uploads\/2022\/12\/KarasFlowers-SoapDisco-172x150.jpg 172w, https:\/\/www.maroon5br.com\/site\/wp-content\/uploads\/2022\/12\/KarasFlowers-SoapDisco.jpg 599w\" sizes=\"auto, (max-width: 435px) 100vw, 435px\" \/><\/figure>\n\n\n\n<p><strong>Soap Disco<\/strong><\/p>\n\n\n\n<p><strong>Lan\u00e7amento:<\/strong> 22 de Julho de 1997<\/p>\n<\/div>\n<\/div>\n<\/div><\/div>\n\n\n\n<div class=\"wp-block-group\"><div class=\"wp-block-group__inner-container is-layout-constrained wp-block-group-is-layout-constrained\">\n<h3 class=\"wp-block-heading\">Curiosidades<\/h3>\n\n\n\n<ul class=\"wp-block-list\">\n<li>A tatuagem<strong> &#8220;222&#8221;<\/strong> do Adam se refere ao n\u00famero da sala do est\u00fadio onde eles gravaram esse \u00e1lbum.<\/li>\n\n\n\n<li>O Kara&#8217;s Flowers fez uma participa\u00e7\u00e3o no seriado <strong>Barrados no Baile<\/strong> (Beverly Hills 90210), veja clicando <a href=\"https:\/\/www.maroon5br.com\/site\/maroon5\/televisao\/beverly-hills-90210\/\">aqui<\/a>.<\/li>\n<\/ul>\n<\/div><\/div>\n\n\n\n<div class=\"wp-block-group\"><div class=\"wp-block-group__inner-container is-layout-constrained wp-block-group-is-layout-constrained\">\n<h3 class=\"wp-block-heading\">Videoclipes<\/h3>\n\n\n<\/div><\/div>\n","protected":false},"excerpt":{"rendered":"<p>The Fourth World, foi o debut \u00e1lbum da banda Kara\u2019s Flowers, composta por Adam Levine (voz), Jesse Carmichael (guitarra), Ryan Dusick (bateria) e Mickey Madden (baixo), ainda no per\u00edodo colegial, lan\u00e7ado em 1997 pela Reprise Records. A banda chegou a lan\u00e7ar um single, Soap Disco, mas mesmo assim o \u00e1lbum foi um fracasso de vendas, [&hellip;]<\/p>\n","protected":false},"author":1,"featured_media":16275,"parent":20234,"menu_order":3,"comment_status":"closed","ping_status":"closed","template":"cds.php","meta":{"_themeisle_gutenberg_block_has_review":false,"footnotes":""},"class_list":["post-3921","page","type-page","status-publish","has-post-thumbnail","hentry"],"_links":{"self":[{"href":"https:\/\/www.maroon5br.com\/site\/wp-json\/wp\/v2\/pages\/3921","targetHints":{"allow":["GET"]}}],"collection":[{"href":"https:\/\/www.maroon5br.com\/site\/wp-json\/wp\/v2\/pages"}],"about":[{"href":"https:\/\/www.maroon5br.com\/site\/wp-json\/wp\/v2\/types\/page"}],"author":[{"embeddable":true,"href":"https:\/\/www.maroon5br.com\/site\/wp-json\/wp\/v2\/users\/1"}],"replies":[{"embeddable":true,"href":"https:\/\/www.maroon5br.com\/site\/wp-json\/wp\/v2\/comments?post=3921"}],"version-history":[{"count":32,"href":"https:\/\/www.maroon5br.com\/site\/wp-json\/wp\/v2\/pages\/3921\/revisions"}],"predecessor-version":[{"id":28272,"href":"https:\/\/www.maroon5br.com\/site\/wp-json\/wp\/v2\/pages\/3921\/revisions\/28272"}],"up":[{"embeddable":true,"href":"https:\/\/www.maroon5br.com\/site\/wp-json\/wp\/v2\/pages\/20234"}],"wp:featuredmedia":[{"embeddable":true,"href":"https:\/\/www.maroon5br.com\/site\/wp-json\/wp\/v2\/media\/16275"}],"wp:attachment":[{"href":"https:\/\/www.maroon5br.com\/site\/wp-json\/wp\/v2\/media?parent=3921"}],"curies":[{"name":"wp","href":"https:\/\/api.w.org\/{rel}","templated":true}]}}