{"id":3930,"date":"2009-02-02T21:03:27","date_gmt":"2009-02-03T00:03:27","guid":{"rendered":"http:\/\/www.maroon5br.com\/2009\/?page_id=3930"},"modified":"2017-06-10T23:17:18","modified_gmt":"2017-06-11T02:17:18","slug":"call-and-response","status":"publish","type":"page","link":"https:\/\/www.maroon5br.com\/site\/maroon5\/discografia\/coletaneas\/call-and-response\/","title":{"rendered":"Call and Response"},"content":{"rendered":"<p>Em <strong>agosto de 2008<\/strong>, <strong>Jesse<\/strong> anunciou em uma entrevista que a banda estava trabalhando em um \u00e1lbum de <strong>remixes<\/strong>, o qual adiantou que <strong><em>&#8220;cada m\u00fasica (no nosso \u00e1lbum mais recente) ter\u00e1 um tratamento por outro tipo de artista, talvez um artista de hip hop ou uma banda de rock. Algo \u00fanico; apenas um toque diferente e novo em todas as m\u00fasicas.&#8221;<\/em><\/strong><\/p>\n<p> Tr\u00eas meses depois, chegou \u00e0s lojas americanas a compila\u00e7\u00e3o <strong>Call &amp; Response: The Remix Album<\/strong>, uma colet\u00e2nea de grandes sucessos de ambos os \u00e1lbuns de est\u00fadio do <strong>Maroon 5<\/strong>, com<strong> novas roupagens<\/strong> feitas por grandes nomes da m\u00fasica atual. Entre os que participaram do projeto est\u00e3o <strong>Bloodshy &amp; Avant<\/strong>, <strong>Pharrell Williams<\/strong>, <strong>Paul Oakenfold<\/strong> e <strong>Mark Ronson<\/strong>.<\/p>\n<h3>Tracklist<\/h3>\n<ul class=\"album-tracklist\">\n<li>1. If I Never See Your Face Again (Feat. Cross) \u2013 Swizz Beats<\/li>\n<li>2. Wake Up Call (Feat. Mary J Blige) \u2013 Mark Ronson<\/li>\n<li>3. Sunday Morning \u2013 Questlove<\/li>\n<li>4. Makes Me Wonder \u2013 Just Blaze<\/li>\n<li>5. This Love \u2013 Tricky Stewart<\/li>\n<li>6. She Will Be Loved \u2013 Pharrell Williams<\/li>\n<li>7. Shiver \u2013 DJ Quik<\/li>\n<li>8. Wake Up Call Feat. David Banner \u2013 David Banner<\/li>\n<li>9. Harder to Breathe Feat. The Cool Kids \u2013 Cool Kids<\/li>\n<li>10. Little Of Your Time \u2013 Bloodshy and Avant<\/li>\n<li>11. Little Of Your Time \u2013 of Montreal<\/li>\n<li>12. Goodnight Goodnight \u2013 Deerhoof<\/li>\n<li>13. Not Falling Apart \u2013 Tiesto<\/li>\n<li>14. Better That We Break \u2013 Ali Shaheed Muhammad<\/li>\n<li>15. Secret \u2013 DJ Premier<\/li>\n<li>16. Woman \u2013 Sam Farrar of Phantom Planet<\/li>\n<li>17. This Love \u2013 Cut Copy<\/li>\n<li>18. If I Never See Your Face Again (Feat. Rihanna) \u2013 Paul Oakenfold<\/li>\n<\/ul>\n<h3>Curiosidades<\/h3>\n<ul class=\"album-conteudo\">\n<li>O remix de Ti\u00ebsto para a faixa &#8220;Not Falling Apart&#8221; foi utilizada como single promocional do material, por\u00e9m n\u00e3o teve lan\u00e7amento f\u00edsico e videoclipe oficial.<\/li>\n<\/ul>\n","protected":false},"excerpt":{"rendered":"<p>Em agosto de 2008, Jesse anunciou em uma entrevista que a banda estava trabalhando em um \u00e1lbum de remixes, o qual adiantou que &#8220;cada m\u00fasica (no nosso \u00e1lbum mais recente) ter\u00e1 um tratamento por outro tipo de artista, talvez um artista de hip hop ou uma banda de rock. Algo \u00fanico; apenas um toque diferente [&hellip;]<\/p>\n","protected":false},"author":1,"featured_media":16269,"parent":16687,"menu_order":5,"comment_status":"closed","ping_status":"closed","template":"cds.php","meta":{"_themeisle_gutenberg_block_has_review":false,"footnotes":""},"class_list":["post-3930","page","type-page","status-publish","has-post-thumbnail","hentry"],"_links":{"self":[{"href":"https:\/\/www.maroon5br.com\/site\/wp-json\/wp\/v2\/pages\/3930","targetHints":{"allow":["GET"]}}],"collection":[{"href":"https:\/\/www.maroon5br.com\/site\/wp-json\/wp\/v2\/pages"}],"about":[{"href":"https:\/\/www.maroon5br.com\/site\/wp-json\/wp\/v2\/types\/page"}],"author":[{"embeddable":true,"href":"https:\/\/www.maroon5br.com\/site\/wp-json\/wp\/v2\/users\/1"}],"replies":[{"embeddable":true,"href":"https:\/\/www.maroon5br.com\/site\/wp-json\/wp\/v2\/comments?post=3930"}],"version-history":[{"count":11,"href":"https:\/\/www.maroon5br.com\/site\/wp-json\/wp\/v2\/pages\/3930\/revisions"}],"predecessor-version":[{"id":16681,"href":"https:\/\/www.maroon5br.com\/site\/wp-json\/wp\/v2\/pages\/3930\/revisions\/16681"}],"up":[{"embeddable":true,"href":"https:\/\/www.maroon5br.com\/site\/wp-json\/wp\/v2\/pages\/16687"}],"wp:featuredmedia":[{"embeddable":true,"href":"https:\/\/www.maroon5br.com\/site\/wp-json\/wp\/v2\/media\/16269"}],"wp:attachment":[{"href":"https:\/\/www.maroon5br.com\/site\/wp-json\/wp\/v2\/media?parent=3930"}],"curies":[{"name":"wp","href":"https:\/\/api.w.org\/{rel}","templated":true}]}}