{"id":4650,"date":"2009-08-18T22:11:29","date_gmt":"2009-08-19T01:11:29","guid":{"rendered":"http:\/\/www.maroon5br.com\/?page_id=4650"},"modified":"2025-10-21T09:37:39","modified_gmt":"2025-10-21T12:37:39","slug":"premios","status":"publish","type":"page","link":"https:\/\/www.maroon5br.com\/site\/maroon5\/premios\/","title":{"rendered":"Pr\u00eamios"},"content":{"rendered":"\n<h3 class=\"wp-block-heading\"><strong>2020<\/strong><\/h3>\n\n\n\n<p>\u2022 GRAMMY Awards &#8211; Melhor m\u00fasica R&amp;B por &#8220;Say So&#8221;, de PJ Morton com Jojo.<\/p>\n\n\n\n<h3 class=\"wp-block-heading\"><strong>2019<\/strong><\/h3>\n\n\n\n<p>\u2022 GRAMMY Awards &#8211; Performance Tradicional de R&amp;B por &#8220;How Deep Is Your Love&#8221;, de PJ Morton com Yebba.<\/p>\n\n\n\n<h3 class=\"wp-block-heading\"><strong>2017<\/strong><\/h3>\n\n\n\n<p>\u2022 Teen Choice Awards (EUA) &#8211; Decade Award<br>\u2022 Gaon Chart Music Awards (Cor\u00e9ia) &#8211; M\u00fasica Internacional do Ano por &#8220;Don&#8217;t Wanna Know&#8221;<\/p>\n\n\n\n<h3 class=\"wp-block-heading\"><strong>2016<\/strong><\/h3>\n\n\n\n<p>\u2022 iHeart Radio Music Awards &#8211; Melhor Duo\/Grupo do Ano<\/p>\n\n\n\n<h3 class=\"wp-block-heading\"><strong>2015<\/strong><\/h3>\n\n\n\n<p>\u2022 People&#8217;s Choice Awards &#8211; Banda Favorita<br>\u2022 NRJ Music Awards \u2014 Duo\/Grupo Internacional do Ano<br>\u2022 Radio Disney Music Awards \u2014 Melhor M\u00fasica Que Faz Voc\u00ea Sorrir por &#8220;Sugar&#8221;<\/p>\n\n\n\n<h3 class=\"wp-block-heading\"><strong>2014<\/strong><\/h3>\n\n\n\n<p>\u2022 BMI Pop Awards &#8211; Songwriter of the Year (Adam Levine)<br>\u2022 Teen Choice Awards 2014 &#8211; Melhor Personalidade Masculina na TV (Adam Levine)<br>\u2022 Gaon Chart Music Awards (Cor\u00e9ia) &#8211; M\u00fasica Internacional do Ano por &#8220;Maps&#8221;<\/p>\n\n\n\n<h3 class=\"wp-block-heading\"><strong>2013<\/strong><\/h3>\n\n\n\n<p>\u2022 People&#8217;s Choice Awards &#8211; Banda Favorita<br>\u2022 NewNowNext Awards &#8211; Hottest, Sexiest Ink (Adam Levine)<br>\u2022 BMI Pop Awards &#8211; President&#8217;s Award (Adam Levine)<br>\u2022 Billboard Music Awards &#8211; Top Hot 100 Artist<br>\u2022 American Music Awards &#8211; Artista Favorito Contempor\u00e2neo<br>\u2022 Teen Choice Awards &#8211; Summer Music Star: Group<\/p>\n\n\n\n<h3 class=\"wp-block-heading\"><strong>2012<\/strong><\/h3>\n\n\n\n<p>\u2022 People&#8217;s Choice Awards &#8211; Banda Favorita<br>\u2022 Teen Choice Awards &#8211; Melhor Can\u00e7\u00e3o de Cora\u00e7\u00e3o Partido<br>\u2022 American Music Awards &#8211; Duo\/Grupo Favorito de Pop\/Rock<br>\u2022 Gaon Chart Music Awards (Cor\u00e9ia) &#8211; M\u00fasica Internacional do Ano por &#8220;Payphone&#8221;<br>\u2022 Teen Choice Awards &#8211; Choice Break-Up Song<\/p>\n\n\n\n<h3 class=\"wp-block-heading\"><strong>2011<\/strong><\/h3>\n\n\n\n<p>\u2022 American Music Awards &#8211; Duo\/Grupo Favorito de Pop\/Rock<br>\u2022 Gaon Chart Music Awards (Cor\u00e9ia) &#8211; M\u00fasica Internacional do Ano por &#8220;Moves Like Jagger&#8221;<\/p>\n\n\n\n<h3 class=\"wp-block-heading\"><strong>2009<\/strong><\/h3>\n\n\n\n<p>\u2022 Pop Award &#8211; Adam Levine por Melhor compositor do ano<\/p>\n\n\n\n<h3 class=\"wp-block-heading\"><strong>2008<\/strong><\/h3>\n\n\n\n<p>\u2022 Grammy Award \u2014 Melhor Atua\u00e7\u00e3o Pop por Dupla ou Grupo com vocal por &#8220;Makes Me Wonder&#8221;<\/p>\n\n\n\n<h3 class=\"wp-block-heading\"><strong>2007<\/strong><\/h3>\n\n\n\n<p>\u2022 Billboard Music Awards &#8211; Top Digital Album por &#8220;It Won&#8217;t Be Soon Before Long&#8221;<\/p>\n\n\n\n<h3 class=\"wp-block-heading\"><strong>2006<\/strong><\/h3>\n\n\n\n<p>\u2022 Grammy Award \u2014 Melhor Atua\u00e7\u00e3o Pop por Dupla ou Grupo com vocal por &#8220;This Love&#8221; (vers\u00e3o Live &#8211; Friday the 13th)<\/p>\n\n\n\n<h3 class=\"wp-block-heading\"><strong>2005<\/strong><\/h3>\n\n\n\n<p>\u2022 Billboard Music Award \u2014 Artista Digital do Ano<br>\u2022 Billboard Music Award \u2014 Top Hot Adult Top 40 Track por &#8220;This Love&#8221;<br>\u2022 Grammy Award \u2014 Artista Revela\u00e7\u00e3o<br>\u2022 Groovevolt Music and Fashion Award \u2014 Melhor Colabora\u00e7\u00e3o, Grupo ou Dupla por &#8220;She Will Be Loved&#8221;<br>\u2022 NRJ Music Awards \u2014 Artista Revela\u00e7\u00e3o Internacional<br>\u2022 NRJ Music Awards \u2014 Melhor M\u00fasica Internacional por &#8220;This Love&#8221;<br>\u2022 MTV Asia Awards &#8211; Melhor Clipe por &#8220;She Will Be Loved&#8221;<\/p>\n\n\n\n<h3 class=\"wp-block-heading\"><strong>2004<\/strong><\/h3>\n\n\n\n<p>\u2022 MTV Europe Music Award \u2014 Melhor Artista Revela\u00e7\u00e3o<br>\u2022 MTV Video Music Award \u2014 Melhor Artista Revela\u00e7\u00e3o por &#8220;This Love&#8221;<br>\u2022 MTV Video Music Awards Latin America &#8211; Melhor Grupo de Rock &#8211; Internacional<br>\u2022 MTV Video Music Awards Latin America &#8211; Melhor Artista Revela\u00e7\u00e3o &#8211; Internacional<br>\u2022 New Music Weekly Award \u2014 AC40 Grupo\/Dupla do Ano<br>\u2022 Teen Choice Award &#8211; M\u00fasica Rock por &#8220;This Love&#8221;<br>\u2022 Teen Choice Award &#8211; Artista Revela\u00e7\u00e3o<br>\u2022 World Music Award \u2014 Melhor Novo Grupo Mundial<\/p>\n","protected":false},"excerpt":{"rendered":"<p>2020 \u2022 GRAMMY Awards &#8211; Melhor m\u00fasica R&amp;B por &#8220;Say So&#8221;, de PJ Morton com Jojo. 2019 \u2022 GRAMMY Awards &#8211; Performance Tradicional de R&amp;B por &#8220;How Deep Is Your Love&#8221;, de PJ Morton com Yebba. 2017 \u2022 Teen Choice Awards (EUA) &#8211; Decade Award\u2022 Gaon Chart Music Awards (Cor\u00e9ia) &#8211; M\u00fasica Internacional do Ano [&hellip;]<\/p>\n","protected":false},"author":1,"featured_media":15474,"parent":3754,"menu_order":5,"comment_status":"closed","ping_status":"closed","template":"","meta":{"_themeisle_gutenberg_block_has_review":false,"footnotes":""},"class_list":["post-4650","page","type-page","status-publish","has-post-thumbnail","hentry"],"_links":{"self":[{"href":"https:\/\/www.maroon5br.com\/site\/wp-json\/wp\/v2\/pages\/4650","targetHints":{"allow":["GET"]}}],"collection":[{"href":"https:\/\/www.maroon5br.com\/site\/wp-json\/wp\/v2\/pages"}],"about":[{"href":"https:\/\/www.maroon5br.com\/site\/wp-json\/wp\/v2\/types\/page"}],"author":[{"embeddable":true,"href":"https:\/\/www.maroon5br.com\/site\/wp-json\/wp\/v2\/users\/1"}],"replies":[{"embeddable":true,"href":"https:\/\/www.maroon5br.com\/site\/wp-json\/wp\/v2\/comments?post=4650"}],"version-history":[{"count":29,"href":"https:\/\/www.maroon5br.com\/site\/wp-json\/wp\/v2\/pages\/4650\/revisions"}],"predecessor-version":[{"id":26729,"href":"https:\/\/www.maroon5br.com\/site\/wp-json\/wp\/v2\/pages\/4650\/revisions\/26729"}],"up":[{"embeddable":true,"href":"https:\/\/www.maroon5br.com\/site\/wp-json\/wp\/v2\/pages\/3754"}],"wp:featuredmedia":[{"embeddable":true,"href":"https:\/\/www.maroon5br.com\/site\/wp-json\/wp\/v2\/media\/15474"}],"wp:attachment":[{"href":"https:\/\/www.maroon5br.com\/site\/wp-json\/wp\/v2\/media?parent=4650"}],"curies":[{"name":"wp","href":"https:\/\/api.w.org\/{rel}","templated":true}]}}