{"id":4653,"date":"2009-08-18T22:12:50","date_gmt":"2009-08-19T01:12:50","guid":{"rendered":"http:\/\/www.maroon5br.com\/?page_id=4653"},"modified":"2025-10-21T09:36:09","modified_gmt":"2025-10-21T12:36:09","slug":"bio","status":"publish","type":"page","link":"https:\/\/www.maroon5br.com\/site\/maroon5\/bio\/","title":{"rendered":"Biografia"},"content":{"rendered":"\n<p>Tudo come\u00e7ou com <strong>Adam Levine<\/strong>, <strong>Jesse Carmichael<\/strong> e <strong>Mickey Madden<\/strong> na \u00e9poca do colegial, em Los Angeles. Os jovens tinham 17 anos e um gosto em comum: a m\u00fasica. E com essa forma\u00e7\u00e3o iniciaram a banda chamada <strong>Kara\u2019s Flowers<\/strong> juntamente com <strong>Ryan Dusick<\/strong>.<br><br>Um ano ap\u00f3s o seu primeiro show, em 1995, o grupo come\u00e7ou a ser muito procurado pela ind\u00fastria fonogr\u00e1fica.&nbsp; E em 1997, gravaram o primeiro \u00e1lbum \u2013 <strong>&#8220;The Fourth World&#8221;<\/strong> (Reprise Records) &#8211; com o produtor<strong> Rob Cavallo<\/strong> (Green day, Goo Goo Dolls). Ap\u00f3s uma temporada fracassada com o seu primeiro cd, o Kara\u2019s Flowers deixa a gravadora em 1999.<\/p>\n\n\n\n<figure class=\"wp-block-image alignfull size-large\"><img loading=\"lazy\" decoding=\"async\" width=\"608\" height=\"380\" src=\"https:\/\/www.maroon5br.com\/site\/wp-content\/uploads\/2021\/06\/Maroon5-Biografia-KarasFlowers-608x380.jpg\" alt=\"\" class=\"wp-image-27012\" srcset=\"https:\/\/www.maroon5br.com\/site\/wp-content\/uploads\/2021\/06\/Maroon5-Biografia-KarasFlowers-608x380.jpg 608w, https:\/\/www.maroon5br.com\/site\/wp-content\/uploads\/2021\/06\/Maroon5-Biografia-KarasFlowers-300x188.jpg 300w, https:\/\/www.maroon5br.com\/site\/wp-content\/uploads\/2021\/06\/Maroon5-Biografia-KarasFlowers-240x150.jpg 240w, https:\/\/www.maroon5br.com\/site\/wp-content\/uploads\/2021\/06\/Maroon5-Biografia-KarasFlowers-768x480.jpg 768w, https:\/\/www.maroon5br.com\/site\/wp-content\/uploads\/2021\/06\/Maroon5-Biografia-KarasFlowers-1536x960.jpg 1536w, https:\/\/www.maroon5br.com\/site\/wp-content\/uploads\/2021\/06\/Maroon5-Biografia-KarasFlowers.jpg 1600w\" sizes=\"auto, (max-width: 608px) 100vw, 608px\" \/><\/figure>\n\n\n\n<p>Sem sucesso o grupo se dividiu, e enquanto&nbsp; Ryan e Mickey ficaram em L.A para estudar na UCLA, Jesse e Adam foram pra Universidade de NY, onde Beatles, Bob Dylan e outras influ\u00eancias na qual haviam crescido \u201cderam lugar\u201d a uma mudan\u00e7a direcionada ao R&amp;B e o hip-hop. <\/p>\n\n\n\n<p>Reunindo-se novamente em 2001, e com a chegada de<strong> James Valentine<\/strong>, o grupo que agora tinha cinco membros, mudou seu nome para <strong>Maroon 5<\/strong> e, em 2001, assinou contrato com a gravadora Octone.<\/p>\n\n\n\n<p>Em 2002 o Maroon 5 lan\u00e7ou o premiado debut \u00e1lbum <strong>\u201cSongs About Jane\u201d <\/strong>(certificado disco de platina), que tamb\u00e9m incluiu a primeira turn\u00ea mundial do grupo. Em 2004 a banda passou rapidamente pelo Brasil para fazer um show fechado e participar de um programa de TV.<\/p>\n\n\n\n<p><em><strong>\u201cQuer\u00edamos m\u00fasicas com significado. Antes, ach\u00e1vamos que era uma estupidez ser sincero e emocionar. Depois vi que sabia articular as minhas ideias e fazer as pessoas se relacionarem com elas. Essa \u00e9 a grande mudan\u00e7a entre o Kara\u00b4s Flowers e o Maroon 5\u201d,<\/strong><\/em> explica Adam Levine.<\/p>\n\n\n\n<figure class=\"wp-block-image alignfull size-large\"><img loading=\"lazy\" decoding=\"async\" width=\"608\" height=\"380\" src=\"https:\/\/www.maroon5br.com\/site\/wp-content\/uploads\/2021\/06\/Maroon5-Biografia-SongsAboutJane-608x380.jpg\" alt=\"\" class=\"wp-image-27011\" srcset=\"https:\/\/www.maroon5br.com\/site\/wp-content\/uploads\/2021\/06\/Maroon5-Biografia-SongsAboutJane-608x380.jpg 608w, https:\/\/www.maroon5br.com\/site\/wp-content\/uploads\/2021\/06\/Maroon5-Biografia-SongsAboutJane-300x188.jpg 300w, https:\/\/www.maroon5br.com\/site\/wp-content\/uploads\/2021\/06\/Maroon5-Biografia-SongsAboutJane-240x150.jpg 240w, https:\/\/www.maroon5br.com\/site\/wp-content\/uploads\/2021\/06\/Maroon5-Biografia-SongsAboutJane-768x480.jpg 768w, https:\/\/www.maroon5br.com\/site\/wp-content\/uploads\/2021\/06\/Maroon5-Biografia-SongsAboutJane-1536x960.jpg 1536w, https:\/\/www.maroon5br.com\/site\/wp-content\/uploads\/2021\/06\/Maroon5-Biografia-SongsAboutJane.jpg 1600w\" sizes=\"auto, (max-width: 608px) 100vw, 608px\" \/><\/figure>\n\n\n\n<p>Em 2004 lan\u00e7aram <strong>\u201c1.22.03 Acoustic\u201d <\/strong>(ac\u00fastico) e o DVD ao vivo <strong>\u201cLive the Friday the 13th\u201d<\/strong> em 2005.<br>Um ano ap\u00f3s (2006), <strong>Ryan Dusick<\/strong>, ent\u00e3o baterista da banda desde o <strong>Kara&#8217;s Flowers<\/strong>, deixou&nbsp; o grupo devido a ferimentos no bra\u00e7o, sendo oficialmente substitu\u00eddo por <strong>Matt Flynn<\/strong>, que j\u00e1 substituia Dusick em alguns shows da turn\u00ea do primeiro \u00e1lbum.<\/p>\n\n\n\n<p>Em maio de 2007, o quinteto lan\u00e7ou o segundo \u00e1lbum <strong>\u201cIt Won\u2019t Be Soon Before Long\u201d<\/strong>. O \u00e1lbum tem influ\u00eancias de \u00edcones dos anos 80 como Prince, Michael Jackson e Talking Heads e trouxe hits como <strong>&#8220;Makes Me Wonder&#8221;<\/strong>,<strong> &#8220;Wake Up Call&#8221; <\/strong>e <strong>&#8220;If I Never See Your Face Again&#8221;<\/strong>, que ganhou uma vers\u00e3o remixada em parceria com a cantora <strong>Rihanna<\/strong>. Ele estreou em <strong>1\u00b0 lugar<\/strong> na lista da Billboard e vendeu mais de 1 milh\u00e3o de c\u00f3pias nos Estados Unidos, ganhando assim o Disco de Platina.<\/p>\n\n\n\n<figure class=\"wp-block-image alignfull size-large\"><img loading=\"lazy\" decoding=\"async\" width=\"608\" height=\"380\" src=\"https:\/\/www.maroon5br.com\/site\/wp-content\/uploads\/2021\/06\/Maroon5-Biografia-ItWontBeSoonBeforeLong-608x380.jpg\" alt=\"\" class=\"wp-image-27010\" srcset=\"https:\/\/www.maroon5br.com\/site\/wp-content\/uploads\/2021\/06\/Maroon5-Biografia-ItWontBeSoonBeforeLong-608x380.jpg 608w, https:\/\/www.maroon5br.com\/site\/wp-content\/uploads\/2021\/06\/Maroon5-Biografia-ItWontBeSoonBeforeLong-300x188.jpg 300w, https:\/\/www.maroon5br.com\/site\/wp-content\/uploads\/2021\/06\/Maroon5-Biografia-ItWontBeSoonBeforeLong-240x150.jpg 240w, https:\/\/www.maroon5br.com\/site\/wp-content\/uploads\/2021\/06\/Maroon5-Biografia-ItWontBeSoonBeforeLong-768x480.jpg 768w, https:\/\/www.maroon5br.com\/site\/wp-content\/uploads\/2021\/06\/Maroon5-Biografia-ItWontBeSoonBeforeLong-1536x960.jpg 1536w, https:\/\/www.maroon5br.com\/site\/wp-content\/uploads\/2021\/06\/Maroon5-Biografia-ItWontBeSoonBeforeLong.jpg 1600w\" sizes=\"auto, (max-width: 608px) 100vw, 608px\" \/><\/figure>\n\n\n\n<p>Na turn\u00ea mundial do disco, chamada de <strong>\u201c It Won\u2019t Be Soon Before Long Tour\u201d<\/strong>, o Maroon 5 volta novamente as terras brasileiras em Outubro de 2008 para shows no<strong> Rio de Janeiro, S\u00e3o Paulo e Belo Horizonte.<\/strong><\/p>\n\n\n\n<p>Em 2010, a banda lan\u00e7ou o terceiro \u00e1lbum de est\u00fadio, <strong>&#8220;Hands All Over&#8221;<\/strong>, gravado durante um per\u00edodo de isolamento da banda em Vevey, na Su\u00ed\u00e7a, onde trabalharam com o lend\u00e1rio produtor <strong>Robert John &#8220;Mutt&#8221; Lange<\/strong>. Ecl\u00e9tico, o disco mostrou um lado mais org\u00e2nico do Maroon 5, e passeou pela sonoridade pop que consagrou a banda, al\u00e9m de incorporar batidas rock e tamb\u00e9m pitadas de country music. Durante a turn\u00ea de divulga\u00e7\u00e3o do \u00e1lbum, o Maroon 5 aproveitou para apresentar mais um integrante: o m\u00fasico <strong>PJ Morton<\/strong>, que acompanharia a banda nos shows, que passaram pelos Estados Unidos e Europa. Entre as m\u00fasicas do disco est\u00e3o <strong>&#8220;Misery&#8221;<\/strong>, <strong>&#8220;Never Gonna Leave This Bed&#8221;<\/strong> e <strong>&#8220;Moves Like Jagger&#8221;<\/strong>, parceria da banda com a cantora <strong>Christina Aguilera<\/strong> que dominou as paradas americanas e se tornou o segundo #1 single do Maroon 5.<\/p>\n\n\n\n<figure class=\"wp-block-image alignfull size-large\"><img loading=\"lazy\" decoding=\"async\" width=\"608\" height=\"380\" src=\"https:\/\/www.maroon5br.com\/site\/wp-content\/uploads\/2021\/06\/Maroon5-Biografia-HandsAllOver-608x380.jpg\" alt=\"\" class=\"wp-image-27009\" srcset=\"https:\/\/www.maroon5br.com\/site\/wp-content\/uploads\/2021\/06\/Maroon5-Biografia-HandsAllOver-608x380.jpg 608w, https:\/\/www.maroon5br.com\/site\/wp-content\/uploads\/2021\/06\/Maroon5-Biografia-HandsAllOver-300x188.jpg 300w, https:\/\/www.maroon5br.com\/site\/wp-content\/uploads\/2021\/06\/Maroon5-Biografia-HandsAllOver-240x150.jpg 240w, https:\/\/www.maroon5br.com\/site\/wp-content\/uploads\/2021\/06\/Maroon5-Biografia-HandsAllOver-768x480.jpg 768w, https:\/\/www.maroon5br.com\/site\/wp-content\/uploads\/2021\/06\/Maroon5-Biografia-HandsAllOver-1536x960.jpg 1536w, https:\/\/www.maroon5br.com\/site\/wp-content\/uploads\/2021\/06\/Maroon5-Biografia-HandsAllOver.jpg 1600w\" sizes=\"auto, (max-width: 608px) 100vw, 608px\" \/><\/figure>\n\n\n\n<p>Em 2012, atrav\u00e9s de uma nota oficial, o tecladista <strong>Jesse Carmichael<\/strong> declarou que entraria em hiato da banda para poder dedicar-se aos estudos. <strong><em>&#8220;[&#8230;] Nosso tecladista Jesse Carmichael, ir\u00e1 tirar uma folga tempor\u00e1ria da banda para seguir seus estudos em tempo integral sobre m\u00fasica e artes da cura&#8221;<\/em><\/strong>, dizia a declara\u00e7\u00e3o. O m\u00fasico <strong>PJ Morton<\/strong>, ent\u00e3o assumiu os teclados e se tornou integrante oficial da banda.<\/p>\n\n\n\n<figure class=\"wp-block-image alignfull size-large\"><img loading=\"lazy\" decoding=\"async\" width=\"608\" height=\"380\" src=\"https:\/\/www.maroon5br.com\/site\/wp-content\/uploads\/2021\/06\/Maroon5-Biografia-Overexposed-608x380.jpg\" alt=\"\" class=\"wp-image-27008\" srcset=\"https:\/\/www.maroon5br.com\/site\/wp-content\/uploads\/2021\/06\/Maroon5-Biografia-Overexposed-608x380.jpg 608w, https:\/\/www.maroon5br.com\/site\/wp-content\/uploads\/2021\/06\/Maroon5-Biografia-Overexposed-300x188.jpg 300w, https:\/\/www.maroon5br.com\/site\/wp-content\/uploads\/2021\/06\/Maroon5-Biografia-Overexposed-240x150.jpg 240w, https:\/\/www.maroon5br.com\/site\/wp-content\/uploads\/2021\/06\/Maroon5-Biografia-Overexposed-768x480.jpg 768w, https:\/\/www.maroon5br.com\/site\/wp-content\/uploads\/2021\/06\/Maroon5-Biografia-Overexposed-1536x960.jpg 1536w, https:\/\/www.maroon5br.com\/site\/wp-content\/uploads\/2021\/06\/Maroon5-Biografia-Overexposed.jpg 1600w\" sizes=\"auto, (max-width: 608px) 100vw, 608px\" \/><\/figure>\n\n\n\n<p>Sem Jesse, o Maroon 5 lan\u00e7ou o quarto \u00e1lbum de est\u00fadio, <strong>&#8220;Overexposed&#8221;<\/strong>, produzido pelo sueco&nbsp;<strong>Max Martin <\/strong>(Katy Perry, Britney Spears, Pink),<strong>&nbsp;Benny Blanco&nbsp;<\/strong>e <strong>Shellback <\/strong>(Leona Lewis, Britney Spears, Robyn). O disco marcou uma nova era na carreira da banda, que passou a colaborar com compositores e musicistas externos, trazendo uma sonoridade mais eletr\u00f4nica e atual, consagrando hits como &#8220;<strong>Payphone&#8221;<\/strong>, parceria com o rapper<strong> Wiz Khalifa<\/strong>, e <strong>&#8220;One More Night&#8221;<\/strong>, que ficou no topo da Billboard por 9 semanas consecutivas.<\/p>\n\n\n\n<p>Durante a turn\u00ea mundial do \u00e1lbum, a banda fez uma nova passagem pelo Brasil, onde se apresentou em <strong>Curitiba<\/strong>, <strong>Rio de Janeiro<\/strong> e <strong>S\u00e3o Paulo<\/strong>, onde foi considerado o maior p\u00fablico que a banda j\u00e1 teve em um show at\u00e9 ent\u00e3o, com cerca de 35 mil f\u00e3s lotando a Arena Anhembi.<\/p>\n\n\n\n<p>Em 2014, o Maroon 5 lan\u00e7ou o seu quinto \u00e1lbum de est\u00fadio, <strong>&#8220;V&#8221;<\/strong>, com dire\u00e7\u00e3o executiva do produtor Max Martin, e tamb\u00e9m trazendo o retorno de Jesse Carmichael para o grupo. Entre os destaques do \u00e1lbum est\u00e3o <strong>&#8220;Maps&#8221;<\/strong>, <strong>&#8220;Animals&#8221;<\/strong> e <strong>&#8220;Sugar&#8221;<\/strong>, single que catapultou a carreira da banda ao sucesso mundial e passou 21 semanas consecutivas no Top 10 americano, se tornando o single mais bem-sucedido da banda at\u00e9 o momento. O clipe do single, dirigido por David Dobkin, tamb\u00e9m se tornou um grande sucesso viral, ao trazer a banda invadindo casamentos reais onde apresentaram a m\u00fasica e tamb\u00e9m um cover ac\u00fastico de &#8220;She Will Be Loved&#8221;.<\/p>\n\n\n\n<figure class=\"wp-block-image alignfull size-large\"><img loading=\"lazy\" decoding=\"async\" width=\"608\" height=\"380\" src=\"https:\/\/www.maroon5br.com\/site\/wp-content\/uploads\/2021\/06\/Maroon5-Biografia-V-608x380.jpg\" alt=\"\" class=\"wp-image-27007\" srcset=\"https:\/\/www.maroon5br.com\/site\/wp-content\/uploads\/2021\/06\/Maroon5-Biografia-V-608x380.jpg 608w, https:\/\/www.maroon5br.com\/site\/wp-content\/uploads\/2021\/06\/Maroon5-Biografia-V-300x188.jpg 300w, https:\/\/www.maroon5br.com\/site\/wp-content\/uploads\/2021\/06\/Maroon5-Biografia-V-240x150.jpg 240w, https:\/\/www.maroon5br.com\/site\/wp-content\/uploads\/2021\/06\/Maroon5-Biografia-V-768x480.jpg 768w, https:\/\/www.maroon5br.com\/site\/wp-content\/uploads\/2021\/06\/Maroon5-Biografia-V-1536x960.jpg 1536w, https:\/\/www.maroon5br.com\/site\/wp-content\/uploads\/2021\/06\/Maroon5-Biografia-V.jpg 1600w\" sizes=\"auto, (max-width: 608px) 100vw, 608px\" \/><\/figure>\n\n\n\n<p>Em 2015, a banda lan\u00e7ou a sua primeira colet\u00e2nea de sucessos, &#8220;Singles&#8221;, contendo 12 sucessos dos 5 \u00e1lbuns de est\u00fadio da banda. No ano seguinte, a banda anunciou a entrada do m\u00fasico e amigo <strong>Sam Farrar <\/strong>ao time, com quem a banda j\u00e1 tinha colaborado desde os tempos de Songs About Jane.<\/p>\n\n\n\n<p><strong>&#8220;Red Pill Blues&#8221;,<\/strong> o sexto \u00e1lbum do Maroon 5, foi lan\u00e7ado em Novembro de 2017 e teve seu nome batizado em refer\u00eancia ao filme &#8220;Matrix&#8221; de 1999. O \u00e1lbum incluiu quatro singles: <strong>&#8220;Don&#8217;t Wanna Know&#8221;<\/strong>, <strong>&#8220;Cold&#8221;<\/strong>, <strong>&#8220;What Lovers Do&#8221;<\/strong>, <strong>&#8220;Wait&#8221;<\/strong> e <strong>&#8220;Girls Like You&#8221;<\/strong>, que foi re-lan\u00e7ado em um remix em parceria com a rapper <strong>Cardi B<\/strong> e se tornou o maior sucesso do grupo, passando 33 semanas no top 10 americano. <\/p>\n\n\n\n<figure class=\"wp-block-image alignfull size-large\"><img loading=\"lazy\" decoding=\"async\" width=\"608\" height=\"380\" src=\"https:\/\/www.maroon5br.com\/site\/wp-content\/uploads\/2021\/06\/Maroon5-Biografia-RedPillBlues-608x380.jpg\" alt=\"\" class=\"wp-image-27014\" srcset=\"https:\/\/www.maroon5br.com\/site\/wp-content\/uploads\/2021\/06\/Maroon5-Biografia-RedPillBlues-608x380.jpg 608w, https:\/\/www.maroon5br.com\/site\/wp-content\/uploads\/2021\/06\/Maroon5-Biografia-RedPillBlues-300x188.jpg 300w, https:\/\/www.maroon5br.com\/site\/wp-content\/uploads\/2021\/06\/Maroon5-Biografia-RedPillBlues-240x150.jpg 240w, https:\/\/www.maroon5br.com\/site\/wp-content\/uploads\/2021\/06\/Maroon5-Biografia-RedPillBlues-768x480.jpg 768w, https:\/\/www.maroon5br.com\/site\/wp-content\/uploads\/2021\/06\/Maroon5-Biografia-RedPillBlues-1536x960.jpg 1536w, https:\/\/www.maroon5br.com\/site\/wp-content\/uploads\/2021\/06\/Maroon5-Biografia-RedPillBlues.jpg 1600w\" sizes=\"auto, (max-width: 608px) 100vw, 608px\" \/><\/figure>\n\n\n\n<p>Em 2019, o Maroon 5 realizou um sonho ao serem anunciados como o artista musical do show de intervalo do Super Bowl LIII, que aconteceu em Atlanta, Georgia e trouxe participa\u00e7\u00f5es de Big Boi e Travis Scott. A decis\u00e3o da banda de participar foi pol\u00eamica, por acontecer durante um per\u00edodo de protestos em apoio ao jogador Colin Kaepernick.<\/p>\n\n\n\n<p>Ainda naquele ano, a banda lan\u00e7ou o single <strong>&#8220;Memories&#8221;<\/strong>, criado em homenagem ao ex-empres\u00e1rio Jordan Feldstein, falecido no final de 2017. A m\u00fasica alcan\u00e7ou o segundo lugar da Billboard Hot 100 e indicou que a banda estava de volta ao est\u00fadio, trabalhando no pr\u00f3ximo disco.<\/p>\n\n\n\n<figure class=\"wp-block-image alignfull size-large\"><img loading=\"lazy\" decoding=\"async\" width=\"608\" height=\"380\" src=\"https:\/\/www.maroon5br.com\/site\/wp-content\/uploads\/2021\/06\/Maroon5-Biografia-Superbowl-608x380.jpg\" alt=\"\" class=\"wp-image-27013\" srcset=\"https:\/\/www.maroon5br.com\/site\/wp-content\/uploads\/2021\/06\/Maroon5-Biografia-Superbowl-608x380.jpg 608w, https:\/\/www.maroon5br.com\/site\/wp-content\/uploads\/2021\/06\/Maroon5-Biografia-Superbowl-300x188.jpg 300w, https:\/\/www.maroon5br.com\/site\/wp-content\/uploads\/2021\/06\/Maroon5-Biografia-Superbowl-240x150.jpg 240w, https:\/\/www.maroon5br.com\/site\/wp-content\/uploads\/2021\/06\/Maroon5-Biografia-Superbowl-768x480.jpg 768w, https:\/\/www.maroon5br.com\/site\/wp-content\/uploads\/2021\/06\/Maroon5-Biografia-Superbowl-1536x960.jpg 1536w, https:\/\/www.maroon5br.com\/site\/wp-content\/uploads\/2021\/06\/Maroon5-Biografia-Superbowl.jpg 1600w\" sizes=\"auto, (max-width: 608px) 100vw, 608px\" \/><\/figure>\n\n\n\n<p>J\u00e1 em 2020, o Maroon 5 come\u00e7ou a turn\u00ea mundial 2020 Tour pela Am\u00e9rica do Sul, onde fizeram 4 shows pelo Brasil: <strong>Rio de Janeiro<\/strong>, <strong>S\u00e3o Paulo<\/strong>, <strong>Recife<\/strong> e<strong> Bras\u00edlia<\/strong>. A turn\u00ea precisou ser bruscamente reajustada devido \u00e0 pandemia do Coronavirus, com todos os shows remarcados para o ano seguinte.<\/p>\n\n\n\n<p>Em Junho do mesmo ano, a banda passou por mais um momento dif\u00edcil, quando o baixista <strong>Mickey Madden<\/strong> se afastou da banda &#8220;por tempo indeterminado&#8221;, ap\u00f3s ser alvo de acusa\u00e7\u00f5es de viol\u00eancia dom\u00e9stica.<\/p>\n\n\n\n<p>Pouco tempo depois, a banda lan\u00e7ou a m\u00fasica <strong>&#8220;Nobody&#8217;s Love&#8221;<\/strong> e o vocalista Adam Levine anunciou que o s\u00e9timo \u00e1lbum da banda seria lan\u00e7ado em 2021.<strong> &#8220;Beautiful Mistakes&#8221;<\/strong>, lan\u00e7amento seguinte da banda em parceria com <strong>Megan Thee Stallion<\/strong>, acompanhou o lan\u00e7amento do \u00e1lbum <strong>&#8220;JORDI&#8221;<\/strong>, o s\u00e9timo da carreira da banda, que reuniu os singles anteriores e trouxe parcerias com <strong>Bantu<\/strong> e <strong>Stevie Nicks<\/strong>.<\/p>\n\n\n\n<figure class=\"wp-block-image alignfull size-large\"><img loading=\"lazy\" decoding=\"async\" width=\"608\" height=\"380\" src=\"https:\/\/www.maroon5br.com\/site\/wp-content\/uploads\/2021\/06\/Maroon5-Biografia-Jordi-608x380.jpg\" alt=\"\" class=\"wp-image-27015\" srcset=\"https:\/\/www.maroon5br.com\/site\/wp-content\/uploads\/2021\/06\/Maroon5-Biografia-Jordi-608x380.jpg 608w, https:\/\/www.maroon5br.com\/site\/wp-content\/uploads\/2021\/06\/Maroon5-Biografia-Jordi-300x188.jpg 300w, https:\/\/www.maroon5br.com\/site\/wp-content\/uploads\/2021\/06\/Maroon5-Biografia-Jordi-240x150.jpg 240w, https:\/\/www.maroon5br.com\/site\/wp-content\/uploads\/2021\/06\/Maroon5-Biografia-Jordi-768x480.jpg 768w, https:\/\/www.maroon5br.com\/site\/wp-content\/uploads\/2021\/06\/Maroon5-Biografia-Jordi-1536x960.jpg 1536w, https:\/\/www.maroon5br.com\/site\/wp-content\/uploads\/2021\/06\/Maroon5-Biografia-Jordi.jpg 1600w\" sizes=\"auto, (max-width: 608px) 100vw, 608px\" \/><\/figure>\n\n\n\n<p><\/p>\n","protected":false},"excerpt":{"rendered":"<p>Tudo come\u00e7ou com Adam Levine, Jesse Carmichael e Mickey Madden na \u00e9poca do colegial, em Los Angeles. Os jovens tinham 17 anos e um gosto em comum: a m\u00fasica. E com essa forma\u00e7\u00e3o iniciaram a banda chamada Kara\u2019s Flowers juntamente com Ryan Dusick. Um ano ap\u00f3s o seu primeiro show, em 1995, o grupo come\u00e7ou [&hellip;]<\/p>\n","protected":false},"author":1,"featured_media":26968,"parent":3754,"menu_order":0,"comment_status":"closed","ping_status":"closed","template":"","meta":{"_themeisle_gutenberg_block_has_review":false,"footnotes":""},"class_list":["post-4653","page","type-page","status-publish","has-post-thumbnail","hentry"],"_links":{"self":[{"href":"https:\/\/www.maroon5br.com\/site\/wp-json\/wp\/v2\/pages\/4653","targetHints":{"allow":["GET"]}}],"collection":[{"href":"https:\/\/www.maroon5br.com\/site\/wp-json\/wp\/v2\/pages"}],"about":[{"href":"https:\/\/www.maroon5br.com\/site\/wp-json\/wp\/v2\/types\/page"}],"author":[{"embeddable":true,"href":"https:\/\/www.maroon5br.com\/site\/wp-json\/wp\/v2\/users\/1"}],"replies":[{"embeddable":true,"href":"https:\/\/www.maroon5br.com\/site\/wp-json\/wp\/v2\/comments?post=4653"}],"version-history":[{"count":37,"href":"https:\/\/www.maroon5br.com\/site\/wp-json\/wp\/v2\/pages\/4653\/revisions"}],"predecessor-version":[{"id":27016,"href":"https:\/\/www.maroon5br.com\/site\/wp-json\/wp\/v2\/pages\/4653\/revisions\/27016"}],"up":[{"embeddable":true,"href":"https:\/\/www.maroon5br.com\/site\/wp-json\/wp\/v2\/pages\/3754"}],"wp:featuredmedia":[{"embeddable":true,"href":"https:\/\/www.maroon5br.com\/site\/wp-json\/wp\/v2\/media\/26968"}],"wp:attachment":[{"href":"https:\/\/www.maroon5br.com\/site\/wp-json\/wp\/v2\/media?parent=4653"}],"curies":[{"name":"wp","href":"https:\/\/api.w.org\/{rel}","templated":true}]}}