{"id":5555,"date":"2010-07-14T22:51:19","date_gmt":"2010-07-15T01:51:19","guid":{"rendered":"http:\/\/www.maroon5br.com\/"},"modified":"2023-08-08T14:34:04","modified_gmt":"2023-08-08T17:34:04","slug":"entrevista-rosie-hardy","status":"publish","type":"page","link":"https:\/\/www.maroon5br.com\/site\/especiais\/entrevistas\/entrevista-rosie-hardy\/","title":{"rendered":"Entrevista: Rosie Hardy"},"content":{"rendered":"\n<p class=\"has-text-align-center\"><a href=\"https:\/\/www.maroon5br.com\/site\/especiais\/entrevista-rosie-hardy-english\/\">Read an english version of the interview clicking HERE<\/a>.<\/p>\n\n\n\n<p class=\"has-text-align-center\"><\/p>\n\n\n\n<p>Em 2010 o Maroon 5 lan\u00e7a seu terceiro \u00e1lbum de est\u00fadio, o aguardado \u00e1lbum <strong>Hands All Over<\/strong>. Para ilustrar a capa do novo disco do quinteto, foi utilizada a imagem de uma garota sozinha na cama, envolta por 4 bra\u00e7os, fazendo uma alus\u00e3o ao nome do trabalho. <strong>Rosie Hardy<\/strong>, a fot\u00f3grafa auto-retratista que criou a imagem, bateu um papo <strong>exclusivo<\/strong> com o <strong>Maroon 5 Brasil<\/strong>, onde nos contou sobre sua vida, Maroon 5 e os bastidores da ic\u00f4nica imagem, acompanhe: <strong><br><\/strong><\/p>\n\n\n\n<blockquote class=\"wp-block-quote is-layout-flow wp-block-quote-is-layout-flow\">\n<p><strong>Nos diga um pouco sobre voc\u00ea e seu trabalho<\/strong>:<br>Meu nome \u00e9 Rosie e estou perto de completar 20 anos em alguns meses (uma coisa muito emocionante!), e estou dirigindo meu pequeno neg\u00f3cio de fotografia h\u00e1 menos de 2 anos, desde que eu tinha 17 anos. Muito do meu trabalho pessoal \u00e9 auto-retratos, incluindo a capa do Maroon 5, no entanto eu fa\u00e7o todos os tipos de fotografia para pagar as contas e amo cada aspecto disso!<br>Quando estou fotografando, eu tento criar personagens nos retratos que fa\u00e7o, e cada foto dizendo algum tipo de hist\u00f3ria sobre o personagem.<br>Quanto a mim, sou Inglesa e atualmente vivo em uma pequena cidade chamada Buxton, a qual \u00e9 famosa pela sua \u00e1gua mineral (coisa interessante!) Me formei no colegial aos 18 anos e vivi nos EUA por seis meses. Voltei em fevereiro deste ano ap\u00f3s uma separa\u00e7\u00e3o bastante dif\u00edcil, e desde ent\u00e3o s\u00f3 me joguei de volta \u00e0 minha fotografia, e sem querer soar muito clich\u00ea, tem sido uma viagem fant\u00e1stica!<\/p>\n<\/blockquote>\n\n\n\n<blockquote class=\"wp-block-quote is-layout-flow wp-block-quote-is-layout-flow\">\n<p><strong>O que inspira voc\u00ea como fot\u00f3grafa?<\/strong><br>Ooh, tanto! Claro, existem os fot\u00f3grafos l\u00e1 fora que me inspiram a experimentar e criar melhores fotos e ver o mundo de forma diferente, e depois h\u00e1 as coisas cotidianas, locais e pessoas que conhe\u00e7o que inspiram personagens e cen\u00e1rios no meu trabalho, e provavelmente o mais importante, a comunidade online que tem me inspirado a nunca desistir, e ser gentil com as pessoas que eu n\u00e3o conhe\u00e7o, e me esfor\u00e7ar para seguir ao pr\u00f3ximo n\u00edvel.<br>Eu tenho tanta sorte de ter o apoio de um grupo fant\u00e1stico de pessoas, e eu recentemente comecei a fazer oficinas de fotografia e agora eu os conhe\u00e7o e saio com eles tamb\u00e9m! A internet tem sido fant\u00e1stica, tenho que agradecer bastante as oportunidades que eu tive!<\/p>\n<\/blockquote>\n\n\n\n<blockquote class=\"wp-block-quote is-layout-flow wp-block-quote-is-layout-flow\">\n<p><strong>Como o Maroon 5 chegou ao seu trabalho?<\/strong><br>Isto se associa muito bem com o qu\u00e3o maravilhosa a comunidade online tem sido para mim. Gra\u00e7as aos acessos que meu flickr tem tido com essas pessoas, quando voc\u00ea digita &#8220;Hands all over&#8221; no Google imagens, uma de minhas fotos mais velhas apareceu na primeira p\u00e1gina. Eu na verdade a nomeei &#8220;Eu preciso sentir suas m\u00e3os sobre mim&#8221;, que era a letra de uma m\u00fasica que eu gostava na \u00e9poca.<br>O empres\u00e1rio da banda viu e me contatou sobre a possibilidade de refazer para ajustar a imagem com a que eles tinham em mente &#8211; um pouco mais sexual, com alguma intensidade! No come\u00e7o eu pensei que era uma fraude (porque s\u00e9rio, n\u00e3o havia como o Maroon 5 querer trabalhar comigo), mas eu fui at\u00e9 o fim de qualquer jeito &#8211; e antes que eu percebesse est\u00e1vamos colocando juntos os toques finais para o \u00e1lbum! Isso ainda n\u00e3o parece real, eu olho para a capa e eu sei que eu fiz essa foto, mas meu c\u00e9rebro est\u00e1 lutando para se conectar a magnitude de tudo isso!<\/p>\n<\/blockquote>\n\n\n\n<blockquote class=\"wp-block-quote is-layout-flow wp-block-quote-is-layout-flow\">\n<p><strong>Qual foi o conceito por tr\u00e1s da imagem que est\u00e1 na capa da Hands All Over?<\/strong><br>A capa foi baseada em torno de uma imagem que eu tirei h\u00e1 anos atr\u00e1s quando comecei a trabalhar com fotografia. Eles gostaram da id\u00e9ia de m\u00faltiplas m\u00e3os envolvendo algu\u00e9m, e quando fomos ajustar a capa juntos, todos colaboraram para tentar fazer a imagem apropriada para o estilo e mensagem do Maroon 5. \u00c9 interessante porque h\u00e1 muitas maneiras diferentes de interpretar a capa do \u00e1lbum, e qualquer um pode tirar dela o que quiser.<br>Para mim, a imagem representa lembran\u00e7as, a tristeza de deixar algu\u00e9m de tr\u00e1s e um fogo que uma antiga chama vai deixar que voc\u00ea nunca est\u00e1 totalmente certo de que ir\u00e1 apagar. J\u00e1 outras pessoas, eles podem interpret\u00e1-la completamente diferente. Essa \u00e9 a beleza de suas m\u00fasicas, tamb\u00e9m &#8211; voc\u00ea tira dela o que voc\u00ea precisa sentir.<\/p>\n<\/blockquote>\n\n\n\n<div class=\"wp-block-essential-blocks-image-comparison\"><div class=\"eb-parent-wrapper eb-parent-eb-image-comparison-wafa5cr \"><div class=\"eb-image-comparison-wrapper eb-image-comparison-wafa5cr eb-image-comparison-align-center eb-label-horizontal-center\" data-left-image=\"https:\/\/www.maroon5br.com\/site\/wp-content\/uploads\/2023\/08\/RosieHardy-Hands.jpg\" data-right-image=\"https:\/\/www.maroon5br.com\/site\/wp-content\/uploads\/2012\/05\/maroon-5-hands-all-over.jpeg\" data-vertical-mode=\"false\" data-hover=\"false\" data-show-label=\"false\" data-left-label=\"Before\" data-right-label=\"After\" data-slider-position=\"50\" data-line-width=\"4\" data-handle=\"false\"><div data-testid=\"container\"><img decoding=\"async\" alt=\"Left Image\" src=\"https:\/\/www.maroon5br.com\/site\/wp-content\/uploads\/2023\/08\/RosieHardy-Hands.jpg\" data-testid=\"left-image\"\/><img decoding=\"async\" alt=\"Right Image\" src=\"https:\/\/www.maroon5br.com\/site\/wp-content\/uploads\/2012\/05\/maroon-5-hands-all-over.jpeg\" data-testid=\"right-image\"\/><\/div><\/div><\/div><\/div>\n\n\n\n<blockquote class=\"wp-block-quote is-layout-flow wp-block-quote-is-layout-flow\">\n<p><strong>Voc\u00ea pode nos dizer sobre a cria\u00e7\u00e3o da imagem?<\/strong><br>Eu a tirei com uma Canon 5D MkII e minha lente de 85 mm 1.2, em minha casa. A tiragem de todas as fotos levou cerca de uma hora, foi apenas um caso de unir diferentes poses e combinar as m\u00e3os depois na edi\u00e7\u00e3o. Estava somente eu, ningu\u00e9m estava l\u00e1 (isso teria sido realmente estranho) e eu n\u00e3o acho que nenhum dos meus vizinhos tenham me visto brincando no quarto. Pelo menos espero que n\u00e3o!<\/p>\n<\/blockquote>\n\n\n\n<blockquote class=\"wp-block-quote is-layout-flow wp-block-quote-is-layout-flow\">\n<p><strong>Voc\u00ea chegou a conhecer a banda? Se sim, como foi a experi\u00eancia?<\/strong><br>Eu n\u00e3o os conhe\u00e7o ainda, mas eu estou realmente animada para isso! Estou indo para Los Angeles em breve e espero ter uma chance de sair (completamente vestida) e jogar domin\u00f3 ou qualquer coisa que o povo bacana faz.<\/p>\n<\/blockquote>\n\n\n\n<blockquote class=\"wp-block-quote is-layout-flow wp-block-quote-is-layout-flow\">\n<p><strong>Voc\u00ea j\u00e1 ouviu o novo \u00e1lbum? Se assim for, O que voc\u00ea achou?<\/strong><br>Mais uma vez, ainda n\u00e3o, mas mal posso esperar para ouvi-lo com todos juntos! Eu estarei na fila para o meu, com certeza.<\/p>\n<\/blockquote>\n\n\n\n<blockquote class=\"wp-block-quote is-layout-flow wp-block-quote-is-layout-flow\">\n<p><strong>Voc\u00ea j\u00e1 trabalhou com outros artistas?<\/strong><br>Sim, mas n\u00e3o numa escala como esta. Adoro fazer arte de \u00e1lbum, \u00e9 raro encontrar um ponto comercial na fotografia que lhe d\u00e1 liberdade criativa para se divertir! \u00c1lbuns e capas de livros. Ambos s\u00e3o muito divertidos, eu tive a sorte de trabalhar com Penguin Book Publishers tamb\u00e9m este ano colaborando na arte da capa.<\/p>\n<\/blockquote>\n\n\n\n<blockquote class=\"wp-block-quote is-layout-flow wp-block-quote-is-layout-flow\">\n<p><strong>Onde podemos ver mais do seu trabalho?<\/strong><br>No meu site ou meu flickr!<br>www.rosiehardy.com e http:\/\/flickr.com\/rosie_hardy<\/p>\n<\/blockquote>\n\n\n\n<blockquote class=\"wp-block-quote is-layout-flow wp-block-quote-is-layout-flow\">\n<p><strong>Qual o seu pr\u00f3ximo passo?<\/strong><br>Estou saindo da casa dos meus pais dentro do imenso mundo, realizando oficinas de fotografia em toda a Inglaterra, e esperan\u00e7osamente nos EUA no pr\u00f3ximo ano, e aproveitando meu \u00faltimo ano como uma adolescente!<\/p>\n<\/blockquote>\n\n\n\n<blockquote class=\"wp-block-quote is-layout-flow wp-block-quote-is-layout-flow\">\n<p><strong>E, finalmente, sinta-se livre para deixar uma mensagem para o nosso site &#8230;<\/strong><br>Se h\u00e1 uma coisa que eu aprendi com toda esta experi\u00eancia, \u00e9 que voc\u00ea pode ser o que quiser ser. H\u00e1 dois anos atr\u00e1s eu estava na escola sem uma pista do que eu queria fazer da minha vida, e tirando fotos muito ruins e fotografando no modo autom\u00e1tico. Ent\u00e3o, algu\u00e9m ai fora, em uma posi\u00e7\u00e3o paralela, encontre o que voc\u00ea ama &#8211; seja fotografia, coelhos fofinhos ou cria\u00e7\u00e3o de formigas &#8211; persiga isso. S\u00e9rio, se voc\u00ea se joga em algo com todo seu cora\u00e7\u00e3o e alma nada pode par\u00e1-lo! Seja quem voc\u00ea quer ser &#8211; &#8220;A vida n\u00e3o \u00e9 sobre encontrar a si mesmo, trata-se de criar a si mesmo&#8221;!<\/p>\n<\/blockquote>\n\n\n\n<p><em>Special Thanks for Rosie Hardy and Mike Soens for the opportunity!<\/em><br>Fotos: Rosie Hardy<\/p>\n","protected":false},"excerpt":{"rendered":"<p>Read an english version of the interview clicking HERE. Em 2010 o Maroon 5 lan\u00e7a seu terceiro \u00e1lbum de est\u00fadio, o aguardado \u00e1lbum Hands All Over. Para ilustrar a capa do novo disco do quinteto, foi utilizada a imagem de uma garota sozinha na cama, envolta por 4 bra\u00e7os, fazendo uma alus\u00e3o ao nome do [&hellip;]<\/p>\n","protected":false},"author":1,"featured_media":16342,"parent":12493,"menu_order":0,"comment_status":"closed","ping_status":"open","template":"","meta":{"_themeisle_gutenberg_block_has_review":false,"footnotes":""},"class_list":["post-5555","page","type-page","status-publish","has-post-thumbnail","hentry"],"_links":{"self":[{"href":"https:\/\/www.maroon5br.com\/site\/wp-json\/wp\/v2\/pages\/5555","targetHints":{"allow":["GET"]}}],"collection":[{"href":"https:\/\/www.maroon5br.com\/site\/wp-json\/wp\/v2\/pages"}],"about":[{"href":"https:\/\/www.maroon5br.com\/site\/wp-json\/wp\/v2\/types\/page"}],"author":[{"embeddable":true,"href":"https:\/\/www.maroon5br.com\/site\/wp-json\/wp\/v2\/users\/1"}],"replies":[{"embeddable":true,"href":"https:\/\/www.maroon5br.com\/site\/wp-json\/wp\/v2\/comments?post=5555"}],"version-history":[{"count":16,"href":"https:\/\/www.maroon5br.com\/site\/wp-json\/wp\/v2\/pages\/5555\/revisions"}],"predecessor-version":[{"id":28869,"href":"https:\/\/www.maroon5br.com\/site\/wp-json\/wp\/v2\/pages\/5555\/revisions\/28869"}],"up":[{"embeddable":true,"href":"https:\/\/www.maroon5br.com\/site\/wp-json\/wp\/v2\/pages\/12493"}],"wp:featuredmedia":[{"embeddable":true,"href":"https:\/\/www.maroon5br.com\/site\/wp-json\/wp\/v2\/media\/16342"}],"wp:attachment":[{"href":"https:\/\/www.maroon5br.com\/site\/wp-json\/wp\/v2\/media?parent=5555"}],"curies":[{"name":"wp","href":"https:\/\/api.w.org\/{rel}","templated":true}]}}