{"id":5832,"date":"2010-08-12T14:02:31","date_gmt":"2010-08-12T17:02:31","guid":{"rendered":"http:\/\/www.maroon5br.com\/"},"modified":"2022-12-15T17:54:51","modified_gmt":"2022-12-15T20:54:51","slug":"hands-all-over","status":"publish","type":"page","link":"https:\/\/www.maroon5br.com\/site\/maroon5\/discografia\/albuns-de-estudio\/hands-all-over\/","title":{"rendered":"Hands All Over"},"content":{"rendered":"\n<p>Logo ap\u00f3s o t\u00e9rmino da turn\u00ea mundial do \u00e1lbum It Won&#8217;t Be Soon Before Long, em 2008, o Maroon 5 se reuniu para come\u00e7ar a trabalhar no \u00e1lbum seguinte do grupo. Algum tempo depois eles receberam um telefonema inesperado do lend\u00e1rio produtor Robert John &#8220;Mutt&#8221; Lange, que ouviu que a banda estaria preparando o novo \u00e1lbum e se mostrou bastante interessado em produzir o novo material.<\/p>\n\n\n\n<p><em><strong>\u201cN\u00f3s nem conversamos com outras pessoas,\u201d <\/strong><\/em>disse o vocalista do Maroon 5, Adam Levine. <em><strong>\u201cMutt \u00e9 sem d\u00favida um dos produtores de maior sucesso que j\u00e1 viveu.\u201d<\/strong><\/em><\/p>\n\n\n\n<p>Para isso, em Julho de 2009 a banda viajou para a cidade de Vevey, na Su\u00ed\u00e7a, onde passaram v\u00e1rios meses reclusos no est\u00fadio de Lange compondo e produzindo as novas faixas. <strong><em>&#8220;Eu chegava com uma m\u00fasica terminada, e ele dizia \u2018\u00c9 um bom comeco. Agora tire tudo at\u00e9 s\u00f3 deixar a bateria e comece tudo de novo.\u2019&#8221;<\/em><\/strong>, brincou Levine em uma entrevista para a Rolling Stone.<\/p>\n\n\n\n<p>O resultado \u00e9 um \u00e1lbum ecl\u00e9tico, que passeia pelo pop que consagrou a banda, com batidas rock e at\u00e9 pitadas de country music, na qual a banda traz uma parceria com o trio de Nashville <strong>Lady Antebellum.<\/strong><\/p>\n\n\n\n<p>Em 2011, durante a participa\u00e7\u00e3o de Adam Levine no programa de talentos The Voice, na NBC, o Maroon 5 apresentou a ca\u00e7\u00e3o Moves Like Jagger, parceria com a companheira de programa Christina Aguilera, que chegou ao topo da Billboard e passou a integrar a tracklist deluxe do \u00e1lbum.<\/p>\n\n\n\n<div class=\"wp-block-group\"><div class=\"wp-block-group__inner-container is-layout-constrained wp-block-group-is-layout-constrained\">\n<h3 class=\"wp-block-heading\">Tracklist<\/h3>\n\n\n\n<ul class=\"album-tracklist wp-block-list\">\n<li>1. Misery<\/li>\n\n\n\n<li>2. Give A Little More<\/li>\n\n\n\n<li>3. Stutter<\/li>\n\n\n\n<li>4. Don\u2019t Know Nothing<\/li>\n\n\n\n<li>5. Never Gonna Leave This Bed<\/li>\n\n\n\n<li>6. I Can\u2019t Lie<\/li>\n\n\n\n<li>7. Hands All Over<\/li>\n\n\n\n<li>8. How<\/li>\n\n\n\n<li>9. Get Back In My Life<\/li>\n\n\n\n<li>10. Just A Feeling<\/li>\n\n\n\n<li>11. Runaway<\/li>\n\n\n\n<li>12. Out Of Goodbyes with Lady Antebellum<\/li>\n\n\n\n<li>13. Crazy Little Thing Called Love (acoustic)<\/li>\n\n\n\n<li>14. No Curtain Call<\/li>\n\n\n\n<li>15. Moves Like Jagger (feat. Christina Aguilera)<\/li>\n\n\n\n<li>16. Never Gonna Leave This Bed (Acoustic)<\/li>\n\n\n\n<li>17. Misery (Acoustic)<\/li>\n\n\n\n<li>18. If I Ain&#8217;t Got You (Cover Alicia Keys)<\/li>\n\n\n\n<li>19. The Air That I Breathe<\/li>\n\n\n\n<li>20. Last Chance<\/li>\n<\/ul>\n<\/div><\/div>\n\n\n\n<div class=\"wp-block-group\"><div class=\"wp-block-group__inner-container is-layout-constrained wp-block-group-is-layout-constrained\">\n<h3 class=\"wp-block-heading\">Singles<\/h3>\n\n\n\n<div class=\"wp-block-columns is-layout-flex wp-container-core-columns-is-layout-9d6595d7 wp-block-columns-is-layout-flex\">\n<div class=\"wp-block-column is-layout-flow wp-block-column-is-layout-flow\">\n<figure class=\"wp-block-image alignfull size-large\"><img decoding=\"async\" src=\"https:\/\/www.maroon5br.com\/site\/wp-content\/uploads\/2010\/08\/Maroon_5_-_Misery.jpg\" alt=\"\"\/><\/figure>\n\n\n\n<p><strong>Misery<\/strong><\/p>\n\n\n\n<p><strong>Lan\u00e7amento:<\/strong> 22 de Junho de 2010<\/p>\n<\/div>\n\n\n\n<div class=\"wp-block-column is-layout-flow wp-block-column-is-layout-flow\">\n<figure class=\"wp-block-image alignfull size-large\"><img decoding=\"async\" src=\"https:\/\/www.maroon5br.com\/site\/wp-content\/uploads\/2010\/08\/Maroon_5_-_Give_A_Little_More.jpg\" alt=\"\"\/><\/figure>\n\n\n\n<p><strong>Give A Little More<\/strong><\/p>\n\n\n\n<p><strong>Lan\u00e7amento:<\/strong> 10 de Agosto de 2010<\/p>\n<\/div>\n\n\n\n<div class=\"wp-block-column is-layout-flow wp-block-column-is-layout-flow\">\n<figure class=\"wp-block-image alignfull size-large\"><img decoding=\"async\" src=\"https:\/\/www.maroon5br.com\/site\/wp-content\/uploads\/2010\/08\/Maroon_5_-_Never_Gonna_Leave_This_Bed.jpg\" alt=\"\"\/><\/figure>\n\n\n\n<p><strong>Never Gonna Leave This Bed<\/strong><\/p>\n\n\n\n<p><strong>Lan\u00e7amento:<\/strong> 5 de Fevereiro de 2011<\/p>\n<\/div>\n\n\n\n<div class=\"wp-block-column is-layout-flow wp-block-column-is-layout-flow\">\n<figure class=\"wp-block-image alignfull size-large\"><img decoding=\"async\" src=\"https:\/\/www.maroon5br.com\/site\/wp-content\/uploads\/2010\/08\/Maroon_5_-_Moves_Like_Jagger.jpg\" alt=\"\"\/><\/figure>\n\n\n\n<p><strong>Moves Like Jagger (feat. Christina Aguilera)<\/strong><\/p>\n\n\n\n<p><strong>Lan\u00e7amento:<\/strong> 21 de Junho de 2011<\/p>\n<\/div>\n<\/div>\n<\/div><\/div>\n\n\n\n<div class=\"wp-block-group\"><div class=\"wp-block-group__inner-container is-layout-constrained wp-block-group-is-layout-constrained\">\n<h3 class=\"wp-block-heading\">Edi\u00e7\u00e3o especial<\/h3>\n\n\n\n<p>Junto com o \u00e1lbum standard, o Maroon 5 lan\u00e7ou uma edi\u00e7\u00e3o limitada do disco, que incluiam desde uma caixa projetada em 3D at\u00e9 um livro de fotos produzido durante as grava\u00e7\u00f5es do Hands All Over, entitulado &#8220;Vevey Forever&#8221;.<\/p>\n\n\n<div class=\"wp-block-image\">\n<figure class=\"aligncenter\"><img loading=\"lazy\" decoding=\"async\" width=\"500\" height=\"500\" src=\"https:\/\/www.maroon5br.com\/site\/wp-content\/uploads\/2010\/08\/hao-3dboxset.png\" alt=\"hao-3dboxset\" class=\"wp-image-16568\" srcset=\"https:\/\/www.maroon5br.com\/site\/wp-content\/uploads\/2010\/08\/hao-3dboxset.png 500w, https:\/\/www.maroon5br.com\/site\/wp-content\/uploads\/2010\/08\/hao-3dboxset-150x150.png 150w, https:\/\/www.maroon5br.com\/site\/wp-content\/uploads\/2010\/08\/hao-3dboxset-300x300.png 300w, https:\/\/www.maroon5br.com\/site\/wp-content\/uploads\/2010\/08\/hao-3dboxset-380x380.png 380w, https:\/\/www.maroon5br.com\/site\/wp-content\/uploads\/2010\/08\/hao-3dboxset-224x224.png 224w\" sizes=\"auto, (max-width: 500px) 100vw, 500px\" \/><\/figure>\n<\/div>\n\n\n<ul class=\"album-tracklist wp-block-list\">\n<li>Caixa 3D&nbsp;<em>HandsAll Over<\/em><\/li>\n\n\n\n<li>Vinil standard<\/li>\n\n\n\n<li>CD Deluxe<\/li>\n\n\n\n<li>Download Deluxe Digital<\/li>\n\n\n\n<li>DVD com Making-of do \u00e1lbum<\/li>\n\n\n\n<li>Livro de fotos<\/li>\n\n\n\n<li>\u00f3culos 3D<\/li>\n\n\n\n<li>2 adesivos<\/li>\n\n\n\n<li>Chaveiro<\/li>\n\n\n\n<li>Hands All Over &#8211; Deluxe Digital<\/li>\n<\/ul>\n<\/div><\/div>\n\n\n\n<div class=\"wp-block-group\"><div class=\"wp-block-group__inner-container is-layout-constrained wp-block-group-is-layout-constrained\">\n<h3 class=\"wp-block-heading\">Bastidores<\/h3>\n\n\n\n<p>O processo de grava\u00e7\u00e3o do disco e a experi\u00eancia da banda de viver em total isolamento durante a produ\u00e7\u00e3o, foram o assunto do document\u00e1rio especial Vevey Forever, dirigido pelo fot\u00f3grafo Travis Schneider. O v\u00eddeo foi disponibilizado em DVD para a edi\u00e7\u00e3o especial do lan\u00e7amento. Em 2020, para celebrar os 10 anos do disco, o document\u00e1rio foi disponibilizado na \u00edntegra no site oficial da banda.<\/p>\n\n\n\n<figure class=\"wp-block-embed is-type-video is-provider-youtube wp-block-embed-youtube wp-embed-aspect-16-9 wp-has-aspect-ratio\"><div class=\"wp-block-embed__wrapper\">\n\r\n<div class=\"fve-video-wrapper fve-image-embed fve-thumbnail-image youtube\" style=\"padding-bottom:75%;\">\r\n    <iframe loading=\"lazy\" src=\"\/\/www.youtube.com\/embed\/fi6e6wGrjsE?wmode=transparent&#038;modestbranding=1&#038;autohide=1&#038;showinfo=0&#038;rel=0\" width=\"100%\" height=\"100%\" frameborder=\"0\" webkitAllowFullScreen mozallowfullscreen allowFullScreen><\/iframe>    <\/div>\r\n\r\n\n<\/div><\/figure>\n\n\n\n<figure class=\"wp-block-embed is-type-video is-provider-youtube wp-block-embed-youtube wp-embed-aspect-16-9 wp-has-aspect-ratio\"><div class=\"wp-block-embed__wrapper\">\n\r\n<div class=\"fve-video-wrapper fve-image-embed fve-thumbnail-image youtube\" style=\"padding-bottom:75%;\">\r\n    <iframe loading=\"lazy\" src=\"\/\/www.youtube.com\/embed\/ksX-GpniU2w?wmode=transparent&#038;modestbranding=1&#038;autohide=1&#038;showinfo=0&#038;rel=0\" width=\"100%\" height=\"100%\" frameborder=\"0\" webkitAllowFullScreen mozallowfullscreen allowFullScreen><\/iframe>    <\/div>\r\n\r\n\n<\/div><\/figure>\n<\/div><\/div>\n\n\n\n<div class=\"wp-block-group\"><div class=\"wp-block-group__inner-container is-layout-constrained wp-block-group-is-layout-constrained\">\n<h3 class=\"wp-block-heading\">Curiosidades<\/h3>\n\n\n\n<ul class=\"wp-block-list\">\n<li>A modelo na capa do \u00e1lbum \u00e9 a fot\u00f3grafa auto-retratista Rosie Hardy.<\/li>\n\n\n\n<li>O videoclipe de Misery, primeiro single do \u00e1lbum, mostra Adam Levine e seus companheiros de banda apanhando e sendo atropelados pela namorada de Adam Levine, interpretada pela modelo russa Anne Vyalitsyna, namorada do vocalista na vida real.<\/li>\n\n\n\n<li>Durante a Back To School Tour, em 2009, a banda j\u00e1 apresentava uma vers\u00e3o ao vivo da m\u00fasica &#8220;Last Chance&#8221;, que virou bonus track do \u00e1lbum.<\/li>\n\n\n\n<li>Joseph Kahn gravou tamb\u00e9m um clipe para Give A Little More, que originalmente seria continua\u00e7\u00e3o de Misery, mas o v\u00eddeo foi descartado e algumas cenas foram parar na vers\u00e3o internacional de Misery.<\/li>\n<\/ul>\n<\/div><\/div>\n\n\n\n<div class=\"wp-block-group\"><div class=\"wp-block-group__inner-container is-layout-constrained wp-block-group-is-layout-constrained\">\n<h3 class=\"wp-block-heading\">Videoclipes<\/h3>\n\n\n\n<figure class=\"wp-block-embed is-type-video is-provider-youtube wp-block-embed-youtube wp-embed-aspect-16-9 wp-has-aspect-ratio\"><div class=\"wp-block-embed__wrapper\">\n\r\n<div class=\"fve-video-wrapper fve-image-embed fve-thumbnail-image youtube\" style=\"padding-bottom:75%;\">\r\n    <iframe loading=\"lazy\" src=\"\/\/www.youtube.com\/embed\/6g6g2mvItp4?wmode=transparent&#038;modestbranding=1&#038;autohide=1&#038;showinfo=0&#038;rel=0\" width=\"100%\" height=\"100%\" frameborder=\"0\" webkitAllowFullScreen mozallowfullscreen allowFullScreen><\/iframe>    <\/div>\r\n\r\n\n<\/div><\/figure>\n\n\n\n<figure class=\"wp-block-embed is-type-video is-provider-youtube wp-block-embed-youtube wp-embed-aspect-16-9 wp-has-aspect-ratio\"><div class=\"wp-block-embed__wrapper\">\n\r\n<div class=\"fve-video-wrapper fve-image-embed fve-thumbnail-image youtube\" style=\"padding-bottom:75%;\">\r\n    <iframe loading=\"lazy\" src=\"\/\/www.youtube.com\/embed\/WXNqs0LEEss?wmode=transparent&#038;modestbranding=1&#038;autohide=1&#038;showinfo=0&#038;rel=0\" width=\"100%\" height=\"100%\" frameborder=\"0\" webkitAllowFullScreen mozallowfullscreen allowFullScreen><\/iframe>    <\/div>\r\n\r\n\n<\/div><\/figure>\n\n\n\n<figure class=\"wp-block-embed is-type-video is-provider-youtube wp-block-embed-youtube wp-embed-aspect-16-9 wp-has-aspect-ratio\"><div class=\"wp-block-embed__wrapper\">\n\r\n<div class=\"fve-video-wrapper fve-image-embed fve-thumbnail-image youtube\" style=\"padding-bottom:75%;\">\r\n    <iframe loading=\"lazy\" src=\"\/\/www.youtube.com\/embed\/BP1PsqBmbvM?wmode=transparent&#038;modestbranding=1&#038;autohide=1&#038;showinfo=0&#038;rel=0\" width=\"100%\" height=\"100%\" frameborder=\"0\" webkitAllowFullScreen mozallowfullscreen allowFullScreen><\/iframe>    <\/div>\r\n\r\n\n<\/div><\/figure>\n\n\n\n<figure class=\"wp-block-embed is-type-video is-provider-youtube wp-block-embed-youtube wp-embed-aspect-16-9 wp-has-aspect-ratio\"><div class=\"wp-block-embed__wrapper\">\n\r\n<div class=\"fve-video-wrapper fve-image-embed fve-thumbnail-image youtube\" style=\"padding-bottom:75%;\">\r\n    <iframe loading=\"lazy\" src=\"\/\/www.youtube.com\/embed\/ADmCFmYLns4?wmode=transparent&#038;modestbranding=1&#038;autohide=1&#038;showinfo=0&#038;rel=0\" width=\"100%\" height=\"100%\" frameborder=\"0\" webkitAllowFullScreen mozallowfullscreen allowFullScreen><\/iframe>    <\/div>\r\n\r\n\n<\/div><\/figure>\n\n\n\n<figure class=\"wp-block-embed is-type-video is-provider-youtube wp-block-embed-youtube wp-embed-aspect-16-9 wp-has-aspect-ratio\"><div class=\"wp-block-embed__wrapper\">\n\r\n<div class=\"fve-video-wrapper fve-image-embed fve-thumbnail-image youtube\" style=\"padding-bottom:75%;\">\r\n    <iframe loading=\"lazy\" src=\"\/\/www.youtube.com\/embed\/iEPTlhBmwRg?wmode=transparent&#038;modestbranding=1&#038;autohide=1&#038;showinfo=0&#038;rel=0\" width=\"100%\" height=\"100%\" frameborder=\"0\" webkitAllowFullScreen mozallowfullscreen allowFullScreen><\/iframe>    <\/div>\r\n\r\n\n<\/div><\/figure>\n\n\n\n<figure class=\"wp-block-embed is-type-video is-provider-youtube wp-block-embed-youtube wp-embed-aspect-16-9 wp-has-aspect-ratio\"><div class=\"wp-block-embed__wrapper\">\n\r\n<div class=\"fve-video-wrapper fve-image-embed fve-thumbnail-image youtube\" style=\"padding-bottom:75%;\">\r\n    <iframe loading=\"lazy\" src=\"\/\/www.youtube.com\/embed\/HQEZ-RiW7X0?wmode=transparent&#038;modestbranding=1&#038;autohide=1&#038;showinfo=0&#038;rel=0\" width=\"100%\" height=\"100%\" frameborder=\"0\" webkitAllowFullScreen mozallowfullscreen allowFullScreen><\/iframe>    <\/div>\r\n\r\n\n<\/div><\/figure>\n\n\n\n<figure class=\"wp-block-embed is-type-video is-provider-youtube wp-block-embed-youtube wp-embed-aspect-16-9 wp-has-aspect-ratio\"><div class=\"wp-block-embed__wrapper\">\n\r\n<div class=\"fve-video-wrapper fve-image-embed fve-thumbnail-image youtube\" style=\"padding-bottom:75%;\">\r\n    <iframe loading=\"lazy\" src=\"\/\/www.youtube.com\/embed\/UzCcgwtvOf0?wmode=transparent&#038;modestbranding=1&#038;autohide=1&#038;showinfo=0&#038;rel=0\" width=\"100%\" height=\"100%\" frameborder=\"0\" webkitAllowFullScreen mozallowfullscreen allowFullScreen><\/iframe>    <\/div>\r\n\r\n\n<\/div><\/figure>\n\n\n\n<figure class=\"wp-block-embed is-type-video is-provider-youtube wp-block-embed-youtube wp-embed-aspect-16-9 wp-has-aspect-ratio\"><div class=\"wp-block-embed__wrapper\">\n\r\n<div class=\"fve-video-wrapper fve-image-embed fve-thumbnail-image youtube\" style=\"padding-bottom:75%;\">\r\n    <iframe loading=\"lazy\" src=\"\/\/www.youtube.com\/embed\/umtlAZQ4mmk?wmode=transparent&#038;modestbranding=1&#038;autohide=1&#038;showinfo=0&#038;rel=0\" width=\"100%\" height=\"100%\" frameborder=\"0\" webkitAllowFullScreen mozallowfullscreen allowFullScreen><\/iframe>    <\/div>\r\n\r\n\n<\/div><\/figure>\n<\/div><\/div>\n","protected":false},"excerpt":{"rendered":"<p>Logo ap\u00f3s o t\u00e9rmino da turn\u00ea mundial do \u00e1lbum It Won&#8217;t Be Soon Before Long, em 2008, o Maroon 5 se reuniu para come\u00e7ar a trabalhar no \u00e1lbum seguinte do grupo. Algum tempo depois eles receberam um telefonema inesperado do lend\u00e1rio produtor Robert John &#8220;Mutt&#8221; Lange, que ouviu que a banda estaria preparando o novo [&hellip;]<\/p>\n","protected":false},"author":1,"featured_media":16374,"parent":16682,"menu_order":3,"comment_status":"open","ping_status":"closed","template":"cds.php","meta":{"_themeisle_gutenberg_block_has_review":false,"footnotes":""},"class_list":["post-5832","page","type-page","status-publish","has-post-thumbnail","hentry"],"_links":{"self":[{"href":"https:\/\/www.maroon5br.com\/site\/wp-json\/wp\/v2\/pages\/5832","targetHints":{"allow":["GET"]}}],"collection":[{"href":"https:\/\/www.maroon5br.com\/site\/wp-json\/wp\/v2\/pages"}],"about":[{"href":"https:\/\/www.maroon5br.com\/site\/wp-json\/wp\/v2\/types\/page"}],"author":[{"embeddable":true,"href":"https:\/\/www.maroon5br.com\/site\/wp-json\/wp\/v2\/users\/1"}],"replies":[{"embeddable":true,"href":"https:\/\/www.maroon5br.com\/site\/wp-json\/wp\/v2\/comments?post=5832"}],"version-history":[{"count":28,"href":"https:\/\/www.maroon5br.com\/site\/wp-json\/wp\/v2\/pages\/5832\/revisions"}],"predecessor-version":[{"id":28239,"href":"https:\/\/www.maroon5br.com\/site\/wp-json\/wp\/v2\/pages\/5832\/revisions\/28239"}],"up":[{"embeddable":true,"href":"https:\/\/www.maroon5br.com\/site\/wp-json\/wp\/v2\/pages\/16682"}],"wp:featuredmedia":[{"embeddable":true,"href":"https:\/\/www.maroon5br.com\/site\/wp-json\/wp\/v2\/media\/16374"}],"wp:attachment":[{"href":"https:\/\/www.maroon5br.com\/site\/wp-json\/wp\/v2\/media?parent=5832"}],"curies":[{"name":"wp","href":"https:\/\/api.w.org\/{rel}","templated":true}]}}